{"id":436,"date":"2016-06-12T14:04:20","date_gmt":"2016-06-12T14:04:20","guid":{"rendered":"http:\/\/moverdb.com\/?page_id=436"},"modified":"2026-01-08T14:47:42","modified_gmt":"2026-01-08T14:47:42","slug":"aima","status":"publish","type":"page","link":"https:\/\/moverdb.com\/de\/aima\/","title":{"rendered":"Australian International Movers Association (AIMA) erkl\u00e4rt"},"content":{"rendered":"<p>Die Australian International Movers Association (AIMA) bezeichnet sich selbst als ein professionelles Forum f\u00fcr die <a href=\"https:\/\/moverdb.com\/de\/international-removals\/\" data-internallinksmanager029f6b8e52c=\"27\" title=\"36 Beste internationale Umzugsunternehmen in Gro\u00dfbritannien\">internationale Umz\u00fcge<\/a> Industrie. Die Mitglieder m\u00fcssen \u00fcber <a href=\"https:\/\/moverdb.com\/de\/fidi-faim\/\">FIDI\/FAIM<\/a> oder strenge Mitgliedschaftskriterien erf\u00fcllen, einschlie\u00dflich Anforderungen an die finanzielle Integrit\u00e4t.<\/p>\n<p><strong>Die wichtigsten Fakten \u00fcber AIMA:<\/strong><\/p>\n<ol>\n<li>  Sie wurde 1975 gegr\u00fcndet.<\/li>\n<li>  Sie hat etwa 60 Mitglieder in <a href=\"https:\/\/moverdb.com\/de\/moving-to-australia\/living-in-australia\/\" data-internallinksmanager029f6b8e52c=\"240\" title=\"21 Geheimnisse \u00fcber das Leben in Australien, die man vor dem Umzug kennen sollte\">Australien<\/a>.<\/li>\n<li>  Die AIMA vertritt die Umzugsindustrie in Australien und zieht keine Mitglieder aus dem Ausland an. Sie umfasst jedoch australische Unternehmen, die <a href=\"https:\/\/moverdb.com\/de\/umzugsunternehmen\/\">internationale Umz\u00fcge<\/a>.<\/li>\n<li>  Sie ist anerkannt als die <a href=\"https:\/\/moverdb.com\/de\/fidi-faim\/\" data-internallinksmanager029f6b8e52c=\"16\" title=\"FIDI &amp; FAIM (FIDI Accredited International Mover) Erl\u00e4utert\">FIDI<\/a> Vereinigung in Australien.<\/li>\n<li>  Die Mitglieder m\u00fcssen keine FIDI\/FAIM-Zertifizierung besitzen, um beizutreten.<\/li>\n<li>  AIMA vertritt die der FIDI angeschlossenen <a href=\"https:\/\/moverdb.com\/de\/moving-companies\/australia-moving-companies\/\" data-internallinksmanager029f6b8e52c=\"176\" title=\"Die 17 besten internationalen Umzugsunternehmen in Australien\">Umzugsunternehmen in Australien<\/a> als \"FIDI-Verband\" und entsendet Delegierte zum FIDI-Kongress und zur j\u00e4hrlich stattfindenden Generalversammlung.<\/li>\n<\/ol>\n<p><strong>Profil der Australian International Movers Association:<\/strong><\/p>\n<p>Die AIMA hat sich zum Ziel gesetzt, der australischen Umzugsindustrie die M\u00f6glichkeit zu geben, sich selbst zu verwalten, ihre Dienstleistungen zu verbessern, den Kunden einen besseren Service zu bieten, die Interessen der \u00d6ffentlichkeit zu sch\u00fctzen und der Industrie die M\u00f6glichkeit zu geben, mit der Regierung als Einheit aufzutreten. <\/p>\n<p>Die AIMA bietet auch ein unabh\u00e4ngiges Schiedsgericht. Sie ist der anerkannte FIDI-Verband in Australien, was bedeutet, dass Umzugsunternehmen mit FIDI\/FAIM automatisch der AIMA beitreten k\u00f6nnen. Australische <a href=\"https:\/\/moverdb.com\/de\/moving-companies\/\" data-internallinksmanager029f6b8e52c=\"79\" title=\"Top 25 Internationale Umzugsunternehmen Online\">Umzugsunternehmen<\/a> ohne FAIM k\u00f6nnen trotzdem Mitglied der AIMA werden, m\u00fcssen aber Kriterien erf\u00fcllen, die ihr Fachwissen, ihre Ressourcen, ihre Erfahrung und ihre finanzielle Lage messen. <\/p>\n<p>Nur AIMA-Mitglieder sind an das AIMA-Streitbeilegungsverfahren gebunden.<\/p>\n<p><strong>Kriterien f\u00fcr die Mitgliedschaft:<\/strong><\/p>\n<p>Zu den strengen Mitgliedschaftskriterien der AIMA geh\u00f6rt die \u00dcberpr\u00fcfung der operativen F\u00e4higkeiten und der finanziellen Integrit\u00e4t. Die Einzelheiten dieser Kriterien werden nicht auf der Website ver\u00f6ffentlicht.<\/p>\n<p>Unternehmen, die bereits Mitglied der FIDI\/FAIM sind, haben automatisch Anspruch auf die Mitgliedschaft.<\/p>\n<p><strong>Mitgliedsunternehmen<\/strong><\/p>\n<ul>\n<li> <a href=\"https:\/\/moverdb.com\/de\/conroy-umzuge\/\">Conroy Umz\u00fcge<\/a><\/li>\n<\/ul>\n<p><strong>Meinungen \u00fcber AIMA:<\/strong><\/p>\n<p>AIMA gilt als eine von mehreren Organisationen f\u00fcr internationale Umzugsunternehmen, die die Gewissheit bieten, dass ein Umzug nach den h\u00f6chstm\u00f6glichen Standards abgewickelt wird. Es ist eine Garantie daf\u00fcr, dass ein Umzugsunternehmen \u00fcber die entsprechenden Qualifikationen verf\u00fcgt und auf dem neuesten Stand ist, was als beste lokale Praxis angesehen wird. <\/p>\n<p>Eine Reihe von Unternehmen f\u00fchrt die AIMA auf ihren Websites als internationale Akkreditierung auf, die neben anderen wie der FIDI ein Qualit\u00e4tsmerkmal darstellt. Die Reichweite der AIMA ist jedoch recht begrenzt, da sie nicht so viele Mitglieder hat wie einige \u00e4hnliche Organisationen in anderen L\u00e4ndern.<\/p>\n<p>Es gibt <a href=\"http:\/\/vandijktrack.com\/mim\/\" target=\"_blank\" rel=\"noopener\">eine negative Website<\/a> die darauf hinweist, dass ein Kunde einen Streit mit einem AIMA-Mitglied hat und dass es einige Zeit gedauert hat, bis ein Ergebnis des Streits vorlag. <\/p>\n<p>Diese Person gibt an, dass sie eine AIMA-Akkreditierung als Qualit\u00e4tsmerkmal nicht allzu ernst nehmen w\u00fcrde. Auf der Website steht jedoch auch, dass die AIMA sie unterst\u00fctzt hat, und der Streitfall scheint seit 2010 nicht mehr aktualisiert worden zu sein, was darauf hindeutet, dass er beigelegt wurde.<\/p>\n<blockquote><p>B\u00fcrgerinnen und B\u00fcrger, die ein AIMA-Mitglied mit der Durchf\u00fchrung ihres internationalen Umzugs beauftragen, k\u00f6nnen dies also mit gutem Gewissen tun.<\/p><\/blockquote>\n<p>- <a href=\"http:\/\/www.ossworldwidemovers.com\/australian-international-movers-association\" target=\"_blank\" rel=\"noopener\">OSS World Wide Movers<\/a><\/p>\n<blockquote><p>Australian International Movers Association (AIMA) - Stellt sicher, dass die Mitglieder angemessen qualifiziert sind und die besten Praktiken der Branche kennen.<\/p><\/blockquote>\n<p>- <a href=\"http:\/\/www.internationalremovalsaustralia.com.au\/why-choose-us\" target=\"_blank\" rel=\"noopener\">KeysBros Moving Solutions<\/a><\/p>\n<p><strong>Website:<\/strong> <a href=\"http:\/\/aima.com.au\/\" target=\"_blank\" rel=\"noopener\">http:\/\/aima.com.au\/<\/a><\/p>\n<h2>Andere n\u00fctzliche Reisef\u00fchrer f\u00fcr Australien<\/h2>\n<ul>\n<li> <a href=\"https:\/\/moverdb.com\/de\/containerschifffahrt\/australien\/\">2024 Seefracht-Container-Tarife von und nach Australien<\/a><\/li>\n<li> <a href=\"https:\/\/moverdb.com\/de\/umzugsunternehmen\/australien-2\/\">Die 17 besten internationalen Umzugsunternehmen in Australien<\/a><\/li>\n<li> <a href=\"https:\/\/moverdb.com\/de\/beste-internationale-geldtransfer-dienste\/money-transfer-companies-australia\/\">Die 10 besten Geldtransferunternehmen in Australien<\/a><\/li>\n<li> <a href=\"https:\/\/moverdb.com\/de\/umzug-nach-australien\/\">Umzug nach Australien? 2024 Lebenshaltungskosten &amp; Umzugstipps<\/a><\/li>\n<li> <a href=\"https:\/\/moverdb.com\/de\/umzug-nach-australien\/best-places-to-live-australia\/\">Die 13 besten Orte zum Leben in Australien<\/a><\/li>\n<li> <a href=\"https:\/\/moverdb.com\/de\/umzug-nach-australien\/leben-in-australien\/\">21 Geheimnisse \u00fcber das Leben in Australien, die man vor dem Umzug kennen sollte<\/a><\/li>\n<li> <a href=\"https:\/\/moverdb.com\/de\/umzug-nach-australien\/moving-to-perth\/\">Umzug nach Perth? 2024 Lebenshaltungskosten &amp; Umzugstipps<\/a><\/li>\n<li> <a href=\"https:\/\/moverdb.com\/de\/umzug-nach-australien\/moving-to-australia-from-the-us\/\">Umzug nach Australien aus den Vereinigten Staaten<\/a><\/li>\n<li> <a href=\"https:\/\/moverdb.com\/de\/containerschifffahrt\/to-australia-from-the-united-states\/\">Containerverschiffung nach Australien aus den Vereinigten Staaten Kosten<\/a><\/li>\n<li> <a href=\"https:\/\/moverdb.com\/de\/umzug-nach-australien\/moving-to-australia-from-the-uk\/\">Umzug von Gro\u00dfbritannien nach Australien<\/a><\/li>\n<li> <a href=\"https:\/\/moverdb.com\/de\/containerschifffahrt\/to-australia-from-the-uk\/\">Containerverschiffung nach Australien aus Gro\u00dfbritannien Kosten und Zeiten<\/a><\/li>\n<li> <a href=\"https:\/\/moverdb.com\/de\/umzug-nach-australien\/moving-to-australia-from-bahrain\/\">Umzug nach Australien von Bahrain<\/a><\/li>\n<li> <a href=\"https:\/\/moverdb.com\/de\/umzug-nach-australien\/moving-to-australia-from-the-uae\/\">Umzug nach Australien von Dubai und den Vereinigten Arabischen Emiraten<\/a><\/li>\n<li> <a href=\"https:\/\/moverdb.com\/de\/containerschifffahrt\/to-australia-from-dubai\/\">Containerverschiffung nach Australien von Dubai Kosten und Zeiten<\/a><\/li>\n<li> <a href=\"https:\/\/moverdb.com\/de\/containerschifffahrt\/to-australia-from-uae\/\">Containerverschiffung nach Australien aus den VAE Kosten und Zeiten<\/a><\/li>\n<li> <a href=\"https:\/\/moverdb.com\/de\/umzug-nach-australien\/moving-to-australia-from-kuwait\/\">Umzug nach Australien von Kuwait<\/a><\/li>\n<li> <a href=\"https:\/\/moverdb.com\/de\/umzug-nach-australien\/moving-to-australia-from-qatar\/\">Umzug nach Australien von Katar<\/a><\/li>\n<li> <a href=\"https:\/\/moverdb.com\/de\/containerschifffahrt\/to-australia-from-qatar\/\">Containerverschiffung nach Australien aus Katar Kosten und Zeiten<\/a><\/li>\n<li> <a href=\"https:\/\/moverdb.com\/de\/umzug-nach-australien\/moving-to-australia-from-singapore\/\">Umzug nach Australien von Singapur aus<\/a><\/li>\n<li> <a href=\"https:\/\/moverdb.com\/de\/containerschifffahrt\/to-australia-from-singapore\/\">Containerverschiffung nach Australien von Singapur Kosten und Zeiten<\/a><\/li>\n<li> <a href=\"https:\/\/moverdb.com\/de\/umzug-nach-australien\/moving-to-australia-from-south-africa\/\">Umzug nach Australien von S\u00fcdafrika<\/a><\/li>\n<li> <a href=\"https:\/\/moverdb.com\/de\/containerschifffahrt\/to-australia-from-canada\/\">Containerverschiffung nach Australien aus Kanada Kosten<\/a><\/li>\n<li> <a href=\"https:\/\/moverdb.com\/de\/containerschifffahrt\/to-australia-from-new-zealand\/\">Containerverschiffung nach Australien von Neuseeland aus Kosten<\/a><\/li>\n<li> <a href=\"https:\/\/moverdb.com\/de\/umzug-nach-australien\/moving-to-hobart\/\">Umzug nach Hobart? 2024 Lebenshaltungskosten &amp; Umzugstipps<\/a><\/li>\n<li> <a href=\"https:\/\/moverdb.com\/de\/umzug-nach-australien\/moving-to-gold-coast\/\">Umzug an die Gold Coast? 2024 Lebenshaltungskosten &amp; Umzugstipps<\/a><\/li>\n<li> <a href=\"https:\/\/moverdb.com\/de\/umzug-nach-australien\/moving-to-melbourne\/\">Umzug nach Melbourne? 2024 Lebenshaltungskosten &amp; Umzugstipps<\/a><\/li>\n<\/ul>","protected":false},"excerpt":{"rendered":"<p>The Australian International Movers Association (AIMA) describes itself as a professional forum for the international removals industry. Members must hold FIDI\/FAIM or meet strict membership criteria, including requirements for financial integrity. Key facts about AIMA: It was established in 1975. It has around 60 members in Australia. AIMA represents the moving industry in Australia and [&hellip;]<\/p>\n","protected":false},"author":1,"featured_media":0,"parent":0,"menu_order":0,"comment_status":"closed","ping_status":"closed","template":"","meta":{"_genesis_hide_title":false,"_genesis_hide_breadcrumbs":false,"_genesis_hide_singular_image":false,"_genesis_hide_footer_widgets":false,"_genesis_custom_body_class":"","_genesis_custom_post_class":"","_genesis_layout":"","footnotes":""},"class_list":{"0":"post-436","1":"page","2":"type-page","3":"status-publish","5":"entry"},"_links":{"self":[{"href":"https:\/\/moverdb.com\/de\/wp-json\/wp\/v2\/pages\/436","targetHints":{"allow":["GET"]}}],"collection":[{"href":"https:\/\/moverdb.com\/de\/wp-json\/wp\/v2\/pages"}],"about":[{"href":"https:\/\/moverdb.com\/de\/wp-json\/wp\/v2\/types\/page"}],"author":[{"embeddable":true,"href":"https:\/\/moverdb.com\/de\/wp-json\/wp\/v2\/users\/1"}],"replies":[{"embeddable":true,"href":"https:\/\/moverdb.com\/de\/wp-json\/wp\/v2\/comments?post=436"}],"version-history":[{"count":9,"href":"https:\/\/moverdb.com\/de\/wp-json\/wp\/v2\/pages\/436\/revisions"}],"predecessor-version":[{"id":17998,"href":"https:\/\/moverdb.com\/de\/wp-json\/wp\/v2\/pages\/436\/revisions\/17998"}],"wp:attachment":[{"href":"https:\/\/moverdb.com\/de\/wp-json\/wp\/v2\/media?parent=436"}],"curies":[{"name":"wp","href":"https:\/\/api.w.org\/{rel}","templated":true}]}}