{"id":435,"date":"2016-06-12T14:17:13","date_gmt":"2016-06-12T14:17:13","guid":{"rendered":"http:\/\/moverdb.com\/?page_id=435"},"modified":"2026-01-08T14:47:40","modified_gmt":"2026-01-08T14:47:40","slug":"afra","status":"publish","type":"page","link":"https:\/\/moverdb.com\/de\/afra\/","title":{"rendered":"Australian Furniture Removers Association (AFRA) erkl\u00e4rt"},"content":{"rendered":"<p>Der australische Verband der M\u00f6belspediteure (AFRA) bezeichnet sich selbst als Vertreter und Regulierungsbeh\u00f6rde der Umzugsindustrie in Australien. <a href=\"https:\/\/moverdb.com\/de\/moving-to-australia\/living-in-australia\/\" data-internallinksmanager029f6b8e52c=\"240\" title=\"21 Geheimnisse \u00fcber das Leben in Australien, die man vor dem Umzug kennen sollte\">Australien<\/a>. <\/p>\n<p>Sie hat eine gro\u00dfe geografische Reichweite in Australien und wird oft als Qualit\u00e4tsmerkmal genannt.<\/p>\n<p><strong>Die wichtigsten Fakten \u00fcber die AFRA:<\/strong><\/p>\n<ol>\n<li>  Derzeit sind rund 350 M\u00f6belspediteure und damit verbundene Unternehmen Mitglied der AFRA.<\/li>\n<li>  Die AFRA-Mitgliedschaft deckt praktisch alle Regionen Australiens ab - nicht jedoch internationale Standorte.<\/li>\n<li>  AFRA-Mitglieder m\u00fcssen sich regelm\u00e4\u00dfig einer Pr\u00fcfung unterziehen. Es gibt ein erstes Audit, das mit dem Antrag auf Mitgliedschaft stattfindet, gefolgt von einem Audit 12 Monate nach der Aufnahme und danach ein Audit alle vier Jahre. Wenn bei den Pr\u00fcfungen festgestellt wird, dass die Mitglieder die grundlegenden Anforderungen nicht erf\u00fcllen, haben sie 21 Tage Zeit, dies zu korrigieren, bevor AFRA disziplinarische Ma\u00dfnahmen gegen ihre Mitglieder ergreifen kann.<\/li>\n<li>  Die AFRA-Mitgliederschaft ist vielf\u00e4ltig und reicht von kleinen, inhabergef\u00fchrten Unternehmen mit einem LKW bis hin zu gro\u00dfen, multinationalen Unternehmen mit vielen Niederlassungen sowohl in Australien als auch im Ausland. <a href=\"https:\/\/moverdb.com\/de\/umzugsunternehmen\/\">\u00dcbersee<\/a>.<\/li>\n<li>  AFRA hat bestimmte Grundanforderungen, die die Mitglieder erf\u00fcllen m\u00fcssen, und diese sind umfassend und betreffen alles, von den R\u00e4umlichkeiten \u00fcber das Personal, die Fahrzeuge und die Ausr\u00fcstung bis hin zur Versicherung.<\/li>\n<li>  Wenn Beschwerden oder Anspr\u00fcche nicht von den Mitgliedern gel\u00f6st werden, k\u00f6nnen sie vom Kunden an AFRA weitergeleitet werden.<\/li>\n<li>  Alle AFRA-Mitglieder verf\u00fcgen \u00fcber eine Haftpflichtversicherung und sind befugt, eine Transportversicherung f\u00fcr alle zu transportierenden Waren und G\u00fcter abzuschlie\u00dfen.<\/li>\n<\/ol>\n<p><strong>Profil der Australian Furniture Removers Association:<\/strong><\/p>\n<p>AFRA ist ein offizielles Gremium von Umzugsfachleuten, das seinen Mitgliedern die Akkreditierung erteilt, um den Verbrauchern ein zuverl\u00e4ssiges Qualit\u00e4tssiegel zu bieten. <\/p>\n<p>Nur Umzugsunternehmen, die \u00fcber die richtige Ausr\u00fcstung, Fahrzeuge, R\u00e4umlichkeiten und Mitarbeiterschulung verf\u00fcgen, um einen professionellen Umzug durchzuf\u00fchren, erhalten eine AFRA-Mitgliedsakkreditierung. Nach Erhalt der Akkreditierung bewertet die Organisation ihre Mitglieder weiterhin, um sicherzustellen, dass die Standards nicht gesunken sind. <\/p>\n<p>Die Anforderungen, die die AFRA an ihre Mitglieder stellt, sollen die Umzugsindustrie f\u00fcr die Verbraucher in Bezug auf Faktoren wie finanziellen Schutz und guten Service verbessern. Die AFRA bietet nur australischen Unternehmen eine Mitgliedschaft an, aber sie k\u00f6nnen Kunden bedienen, die innerhalb Australiens umziehen oder <a href=\"https:\/\/moverdb.com\/de\/internationale-umzuge\/\">\u00dcbersee<\/a>. <\/p>\n<p>Als Teil der Mitgliedsvorteile bietet AFRA Schulungen, Informationen und Beratung f\u00fcr Mitglieder an und stellt eine Quelle f\u00fcr die neuesten Nachrichten und Ver\u00e4nderungen in der Branche dar.<\/p>\n<p><strong>Kriterien f\u00fcr die Mitgliedschaft:<\/strong><\/p>\n<p>Die Kriterien f\u00fcr die Mitgliedschaft sind nicht auf der Website aufgef\u00fchrt, sondern auf dem Antragsformular (das ebenfalls nicht auf der Website zu finden ist). Ein Mitgliedschaftspaket kann angefordert werden bei <a href=\"mailto:admin@afra.com.au\">admin@afra.com.au<\/a>.<\/p>\n<p>Jedes Unternehmen wird vor der Gew\u00e4hrung der Mitgliedschaft einer Pr\u00fcfung unterzogen.<\/p>\n<p><strong>Mitgliedsunternehmen<\/strong><\/p>\n<ul>\n<li> <a href=\"https:\/\/moverdb.com\/de\/conroy-umzuge\/\">Conroy Umz\u00fcge<\/a><\/li>\n<\/ul>\n<p><strong>Meinungen \u00fcber AFRA:<\/strong><\/p>\n<p>AFRA wird als Indikator f\u00fcr ein Qualit\u00e4tsunternehmen angesehen und auf Regierungswebsites als M\u00f6glichkeit vorgeschlagen, um sicherzustellen, dass ein Umzugsunternehmen \u00fcber die richtigen Ressourcen, Standards und F\u00e4higkeiten f\u00fcr die Durchf\u00fchrung eines Umzugs verf\u00fcgt. <\/p>\n<p>Die Tatsache, dass AFRA nur diejenigen zul\u00e4sst, die in der Lage sind, einen Umzug professionell durchzuf\u00fchren, wird als wichtig angesehen, ebenso wie die Anforderungen an die AFRA-Mitglieder, \u00fcber Schutzma\u00dfnahmen wie verschiedene Versicherungen zu verf\u00fcgen. <\/p>\n<p>Es wird darauf hingewiesen, dass ein Unternehmen, das Mitglied bei AFRA ist, seinen Kunden die M\u00f6glichkeit gibt, auf AFRA-Informationen zuzugreifen und sich auf den Streitbeilegungsdienst zu verlassen. Die Online-Stellungnahme hebt hervor, dass \"alle gro\u00dfen nationalen <a href=\"https:\/\/moverdb.com\/de\/international-removals\/\" data-internallinksmanager029f6b8e52c=\"27\" title=\"36 Beste internationale Umzugsunternehmen in Gro\u00dfbritannien\">Umzugsunternehmen<\/a> sind dem AFRA-Ideal verpflichtet\". <\/p>\n<p>Die Verwendung eines AFRA-Mitgliedsumzugsunternehmens ist einer der Tipps f\u00fcr einen Umzug, die von einem <a href=\"https:\/\/www.allianz.com.au\/home-insurance\/news\/6-tips-on-how-to-hire-the-best-removalists\" target=\"_blank\" rel=\"noopener\">gro\u00dfes Finanzdienstleistungsunternehmen<\/a>die darauf hinweist, dass die australische Gesetzgebung den Abschluss einer Versicherung f\u00fcr Umzugsunternehmen nicht vorschreibt, AFRA aber schon. Sie legt auch Wert darauf, dass die AFRA-Mitglieder \u00fcber die neuesten Entwicklungen informiert sind und Mindeststandards einhalten.<\/p>\n<blockquote><p>Umzugsunternehmen, die von der AFRA akkreditiert sind, m\u00fcssen bestimmte Standards in Bezug auf Ausr\u00fcstung, Fahrzeuge, R\u00e4umlichkeiten und Mitarbeiterschulung erf\u00fcllen, die f\u00fcr die Durchf\u00fchrung eines professionellen Umzugs erforderlich sind.<\/p><\/blockquote>\n<p>- <a href=\"http:\/\/www.fairtrading.nsw.gov.au\/ftw\/Consumers\/Buying_services\/Hiring_a_removalist.page\" target=\"_blank\" rel=\"noopener\">NSW-Regierung<\/a><\/p>\n<blockquote><p>Die AFRA ist ein offizielles Gremium von Umzugsexperten in Australien, das zur Regulierung der Umzugsindustrie beitr\u00e4gt. Die AFRA akkreditiert nur Umzugsunternehmen, die \u00fcber die notwendige Ausr\u00fcstung, Fahrzeuge, R\u00e4umlichkeiten und Mitarbeiterschulung verf\u00fcgen, um einen professionellen Umzug durchzuf\u00fchren.<\/p><\/blockquote>\n<p>- <a href=\"http:\/\/www.ashtons.com.au\/afra-accreditation.html\" target=\"_blank\" rel=\"noopener\">Ashtons Umz\u00fcge<\/a><\/p>\n<p><strong>Website:<\/strong> <a href=\"http:\/\/www.afra.com.au\/\" target=\"_blank\" rel=\"noopener\">http:\/\/www.afra.com.au\/<\/a><\/p>\n<h2>Andere n\u00fctzliche Reisef\u00fchrer f\u00fcr Australien<\/h2>\n<ul>\n<li> <a href=\"https:\/\/moverdb.com\/de\/containerschifffahrt\/australien\/\">2024 Seefracht-Container-Tarife von und nach Australien<\/a><\/li>\n<li> <a href=\"https:\/\/moverdb.com\/de\/umzugsunternehmen\/australien-2\/\">Die 17 besten internationalen Umzugsunternehmen in Australien<\/a><\/li>\n<li> <a href=\"https:\/\/moverdb.com\/de\/beste-internationale-geldtransfer-dienste\/money-transfer-companies-australia\/\">Die 10 besten Geldtransferunternehmen in Australien<\/a><\/li>\n<li> <a href=\"https:\/\/moverdb.com\/de\/umzug-nach-australien\/\">Umzug nach Australien? 2024 Lebenshaltungskosten &amp; Umzugstipps<\/a><\/li>\n<li> <a href=\"https:\/\/moverdb.com\/de\/umzug-nach-australien\/best-places-to-live-australia\/\">Die 13 besten Orte zum Leben in Australien<\/a><\/li>\n<li> <a href=\"https:\/\/moverdb.com\/de\/umzug-nach-australien\/leben-in-australien\/\">21 Geheimnisse \u00fcber das Leben in Australien, die man vor dem Umzug kennen sollte<\/a><\/li>\n<li> <a href=\"https:\/\/moverdb.com\/de\/umzug-nach-australien\/moving-to-australia-from-the-us\/\">Umzug nach Australien aus den Vereinigten Staaten<\/a><\/li>\n<li> <a href=\"https:\/\/moverdb.com\/de\/containerschifffahrt\/to-australia-from-the-united-states\/\">Containerverschiffung nach Australien aus den Vereinigten Staaten Kosten<\/a><\/li>\n<li> <a href=\"https:\/\/moverdb.com\/de\/umzug-nach-australien\/moving-to-australia-from-the-uk\/\">Umzug von Gro\u00dfbritannien nach Australien<\/a><\/li>\n<li> <a href=\"https:\/\/moverdb.com\/de\/containerschifffahrt\/to-australia-from-the-uk\/\">Containerverschiffung nach Australien aus Gro\u00dfbritannien Kosten und Zeiten<\/a><\/li>\n<li> <a href=\"https:\/\/moverdb.com\/de\/umzug-nach-australien\/moving-to-australia-from-bahrain\/\">Umzug nach Australien von Bahrain<\/a><\/li>\n<li> <a href=\"https:\/\/moverdb.com\/de\/umzug-nach-australien\/moving-to-australia-from-the-uae\/\">Umzug nach Australien von Dubai und den Vereinigten Arabischen Emiraten<\/a><\/li>\n<li> <a href=\"https:\/\/moverdb.com\/de\/containerschifffahrt\/to-australia-from-dubai\/\">Containerverschiffung nach Australien von Dubai Kosten und Zeiten<\/a><\/li>\n<li> <a href=\"https:\/\/moverdb.com\/de\/containerschifffahrt\/to-australia-from-uae\/\">Containerverschiffung nach Australien aus den VAE Kosten und Zeiten<\/a><\/li>\n<li> <a href=\"https:\/\/moverdb.com\/de\/umzug-nach-australien\/moving-to-australia-from-kuwait\/\">Umzug nach Australien von Kuwait<\/a><\/li>\n<li> <a href=\"https:\/\/moverdb.com\/de\/umzug-nach-australien\/moving-to-australia-from-qatar\/\">Umzug nach Australien von Katar<\/a><\/li>\n<li> <a href=\"https:\/\/moverdb.com\/de\/containerschifffahrt\/to-australia-from-qatar\/\">Containerverschiffung nach Australien aus Katar Kosten und Zeiten<\/a><\/li>\n<li> <a href=\"https:\/\/moverdb.com\/de\/umzug-nach-australien\/moving-to-perth\/\">Umzug nach Perth? 2024 Lebenshaltungskosten &amp; Umzugstipps<\/a><\/li>\n<li> <a href=\"https:\/\/moverdb.com\/de\/umzug-nach-australien\/moving-to-australia-from-singapore\/\">Umzug nach Australien von Singapur aus<\/a><\/li>\n<li> <a href=\"https:\/\/moverdb.com\/de\/containerschifffahrt\/to-australia-from-singapore\/\">Containerverschiffung nach Australien von Singapur Kosten und Zeiten<\/a><\/li>\n<li> <a href=\"https:\/\/moverdb.com\/de\/umzug-nach-australien\/moving-to-australia-from-south-africa\/\">Umzug nach Australien von S\u00fcdafrika<\/a><\/li>\n<li> <a href=\"https:\/\/moverdb.com\/de\/containerschifffahrt\/to-australia-from-canada\/\">Containerverschiffung nach Australien aus Kanada Kosten<\/a><\/li>\n<li> <a href=\"https:\/\/moverdb.com\/de\/containerschifffahrt\/to-australia-from-new-zealand\/\">Containerverschiffung nach Australien von Neuseeland aus Kosten<\/a><\/li>\n<li> <a href=\"https:\/\/moverdb.com\/de\/umzug-nach-australien\/moving-to-hobart\/\">Umzug nach Hobart? 2024 Lebenshaltungskosten &amp; Umzugstipps<\/a><\/li>\n<li> <a href=\"https:\/\/moverdb.com\/de\/umzug-nach-australien\/moving-to-gold-coast\/\">Umzug an die Gold Coast? 2024 Lebenshaltungskosten &amp; Umzugstipps<\/a><\/li>\n<li> <a href=\"https:\/\/moverdb.com\/de\/umzug-nach-australien\/moving-to-melbourne\/\">Umzug nach Melbourne? 2024 Lebenshaltungskosten &amp; Umzugstipps<\/a><\/li>\n<\/ul>","protected":false},"excerpt":{"rendered":"<p>The Australian Furniture Removers Association (AFRA) describes itself both as a representative of, and regulator of, the removals industry in Australia. It has broad geographic reach within Australia and is often cited as a mark of quality. Key facts about the AFRA: Currently, around 350 furniture removal and associated companies are members of AFRA. The [&hellip;]<\/p>\n","protected":false},"author":1,"featured_media":0,"parent":0,"menu_order":0,"comment_status":"closed","ping_status":"closed","template":"","meta":{"_genesis_hide_title":false,"_genesis_hide_breadcrumbs":false,"_genesis_hide_singular_image":false,"_genesis_hide_footer_widgets":false,"_genesis_custom_body_class":"","_genesis_custom_post_class":"","_genesis_layout":"","footnotes":""},"class_list":{"0":"post-435","1":"page","2":"type-page","3":"status-publish","5":"entry"},"_links":{"self":[{"href":"https:\/\/moverdb.com\/de\/wp-json\/wp\/v2\/pages\/435","targetHints":{"allow":["GET"]}}],"collection":[{"href":"https:\/\/moverdb.com\/de\/wp-json\/wp\/v2\/pages"}],"about":[{"href":"https:\/\/moverdb.com\/de\/wp-json\/wp\/v2\/types\/page"}],"author":[{"embeddable":true,"href":"https:\/\/moverdb.com\/de\/wp-json\/wp\/v2\/users\/1"}],"replies":[{"embeddable":true,"href":"https:\/\/moverdb.com\/de\/wp-json\/wp\/v2\/comments?post=435"}],"version-history":[{"count":11,"href":"https:\/\/moverdb.com\/de\/wp-json\/wp\/v2\/pages\/435\/revisions"}],"predecessor-version":[{"id":17997,"href":"https:\/\/moverdb.com\/de\/wp-json\/wp\/v2\/pages\/435\/revisions\/17997"}],"wp:attachment":[{"href":"https:\/\/moverdb.com\/de\/wp-json\/wp\/v2\/media?parent=435"}],"curies":[{"name":"wp","href":"https:\/\/api.w.org\/{rel}","templated":true}]}}