{"id":434,"date":"2016-06-05T06:20:47","date_gmt":"2016-06-05T06:20:47","guid":{"rendered":"http:\/\/moverdb.com\/?page_id=434"},"modified":"2026-01-08T14:48:22","modified_gmt":"2026-01-08T14:48:22","slug":"fidi-faim","status":"publish","type":"page","link":"https:\/\/moverdb.com\/de\/fidi-faim\/","title":{"rendered":"FIDI &amp; FAIM (FIDI Accredited International Mover) Erl\u00e4utert"},"content":{"rendered":"<p>FIDI (F\u00e9d\u00e9ration Internationale des D\u00e9m\u00e9nageurs Internationaux; The Federation of International Movers) ist ein weltweiter Dachverband f\u00fcr internationale Umzugsunternehmen und Relocation-Unternehmen. <\/p>\n<p>Sie bezeichnet sich selbst als weltweiten Industriestandard f\u00fcr qualitativ hochwertige Umzugsunternehmen und hat mit dem FIDI Accredited International Mover (FAIM) Quality Management Programme, einem Qualit\u00e4tszertifizierungsprogramm ausschlie\u00dflich f\u00fcr die internationale Umzugsindustrie, Pionierarbeit geleistet.<\/p>\n<p><strong>Wichtige Fakten \u00fcber die Organisation:<\/strong><\/p>\n<ol>\n<li>  Die FIDI vertritt \u00fcber <strong>600 unabh\u00e4ngig <a href=\"https:\/\/moverdb.com\/de\/umzugsunternehmen\/\">Unternehmen<\/a><\/strong> in mehr als <strong>100 L\u00e4nder<\/strong>.<\/li>\n<li>  Die FIDI ist der gr\u00f6\u00dfte Dachverband von <a href=\"https:\/\/moverdb.com\/de\/internationale-umzuge\/\">internationale Umz\u00fcge<\/a> und Umzugsunternehmen.<\/li>\n<li>  FIDI bietet sowohl private als auch gesch\u00e4ftliche Umz\u00fcge an.<\/li>\n<li>  Alle FIDI-Mitgliedsorganisationen m\u00fcssen einen strengen FIDI-FAIM-Qualit\u00e4tsstandard einhalten.<\/li>\n<li>  FIDI bietet das FAIM-Qualit\u00e4tsmanagementprogramm an, das als einer der strengsten Standards in der Branche gilt und mehr als <strong>200 Qualit\u00e4tsanforderungen<\/strong> sowohl f\u00fcr den Betrieb als auch f\u00fcr die Kundenbetreuung.<\/li>\n<li>  Jedes FIDI-Mitglied muss sich regelm\u00e4\u00dfig einer unabh\u00e4ngigen Bewertung seiner internationalen Umzugsaktivit\u00e4ten unterziehen. Wenn sie bei der Bewertung durchfallen, werden sie aus der FIDI ausgeschlossen.<\/li>\n<li>  Alle FIDI-Mitgliedsunternehmen m\u00fcssen eine verbindliche Charta zur Bek\u00e4mpfung von Bestechung und Korruption unterzeichnen und einhalten.<\/li>\n<li>  Alle FIDI-Mitglieder m\u00fcssen auch FAIM-zertifiziert sein - dies wird gleichzeitig mit der Mitgliedschaft beantragt.<\/li>\n<li>  FAIM Plus steht denjenigen zur Verf\u00fcgung, die nach ISO 9001 zertifiziert sind.<\/li>\n<\/ol>\n<p><strong>Profil der FIDI-Organisation<\/strong><\/p>\n<p>FIDI ist ein globaler Umzugsverband, der seinen Mitgliedern ein starkes, anerkanntes G\u00fctesiegel f\u00fcr Dienstleistungen, bessere Vernetzungsm\u00f6glichkeiten und die M\u00f6glichkeit zur Gesch\u00e4ftserweiterung bietet. <\/p>\n<p>Sie veranstaltet regelm\u00e4\u00dfig Konferenzen und Schulungen f\u00fcr Mitglieder aus der ganzen Welt und bietet ihren Mitgliedern einen Zahlungsschutzplan, mit dem sie bis zu 90% des Wertes ihrer Rechnungen absichern k\u00f6nnen. Die FIDI h\u00e4lt ihre Mitglieder \u00fcber die neuesten Branchennachrichten auf dem Laufenden und verf\u00fcgt \u00fcber ein Branchengremium, das fachkundige Beratung anbietet und Streitigkeiten zwischen Mitgliedern behandelt. <\/p>\n<p>Das FIDI Accredited International Mover (FAIM)-Qualit\u00e4tsmanagementprogramm ist Teil des FIDI-Angebots, einer Qualit\u00e4tszertifizierung f\u00fcr die Umzugsindustrie, die durch Konsultation und bew\u00e4hrte Praktiken der Besten aus gro\u00dfen, kleinen, privaten und \u00f6ffentlichen Unternehmen entwickelt wurde. <a href=\"https:\/\/moverdb.com\/de\/moving-companies\/\" data-internallinksmanager029f6b8e52c=\"79\" title=\"Top 25 Internationale Umzugsunternehmen Online\">internationale Umzugsunternehmen<\/a> aus allen Teilen der Welt.<\/p>\n<p><strong>Kriterien f\u00fcr die Mitgliedschaft:<\/strong><\/p>\n<p>Um der FIDI Global Alliance beizutreten, m\u00fcssen Sie die folgenden obligatorischen Voraussetzungen erf\u00fcllen:<\/p>\n<ul>\n<li> Einhaltung der Vorschriften der FIDI<\/li>\n<li> Mindestens 2 Jahre vor der Bewerbung im interkontinentalen Umzugsgesch\u00e4ft t\u00e4tig gewesen sein<\/li>\n<li> Durchf\u00fchrung von mindestens 10 interkontinentalen Umz\u00fcgen pro Jahr*.<\/li>\n<li> \u00fcber einen angemessenen und ausreichenden Versicherungsschutz verf\u00fcgen<\/li>\n<li> Unterzeichnung der FIDI-Charta zur Bek\u00e4mpfung von Bestechung und Korruption (FIDI-ABC-Charta)<\/li>\n<li> Sie m\u00fcssen finanziell gesund sein (Ihre finanzielle Gesundheit wird w\u00e4hrend der Bewerbungsphase von einem unabh\u00e4ngigen Wirtschaftspr\u00fcfer gepr\u00fcft).<\/li>\n<li> FIDI-FAIM-zertifiziert sein (Sie beantragen die FAIM-Zertifizierung gleichzeitig mit dem Antrag auf FIDI-Mitgliedschaft)<\/li>\n<\/ul>\n<p><strong>FAIM-Zertifizierung:<\/strong><\/p>\n<p>Das FIDI-FAIM-Zertifizierungsprogramm sieht vor, dass internationale Umzugsunternehmen ihre interkontinentalen Umzugsaktivit\u00e4ten regelm\u00e4\u00dfig durch ein unabh\u00e4ngiges Audit bewerten lassen, das alle drei Jahre durchgef\u00fchrt wird.<\/p>\n<p>Dadurch wird sichergestellt, dass die FIDI-Unternehmen nach einem weltweit einheitlichen Standard f\u00fcr das Management und die Durchf\u00fchrung internationaler Umzugsdienste auf einheitliche, qualit\u00e4tsbewusste und effektive Weise arbeiten. Au\u00dferdem bietet es einen transparenten Mechanismus, der sicherstellt, dass die Standards hoch bleiben.<\/p>\n<p>Aus der Sicht des Endkunden gibt ein FAIM-zertifiziertes Unternehmen der umziehenden Person und der Personalabteilung, die den Umzug organisiert, die Gewissheit, dass das Unternehmen das Gesch\u00e4ft kennt und \u00fcber die Ressourcen und das Know-how verf\u00fcgt, um die Aufgabe ordnungsgem\u00e4\u00df zu erledigen.<\/p>\n<p>Die Vor-Ort-Bewertung wird unabh\u00e4ngig von den internationalen Pr\u00fcfern von Ernst &amp; Young durchgef\u00fchrt.<\/p>\n<p><strong>Einige Mitgliedsunternehmen<\/strong><\/p>\n<ul>\n<li> <a href=\"https:\/\/moverdb.com\/de\/luft\/\">Aires<\/a><\/li>\n<li> <a href=\"https:\/\/moverdb.com\/de\/cadogan-tate\/\">Cadogan Tate<\/a><\/li>\n<li> <a href=\"https:\/\/moverdb.com\/de\/egge-grun\/\">Harrow Green<\/a><\/li>\n<li> <a href=\"https:\/\/moverdb.com\/de\/santa-fe-umzug\/\">Santa Fe Umzug<\/a><\/li>\n<li> <a href=\"https:\/\/moverdb.com\/de\/team-umzuge\/\">Team Umz\u00fcge<\/a><\/li>\n<li> <a href=\"https:\/\/moverdb.com\/de\/nippon-express\/\">Nippon Express<\/a><\/li>\n<li> <a href=\"https:\/\/moverdb.com\/de\/siedeln\/\">Settelen<\/a><\/li>\n<li> <a href=\"https:\/\/moverdb.com\/de\/conroy-umzuge\/\">Conroy Umz\u00fcge<\/a><\/li>\n<li> <a href=\"https:\/\/moverdb.com\/de\/bolliger\/\">Bolliger<\/a><\/li>\n<li> <a href=\"https:\/\/moverdb.com\/de\/mudanzas-gou\/\">Mudanzas Gou<\/a><\/li>\n<li> <a href=\"https:\/\/moverdb.com\/de\/gil-stauffer\/\">Gil Stauffer<\/a><\/li>\n<li> <a href=\"https:\/\/moverdb.com\/de\/packimpex\/\">Packimpex<\/a><\/li>\n<\/ul>\n<p><strong>Meinungen \u00fcber die Organisation<\/strong><\/p>\n<p>Die FIDI genie\u00dft bei den Umzugsunternehmen, die sie auf ihren Websites erw\u00e4hnen, ein hohes Ansehen, und zwar sowohl im Hinblick auf die umfangreichen Ressourcen, \u00fcber die sie verf\u00fcgt, als auch auf die Tatsache, dass sie laufend \u00fcberpr\u00fcft wird. <\/p>\n<p>Die Unabh\u00e4ngigkeit ist ein weiterer Schl\u00fcsselfaktor f\u00fcr den guten Ruf, den sich die FIDI erworben hat - jedes umziehende Unternehmen unterzieht sich vor Ort einem Compliance-Verfahren, das von einem Berater aus dem Ausland durchgef\u00fchrt wird. <\/p>\n<blockquote><p>F\u00fcr Umzugsunternehmen, die ein H\u00f6chstma\u00df an Qualit\u00e4t anstreben, bietet FAIM\/ISO den h\u00f6chsten Zertifizierungsstandard der Welt.<\/p><\/blockquote>\n<p> - <a href=\"http:\/\/www.ossworldwidemovers.com\/fidi-accredited-international-mover\" target=\"_blank\" rel=\"noopener\">OSS World Wide Movers<\/a><\/p>\n<blockquote><p>Es gibt zahlreiche Umzugsunternehmen in der ganzen Welt. Wie kann man die guten von den schlechten unterscheiden? Sie beginnen mit FIDI\/FAIM, dem Goldstandard f\u00fcr internationale Umz\u00fcge.<\/p><\/blockquote>\n<p>- <a href=\"http:\/\/www.jkmoving.com\/International\/International_Network-_FIDI\/FAIM\/\" target=\"_blank\" rel=\"noopener\">JK Umzugsdienste<\/a><\/p>\n<p><a href=\"http:\/\/www.jkmoving.com\/International\/International_Network-_FIDI\/FAIM\/\" target=\"_blank\" rel=\"noopener\"><\/a><\/p>\n<blockquote><p>Dabei handelt es sich um das strengste und umfassendste Qualit\u00e4tsprogramm f\u00fcr die internationale Umzugsbranche, das mehr als 200 Qualit\u00e4tsanforderungen an den Betrieb und die Dienstleistungen eines Unternehmens f\u00fcr seine Kunden enth\u00e4lt. Die FIDI bietet jetzt eine Akkreditierung namens FAIM an.<\/p><\/blockquote>\n<p>- <a href=\"http:\/\/www.suddathinternational.com\/news\/2013\/8\/1\/faim-plus.aspx\" target=\"_blank\" rel=\"noopener\">Suddath<\/a><\/p>\n<p><strong>Website:<\/strong> <a href=\"https:\/\/www.fidi.org\" target=\"_blank\" rel=\"noopener\">https:\/\/www.fidi.org<\/a><\/p>","protected":false},"excerpt":{"rendered":"<p>FIDI (F\u00e9d\u00e9ration Internationale des D\u00e9m\u00e9nageurs Internationaux; The Federation of International Movers) is a global umbrella organisation of international moving and relocation businesses. It describes itself as a worldwide industry standard for top quality movers and has pioneered the FIDI Accredited International Mover (FAIM) Quality Management Programme, a quality certification programme dedicated exclusively to the international [&hellip;]<\/p>\n","protected":false},"author":1,"featured_media":0,"parent":0,"menu_order":0,"comment_status":"closed","ping_status":"closed","template":"","meta":{"_genesis_hide_title":false,"_genesis_hide_breadcrumbs":false,"_genesis_hide_singular_image":false,"_genesis_hide_footer_widgets":false,"_genesis_custom_body_class":"","_genesis_custom_post_class":"","_genesis_layout":"","footnotes":""},"class_list":{"0":"post-434","1":"page","2":"type-page","3":"status-publish","5":"entry"},"_links":{"self":[{"href":"https:\/\/moverdb.com\/de\/wp-json\/wp\/v2\/pages\/434","targetHints":{"allow":["GET"]}}],"collection":[{"href":"https:\/\/moverdb.com\/de\/wp-json\/wp\/v2\/pages"}],"about":[{"href":"https:\/\/moverdb.com\/de\/wp-json\/wp\/v2\/types\/page"}],"author":[{"embeddable":true,"href":"https:\/\/moverdb.com\/de\/wp-json\/wp\/v2\/users\/1"}],"replies":[{"embeddable":true,"href":"https:\/\/moverdb.com\/de\/wp-json\/wp\/v2\/comments?post=434"}],"version-history":[{"count":28,"href":"https:\/\/moverdb.com\/de\/wp-json\/wp\/v2\/pages\/434\/revisions"}],"predecessor-version":[{"id":6210,"href":"https:\/\/moverdb.com\/de\/wp-json\/wp\/v2\/pages\/434\/revisions\/6210"}],"wp:attachment":[{"href":"https:\/\/moverdb.com\/de\/wp-json\/wp\/v2\/media?parent=434"}],"curies":[{"name":"wp","href":"https:\/\/api.w.org\/{rel}","templated":true}]}}