{"id":4333,"date":"2022-07-23T02:03:57","date_gmt":"2022-07-23T02:03:57","guid":{"rendered":"https:\/\/moverdb.com\/?page_id=4333"},"modified":"2026-01-08T13:20:02","modified_gmt":"2026-01-08T13:20:02","slug":"island","status":"publish","type":"page","link":"https:\/\/moverdb.com\/de\/container-shipping\/iceland\/","title":{"rendered":"2026 Seefrachttarife f\u00fcr Container von und nach Island"},"content":{"rendered":"<div class=\"wp-block-image\">\r\n<figure class=\"aligncenter size-full\"><img loading=\"lazy\" decoding=\"async\" width=\"1000\" height=\"664\" src=\"https:\/\/moverdb.com\/wp-content\/uploads\/iceland.jpg\" alt=\"Luftaufnahme von Reykjavik, Island im Winter\" class=\"wp-image-4328\" srcset=\"https:\/\/moverdb.com\/wp-content\/uploads\/iceland.jpg 1000w, https:\/\/moverdb.com\/wp-content\/uploads\/iceland-300x200.jpg 300w, https:\/\/moverdb.com\/wp-content\/uploads\/iceland-18x12.jpg 18w, https:\/\/moverdb.com\/wp-content\/uploads\/iceland-600x398.jpg 600w\" sizes=\"auto, (max-width: 1000px) 100vw, 1000px\" \/><\/figure>\r\n<\/div>\r\n\r\n\r\n<p><strong><a href=\"https:\/\/moverdb.com\/de\/moving-to-iceland\/\" data-internallinksmanager029f6b8e52c=\"434\" title=\"Umzug nach Island? 2026 Lebenshaltungskosten &amp; Umzugstipps\">Island<\/a><\/strong> Die meisten Menschen, die noch nie dort waren, denken an K\u00e4lte und Eis, aber fragen Sie einen Auswanderer, der dort lebt, und er wird Ihnen sagen, dass es tats\u00e4chlich einer der sch\u00f6nsten Orte der Welt ist.<\/p>\r\n\r\n\r\n\r\n<p>Dieses nordische Land ist ber\u00fchmt f\u00fcr seine Naturschauspiele mit Gletschern, Geysiren, Vulkanen und hei\u00dfen Quellen. Auch die Lebensqualit\u00e4t in Island wird auf jeder Liste ganz oben genannt. Das Land bietet gro\u00dfartige Arbeitsm\u00f6glichkeiten, hohe Geh\u00e4lter, ausgezeichnete Sozialleistungen, gro\u00dfe Sicherheit und vieles mehr.<\/p>\r\n\r\n\r\n\r\n<p>Nat\u00fcrlich kann der Transport Ihres Hausrats auf diese nordeurop\u00e4ische Insel ein wenig kostspielig sein.<\/p>\r\n\r\n\r\n\r\n<p>In diesem Artikel haben wir alle niedrigsten isl\u00e4ndischen <a href=\"https:\/\/moverdb.com\/de\/container-shipping\/\" data-internallinksmanager029f6b8e52c=\"3\" title=\"Chart der internationalen Containerschifffahrtsraten: April 2026\">Containerfrachtraten<\/a> die wir von und nach Reykjav\u00ed, Island, finden konnten.<\/p>\r\n\r\n\r\n\r\n<p>Sie k\u00f6nnen auch einen genauen Kostenvoranschlag f\u00fcr den Versand an oder von Ihrem Standort einholen, indem Sie unser kostenloses Angebotstool oben auf dieser Seite verwenden.<\/p>\r\n\r\n\r\n\r\n<div id=\"ez-toc-container\" class=\"ez-toc-v2_0_82_2 ez-toc-wrap-left counter-hierarchy ez-toc-counter ez-toc-transparent ez-toc-container-direction\">\n<div class=\"ez-toc-title-container\">\n<p class=\"ez-toc-title\" style=\"cursor:inherit\">Rubriken<\/p>\n<span class=\"ez-toc-title-toggle\"><a href=\"#\" class=\"ez-toc-pull-right ez-toc-btn ez-toc-btn-xs ez-toc-btn-default ez-toc-toggle\" aria-label=\"Inhaltsverzeichnis umschalten\"><span class=\"ez-toc-js-icon-con\"><span class=\"\"><span class=\"eztoc-hide\" style=\"display:none;\">Umschalten auf<\/span><span class=\"ez-toc-icon-toggle-span\"><svg style=\"fill: #999;color:#999\" xmlns=\"http:\/\/www.w3.org\/2000\/svg\" class=\"list-377408\" width=\"20px\" height=\"20px\" viewbox=\"0 0 24 24\" fill=\"none\"><path d=\"M6 6H4v2h2V6zm14 0H8v2h12V6zM4 11h2v2H4v-2zm16 0H8v2h12v-2zM4 16h2v2H4v-2zm16 0H8v2h12v-2z\" fill=\"currentColor\"><\/path><\/svg><svg style=\"fill: #999;color:#999\" class=\"arrow-unsorted-368013\" xmlns=\"http:\/\/www.w3.org\/2000\/svg\" width=\"10px\" height=\"10px\" viewbox=\"0 0 24 24\" version=\"1.2\" baseprofile=\"tiny\"><path d=\"M18.2 9.3l-6.2-6.3-6.2 6.3c-.2.2-.3.4-.3.7s.1.5.3.7c.2.2.4.3.7.3h11c.3 0 .5-.1.7-.3.2-.2.3-.5.3-.7s-.1-.5-.3-.7zM5.8 14.7l6.2 6.3 6.2-6.3c.2-.2.3-.5.3-.7s-.1-.5-.3-.7c-.2-.2-.4-.3-.7-.3h-11c-.3 0-.5.1-.7.3-.2.2-.3.5-.3.7s.1.5.3.7z\"\/><\/svg><\/span><\/span><\/span><\/a><\/span><\/div>\n<nav><ul class='ez-toc-list ez-toc-list-level-1 eztoc-toggle-hide-by-default' ><li class='ez-toc-page-1 ez-toc-heading-level-2'><a class=\"ez-toc-link ez-toc-heading-1\" href=\"https:\/\/moverdb.com\/de\/container-shipping\/iceland\/#Shipping_Container_Costs_to_Iceland_Reykjavik\" >Kosten f\u00fcr den Versand von Containern nach Island (Reykjav\u00edk)<\/a><\/li><li class='ez-toc-page-1 ez-toc-heading-level-2'><a class=\"ez-toc-link ez-toc-heading-2\" href=\"https:\/\/moverdb.com\/de\/container-shipping\/iceland\/#Shipping_Container_Costs_from_Iceland_Reykjavik\" >Kosten f\u00fcr Schiffscontainer aus Island (Reykjav\u00edk)<\/a><ul class='ez-toc-list-level-3' ><li class='ez-toc-heading-level-3'><a class=\"ez-toc-link ez-toc-heading-3\" href=\"https:\/\/moverdb.com\/de\/container-shipping\/iceland\/#Notes_about_data\" >Anmerkungen zu den Daten:<\/a><\/li><\/ul><\/li><li class='ez-toc-page-1 ez-toc-heading-level-2'><a class=\"ez-toc-link ez-toc-heading-4\" href=\"https:\/\/moverdb.com\/de\/container-shipping\/iceland\/#Other_Useful_Guides_to_Iceland\" >Andere n\u00fctzliche Reisef\u00fchrer f\u00fcr Island<\/a><\/li><\/ul><\/nav><\/div>\n<h2 class=\"wp-block-heading\"><span class=\"ez-toc-section\" id=\"Shipping_Container_Costs_to_Iceland_Reykjavik\"><\/span>Kosten f\u00fcr den Versand von Containern nach Island (Reykjav\u00edk)<span class=\"ez-toc-section-end\"><\/span><\/h2>\r\n\r\n\r\n<div class=\"wp-block-image\">\r\n<figure class=\"aligncenter size-large\"><img loading=\"lazy\" decoding=\"async\" width=\"1024\" height=\"539\" src=\"https:\/\/moverdb.com\/wp-content\/uploads\/Shipping-Container-Costs-to-Iceland-1024x539.png\" alt=\"Kosten f\u00fcr den Versand von Containern nach Island (Reykjav\u00edk)\" class=\"wp-image-4335\" srcset=\"https:\/\/moverdb.com\/wp-content\/uploads\/Shipping-Container-Costs-to-Iceland-1024x539.png 1024w, https:\/\/moverdb.com\/wp-content\/uploads\/Shipping-Container-Costs-to-Iceland-300x158.png 300w, https:\/\/moverdb.com\/wp-content\/uploads\/Shipping-Container-Costs-to-Iceland-1536x809.png 1536w, https:\/\/moverdb.com\/wp-content\/uploads\/Shipping-Container-Costs-to-Iceland-18x9.png 18w, https:\/\/moverdb.com\/wp-content\/uploads\/Shipping-Container-Costs-to-Iceland-600x316.png 600w, https:\/\/moverdb.com\/wp-content\/uploads\/Shipping-Container-Costs-to-Iceland.png 2000w\" sizes=\"auto, (max-width: 1024px) 100vw, 1024px\" \/><\/figure>\r\n<\/div>\r\n\r\n\n<table id=\"tablepress-119\" class=\"tablepress tablepress-id-119\">\n<thead>\n<tr class=\"row-1\">\n\t<th class=\"column-1\">Zielland (<a href=\"https:\/\/moverdb.com\/de\/top-49-container-ports\/\" data-internallinksmanager029f6b8e52c=\"80\" title=\"Top 49 der gr\u00f6\u00dften und verkehrsreichsten Containerh\u00e4fen im Jahr 2025\">Hafen<\/a>\/Stadt)<\/th><th class=\"column-2\">20FT<\/th><th class=\"column-3\">40FT<\/th>\n<\/tr>\n<\/thead>\n<tbody class=\"row-striping row-hover\">\n<tr class=\"row-2\">\n\t<td class=\"column-1\"><a href=\"https:\/\/moverdb.com\/de\/container-shipping\/andorra\/\" data-internallinksmanager029f6b8e52c=\"88\" title=\"2023 Seefracht-Container-Tarife von und nach Andorra\">Andorra (Andorra la Vella)<\/a><\/td><td class=\"column-2\">$990<\/td><td class=\"column-3\">$1,662<\/td>\n<\/tr>\n<tr class=\"row-3\">\n\t<td class=\"column-1\"><a href=\"https:\/\/moverdb.com\/de\/container-shipping\/australia\/\" data-internallinksmanager029f6b8e52c=\"89\" title=\"2026 Containerfrachtraten von und nach Australien\">Australien (Sydney)<\/a><\/td><td class=\"column-2\">$1,511<\/td><td class=\"column-3\">$2,464<\/td>\n<\/tr>\n<tr class=\"row-4\">\n\t<td class=\"column-1\"><a href=\"https:\/\/moverdb.com\/de\/container-shipping\/bangladesh\/\" data-internallinksmanager029f6b8e52c=\"97\" title=\"2023 Seefracht-Container-Tarife von und nach Bangladesch\">Bangladesch (Chittagong)<\/a><\/td><td class=\"column-2\">$1,463<\/td><td class=\"column-3\">$2,016<\/td>\n<\/tr>\n<tr class=\"row-5\">\n\t<td class=\"column-1\"><a href=\"https:\/\/moverdb.com\/de\/container-shipping\/belgium\/\" data-internallinksmanager029f6b8e52c=\"86\" title=\"2026 Seefrachttarife f\u00fcr Container von und nach Belgien\">Belgien (Antwerpen)<\/a><\/td><td class=\"column-2\">$2,794<\/td><td class=\"column-3\">$4,274<\/td>\n<\/tr>\n<tr class=\"row-6\">\n\t<td class=\"column-1\"><a href=\"https:\/\/moverdb.com\/de\/moving-to-canada\/\" data-internallinksmanager029f6b8e52c=\"265\" title=\"Umzug nach Kanada? 2026 Lebenshaltungskosten &amp; Umzugstipps\">Kanada<\/a> (<a href=\"https:\/\/moverdb.com\/de\/moving-to-canada\/moving-to-vancouver\/\" data-internallinksmanager029f6b8e52c=\"438\" title=\"Umzug nach Vancouver? 2026 Lebenshaltungskosten &amp; Umzugstipps\">Vancouver<\/a>)<\/td><td class=\"column-2\">$5,789<\/td><td class=\"column-3\">$7,145<\/td>\n<\/tr>\n<tr class=\"row-7\">\n\t<td class=\"column-1\"><a href=\"https:\/\/moverdb.com\/de\/container-shipping\/china\/\" data-internallinksmanager029f6b8e52c=\"105\" title=\"2023 Seefracht-Container-Tarife von und nach China\">China (Shanghai)<\/a><\/td><td class=\"column-2\">$3,960<\/td><td class=\"column-3\">$7,350<\/td>\n<\/tr>\n<tr class=\"row-8\">\n\t<td class=\"column-1\"><a href=\"https:\/\/moverdb.com\/de\/container-shipping\/croatia\/\" data-internallinksmanager029f6b8e52c=\"107\" title=\"2023 Seefracht-Container-Tarife von und nach Kroatien\">Kroatien (Rijeka)<\/a><\/td><td class=\"column-2\">$3,883<\/td><td class=\"column-3\">$5,513<\/td>\n<\/tr>\n<tr class=\"row-9\">\n\t<td class=\"column-1\"><a href=\"https:\/\/moverdb.com\/de\/container-shipping\/germany\/\" data-internallinksmanager029f6b8e52c=\"118\" title=\"2023 Seefracht-Container-Tarife von und nach Deutschland\">Deutschland (Hamburg)<\/a><\/td><td class=\"column-2\">$2,915<\/td><td class=\"column-3\">$4,326<\/td>\n<\/tr>\n<tr class=\"row-10\">\n\t<td class=\"column-1\"><a href=\"https:\/\/moverdb.com\/de\/container-shipping\/guernsey\/\" data-internallinksmanager029f6b8e52c=\"121\" title=\"2026 Seefrachttarife f\u00fcr Container von und nach Guernsey\">Guernsey (St. Peter Port)<\/a><\/td><td class=\"column-2\">$3,188<\/td><td class=\"column-3\">$4,628<\/td>\n<\/tr>\n<tr class=\"row-11\">\n\t<td class=\"column-1\"><a href=\"https:\/\/moverdb.com\/de\/container-shipping\/hong-kong\/\" data-internallinksmanager029f6b8e52c=\"123\" title=\"2026 Seefrachttarife f\u00fcr Container von und nach Hongkong\">Hongkong (Hongkong)<\/a><\/td><td class=\"column-2\">$1,155<\/td><td class=\"column-3\">$2,111<\/td>\n<\/tr>\n<tr class=\"row-12\">\n\t<td class=\"column-1\"><a href=\"https:\/\/moverdb.com\/de\/container-shipping\/india\/\" data-internallinksmanager029f6b8e52c=\"125\" title=\"2023 Seefracht-Container-Tarife von und nach Indien\">Indien (Mumbai)<\/a><\/td><td class=\"column-2\">$5,335<\/td><td class=\"column-3\">$6,720<\/td>\n<\/tr>\n<tr class=\"row-13\">\n\t<td class=\"column-1\"><a href=\"https:\/\/moverdb.com\/de\/container-shipping\/italy\/\" data-internallinksmanager029f6b8e52c=\"130\" title=\"2023 Seefracht-Container-Tarife von und nach Italien\">Italien (Triest)<\/a><\/td><td class=\"column-2\">$3,883<\/td><td class=\"column-3\">$5,513<\/td>\n<\/tr>\n<tr class=\"row-14\">\n\t<td class=\"column-1\"><a href=\"https:\/\/moverdb.com\/de\/container-shipping\/jersey\/\" data-internallinksmanager029f6b8e52c=\"132\" title=\"2023 Seefracht-Container-Tarife von und nach Jersey\">Jersey (St. Helier)<\/a><\/td><td class=\"column-2\">$3,188<\/td><td class=\"column-3\">$4,628<\/td>\n<\/tr>\n<tr class=\"row-15\">\n\t<td class=\"column-1\"><a href=\"https:\/\/moverdb.com\/de\/container-shipping\/lithuania\/\" data-internallinksmanager029f6b8e52c=\"145\" title=\"2026 Seefrachttarife f\u00fcr Container von und nach Litauen\">Litauen (Klaipeda)<\/a><\/td><td class=\"column-2\">$3,289<\/td><td class=\"column-3\">$4,757<\/td>\n<\/tr>\n<tr class=\"row-16\">\n\t<td class=\"column-1\"><a href=\"https:\/\/moverdb.com\/de\/moving-to-luxembourg\/\" data-internallinksmanager029f6b8e52c=\"349\" title=\"Umzug nach Luxemburg? 2026 Lebenshaltungskosten &amp; Umzugstipps\">Luxemburg<\/a><\/td><td class=\"column-2\">$2,882<\/td><td class=\"column-3\">$4,274<\/td>\n<\/tr>\n<tr class=\"row-17\">\n\t<td class=\"column-1\"><a href=\"https:\/\/moverdb.com\/de\/container-shipping\/netherlands\/\" data-internallinksmanager029f6b8e52c=\"151\" title=\"2023 Seefracht-Container-Tarife von und nach den Niederlanden\">Niederlande (Rotterdam)<\/a><\/td><td class=\"column-2\">$2,794<\/td><td class=\"column-3\">$4,274<\/td>\n<\/tr>\n<tr class=\"row-18\">\n\t<td class=\"column-1\"><a href=\"https:\/\/moverdb.com\/de\/container-shipping\/pakistan\/\" data-internallinksmanager029f6b8e52c=\"155\" title=\"2023 Seefracht-Container-Tarife von und nach Pakistan\">Pakistan (Karatschi)<\/a><\/td><td class=\"column-2\">$2,233<\/td><td class=\"column-3\">$2,793<\/td>\n<\/tr>\n<tr class=\"row-19\">\n\t<td class=\"column-1\"><a href=\"https:\/\/moverdb.com\/de\/container-shipping\/poland\/\" data-internallinksmanager029f6b8e52c=\"157\" title=\"2026 Seefrachttarife f\u00fcr Container von und nach Polen\">Polen (Danzig)<\/a><\/td><td class=\"column-2\">$3,289<\/td><td class=\"column-3\">$4,757<\/td>\n<\/tr>\n<tr class=\"row-20\">\n\t<td class=\"column-1\"><a href=\"https:\/\/moverdb.com\/de\/container-shipping\/russia\/\" data-internallinksmanager029f6b8e52c=\"160\" title=\"2023 Seefracht-Container-Tarife von und nach Russland\">Russland (Sankt Petersburg)<\/a><\/td><td class=\"column-2\">$2,805<\/td><td class=\"column-3\">$4,200<\/td>\n<\/tr>\n<tr class=\"row-21\">\n\t<td class=\"column-1\"><a href=\"https:\/\/moverdb.com\/de\/container-shipping\/slovenia\/\" data-internallinksmanager029f6b8e52c=\"181\" title=\"2026 Seefrachttarife f\u00fcr Container von und nach Slowenien\">Slowenien (Koper)<\/a><\/td><td class=\"column-2\">$3,883<\/td><td class=\"column-3\">$5,513<\/td>\n<\/tr>\n<tr class=\"row-22\">\n\t<td class=\"column-1\"><a href=\"https:\/\/moverdb.com\/de\/container-shipping\/south-korea\/\" data-internallinksmanager029f6b8e52c=\"180\" title=\"2026 Seefrachttarife f\u00fcr Container von und nach S\u00fcdkorea\">S\u00fcdkorea (Busan)<\/a><\/td><td class=\"column-2\">$7,306<\/td><td class=\"column-3\">$13,737<\/td>\n<\/tr>\n<tr class=\"row-23\">\n\t<td class=\"column-1\"><a href=\"https:\/\/moverdb.com\/de\/container-shipping\/spain\/\" data-internallinksmanager029f6b8e52c=\"182\" title=\"2026 Seefrachttarife f\u00fcr Container von und nach Spanien\">Spanien (Valencia)<\/a><\/td><td class=\"column-2\">$1,067<\/td><td class=\"column-3\">$1,596<\/td>\n<\/tr>\n<tr class=\"row-24\">\n\t<td class=\"column-1\"><a href=\"https:\/\/moverdb.com\/de\/container-shipping\/thailand\/\" data-internallinksmanager029f6b8e52c=\"189\" title=\"2026 Seefrachttarife f\u00fcr Container von und nach Thailand\">Thailand (Laem Chabang)<\/a><\/td><td class=\"column-2\">$4,246<\/td><td class=\"column-3\">$7,886<\/td>\n<\/tr>\n<tr class=\"row-25\">\n\t<td class=\"column-1\"><a href=\"https:\/\/moverdb.com\/de\/moving-to-the-united-states\/\" data-internallinksmanager029f6b8e52c=\"94\" title=\"Umzug in die Vereinigten Staaten? 2026 Lebenshaltungskosten &amp; Umzugstipps\">US<\/a> (<a href=\"https:\/\/moverdb.com\/de\/moving-to-los-angeles\/\" data-internallinksmanager029f6b8e52c=\"51\" title=\"Umzug nach Los Angeles? 2026 LA Lebenshaltungskosten &amp; Umzugstipps\">Los Angeles<\/a>)<\/td><td class=\"column-2\">$1,625<\/td><td class=\"column-3\">$1,855<\/td>\n<\/tr>\n<tr class=\"row-26\">\n\t<td class=\"column-1\"><a href=\"https:\/\/moverdb.com\/de\/container-shipping\/united-states\/\" data-internallinksmanager029f6b8e52c=\"87\" title=\"2026 Seefrachttarife f\u00fcr Container von und nach den USA\">USA (New York)<\/a><\/td><td class=\"column-2\">$2,452<\/td><td class=\"column-3\">$2,398<\/td>\n<\/tr>\n<tr class=\"row-27\">\n\t<td class=\"column-1\"><a href=\"https:\/\/moverdb.com\/de\/container-shipping\/vietnam\/\" data-internallinksmanager029f6b8e52c=\"245\" title=\"2023 Seefracht-Container-Tarife von und nach Vietnam\">Vietnam (Saigon)<\/a><\/td><td class=\"column-2\">$4,378<\/td><td class=\"column-3\">$8,148<\/td>\n<\/tr>\n<\/tbody>\n<\/table>\n<!-- #tablepress-119 from cache -->\n\r\n\r\n\r\n<h2 class=\"wp-block-heading\"><span class=\"ez-toc-section\" id=\"Shipping_Container_Costs_from_Iceland_Reykjavik\"><\/span>Kosten f\u00fcr Schiffscontainer aus Island (Reykjav\u00edk)<span class=\"ez-toc-section-end\"><\/span><\/h2>\r\n\r\n\r\n<div class=\"wp-block-image\">\r\n<figure class=\"aligncenter size-large\"><img loading=\"lazy\" decoding=\"async\" width=\"1024\" height=\"539\" src=\"https:\/\/moverdb.com\/wp-content\/uploads\/Shipping-Container-Costs-from-Iceland-1024x539.png\" alt=\"Kosten f\u00fcr Schiffscontainer aus Island (Reykjav\u00edk)\" class=\"wp-image-4336\" srcset=\"https:\/\/moverdb.com\/wp-content\/uploads\/Shipping-Container-Costs-from-Iceland-1024x539.png 1024w, https:\/\/moverdb.com\/wp-content\/uploads\/Shipping-Container-Costs-from-Iceland-300x158.png 300w, https:\/\/moverdb.com\/wp-content\/uploads\/Shipping-Container-Costs-from-Iceland-1536x809.png 1536w, https:\/\/moverdb.com\/wp-content\/uploads\/Shipping-Container-Costs-from-Iceland-18x9.png 18w, https:\/\/moverdb.com\/wp-content\/uploads\/Shipping-Container-Costs-from-Iceland-600x316.png 600w, https:\/\/moverdb.com\/wp-content\/uploads\/Shipping-Container-Costs-from-Iceland.png 2000w\" sizes=\"auto, (max-width: 1024px) 100vw, 1024px\" \/><\/figure>\r\n<\/div>\r\n\r\n\n<table id=\"tablepress-120\" class=\"tablepress tablepress-id-120\">\n<thead>\n<tr class=\"row-1\">\n\t<th class=\"column-1\">Bestimmungsland (Hafen\/Stadt)<\/th><th class=\"column-2\">20FT<\/th><th class=\"column-3\">40FT<\/th>\n<\/tr>\n<\/thead>\n<tbody class=\"row-striping row-hover\">\n<tr class=\"row-2\">\n\t<td class=\"column-1\">Andorra (Andorra la Vella)<\/td><td class=\"column-2\">$949<\/td><td class=\"column-3\">$1,220<\/td>\n<\/tr>\n<tr class=\"row-3\">\n\t<td class=\"column-1\"><a href=\"https:\/\/moverdb.com\/de\/container-shipping\/antigua-and-barbuda\/\" data-internallinksmanager029f6b8e52c=\"92\" title=\"2026 Seefrachttarife f\u00fcr Container von und nach Antigua und Barbuda\">Antigua und Barbuda (St. John's)<\/a><\/td><td class=\"column-2\">$3,058<\/td><td class=\"column-3\">$5,300<\/td>\n<\/tr>\n<tr class=\"row-4\">\n\t<td class=\"column-1\"><a href=\"https:\/\/moverdb.com\/de\/container-shipping\/argentina\/\" data-internallinksmanager029f6b8e52c=\"91\" title=\"2026 Seefrachttarife f\u00fcr Container von und nach Argentinien\">Argentinien (Buenos Aires)<\/a><\/td><td class=\"column-2\">$2,045<\/td><td class=\"column-3\">$3,617<\/td>\n<\/tr>\n<tr class=\"row-5\">\n\t<td class=\"column-1\"><a href=\"https:\/\/moverdb.com\/de\/container-shipping\/aruba\/\" data-internallinksmanager029f6b8e52c=\"90\" title=\"2023 Seefracht-Container-Tarife von und nach Aruba\">Aruba (Oranjestad)<\/a><\/td><td class=\"column-2\">$2,045<\/td><td class=\"column-3\">$0<\/td>\n<\/tr>\n<tr class=\"row-6\">\n\t<td class=\"column-1\">Australien (Sydney)<\/td><td class=\"column-2\">$2,669<\/td><td class=\"column-3\">$4,859<\/td>\n<\/tr>\n<tr class=\"row-7\">\n\t<td class=\"column-1\"><a href=\"https:\/\/moverdb.com\/de\/container-shipping\/austria\/\" data-internallinksmanager029f6b8e52c=\"95\" title=\"2023 Seefracht-Container-Tarife von und nach \u00d6sterreich\">\u00d6sterreich (Wien)<\/a><\/td><td class=\"column-2\">$300<\/td><td class=\"column-3\">$450<\/td>\n<\/tr>\n<tr class=\"row-8\">\n\t<td class=\"column-1\"><a href=\"https:\/\/moverdb.com\/de\/container-shipping\/brazil\/\" data-internallinksmanager029f6b8e52c=\"98\" title=\"2026 Seefrachttarife f\u00fcr Container von und nach Brasilien\">Brasilien (Santos)<\/a><\/td><td class=\"column-2\">$1,936<\/td><td class=\"column-3\">$2,384<\/td>\n<\/tr>\n<tr class=\"row-9\">\n\t<td class=\"column-1\"><a href=\"https:\/\/moverdb.com\/de\/container-shipping\/canada\/\" data-internallinksmanager029f6b8e52c=\"102\" title=\"2023 Seefracht-Container-Tarife von und nach Kanada\">Kanada (Toronto)<\/a><\/td><td class=\"column-2\">$2,356<\/td><td class=\"column-3\">$2,959<\/td>\n<\/tr>\n<tr class=\"row-10\">\n\t<td class=\"column-1\">China (Shanghai)<\/td><td class=\"column-2\">$1,705<\/td><td class=\"column-3\">$1,914<\/td>\n<\/tr>\n<tr class=\"row-11\">\n\t<td class=\"column-1\"><a href=\"https:\/\/moverdb.com\/de\/container-shipping\/france\/\" data-internallinksmanager029f6b8e52c=\"116\" title=\"2026 Seefrachttarife f\u00fcr Container von und nach Frankreich\">Frankreich (Marseille)<\/a><\/td><td class=\"column-2\">$1,096<\/td><td class=\"column-3\">$1,200<\/td>\n<\/tr>\n<tr class=\"row-12\">\n\t<td class=\"column-1\">Deutschland (Hamburg)<\/td><td class=\"column-2\">$360<\/td><td class=\"column-3\">$600<\/td>\n<\/tr>\n<tr class=\"row-13\">\n\t<td class=\"column-1\">Hongkong (Hongkong)<\/td><td class=\"column-2\">$1,470<\/td><td class=\"column-3\">$1,265<\/td>\n<\/tr>\n<tr class=\"row-14\">\n\t<td class=\"column-1\">Indien (Mumbai)<\/td><td class=\"column-2\">$1,210<\/td><td class=\"column-3\">$1,287<\/td>\n<\/tr>\n<tr class=\"row-15\">\n\t<td class=\"column-1\">USA (Los Angeles)<\/td><td class=\"column-2\">$5,979<\/td><td class=\"column-3\">$9,080<\/td>\n<\/tr>\n<tr class=\"row-16\">\n\t<td class=\"column-1\">USA (New York)<\/td><td class=\"column-2\">$4,514<\/td><td class=\"column-3\">$7,028<\/td>\n<\/tr>\n<\/tbody>\n<\/table>\n<!-- #tablepress-120 from cache -->\n\r\n\r\n\r\n<h3 class=\"wp-block-heading\"><span class=\"ez-toc-section\" id=\"Notes_about_data\"><\/span>Anmerkungen zu den Daten:<span class=\"ez-toc-section-end\"><\/span><\/h3>\r\n\r\n\r\n\r\n<ul class=\"wp-block-list\"><li>Alle $-Zahlen in US-Dollar (USD);<\/li><li>Die Preise gelten ab Mitte 2022;<\/li><li>Die Karten in diesem Artikel wurden erstellt mit <a href=\"https:\/\/www.mapchart.net\" target=\"_blank\" rel=\"noreferrer noopener\">https:\/\/www.mapchart.net<\/a>. Es steht Ihnen frei, die Karten weiterzugeben, solange Sie einen Link zu folgenden Seiten angeben <a href=\"https:\/\/moverdb.com\/de\/\" target=\"_blank\" rel=\"noreferrer noopener\">MoverDB<\/a>;<\/li><li>Die oben genannten S\u00e4tze sind nur Sch\u00e4tzungen und k\u00f6nnen sich seit der Ver\u00f6ffentlichung dieses Artikels (April 2022) ge\u00e4ndert haben. Sie basieren auf dem niedrigsten gesch\u00e4tzten Satz, der entweder <a href=\"https:\/\/www.icontainers.com\" target=\"_blank\" rel=\"noreferrer noopener\">https:\/\/www.icontainers.com<\/a> oder <a href=\"https:\/\/www.freightos.com\" target=\"_blank\" rel=\"noreferrer noopener\">https:\/\/www.freightos.com<\/a>;<\/li><li>Um eine genauere Vorstellung von den Kosten f\u00fcr Sie zu erhalten, verwenden Sie bitte das Angebotsformular oben auf dieser Seite;<\/li><li>Bitte beachten Sie auch unseren Leitfaden zu <a href=\"https:\/\/moverdb.com\/de\/containerschifffahrt\/\" target=\"_blank\" rel=\"noreferrer noopener\">internationale Containerschifffahrt<\/a>.<\/li><\/ul>\r\n\r\n\r\n<h2><span class=\"ez-toc-section\" id=\"Other_Useful_Guides_to_Iceland\"><\/span>Andere n\u00fctzliche Reisef\u00fchrer f\u00fcr Island<span class=\"ez-toc-section-end\"><\/span><\/h2>\r\n\r\n<ul>\r\n<li> <a href=\"https:\/\/moverdb.com\/de\/moving-to-iceland\/moving-to-iceland-from-the-uk\/\">Umzug von Gro\u00dfbritannien nach Island<\/a><\/li>\r\n<li> <a href=\"https:\/\/moverdb.com\/de\/moving-to-iceland\/\">Umzug nach Island? 2024 Lebenshaltungskosten &amp; Umzugstipps<\/a><\/li>\r\n<\/ul>","protected":false},"excerpt":{"rendered":"<p>Iceland makes most people who\u2019ve never been there think of cold and ice, but ask any expat who lives there and they\u2019ll tell you it\u2019s actually one of the most beautiful places on Earth. This Nordic country is famous for its natural vistas filled with glaciers, geysers, flowing volcanoes, and hot springs. Life quality in [&hellip;]<\/p>\n","protected":false},"author":2,"featured_media":4328,"parent":44,"menu_order":0,"comment_status":"open","ping_status":"closed","template":"","meta":{"_genesis_hide_title":false,"_genesis_hide_breadcrumbs":false,"_genesis_hide_singular_image":false,"_genesis_hide_footer_widgets":false,"_genesis_custom_body_class":"","_genesis_custom_post_class":"","_genesis_layout":"","footnotes":""},"class_list":{"0":"post-4333","1":"page","2":"type-page","3":"status-publish","4":"has-post-thumbnail","6":"entry"},"_links":{"self":[{"href":"https:\/\/moverdb.com\/de\/wp-json\/wp\/v2\/pages\/4333","targetHints":{"allow":["GET"]}}],"collection":[{"href":"https:\/\/moverdb.com\/de\/wp-json\/wp\/v2\/pages"}],"about":[{"href":"https:\/\/moverdb.com\/de\/wp-json\/wp\/v2\/types\/page"}],"author":[{"embeddable":true,"href":"https:\/\/moverdb.com\/de\/wp-json\/wp\/v2\/users\/2"}],"replies":[{"embeddable":true,"href":"https:\/\/moverdb.com\/de\/wp-json\/wp\/v2\/comments?post=4333"}],"version-history":[{"count":5,"href":"https:\/\/moverdb.com\/de\/wp-json\/wp\/v2\/pages\/4333\/revisions"}],"predecessor-version":[{"id":17860,"href":"https:\/\/moverdb.com\/de\/wp-json\/wp\/v2\/pages\/4333\/revisions\/17860"}],"up":[{"embeddable":true,"href":"https:\/\/moverdb.com\/de\/wp-json\/wp\/v2\/pages\/44"}],"wp:featuredmedia":[{"embeddable":true,"href":"https:\/\/moverdb.com\/de\/wp-json\/wp\/v2\/media\/4328"}],"wp:attachment":[{"href":"https:\/\/moverdb.com\/de\/wp-json\/wp\/v2\/media?parent=4333"}],"curies":[{"name":"wp","href":"https:\/\/api.w.org\/{rel}","templated":true}]}}