{"id":433,"date":"2016-06-12T13:45:04","date_gmt":"2016-06-12T13:45:04","guid":{"rendered":"http:\/\/moverdb.com\/?page_id=433"},"modified":"2026-01-08T14:47:29","modified_gmt":"2026-01-08T14:47:29","slug":"amsa","status":"publish","type":"page","link":"https:\/\/moverdb.com\/de\/amsa\/","title":{"rendered":"American Moving &amp; Storage Association (AMSA) erkl\u00e4rt"},"content":{"rendered":"<p>Die American Moving &amp; Storage Association (AMSA) ist der nationale Handelsverband f\u00fcr die amerikanische Umzugsindustrie. <\/p>\n<p>Der Verband wurde gegr\u00fcndet, um die Interessen der nationalen und internationalen Umzugs- und Lagerungsbranche zu vertreten und den Kunden, die Unternehmen dieser Branche in Anspruch nehmen, Informationen und Unterst\u00fctzung zu bieten.<\/p>\n<p><strong>Die wichtigsten Fakten \u00fcber die AMSA:<\/strong><\/p>\n<ol>\n<li>  Sie hat rund 4.200 Mitglieder.<\/li>\n<li>  Die AMSA-Mitglieder setzen sich aus zwischenstaatlichen Umzugs- und Lagerungsunternehmen und lokalen Umzugsunternehmen zusammen, <a href=\"https:\/\/moverdb.com\/de\/umzugsunternehmen\/\">internationale Umzugsunternehmen<\/a> sowie Lieferanten der Branche und Mitglieder der Landesverb\u00e4nde.<\/li>\n<li>  Er ist der einzige nationale Verband, der alle Bereiche der Umzugs- und Lagerungsbranche vertritt.<\/li>\n<li>  Die AMSA hat die <a href=\"https:\/\/moverdb.com\/de\/rim-promover\/\" data-internallinksmanager029f6b8e52c=\"76\" title=\"Die RIM International ProMover-Zertifizierung wird erkl\u00e4rt\">ProMover<\/a> 2009 wurde die AMSA-Zertifizierung eingef\u00fchrt, um die Verbraucher an Qualit\u00e4tsumzugsunternehmen zu verweisen, die sich an die AMSA-Ziele halten.<\/li>\n<li>  Die Mitgliedschaft steht nicht nur Umzugsunternehmen offen, sondern auch angeschlossenen Unternehmen (die Produkte oder Dienstleistungen im Zusammenhang mit der Umzugsbranche anbieten), Einzelpersonen und Berufsverb\u00e4nden.<\/li>\n<li>  Die AMSA-Mitgliedschaft ist ein wichtiger Bestandteil des Bewerbungsverfahrens f\u00fcr <a href=\"https:\/\/moverdb.com\/de\/rim-promover\/\">ProMover-Zertifizierung<\/a> - Diese muss 18 Monate lang ohne Probleme gehalten worden sein.<\/li>\n<li>  Sie ist bei den Verbrauchern f\u00fcr ihre Datenbank mit \"Umzugstipps\" bekannt, die Informationen zu allen Themen vom Packen bis zur Bew\u00e4ltigung des Umzugstages bietet.<\/li>\n<li>  Sie bietet ein Streitbeilegungsprogramm an und verf\u00fcgt \u00fcber einen Ethikkodex, an den sich ihre Mitglieder halten m\u00fcssen.<\/li>\n<li>  Ihre Mitglieder bef\u00f6rdern jedes Jahr zwischen 1,3 und 1,5 Millionen Haushalte.<\/li>\n<\/ol>\n<p><strong>Profil der American Moving &amp; Storage Association:<\/strong><\/p>\n<p>AMSA-Mitglieder profitieren von einer breiten Palette von Dienstleistungen, die von Nachrichten und Informationen \u00fcber Themen, die die Branche betreffen, \u00fcber die Vertretung bei der Bundesregierung bis hin zu steuerlicher Unterst\u00fctzung, finanzieller und statistischer Berichterstattung und rechtlicher Hilfe reichen. <\/p>\n<p>Die AMSA bietet auch einen Schlichtungsdienst f\u00fcr Streitigkeiten \u00fcber Verluste und Sch\u00e4den sowie professionelle Ausbildungs- und Zertifizierungsprogramme, wie z. B. den ProMover. <\/p>\n<p>Die AMSA geht auf den \u00e4ltesten Berufsverband f\u00fcr Umzugsunternehmen in Amerika zur\u00fcck - die 1920 gegr\u00fcndete National Furniture Warehousemen's Association. Ihre Geschichte, ihr breiter Geltungsbereich und ihr Ethikkodex machen sie zu einer hoch angesehenen Organisation. <\/p>\n<p>Sie ist verantwortlich f\u00fcr die ProMover-Zertifizierung, die als Zeichen eines zuverl\u00e4ssigen Umzugsunternehmens angesehen wird.<\/p>\n<p><strong>Kriterien f\u00fcr die Mitgliedschaft:<\/strong><\/p>\n<p>Die Kriterien f\u00fcr den Beitritt zur AMSA scheinen sehr einfach zu sein - es gen\u00fcgt, das Formular auszuf\u00fcllen und eine Geb\u00fchr zu entrichten. F\u00fcr Unternehmen, die eine Zulassung erhalten m\u00f6chten, ist jedoch mehr erforderlich <a href=\"https:\/\/moverdb.com\/de\/rim-promover\/\">ProMover-Zertifizierung<\/a>.<\/p>\n<p><strong>Top-Mitgliedsunternehmen<\/strong><\/p>\n<ol>\n<li> <a href=\"https:\/\/moverdb.com\/de\/united-van-lines\/\">Vereinigte Van Lines<\/a><\/li>\n<li> <a href=\"https:\/\/moverdb.com\/de\/atlas-van-lines-international\/\">Atlas Van Lines International<\/a><\/li>\n<li> <a href=\"https:\/\/moverdb.com\/de\/mayflower-transit\/\">Mayflower Transit<\/a><\/li>\n<li> <a href=\"https:\/\/moverdb.com\/de\/allied-van-lines\/\">Allied Van Lines<\/a><\/li>\n<li> <a href=\"https:\/\/moverdb.com\/de\/nord-amerikanische-van-lines\/\">North American Van Lines<\/a><\/li>\n<li> <a href=\"https:\/\/moverdb.com\/de\/wheaton\/\">Wheaton World Wide Moving<\/a><\/li>\n<li> <a href=\"https:\/\/moverdb.com\/de\/bekins-van-lines\/\">Bekins Van Lines<\/a><\/li>\n<li> <a href=\"https:\/\/moverdb.com\/de\/graebel-van-lines\/\">Graebel Van Lines<\/a><\/li>\n<li> <a href=\"https:\/\/moverdb.com\/de\/arpin-van-lines\/\">Arpin Van Lines<\/a><\/li>\n<li> <a href=\"https:\/\/moverdb.com\/de\/stevens-weltweit-van-lines\/\">Stevens Worldwide Van Lines<\/a><\/li>\n<li> <a href=\"https:\/\/moverdb.com\/de\/vip-transport\/\">VIP-Transport<\/a><\/li>\n<li> <a href=\"https:\/\/moverdb.com\/de\/island-movers\/\">Insel-Mover<\/a><\/li>\n<li> <a href=\"https:\/\/moverdb.com\/de\/mudanzas-gou\/\">Mudanzas Gou<\/a><\/li>\n<li> <a href=\"https:\/\/moverdb.com\/de\/gil-stauffer\/\">Gil Stauffer<\/a><\/li>\n<\/ol>\n<p><strong>Meinungen \u00fcber die American Moving &amp; Storage Association<\/strong><\/p>\n<p>Wenn die AMSA im Internet erw\u00e4hnt wird, dann h\u00e4ufig im Zusammenhang mit der ProMover-Zertifizierung der Organisation, die zu einem internationalen Qualit\u00e4tssiegel geworden ist. <\/p>\n<p>Die Zertifizierung wird als Teil der AMSA-Plattform betrachtet, die durch wirksame Interessenvertretung und den Aufbau einer angesehenen Marke die Situation der Branchenangeh\u00f6rigen und derjenigen, die Unternehmen der Branche nutzen, verbessern soll. <\/p>\n<p>Die Online-Meinungen konzentrieren sich sowohl auf die Tatsache, dass die AMSA aufgrund ihres Erbes zu den \u00e4ltesten Handelsverb\u00e4nden Amerikas geh\u00f6rt, als auch auf ihre Aufgabe, den Verbrauchern den Umzug zu erleichtern. In den Online-Stellungnahmen werden die von der AMSA organisierten Veranstaltungen erw\u00e4hnt, die offensichtlich gut besucht sind und ein hohes Ansehen genie\u00dfen, <em>\"Wie immer brachte die diesj\u00e4hrige AMSA-Konferenz einige der f\u00fchrenden K\u00f6pfe der Umzugsbranche zusammen.\"<\/em> <\/p>\n<p>Es werden auch AMSA-Auszeichnungen erw\u00e4hnt, die offenbar als echter Indikator f\u00fcr Leistung und Qualit\u00e4t angesehen werden.<\/p>\n<blockquote><p>Die Aufgabe der AMSA ist es, \"die Interessen der nationalen und internationalen Umzugs- und Lagerungsbranche zu vertreten und den Kunden zu helfen, die sie bedient.\n<\/p><\/blockquote>\n<p>- <a href=\"http:\/\/www.atlasvanlines.com\/pro-mover\/\" target=\"_blank\" rel=\"noopener\">Atlas Van Lines<\/a><\/p>\n<blockquote><p>Die AMSA hat es sich zur Aufgabe gemacht, daf\u00fcr zu sorgen, dass die 40 Millionen Amerikaner, die jedes Jahr umziehen und einen professionellen Umzugsdienstleister w\u00e4hlen, eine fundierte Entscheidung treffen k\u00f6nnen.<\/p><\/blockquote>\n<p>- <a href=\"http:\/\/www.ossworldwidemovers.com\/american-moving-and-storage-association\" target=\"_blank\" rel=\"noopener\">OSS World Wide Movers<\/a><\/p>\n<blockquote><p>Die AMSA pr\u00fcft ihre Mitglieder sorgf\u00e4ltig und stellt sicher, dass die Verbraucher mit Umzugsunternehmen zusammengebracht werden, die alle Zulassungs- und Versicherungsanforderungen erf\u00fcllen, und sorgt mit ihrem \"Household Goods Dispute Settlement Program\" f\u00fcr die Schlichtung von Streitigkeiten zwischen Verbrauchern und Umzugsunternehmen. Eines der Ziele der AMSA ist eine gut informierte \u00d6ffentlichkeit, die den Wert eines professionellen Umzugsdienstes besser versteht.<\/p><\/blockquote>\n<p>- <a href=\"http:\/\/www.moving.com\/articles\/amsa\/who-is-amsa.asp\" target=\"_blank\" rel=\"noopener\">Umziehen.com<\/a><\/p>\n<p><strong>Website:<\/strong> <a href=\"http:\/\/www.moving.org\/\" target=\"_blank\" rel=\"noopener\">http:\/\/www.moving.org\/<\/a><\/p>","protected":false},"excerpt":{"rendered":"<p>The American Moving &#038; Storage Association (AMSA) is the national trade association for the American moving industry. It has been set up to help represent the interests of those in the moving and storage industry, both domestic and international, and also to provide a source of information and assistance to customers using businesses in the [&hellip;]<\/p>\n","protected":false},"author":1,"featured_media":0,"parent":0,"menu_order":0,"comment_status":"closed","ping_status":"closed","template":"","meta":{"_genesis_hide_title":false,"_genesis_hide_breadcrumbs":false,"_genesis_hide_singular_image":false,"_genesis_hide_footer_widgets":false,"_genesis_custom_body_class":"","_genesis_custom_post_class":"","_genesis_layout":"","footnotes":""},"class_list":{"0":"post-433","1":"page","2":"type-page","3":"status-publish","5":"entry"},"_links":{"self":[{"href":"https:\/\/moverdb.com\/de\/wp-json\/wp\/v2\/pages\/433","targetHints":{"allow":["GET"]}}],"collection":[{"href":"https:\/\/moverdb.com\/de\/wp-json\/wp\/v2\/pages"}],"about":[{"href":"https:\/\/moverdb.com\/de\/wp-json\/wp\/v2\/types\/page"}],"author":[{"embeddable":true,"href":"https:\/\/moverdb.com\/de\/wp-json\/wp\/v2\/users\/1"}],"replies":[{"embeddable":true,"href":"https:\/\/moverdb.com\/de\/wp-json\/wp\/v2\/comments?post=433"}],"version-history":[{"count":25,"href":"https:\/\/moverdb.com\/de\/wp-json\/wp\/v2\/pages\/433\/revisions"}],"predecessor-version":[{"id":6170,"href":"https:\/\/moverdb.com\/de\/wp-json\/wp\/v2\/pages\/433\/revisions\/6170"}],"wp:attachment":[{"href":"https:\/\/moverdb.com\/de\/wp-json\/wp\/v2\/media?parent=433"}],"curies":[{"name":"wp","href":"https:\/\/api.w.org\/{rel}","templated":true}]}}