{"id":432,"date":"2016-06-12T09:28:19","date_gmt":"2016-06-12T09:28:19","guid":{"rendered":"http:\/\/moverdb.com\/?page_id=432"},"modified":"2026-01-08T14:47:56","modified_gmt":"2026-01-08T14:47:56","slug":"kanadischer-verband-der-spediteure","status":"publish","type":"page","link":"https:\/\/moverdb.com\/de\/canadian-association-of-movers\/","title":{"rendered":"Kanadischer Verband der Spediteure (CAM) erkl\u00e4rt"},"content":{"rendered":"<p>Der kanadische Verband der Spediteure ist <a href=\"https:\/\/moverdb.com\/de\/moving-to-canada\/\" data-internallinksmanager029f6b8e52c=\"265\" title=\"Umzug nach Kanada? 2026 Lebenshaltungskosten &amp; Umzugstipps\">Kanada<\/a>der Handelsverband, der Umzugs- und Lagerungsunternehmen vertritt. Er wurde gegr\u00fcndet, um den Schutz und das Wachstum seiner Mitgliedsunternehmen zu f\u00f6rdern und um den Verbrauchern eine M\u00f6glichkeit zu bieten, seri\u00f6se, professionelle und zuverl\u00e4ssige Umzugsdienste zu finden.<\/p>\n<p><strong>Wichtige Fakten \u00fcber CAM:<\/strong><\/p>\n<ol>\n<li>  Die Mitgliedschaft umfasst Umzugsunternehmen sowohl in Kanada als auch in \u00dcbersee.<\/li>\n<li>  Die Mitgliedschaft umfasst Umzugsunternehmen, Speditionen, Zulieferer der Branche und Unternehmen, die umzugsbezogene Dienstleistungen wie z. B. Verpackungsdienste anbieten.<\/li>\n<li>  Der Ethikkodex verlangt von den Mitgliedern, dass sie sich jederzeit an Bedingungen wie Fairness und Ehrlichkeit gegen\u00fcber den Kunden und ein sicherheitsbewusstes Vorgehen halten.<\/li>\n<li>  Der kanadische Verband der Spediteure (Canadian Association of Movers) bietet ein Beschwerdeverfahren f\u00fcr Verbraucher an.<\/li>\n<li>  CAM bietet das Certified Canadian Mover Program an, das den Verbrauchern die Gewissheit gibt, Dienstleistungen zu erhalten, die auf ethischem Verhalten, professioneller Kompetenz und effektiver Beschwerdebearbeitung basieren.<\/li>\n<li>  CAM ist die einzige Vereinigung von Umzugsunternehmen in Kanada, die seri\u00f6se und unseri\u00f6se Umzugsunternehmen reguliert und aufzeichnet.<\/li>\n<\/ol>\n<p><strong>Profil des Kanadischen Verbands der Spediteure:<\/strong><\/p>\n<p>Die Canadian Association of Movers ist der kanadische Berufsverband f\u00fcr Umzugsunternehmen. Ihm geh\u00f6ren sowohl kanadische Unternehmen als auch Organisationen aus \u00dcbersee an. <\/p>\n<p>Die CAM verfolgt eine Reihe von Zielen, darunter die Verbesserung des Fachwissens und der operativen Kompetenz sowie den Aufbau von Verbindungen zwischen Umzugsunternehmen und Speditionen, um Informationen auszutauschen und die Umzugsindustrie insgesamt zu f\u00f6rdern.<\/p>\n<p>Die Mitglieder der CAM gelten als die besten des Landes. <a href=\"https:\/\/moverdb.com\/de\/moving-companies\/\" data-internallinksmanager029f6b8e52c=\"79\" title=\"Top 25 Internationale Umzugsunternehmen Online\">Umzugsunternehmen<\/a>. Es gibt zwei Zertifizierungen f\u00fcr CAM-Mitglieder - den Certified Overseas Mover und den Certified Canadian Mover. <\/p>\n<p>Beide sollen den Verbrauchern eine Auswahl an seri\u00f6sen Umzugsunternehmen bieten, die \u00fcber aktuelle Unterlagen verf\u00fcgen, sich an einen Ehrenkodex halten, wissen, wie man mit Kundenbeschwerden umgeht, und sich an Leitlinien f\u00fcr gute Praktiken halten.<\/p>\n<p><strong>Kriterien f\u00fcr die Mitgliedschaft:<\/strong><\/p>\n<p>Von den Antragstellern kann die Einreichung verschiedener Dokumente verlangt werden, um das Genehmigungsverfahren f\u00fcr die Mitgliedschaft abzuschlie\u00dfen. Alle Antr\u00e4ge auf Mitgliedschaft unterliegen der Genehmigung durch den Verwaltungsrat.<\/p>\n<p><strong>Umzugsunternehmen<\/strong><\/p>\n<p>Die CAM verlangt von den Antragstellern, dass sie seit mindestens zwei Jahren als Umzugsunternehmen t\u00e4tig sind.<\/p>\n<p>Bewerber um eine Mover-Mitgliedschaft m\u00fcssen ein Antragsformular ausf\u00fcllen und der CAM die folgenden Unterlagen vorlegen (nur Fotokopien):<\/p>\n<ul>\n<li> Gesch\u00e4ftslizenz<\/li>\n<li> Fotos von R\u00e4umlichkeiten und Fahrzeugen<\/li>\n<li> GST\/HST-Registrierung und Nummer<\/li>\n<li> Arbeitsunfallbescheinigung<\/li>\n<li> Versicherungsbescheinigung \u00fcber eine Haftpflichtversicherung von mindestens $1 Million und ein Ladungslimit von mindestens $250.000<\/li>\n<li> Gr\u00fcndungsurkunde<\/li>\n<li> Zwei Gesch\u00e4ftsreferenzen mit Angabe der Dauer der Gesch\u00e4ftsbeziehung (z. B. Bank, Lieferant von Umzugsgut usw.)<\/li>\n<li> Anzeige in den Gelben Seiten oder Werbeartikel (optional)<\/li>\n<li> Unterzeichnetes Formular zum Ethik-Kodex<\/li>\n<\/ul>\n<p><strong>Tochtergesellschaften<\/strong><\/p>\n<p>Ein Unternehmen, das keine Haushaltswaren per Lkw transportiert, aber Dienstleistungen im Zusammenhang mit Umz\u00fcgen anbietet, wie z. B. Verpackungsdienste, Verkleinerungsdienste, Entr\u00fcmpelungen usw., kann sich als angeschlossenes Mitglied qualifizieren. <\/p>\n<p>Bewerber um eine Mitgliedschaft m\u00fcssen ein Antragsformular ausf\u00fcllen und k\u00f6nnen aufgefordert werden, der CAM die folgenden, f\u00fcr ihr Unternehmen relevanten Unterlagen zur Verf\u00fcgung zu stellen, wie z. B. (nur Fotokopien):<\/p>\n<ul>\n<li> Gesch\u00e4ftslizenz<\/li>\n<li> Fotos von R\u00e4umlichkeiten und Fahrzeugen<\/li>\n<li> GST\/HST-Registrierung und Nummer<\/li>\n<li> Arbeitsunfallbescheinigung<\/li>\n<li> Versicherungsnachweis \u00fcber eine Haftpflicht von mindestens $1 Million<\/li>\n<li> Gr\u00fcndungsurkunde<\/li>\n<li> Zwei Gesch\u00e4ftsreferenzen mit Angabe der Dauer der Gesch\u00e4ftsbeziehung (z. B. Bank, Umzugsunternehmen usw.)<\/li>\n<li> Anzeige in den Gelben Seiten oder Werbeartikel (optional)<\/li>\n<li> Unterzeichnetes Formular zum Ethik-Kodex<\/li>\n<\/ul>\n<p><strong>Internationale Spediteure<\/strong><\/p>\n<ul>\n<li> Empfehlungsschreiben von zwei internationalen Umzugsunternehmen, die CAM sind, <a href=\"https:\/\/moverdb.com\/de\/fidi-faim\/\">FIDI<\/a> oder <a href=\"https:\/\/moverdb.com\/de\/ich-bin\/\">IAM<\/a> Mitglieder<\/li>\n<li> Unterzeichnetes Formular Kanadischer Ethikkodex f\u00fcr internationale Spediteure<\/li>\n<\/ul>\n<p><strong>Top 10 Mitglieder Umzugsunternehmen<\/strong> (nach Gr\u00f6\u00dfe)<\/p>\n<ol>\n<li> <a href=\"https:\/\/moverdb.com\/de\/united-van-lines\/\">Vereinigte Van Lines<\/a><\/li>\n<li> <a href=\"https:\/\/moverdb.com\/de\/nord-amerikanische-van-lines\/\">North American Van Lines<\/a><\/li>\n<li> <a href=\"https:\/\/moverdb.com\/de\/amj-campbell-van-lines\/\">AMJ Campbell Van Lines<\/a><\/li>\n<\/ol>\n<p><strong>Die Meinungen der Beteiligten \u00fcber CAM:<\/strong><\/p>\n<p>CAM gilt als n\u00fctzliches Hilfsmittel, das den Verbrauchern hilft, Betr\u00fcgereien und Anbieter zu vermeiden, die unrealistisch niedrige Preise anbieten, die dann am Umzugstag \u00fcberh\u00f6ht sind. <\/p>\n<p>Diejenigen, die Mitglied bei CAM sind, gelten als in der Lage, ein bestimmtes Serviceniveau zu bieten, das andere Umzugsunternehmen - ohne diese Zertifizierung - nicht haben. <\/p>\n<p>Die Online-Meinung sieht in der ZAV eine M\u00f6glichkeit, die Vertrauensw\u00fcrdigkeit eines Umzugsunternehmens zu \u00fcberpr\u00fcfen, insbesondere weil die ZAV die <em>\"Das Gute, das Schlechte und das H\u00e4ssliche\".<\/em> Die Organisation genie\u00dft hohes Ansehen, weil sie hohe ethische Verhaltensstandards f\u00f6rdern will und ein strenges Bewerbungsverfahren durchf\u00fchrt. <\/p>\n<p>Diejenigen, die die Organisation online erw\u00e4hnen, weisen darauf hin, dass dies eine M\u00f6glichkeit ist, sich zu vergewissern, dass das Umzugsunternehmen \u00fcber angemessene Versicherungs- und Dienstleistungsstandards verf\u00fcgt. Oft wird hervorgehoben, dass die CAM nicht nur ihre eigenen Mitglieder erfasst, sondern auch Umzugsunternehmen, die nicht so seri\u00f6s sind. <\/p>\n<p>Dies wird als Indikator daf\u00fcr angesehen, dass die Organisation einen guten \u00dcberblick \u00fcber die Umzugsbranche hat und ihre Mitglieder auf der richtigen Seite der Linie stehen.<\/p>\n<blockquote><p>Unter den Umzugs- und Lagerungsunternehmen unterscheidet die CAM zwischen den Guten, den Schlechten und den H\u00e4sslichen. Ihre Ziele sind die F\u00f6rderung eines hohen ethischen Verhaltens in der Umzugsindustrie, die F\u00f6rderung von Qualit\u00e4tsinitiativen, die Schulung und Weiterbildung des Personals und die \u00dcberwachung der Leistung ihrer Mitglieder. <\/p>\n<p>Sie unterst\u00fctzt die Verbraucher beim Zugang zu glaubw\u00fcrdigen und professionellen Umzugsdiensten. Durch ihr strenges Bewerbungsverfahren verlangt die CAM von ihren Mitgliedern, dass sie einen strengen Ethikkodex unterzeichnen, \u00fcber eine angemessene Versicherung verf\u00fcgen und Standards f\u00fcr ihre Einrichtungen einhalten.<\/p><\/blockquote>\n<p>- <a href=\"http:\/\/www.uvl.ca\/Content\/Canadian+Association+of+Movers\" target=\"_blank\" rel=\"noopener noreferrer\">Vereinigte Van Lines Kanada<\/a> <\/p>\n<blockquote><p>Die Canadian Association of Movers (CAM) ist die einzige Vereinigung von Umzugsunternehmen in Kanada, die seri\u00f6se und unseri\u00f6se Umzugsunternehmen reguliert und erfasst. <\/p><\/blockquote>\n<p>- <a href=\"http:\/\/www.greatcanadianvanlines.com\/how-to-choose-a-moving-company\/\" target=\"_blank\" rel=\"noopener noreferrer\">Great Canadian Van Lines<\/a><\/p>\n<blockquote><p>Eine falsche Wahl bei der Auswahl eines Umzugsunternehmens f\u00fcr den Umzug von Hausrat im Wert eines ganzen Lebens kann katastrophale Folgen haben. Betr\u00fcgerische Anbieter nutzen die Vorteile der Verbraucher aus, indem sie g\u00fcnstige Preise anbieten, unrealistische Versprechungen machen, den Preis am Umzugstag in die H\u00f6he treiben und den Hausrat als Geisel nehmen. <\/p>\n<p>Diese Unternehmen \u00fcbernehmen keine Verantwortung f\u00fcr das Niveau der erbrachten Dienstleistungen. Wenn das Angebot eines Umzugsunternehmens zu gut aussieht und klingt, um wahr zu sein, ist es das auch.<\/p>\n<p>Warum das Risiko eingehen? Ziehen Sie mit einem Umzugsunternehmen um, das Mitglied der CAM ist. CAM ist der kanadische Handelsverband, der Umzugsunternehmen und Lagerungsfirmen vertritt.<\/p><\/blockquote>\n<p>- <a href=\"http:\/\/amjtorontomoving.com\/Partners\/ArticleID\/44\/Canadian-Association-of-Movers-CAM\" target=\"_blank\" rel=\"noopener noreferrer\">AMJ Campbell - Toronto<\/a><\/p>\n<p><strong>Website:<\/strong> <a href=\"http:\/\/www.mover.net\/\" target=\"_blank\" rel=\"noopener noreferrer\">http:\/\/www.mover.net\/<\/a><\/p>\n<p><strong>HINWEIS: Einige Umzugsunternehmen, die Sie nach dem Absenden des Formulars kontaktieren, sind m\u00f6glicherweise keine CAM-Partner.<\/strong><\/p>","protected":false},"excerpt":{"rendered":"<p>The Canadian Association of Movers is Canada&#8217;s trade association representing moving and storage companies. It was established to help protect and grow its member businesses and also to offer consumers a way to find reputable, professional and reliable moving services. Key facts about CAM: Membership includes movers both in Canada and overseas. Membership covers movers [&hellip;]<\/p>\n","protected":false},"author":1,"featured_media":0,"parent":0,"menu_order":0,"comment_status":"closed","ping_status":"closed","template":"","meta":{"_genesis_hide_title":false,"_genesis_hide_breadcrumbs":false,"_genesis_hide_singular_image":false,"_genesis_hide_footer_widgets":false,"_genesis_custom_body_class":"","_genesis_custom_post_class":"","_genesis_layout":"","footnotes":""},"class_list":{"0":"post-432","1":"page","2":"type-page","3":"status-publish","5":"entry"},"_links":{"self":[{"href":"https:\/\/moverdb.com\/de\/wp-json\/wp\/v2\/pages\/432","targetHints":{"allow":["GET"]}}],"collection":[{"href":"https:\/\/moverdb.com\/de\/wp-json\/wp\/v2\/pages"}],"about":[{"href":"https:\/\/moverdb.com\/de\/wp-json\/wp\/v2\/types\/page"}],"author":[{"embeddable":true,"href":"https:\/\/moverdb.com\/de\/wp-json\/wp\/v2\/users\/1"}],"replies":[{"embeddable":true,"href":"https:\/\/moverdb.com\/de\/wp-json\/wp\/v2\/comments?post=432"}],"version-history":[{"count":9,"href":"https:\/\/moverdb.com\/de\/wp-json\/wp\/v2\/pages\/432\/revisions"}],"predecessor-version":[{"id":3502,"href":"https:\/\/moverdb.com\/de\/wp-json\/wp\/v2\/pages\/432\/revisions\/3502"}],"wp:attachment":[{"href":"https:\/\/moverdb.com\/de\/wp-json\/wp\/v2\/media?parent=432"}],"curies":[{"name":"wp","href":"https:\/\/api.w.org\/{rel}","templated":true}]}}