{"id":431,"date":"2016-06-05T20:02:57","date_gmt":"2016-06-05T20:02:57","guid":{"rendered":"http:\/\/moverdb.com\/?page_id=431"},"modified":"2026-01-08T13:19:02","modified_gmt":"2026-01-08T13:19:02","slug":"ich-bin","status":"publish","type":"page","link":"https:\/\/moverdb.com\/de\/iam\/","title":{"rendered":"International Association of Movers (IAM) erkl\u00e4rt"},"content":{"rendered":"<p>Die International Association of Movers (IAM) ist ein globaler Handelsverband mit Mitgliedern, die Umz\u00fcge, Speditionen, Transporte, Logistik und damit verbundene Dienstleistungen anbieten. <\/p>\n<p>Es handelt sich um den gr\u00f6\u00dften internationalen Handelsverband der Branche, der urspr\u00fcnglich von Charterunternehmen gegr\u00fcndet wurde, die mit der Europ\u00e4ischen Union Gesch\u00e4fte machten. <a href=\"https:\/\/moverdb.com\/de\/moving-to-the-united-states\/\" data-internallinksmanager029f6b8e52c=\"94\" title=\"Umzug in die Vereinigten Staaten? 2026 Lebenshaltungskosten &amp; Umzugstipps\">US<\/a> Regierung.<\/p>\n<p><strong>Die wichtigsten Fakten \u00fcber das IAM:<\/strong><\/p>\n<ol>\n<li>  Repr\u00e4sentiert mehr als <strong>2,000 <a href=\"https:\/\/moverdb.com\/de\/umzugsunternehmen\/\" target=\"_blank\" rel=\"noopener\">Unternehmen<\/a><\/strong> in \u00fcber <strong>170 L\u00e4nder<\/strong>.<\/li>\n<li>  IAM verf\u00fcgt \u00fcber einen Ethikkodex, der unter anderem Toleranz gegen\u00fcber kulturellen Unterschieden, einen professionellen Ansatz und die Vermeidung von unlauterem Wettbewerb mit anderen Mitgliedern fordert.<\/li>\n<li>  Die IAM wurde 1962 gegr\u00fcndet und hat seither das Wachstum ihrer Mitglieder gef\u00f6rdert.<\/li>\n<li>  Er ist der gr\u00f6\u00dfte globale Handelsverband der Speditions- und Transportbranche.<\/li>\n<li>  Herausragende Leistungen in der Branche werden durch die IAM Hall of Honor gew\u00fcrdigt. Nominierungen f\u00fcr die Ehrenhalle k\u00f6nnen von jedem IAM-Mitglied, Auftraggeber oder Kunden eingereicht werden und werden von den IAM-Mitgliedern entschieden.<\/li>\n<li>  Fr\u00fcher war sie als Household Good Forwarders Association of America bekannt - 2009 \u00e4nderte die IAM ihren Namen.<\/li>\n<li>  Der IAM bietet ein Streitbeilegungsverfahren f\u00fcr Probleme zwischen Mitgliedern an - es umfasst Rechnungsstreitigkeiten.<\/li>\n<li>  Das Forderungsschutzprogramm des IAM bietet eine Absicherung f\u00fcr IAM-Mitglieder, die sich in finanziellen Schwierigkeiten befinden, und erm\u00f6glicht es einem Mitglied, eine Forderung einzureichen und eine Erstattung f\u00fcr unbezahlte Handelsrechnungen zu erhalten, wenn es so aussieht, als st\u00fcnde ein Mitglied kurz vor dem Konkurs.<\/li>\n<\/ol>\n<p><strong>Profil der International Association of Movers:<\/strong><\/p>\n<p>Die IAM wurde vor mehr als 50 Jahren gegr\u00fcndet und hat heute mehr als 2.000 Mitglieder, die in der ganzen Welt ans\u00e4ssig sind. Die IAM bietet eine Vielzahl von Programmen, Ressourcen und Mitgliedschaftsprotektionen sowie regelm\u00e4\u00dfige Veranstaltungen, die der Vernetzung und dem Wissensaustausch dienen, darunter die IAM-Jahrestagungen. <\/p>\n<p>Alles, was die IAM tut, soll das Wachstum und den Erfolg ihrer Mitglieder f\u00f6rdern. Der Schutz der Mitgliedschaft dient dazu, den Wert der IAM-Mitgliedschaft in den Augen der Industrie, der Kunden und der Kollegenverb\u00e4nde zu sch\u00fctzen - dazu geh\u00f6ren strenge Anforderungen f\u00fcr den Erwerb der IAM-Mitgliedschaft, die Durchsetzung des Ethikkodexes und die Arbeit an Themen wie der Markenaufsicht. <\/p>\n<p>Der IAM verf\u00fcgt \u00fcber ein durchsuchbares Online-Mitgliederverzeichnis, mit dem die Kunden einen Spediteur finden k\u00f6nnen, der Mitglied der Organisation ist.<\/p>\n<p><strong>Kriterien f\u00fcr die Mitgliedschaft:<\/strong><\/p>\n<ul>\n<li> mindestens ein Jahr Erfahrung<\/li>\n<li> Patenschaftsschreiben von zwei derzeitigen IAM-Mitgliedern, in denen sie erkl\u00e4ren, dass sie Sie f\u00fcr die Mitgliedschaft empfehlen, auf dem Briefkopf des Patenunternehmens, unterzeichnet von einem Vertreter des Unternehmens.<\/li>\n<li> Eine PDF- oder JPG-Datei der aktuellen Gesch\u00e4ftslizenz oder -registrierung des Landes\/des Staates\/der Provinz und, falls zutreffend, die Steueridentifikationsnummer.<\/li>\n<li> Eine PDF- oder JPG-Datei mit einem amtlichen Lichtbildausweis (z. B. Reisepass, F\u00fchrerschein) f\u00fcr jeden Unternehmensleiter, der 5% oder mehr des Unternehmens besitzt und\/oder eine Mehrheitsbeteiligung daran hat<\/li>\n<li> Zahlung der Einf\u00fchrungsgeb\u00fchr und der Beitr\u00e4ge<\/li>\n<\/ul>\n<p>Die Beitrittskandidaten werden 30 Tage lang auf der IAM-Website ver\u00f6ffentlicht, damit die derzeitigen IAM-Mitglieder sie pr\u00fcfen k\u00f6nnen; nach Ablauf dieser Frist wird die Mitgliedschaft best\u00e4tigt.<\/p>\n<p><strong>Einige Mitgliedsunternehmen<\/strong><\/p>\n<ul>\n<li> <a href=\"https:\/\/moverdb.com\/de\/luft\/\">Aires<\/a><\/li>\n<li> <a href=\"https:\/\/moverdb.com\/de\/matthew-james\/\">Matthew James Globale Umz\u00fcge<\/a><\/li>\n<li> <a href=\"https:\/\/moverdb.com\/de\/santa-fe-umzug\/\">Santa Fe Relocation Dienstleistungen<\/a><\/li>\n<li> <a href=\"https:\/\/moverdb.com\/de\/sterling-relocation\/\">Sterling-Umzug<\/a><\/li>\n<li> <a href=\"https:\/\/moverdb.com\/de\/cadogan-tate\/\">Cadogan Tate<\/a><\/li>\n<li> <a href=\"https:\/\/moverdb.com\/de\/egge-grun\/\">Harrow Green<\/a><\/li>\n<li> <a href=\"https:\/\/moverdb.com\/de\/team-umzuge\/\">Team Umz\u00fcge<\/a><\/li>\n<li> <a href=\"https:\/\/moverdb.com\/de\/mcgimpsey-bruder-umzuge\/\">McGimpsey Brothers Umz\u00fcge<\/a><\/li>\n<li> <a href=\"https:\/\/moverdb.com\/de\/shore-porters-society\/\">Die Gesellschaft der Landtr\u00e4ger<\/a><\/li>\n<li> <a href=\"https:\/\/moverdb.com\/de\/nippon-express\/\">Nippon Express<\/a><\/li>\n<li> <a href=\"https:\/\/moverdb.com\/de\/sirva\/\">Sirva<\/a><\/li>\n<li> <a href=\"https:\/\/moverdb.com\/de\/kronenverschiebungen\/\">Kronen-Umz\u00fcge<\/a><\/li>\n<li> <a href=\"https:\/\/moverdb.com\/de\/shipco-transport\/\">Shipco Transport<\/a><\/li>\n<li> <a href=\"https:\/\/moverdb.com\/de\/conroy-umzuge\/\">Conroy Umz\u00fcge<\/a><\/li>\n<li> <a href=\"https:\/\/moverdb.com\/de\/bolliger\/\">Bolliger<\/a><\/li>\n<li> <a href=\"https:\/\/moverdb.com\/de\/island-movers\/\">Insel-Mover<\/a><\/li>\n<li> <a href=\"https:\/\/moverdb.com\/de\/gil-stauffer\/\">Gil Stauffer<\/a><\/li>\n<li> <a href=\"https:\/\/moverdb.com\/de\/royal-hawaiian-movers\/\">Royal Hawaiian Umzugsunternehmen<\/a><\/li>\n<li> <a href=\"https:\/\/moverdb.com\/de\/teletrans\/\">Teletrans<\/a><\/li>\n<\/ul>\n<p><strong>Meinungen von Spediteuren \u00fcber die International Association of Movers:<\/strong><\/p>\n<p>Die IAM wird auf zahlreichen Websites zitiert, die h\u00e4ufig ihren globalen Charakter und die Zahl ihrer Mitglieder erw\u00e4hnen. <\/p>\n<p>Viele konzentrieren sich auf die Tatsache, dass es sich um den gr\u00f6\u00dften Fachverband der Branche handelt, und auf den Umfang seiner Reichweite - dass er wirklich global ist und Mitglieder selbst in den entlegensten Winkeln hat. Auf einer Website wird auch erw\u00e4hnt, dass eine IAM-Mitgliedschaft hilft <a href=\"https:\/\/moverdb.com\/de\/moving-companies\/\" data-internallinksmanager029f6b8e52c=\"79\" title=\"Top 25 Internationale Umzugsunternehmen Online\">Umzugsunternehmen<\/a> von den Kunden gefunden zu werden, und dass es ein Indikator f\u00fcr ein Unternehmen ist, das in der Lage ist, einen hervorragenden Service zu bieten. <\/p>\n<p>Im Allgemeinen scheint der Verband sowohl ein Qualit\u00e4tsmerkmal als auch ein n\u00fctzliches Instrument f\u00fcr den Ausbau von Gesch\u00e4ften und Netzwerken zu sein.<\/p>\n<blockquote><p>Die weltweiten Mitglieder, die t\u00e4glich an der Bef\u00f6rderung von Hausrat und pers\u00f6nlichen Gegenst\u00e4nden beteiligt sind, sind so vielf\u00e4ltig wie die Komponenten eines internationalen Umzugs selbst. Der Transport und der Austausch von G\u00fctern und Dienstleistungen sind der Lebensnerv, der das globale Wirtschaftswachstum von heute antreibt.\n<\/p><\/blockquote>\n<p>- <a href=\"http:\/\/www.abels.co.uk\/articles\/international-association-of-movers-iam-what-is-this\/\" target=\"_blank\" rel=\"noopener\">Abels<\/a><\/p>\n<blockquote><p>IAM ist ein weltweiter Verband von Umzugsunternehmen und Spediteuren, der sich daf\u00fcr einsetzt, seinen Kunden ein H\u00f6chstma\u00df an Service zu bieten.<\/p><\/blockquote>\n<p>- <a href=\"http:\/\/www.amjbc.ca\/international-moving-services\/\" target=\"_blank\" rel=\"noopener\">AMJ Campbell weltweit<\/a><\/p>\n<blockquote><p>Die IAM-Mitgliedschaft ist wirklich global In allen Teilen der Welt finden Sie IAM-Umzugsunternehmen. Das hilft uns, unseren Kunden einen echten T\u00fcr-zu-T\u00fcr-Service zu bieten. Von Haus zu Haus, wie wir zu sagen pflegen.<\/p><\/blockquote>\n<p>- <a href=\"http:\/\/hometohome.nl\/2016\/02\/12\/iam-international-association-of-movers\/\" target=\"_blank\" rel=\"noopener\">Von Haus zu Haus<\/a><\/p>\n<p><strong>Website:<\/strong> <a href=\"http:\/\/www.iamovers.org\/\" target=\"_blank\" rel=\"noopener\">http:\/\/www.iamovers.org<\/a><\/p>","protected":false},"excerpt":{"rendered":"<p>The International Association of Movers (IAM) is a global trade body with members who provide moving, forwarding, shipping, logistics, and related services. It is the largest international trade association for the industry, originally founded by charter businesses that were doing business with the US government. Key facts about the IAM: Represents more than 2,000 companies [&hellip;]<\/p>\n","protected":false},"author":1,"featured_media":0,"parent":0,"menu_order":0,"comment_status":"closed","ping_status":"closed","template":"","meta":{"_genesis_hide_title":false,"_genesis_hide_breadcrumbs":false,"_genesis_hide_singular_image":false,"_genesis_hide_footer_widgets":false,"_genesis_custom_body_class":"","_genesis_custom_post_class":"","_genesis_layout":"","footnotes":""},"class_list":{"0":"post-431","1":"page","2":"type-page","3":"status-publish","5":"entry"},"_links":{"self":[{"href":"https:\/\/moverdb.com\/de\/wp-json\/wp\/v2\/pages\/431","targetHints":{"allow":["GET"]}}],"collection":[{"href":"https:\/\/moverdb.com\/de\/wp-json\/wp\/v2\/pages"}],"about":[{"href":"https:\/\/moverdb.com\/de\/wp-json\/wp\/v2\/types\/page"}],"author":[{"embeddable":true,"href":"https:\/\/moverdb.com\/de\/wp-json\/wp\/v2\/users\/1"}],"replies":[{"embeddable":true,"href":"https:\/\/moverdb.com\/de\/wp-json\/wp\/v2\/comments?post=431"}],"version-history":[{"count":24,"href":"https:\/\/moverdb.com\/de\/wp-json\/wp\/v2\/pages\/431\/revisions"}],"predecessor-version":[{"id":13162,"href":"https:\/\/moverdb.com\/de\/wp-json\/wp\/v2\/pages\/431\/revisions\/13162"}],"wp:attachment":[{"href":"https:\/\/moverdb.com\/de\/wp-json\/wp\/v2\/media?parent=431"}],"curies":[{"name":"wp","href":"https:\/\/api.w.org\/{rel}","templated":true}]}}