{"id":430,"date":"2016-06-08T14:50:20","date_gmt":"2016-06-08T14:50:20","guid":{"rendered":"http:\/\/moverdb.com\/?page_id=430"},"modified":"2026-01-08T14:47:52","modified_gmt":"2026-01-08T14:47:52","slug":"bar-over-see","status":"publish","type":"page","link":"https:\/\/moverdb.com\/de\/bar-overseas\/","title":{"rendered":"British Association of Removers (BAR) Overseas Group erkl\u00e4rt"},"content":{"rendered":"<p><a href=\"https:\/\/moverdb.com\/de\/british-association-of-removers\/\" data-internallinksmanager029f6b8e52c=\"9\" title=\"British Association of Removers (BAR) erkl\u00e4rt\">BAR<\/a> Die Overseas-Gruppe ist Teil der <a href=\"https:\/\/moverdb.com\/de\/britische-vereinigung-der-entferner\/\">Britischer Verband der M\u00f6belpacker<\/a> (BAR), einem Berufsverband. <\/p>\n<p>Genau wie ihre Mutterorganisation hat sie sich der F\u00f6rderung professioneller Spitzenleistungen in der Umzugsindustrie verschrieben und verf\u00fcgt \u00fcber besondere Erfahrung im Umgang mit Teil- und <a href=\"https:\/\/moverdb.com\/de\/containerschifffahrt\/\">Vollcontainerverladungen<\/a> weltweit und Waren, die in das Land kommen <a href=\"https:\/\/moverdb.com\/de\/moving-to-the-uk\/\" data-internallinksmanager029f6b8e52c=\"93\" title=\"Umzug in das Vereinigte K\u00f6nigreich? 2026 Lebenshaltungskosten &amp; Umzugstipps\">UK<\/a> aus dem Ausland.<\/p>\n<p><strong>Die wichtigsten Fakten \u00fcber die BAR Overseas Gruppe:<\/strong><\/p>\n<ol>\n<li>  BAR Overseas besteht aus einer Gruppe von 50 erfahrenen britischen <a href=\"https:\/\/moverdb.com\/de\/umzugsunternehmen\/\">Unternehmen<\/a> die sich auf alle Aspekte der <a href=\"https:\/\/moverdb.com\/de\/internationale-umzuge\/\">Umz\u00fcge nach \u00dcbersee und ins Ausland<\/a> und Verlagerungen.<\/li>\n<li>  Die Mitglieder nehmen an einer Vorauszahlungsgarantie teil, um alle Vorauszahlungen der Kunden zu sch\u00fctzen.<\/li>\n<li>  Bei den Mitgliedern handelt es sich um professionelle Unternehmen, die sich den h\u00f6chsten Servicestandards verpflichtet haben und auf Auslandsumz\u00fcge spezialisiert sind.<\/li>\n<li>  Die BAR Overseas Group stellt hohe Anforderungen an ihre Mitglieder, z. B. in Bezug auf die Ausbildung des Personals, die Fahrzeuge und die Ausr\u00fcstung, und die Besuche vor Ort k\u00f6nnen zu einem beliebigen Zeitpunkt stattfinden.<\/li>\n<li>  Der Qualit\u00e4tsstandard BS 8564 wurde von der BAR Overseas Group in Zusammenarbeit mit der BSI (British Standards Institution) entwickelt. Alle Mitglieder m\u00fcssen diesen Standard besitzen.<\/li>\n<li>  Die BAR-Vorauszahlungsgarantie sch\u00fctzt die Kunden - wenn der M\u00f6belspediteur, bei dem der Kunde gebucht hat, in finanzielle Schwierigkeiten ger\u00e4t, \u00fcbernimmt ein anderer M\u00f6belspediteur die Ausf\u00fchrung des Auftrags, ohne Aufpreis. <a href=\"https:\/\/moverdb.com\/de\/umzugskosten\/\">Kosten<\/a> an den Kunden.<\/li>\n<\/ol>\n<p><strong>Profil der Organisation:<\/strong><\/p>\n<p>Das BAR ist der \u00e4lteste Berufsverband im Umzugsgewerbe und die <strong>Gruppe \u00dcbersee<\/strong> soll seine Reichweite vom Vereinigten K\u00f6nigreich auf Ziele in der ganzen Welt ausdehnen. <\/p>\n<p>Die Mitgliedschaft steht nur Umzugsunternehmen offen, die bereits eine BAR-Mitgliedschaft besitzen, was jedoch keine Garantie f\u00fcr die Aufnahme in die Overseas Group ist. Die Vision der Gruppe ist es, ihre Mitglieder zum vertrauensw\u00fcrdigen Umzugsunternehmen der Wahl f\u00fcr \u00dcberseetransporte in der Branche zu machen und professionelle Best Practices f\u00fcr \u00dcberseeumz\u00fcge zu f\u00f6rdern und zu entwickeln.<\/p>\n<p><strong>Kriterien f\u00fcr die Mitgliedschaft:<\/strong><\/p>\n<ul>\n<li> Die Mitglieder m\u00fcssen bereits Mitglied des BAR sein.<\/li>\n<li> Die Mitglieder m\u00fcssen einem genehmigten APG-Programm (Advanced Payment Guarantee) angeh\u00f6ren.<\/li>\n<li> Die Mitglieder m\u00fcssen entweder im Besitz <a href=\"https:\/\/moverdb.com\/de\/fidi-faim\/\">FIDI-FAIM<\/a>oder BS 8564 (The Overseas Moving Standard) oder eine gleichwertige oder h\u00f6here genehmigte, extern gepr\u00fcfte Norm.<\/li>\n<\/ul>\n<p><strong>Beispielhafte Mitgliedsunternehmen:<\/strong><\/p>\n<ul>\n<li> <a href=\"https:\/\/moverdb.com\/de\/egge-grun\/\">Harrow Green<\/a><\/li>\n<li> <a href=\"https:\/\/moverdb.com\/de\/anglo-pazifischer-raum\/\">Anglo-Pazifik<\/a><\/li>\n<li> <a href=\"https:\/\/moverdb.com\/de\/matthew-james\/\">Matthew James<\/a><\/li>\n<li> <a href=\"https:\/\/moverdb.com\/de\/shore-porters-society\/\">Die Gesellschaft der Landtr\u00e4ger<\/a><\/li>\n<li> <a href=\"https:\/\/moverdb.com\/de\/pss-umzuge\/\">PSS Internationale Umz\u00fcge<\/a><\/li>\n<\/ul>\n<p><strong>Meinungen \u00fcber die BAR Overseas Group<\/strong><\/p>\n<p>BAR Overseas wird f\u00fcr seine strengen Mitgliedschaftskriterien gesch\u00e4tzt, und die Mitglieder werden regelm\u00e4\u00dfig \u00fcberpr\u00fcft, um sicherzustellen, dass die Standards nicht gesunken sind. Der Ruf des Verbandes beruht auf der umfassenden \u00dcberpr\u00fcfung seiner Mitglieder, die alle Bereiche vom Betrieb bis zu den Einrichtungen umfasst. <\/p>\n<p>Die finanzielle Absicherung wird als gro\u00dfer Vorteil f\u00fcr die Mitglieder angesehen, da sie ihren Kunden einen zus\u00e4tzlichen finanziellen Schutz bieten k\u00f6nnen. BAR Overseas profitiert von der bestehenden Reputation der British Association of Removers und gilt als Qualit\u00e4tsstandard f\u00fcr \u00dcberseeumz\u00fcge. <\/p>\n<p>Ein Unternehmen hebt die Tatsache hervor, dass es im Vereinigten K\u00f6nigreich nur 50-60 Unternehmen gibt, die die Kriterien f\u00fcr eine Mitgliedschaft in der BAR Overseas Group erf\u00fcllen, und dies ist ein Grund, warum es eine solche Leistung ist, die Mitgliedschaft zu erhalten.<\/p>\n<blockquote><p>Die Mitglieder m\u00fcssen strenge Standards einhalten und werden regelm\u00e4\u00dfig kontrolliert, um sicherzustellen, dass ihre Einrichtungen, Ausr\u00fcstung, Personalschulung und Betriebsverfahren auf h\u00f6chstem Niveau bleiben.<\/p><\/blockquote>\n<p>- <a href=\"http:\/\/www.abels.co.uk\/european-removals-moving-to-europe\/bar-overseas-group-what-is-this\/\" target=\"_blank\" rel=\"noopener\">Abels<\/a><\/p>\n<blockquote><p>Die BAR Overseas Group hat zum Schutz ihrer Kunden die IMMI (International Movers Mutual Insurance) Advance Payment Scheme geschaffen.<\/p><\/blockquote>\n<p>- <a href=\"http:\/\/www.johnmason.com\/about-us\/accreditations\/bar-overseas-group\/\" target=\"_blank\" rel=\"noopener\">JohnMason<\/a> <\/p>\n<blockquote><p>Die BAR Overseas Group ist eine Fachgruppe der British Association of Removers, deren Mitglieder Experten in allen Bereichen des \u00dcberseeumzugs sind. Weniger als 60 Unternehmen im Vereinigten K\u00f6nigreich erf\u00fcllen die strengen Mitgliedskriterien und anspruchsvollen Standards, die von den Mitgliedern verlangt werden.<\/p><\/blockquote>\n<p>- <a href=\"http:\/\/www.simpsons-uk.com\/removals_accreditations\/overseas_group\" target=\"_blank\" rel=\"noopener\">Simpsons<\/a><\/p>\n<p><strong>Website:<\/strong> <a href=\"http:\/\/www.baroverseas.co.uk\/\" target=\"_blank\" rel=\"noopener\">http:\/\/www.baroverseas.co.uk\/<\/a><\/p>","protected":false},"excerpt":{"rendered":"<p>BAR Overseas Group is part of the British Association of Removers (BAR), a Trade Association. Just like its parent organisation, it is dedicated to promoting professional excellence in the removals industry and has particular experience dealing with part and full container load shipments worldwide and goods coming into the UK from abroad. Key facts about [&hellip;]<\/p>\n","protected":false},"author":1,"featured_media":0,"parent":0,"menu_order":0,"comment_status":"closed","ping_status":"closed","template":"","meta":{"_genesis_hide_title":false,"_genesis_hide_breadcrumbs":false,"_genesis_hide_singular_image":false,"_genesis_hide_footer_widgets":false,"_genesis_custom_body_class":"","_genesis_custom_post_class":"","_genesis_layout":"","footnotes":""},"class_list":{"0":"post-430","1":"page","2":"type-page","3":"status-publish","5":"entry"},"_links":{"self":[{"href":"https:\/\/moverdb.com\/de\/wp-json\/wp\/v2\/pages\/430","targetHints":{"allow":["GET"]}}],"collection":[{"href":"https:\/\/moverdb.com\/de\/wp-json\/wp\/v2\/pages"}],"about":[{"href":"https:\/\/moverdb.com\/de\/wp-json\/wp\/v2\/types\/page"}],"author":[{"embeddable":true,"href":"https:\/\/moverdb.com\/de\/wp-json\/wp\/v2\/users\/1"}],"replies":[{"embeddable":true,"href":"https:\/\/moverdb.com\/de\/wp-json\/wp\/v2\/comments?post=430"}],"version-history":[{"count":16,"href":"https:\/\/moverdb.com\/de\/wp-json\/wp\/v2\/pages\/430\/revisions"}],"predecessor-version":[{"id":6187,"href":"https:\/\/moverdb.com\/de\/wp-json\/wp\/v2\/pages\/430\/revisions\/6187"}],"wp:attachment":[{"href":"https:\/\/moverdb.com\/de\/wp-json\/wp\/v2\/media?parent=430"}],"curies":[{"name":"wp","href":"https:\/\/api.w.org\/{rel}","templated":true}]}}