{"id":4298,"date":"2022-07-13T23:27:00","date_gmt":"2022-07-13T23:27:00","guid":{"rendered":"https:\/\/moverdb.com\/?page_id=4298"},"modified":"2026-01-08T13:19:53","modified_gmt":"2026-01-08T13:19:53","slug":"guam-2","status":"publish","type":"page","link":"https:\/\/moverdb.com\/de\/container-shipping\/guam-2\/","title":{"rendered":"2026 Seefrachttarife f\u00fcr Container von und nach Guam"},"content":{"rendered":"<div class=\"wp-block-image\">\n<figure class=\"aligncenter size-full\"><img loading=\"lazy\" decoding=\"async\" width=\"1000\" height=\"664\" src=\"https:\/\/moverdb.com\/wp-content\/uploads\/guam.jpg\" alt=\"Palmen an einem sch\u00f6nen Strand in Guam\" class=\"wp-image-4285\" srcset=\"https:\/\/moverdb.com\/wp-content\/uploads\/guam.jpg 1000w, https:\/\/moverdb.com\/wp-content\/uploads\/guam-300x200.jpg 300w, https:\/\/moverdb.com\/wp-content\/uploads\/guam-18x12.jpg 18w, https:\/\/moverdb.com\/wp-content\/uploads\/guam-600x398.jpg 600w\" sizes=\"auto, (max-width: 1000px) 100vw, 1000px\" \/><\/figure>\n<\/div>\n\n\n<p><strong>Guam<\/strong> ist eines der kleinsten L\u00e4nder in der pazifischen Region S\u00fcdostasiens. Dieses kleine Paradies ist ein wahres Juwel f\u00fcr Ausl\u00e4nder, die auf der Suche nach einem Ort sind, an den sie sich f\u00fcr ein paar Jahre zur\u00fcckziehen oder sich dauerhaft niederlassen und zur Ruhe setzen k\u00f6nnen.<\/p>\n\n\n\n<p>Zu den Vorteilen des Lebens in Guam geh\u00f6ren ein wunderbares Klima mit konstant angenehmen Temperaturen, tropische Str\u00e4nde und einladende Gew\u00e4sser, hervorragende Bildungsprogramme, positive Steuergesetze und vieles mehr.<\/p>\n\n\n\n<p>Allerdings kann der Transport Ihres gesamten Hab und Guts nach Guam ein wenig teuer werden, wenn Sie sich f\u00fcr einen Umzug dorthin entscheiden. Da die Insel nicht h\u00e4ufig von G\u00fctertransporten angefahren wird, gibt es nicht viele Routen, die die Insel anfahren.<\/p>\n\n\n\n<p>Davon k\u00f6nnen Sie sich in den nachstehenden Tabellen \u00fcberzeugen. Die Preise dort sind die niedrigsten Guam <a href=\"https:\/\/moverdb.com\/de\/container-shipping\/\" data-internallinksmanager029f6b8e52c=\"3\" title=\"Chart der internationalen Containerschifffahrtsraten: April 2026\">Containerfrachtraten<\/a> die wir entdecken konnten. Wie auch immer, geben Sie Ihre Daten in unser Angebotstool ein und wir werden unser Bestes tun, um Ihnen ein individuelles Angebot f\u00fcr Ihren genauen Standort zu erstellen.<\/p>\n\n\n\n<h2 class=\"wp-block-heading\">Kosten f\u00fcr den Versand von Containern nach Guam<\/h2>\n\n\n<div class=\"wp-block-image\">\n<figure class=\"aligncenter size-large\"><img loading=\"lazy\" decoding=\"async\" width=\"1024\" height=\"539\" src=\"https:\/\/moverdb.com\/wp-content\/uploads\/Shipping-Container-Costs-to-Guam-1024x539.png\" alt=\"Kosten f\u00fcr den Versand von Containern aus Guam\" class=\"wp-image-4289\" srcset=\"https:\/\/moverdb.com\/wp-content\/uploads\/Shipping-Container-Costs-to-Guam-1024x539.png 1024w, https:\/\/moverdb.com\/wp-content\/uploads\/Shipping-Container-Costs-to-Guam-300x158.png 300w, https:\/\/moverdb.com\/wp-content\/uploads\/Shipping-Container-Costs-to-Guam-1536x809.png 1536w, https:\/\/moverdb.com\/wp-content\/uploads\/Shipping-Container-Costs-to-Guam-18x9.png 18w, https:\/\/moverdb.com\/wp-content\/uploads\/Shipping-Container-Costs-to-Guam-600x316.png 600w, https:\/\/moverdb.com\/wp-content\/uploads\/Shipping-Container-Costs-to-Guam.png 2000w\" sizes=\"auto, (max-width: 1024px) 100vw, 1024px\" \/><\/figure>\n<\/div>\n\n\n<table id=\"tablepress-114\" class=\"tablepress tablepress-id-114\">\n<thead>\n<tr class=\"row-1\">\n\t<th class=\"column-1\">Zielland (<a href=\"https:\/\/moverdb.com\/de\/top-49-container-ports\/\" data-internallinksmanager029f6b8e52c=\"80\" title=\"Top 49 der gr\u00f6\u00dften und verkehrsreichsten Containerh\u00e4fen im Jahr 2025\">Hafen<\/a>\/Stadt)<\/th><th class=\"column-2\">20FT<\/th><th class=\"column-3\">40FT<\/th>\n<\/tr>\n<\/thead>\n<tbody class=\"row-striping row-hover\">\n<tr class=\"row-2\">\n\t<td class=\"column-1\"><a href=\"https:\/\/moverdb.com\/de\/container-shipping\/argentina\/\" data-internallinksmanager029f6b8e52c=\"91\" title=\"2026 Seefrachttarife f\u00fcr Container von und nach Argentinien\">Argentinien (Buenos Aires)<\/a><\/td><td class=\"column-2\">$5,591<\/td><td class=\"column-3\">$5,613<\/td>\n<\/tr>\n<tr class=\"row-3\">\n\t<td class=\"column-1\"><a href=\"https:\/\/moverdb.com\/de\/container-shipping\/australia\/\" data-internallinksmanager029f6b8e52c=\"89\" title=\"2026 Containerfrachtraten von und nach Australien\">Australien (Sydney)<\/a><\/td><td class=\"column-2\">$1,359<\/td><td class=\"column-3\">$2,612<\/td>\n<\/tr>\n<tr class=\"row-4\">\n\t<td class=\"column-1\"><a href=\"https:\/\/moverdb.com\/de\/container-shipping\/brazil\/\" data-internallinksmanager029f6b8e52c=\"98\" title=\"2026 Seefrachttarife f\u00fcr Container von und nach Brasilien\">Brasilien (Santos)<\/a><\/td><td class=\"column-2\">$5,591<\/td><td class=\"column-3\">$5,613<\/td>\n<\/tr>\n<tr class=\"row-5\">\n\t<td class=\"column-1\"><a href=\"https:\/\/moverdb.com\/de\/container-shipping\/canada\/\" data-internallinksmanager029f6b8e52c=\"102\" title=\"2023 Seefracht-Container-Tarife von und nach Kanada\">Kanada (Toronto)<\/a><\/td><td class=\"column-2\">$2,928<\/td><td class=\"column-3\">$4,016<\/td>\n<\/tr>\n<tr class=\"row-6\">\n\t<td class=\"column-1\">Kanada (<a href=\"https:\/\/moverdb.com\/de\/moving-to-canada\/moving-to-vancouver\/\" data-internallinksmanager029f6b8e52c=\"438\" title=\"Umzug nach Vancouver? 2026 Lebenshaltungskosten &amp; Umzugstipps\">Vancouver<\/a>)<\/td><td class=\"column-2\">$2,719<\/td><td class=\"column-3\">$4,404<\/td>\n<\/tr>\n<tr class=\"row-7\">\n\t<td class=\"column-1\"><a href=\"https:\/\/moverdb.com\/de\/container-shipping\/china\/\" data-internallinksmanager029f6b8e52c=\"105\" title=\"2023 Seefracht-Container-Tarife von und nach China\">China (Peking)<\/a><\/td><td class=\"column-2\">$6,412<\/td><td class=\"column-3\">$10,710<\/td>\n<\/tr>\n<tr class=\"row-8\">\n\t<td class=\"column-1\">China (Shanghai)<\/td><td class=\"column-2\">$6,402<\/td><td class=\"column-3\">$10,700<\/td>\n<\/tr>\n<tr class=\"row-9\">\n\t<td class=\"column-1\"><a href=\"https:\/\/moverdb.com\/de\/container-shipping\/germany\/\" data-internallinksmanager029f6b8e52c=\"118\" title=\"2023 Seefracht-Container-Tarife von und nach Deutschland\">Deutschland (Hamburg)<\/a><\/td><td class=\"column-2\">$793<\/td><td class=\"column-3\">$944<\/td>\n<\/tr>\n<tr class=\"row-10\">\n\t<td class=\"column-1\"><a href=\"https:\/\/moverdb.com\/de\/container-shipping\/hong-kong\/\" data-internallinksmanager029f6b8e52c=\"123\" title=\"2026 Seefrachttarife f\u00fcr Container von und nach Hongkong\">Hongkong (Hongkong)<\/a><\/td><td class=\"column-2\">$6,402<\/td><td class=\"column-3\">$10,700<\/td>\n<\/tr>\n<tr class=\"row-11\">\n\t<td class=\"column-1\"><a href=\"https:\/\/moverdb.com\/de\/container-shipping\/india\/\" data-internallinksmanager029f6b8e52c=\"125\" title=\"2023 Seefracht-Container-Tarife von und nach Indien\">Indien (Mumbai)<\/a><\/td><td class=\"column-2\">$1,174<\/td><td class=\"column-3\">$2,355<\/td>\n<\/tr>\n<tr class=\"row-12\">\n\t<td class=\"column-1\"><a href=\"https:\/\/moverdb.com\/de\/container-shipping\/indonesia\/\" data-internallinksmanager029f6b8e52c=\"126\" title=\"2026 Seefrachttarife f\u00fcr Container von und nach Indonesien\">Indonesien (Jakarta)<\/a><\/td><td class=\"column-2\">$4,891<\/td><td class=\"column-3\">$8,046<\/td>\n<\/tr>\n<tr class=\"row-13\">\n\t<td class=\"column-1\"><a href=\"https:\/\/moverdb.com\/de\/container-shipping\/japan\/\" data-internallinksmanager029f6b8e52c=\"131\" title=\"2023 Seefracht-Container-Tarife von und nach Japan\">Japan (Tokio)<\/a><\/td><td class=\"column-2\">$3,122<\/td><td class=\"column-3\">$5,866<\/td>\n<\/tr>\n<tr class=\"row-14\">\n\t<td class=\"column-1\"><a href=\"https:\/\/moverdb.com\/de\/container-shipping\/luxembourg\/\" data-internallinksmanager029f6b8e52c=\"146\" title=\"2026 Seefrachttarife f\u00fcr Container von und nach Luxemburg\">Luxemburg (Luxemburg)<\/a><\/td><td class=\"column-2\">$641<\/td><td class=\"column-3\">$877<\/td>\n<\/tr>\n<tr class=\"row-15\">\n\t<td class=\"column-1\"><a href=\"https:\/\/moverdb.com\/de\/container-shipping\/malaysia\/\" data-internallinksmanager029f6b8e52c=\"148\" title=\"2026 Seefrachttarife f\u00fcr Container von und nach Malaysia\">Malaysia (Hafen Kelang)<\/a><\/td><td class=\"column-2\">$4,891<\/td><td class=\"column-3\">$8,046<\/td>\n<\/tr>\n<tr class=\"row-16\">\n\t<td class=\"column-1\"><a href=\"https:\/\/moverdb.com\/de\/container-shipping\/mexico\/\" data-internallinksmanager029f6b8e52c=\"162\" title=\"2026 Seefrachttarife f\u00fcr Container von und nach Mexiko\">Mexiko (Manzanillo)<\/a><\/td><td class=\"column-2\">$2,419<\/td><td class=\"column-3\">$4,009<\/td>\n<\/tr>\n<tr class=\"row-17\">\n\t<td class=\"column-1\"><a href=\"https:\/\/moverdb.com\/de\/container-shipping\/netherlands\/\" data-internallinksmanager029f6b8e52c=\"151\" title=\"2023 Seefracht-Container-Tarife von und nach den Niederlanden\">Niederlande (Rotterdam)<\/a><\/td><td class=\"column-2\">$641<\/td><td class=\"column-3\">$877<\/td>\n<\/tr>\n<tr class=\"row-18\">\n\t<td class=\"column-1\"><a href=\"https:\/\/moverdb.com\/de\/container-shipping\/new-zealand\/\" data-internallinksmanager029f6b8e52c=\"163\" title=\"2026 Seefrachttarife f\u00fcr Container von und nach Neuseeland\">Neuseeland (Auckland)<\/a><\/td><td class=\"column-2\">$1,359<\/td><td class=\"column-3\">$2,612<\/td>\n<\/tr>\n<tr class=\"row-19\">\n\t<td class=\"column-1\"><a href=\"https:\/\/moverdb.com\/de\/container-shipping\/pakistan\/\" data-internallinksmanager029f6b8e52c=\"155\" title=\"2023 Seefracht-Container-Tarife von und nach Pakistan\">Pakistan (Karatschi)<\/a><\/td><td class=\"column-2\">$1,174<\/td><td class=\"column-3\">$2,355<\/td>\n<\/tr>\n<tr class=\"row-20\">\n\t<td class=\"column-1\"><a href=\"https:\/\/moverdb.com\/de\/container-shipping\/russia\/\" data-internallinksmanager029f6b8e52c=\"160\" title=\"2023 Seefracht-Container-Tarife von und nach Russland\">Russland (Sankt Petersburg)<\/a><\/td><td class=\"column-2\">$808<\/td><td class=\"column-3\">$998<\/td>\n<\/tr>\n<tr class=\"row-21\">\n\t<td class=\"column-1\"><a href=\"https:\/\/moverdb.com\/de\/container-shipping\/singapore\/\" data-internallinksmanager029f6b8e52c=\"179\" title=\"2026 Seefrachttarife f\u00fcr Container von und nach Singapur\">Singapur (Singapur)<\/a><\/td><td class=\"column-2\">$7,280<\/td><td class=\"column-3\">$11,350<\/td>\n<\/tr>\n<tr class=\"row-22\">\n\t<td class=\"column-1\"><a href=\"https:\/\/moverdb.com\/de\/container-shipping\/spain\/\" data-internallinksmanager029f6b8e52c=\"182\" title=\"2026 Seefrachttarife f\u00fcr Container von und nach Spanien\">Spanien (Valencia)<\/a><\/td><td class=\"column-2\">$528<\/td><td class=\"column-3\">$772<\/td>\n<\/tr>\n<tr class=\"row-23\">\n\t<td class=\"column-1\"><a href=\"https:\/\/moverdb.com\/de\/container-shipping\/thailand\/\" data-internallinksmanager029f6b8e52c=\"189\" title=\"2026 Seefrachttarife f\u00fcr Container von und nach Thailand\">Thailand (Laem Chabang)<\/a><\/td><td class=\"column-2\">$4,891<\/td><td class=\"column-3\">$8,046<\/td>\n<\/tr>\n<tr class=\"row-24\">\n\t<td class=\"column-1\"><a href=\"https:\/\/moverdb.com\/de\/container-shipping\/united-kingdom\/\" data-internallinksmanager029f6b8e52c=\"196\" title=\"2026 Containerfrachtraten von und nach dem Vereinigten K\u00f6nigreich\">UK (London)<\/a><\/td><td class=\"column-2\">$1,111<\/td><td class=\"column-3\">$1,166<\/td>\n<\/tr>\n<tr class=\"row-25\">\n\t<td class=\"column-1\"><a href=\"https:\/\/moverdb.com\/de\/moving-to-the-united-states\/\" data-internallinksmanager029f6b8e52c=\"94\" title=\"Umzug in die Vereinigten Staaten? 2026 Lebenshaltungskosten &amp; Umzugstipps\">US<\/a> (<a href=\"https:\/\/moverdb.com\/de\/moving-to-los-angeles\/\" data-internallinksmanager029f6b8e52c=\"51\" title=\"Umzug nach Los Angeles? 2026 LA Lebenshaltungskosten &amp; Umzugstipps\">Los Angeles<\/a>)<\/td><td class=\"column-2\">$2,719<\/td><td class=\"column-3\">$4,404<\/td>\n<\/tr>\n<tr class=\"row-26\">\n\t<td class=\"column-1\"><a href=\"https:\/\/moverdb.com\/de\/container-shipping\/united-states\/\" data-internallinksmanager029f6b8e52c=\"87\" title=\"2026 Seefrachttarife f\u00fcr Container von und nach den USA\">USA (New York)<\/a><\/td><td class=\"column-2\">$2,928<\/td><td class=\"column-3\">$4,016<\/td>\n<\/tr>\n<tr class=\"row-27\">\n\t<td class=\"column-1\"><a href=\"https:\/\/moverdb.com\/de\/container-shipping\/vietnam\/\" data-internallinksmanager029f6b8e52c=\"245\" title=\"2023 Seefracht-Container-Tarife von und nach Vietnam\">Vietnam (Saigon)<\/a><\/td><td class=\"column-2\">$4,891<\/td><td class=\"column-3\">$8,046<\/td>\n<\/tr>\n<\/tbody>\n<\/table>\n<!-- #tablepress-114 from cache -->\n\n\n\n<h2 class=\"wp-block-heading\">Kosten f\u00fcr den Versand von Containern aus Guam<\/h2>\n\n\n<div class=\"wp-block-image\">\n<figure class=\"aligncenter size-large\"><img loading=\"lazy\" decoding=\"async\" width=\"1024\" height=\"539\" src=\"https:\/\/moverdb.com\/wp-content\/uploads\/Shipping-Container-Costs-from-Guam-1024x539.png\" alt=\"Kosten f\u00fcr den Versand von Containern aus Guam\" class=\"wp-image-4287\" srcset=\"https:\/\/moverdb.com\/wp-content\/uploads\/Shipping-Container-Costs-from-Guam-1024x539.png 1024w, https:\/\/moverdb.com\/wp-content\/uploads\/Shipping-Container-Costs-from-Guam-300x158.png 300w, https:\/\/moverdb.com\/wp-content\/uploads\/Shipping-Container-Costs-from-Guam-1536x809.png 1536w, https:\/\/moverdb.com\/wp-content\/uploads\/Shipping-Container-Costs-from-Guam-18x9.png 18w, https:\/\/moverdb.com\/wp-content\/uploads\/Shipping-Container-Costs-from-Guam-600x316.png 600w, https:\/\/moverdb.com\/wp-content\/uploads\/Shipping-Container-Costs-from-Guam.png 2000w\" sizes=\"auto, (max-width: 1024px) 100vw, 1024px\" \/><\/figure>\n<\/div>\n\n\n<table id=\"tablepress-112\" class=\"tablepress tablepress-id-112\">\n<thead>\n<tr class=\"row-1\">\n\t<th class=\"column-1\">Bestimmungsland (Hafen\/Stadt)<\/th><th class=\"column-2\">20FT<\/th><th class=\"column-3\">40FT<\/th>\n<\/tr>\n<\/thead>\n<tbody class=\"row-striping row-hover\">\n<tr class=\"row-2\">\n\t<td class=\"column-1\"><a href=\"https:\/\/moverdb.com\/de\/container-shipping\/andorra\/\" data-internallinksmanager029f6b8e52c=\"88\" title=\"2023 Seefracht-Container-Tarife von und nach Andorra\">Andorra (Andorra la Vella)<\/a><\/td><td class=\"column-2\">$3,577<\/td><td class=\"column-3\">$4,574<\/td>\n<\/tr>\n<tr class=\"row-3\">\n\t<td class=\"column-1\"><a href=\"https:\/\/moverdb.com\/de\/container-shipping\/antigua-and-barbuda\/\" data-internallinksmanager029f6b8e52c=\"92\" title=\"2026 Seefrachttarife f\u00fcr Container von und nach Antigua und Barbuda\">Antigua und Barbuda (St. John's)<\/a><\/td><td class=\"column-2\">$9,415<\/td><td class=\"column-3\">$11,750<\/td>\n<\/tr>\n<tr class=\"row-4\">\n\t<td class=\"column-1\">Argentinien (Buenos Aires)<\/td><td class=\"column-2\">$4,323<\/td><td class=\"column-3\">$6,560<\/td>\n<\/tr>\n<tr class=\"row-5\">\n\t<td class=\"column-1\"><a href=\"https:\/\/moverdb.com\/de\/container-shipping\/aruba\/\" data-internallinksmanager029f6b8e52c=\"90\" title=\"2023 Seefracht-Container-Tarife von und nach Aruba\">Aruba (Oranjestad)<\/a><\/td><td class=\"column-2\">$9,415<\/td><td class=\"column-3\">$11,750<\/td>\n<\/tr>\n<tr class=\"row-6\">\n\t<td class=\"column-1\">Australien (Sydney)<\/td><td class=\"column-2\">$1,551<\/td><td class=\"column-3\">$2,120<\/td>\n<\/tr>\n<tr class=\"row-7\">\n\t<td class=\"column-1\"><a href=\"https:\/\/moverdb.com\/de\/container-shipping\/austria\/\" data-internallinksmanager029f6b8e52c=\"95\" title=\"2023 Seefracht-Container-Tarife von und nach \u00d6sterreich\">\u00d6sterreich (Wien)<\/a><\/td><td class=\"column-2\">$1,720<\/td><td class=\"column-3\">$2,450<\/td>\n<\/tr>\n<tr class=\"row-8\">\n\t<td class=\"column-1\"><a href=\"https:\/\/moverdb.com\/de\/container-shipping\/bangladesh\/\" data-internallinksmanager029f6b8e52c=\"97\" title=\"2023 Seefracht-Container-Tarife von und nach Bangladesch\">Bangladesch (Chittagong)<\/a><\/td><td class=\"column-2\">$733<\/td><td class=\"column-3\">$909<\/td>\n<\/tr>\n<tr class=\"row-9\">\n\t<td class=\"column-1\"><a href=\"https:\/\/moverdb.com\/de\/container-shipping\/belgium\/\" data-internallinksmanager029f6b8e52c=\"86\" title=\"2026 Seefrachttarife f\u00fcr Container von und nach Belgien\">Belgien (Antwerpen)<\/a><\/td><td class=\"column-2\">$1,413<\/td><td class=\"column-3\">$1,482<\/td>\n<\/tr>\n<tr class=\"row-10\">\n\t<td class=\"column-1\">Brasilien (Santos)<\/td><td class=\"column-2\">$4,323<\/td><td class=\"column-3\">$6,560<\/td>\n<\/tr>\n<tr class=\"row-11\">\n\t<td class=\"column-1\">Kanada (Toronto)<\/td><td class=\"column-2\">$3,414<\/td><td class=\"column-3\">$5,204<\/td>\n<\/tr>\n<tr class=\"row-12\">\n\t<td class=\"column-1\">Kanada (Vancouver)<\/td><td class=\"column-2\">$1,060<\/td><td class=\"column-3\">$2,300<\/td>\n<\/tr>\n<tr class=\"row-13\">\n\t<td class=\"column-1\">China (Peking)<\/td><td class=\"column-2\">$466<\/td><td class=\"column-3\">$614<\/td>\n<\/tr>\n<tr class=\"row-14\">\n\t<td class=\"column-1\">China (Shanghai)<\/td><td class=\"column-2\">$219<\/td><td class=\"column-3\">$470<\/td>\n<\/tr>\n<tr class=\"row-15\">\n\t<td class=\"column-1\">Deutschland (Hamburg)<\/td><td class=\"column-2\">$1,708<\/td><td class=\"column-3\">$1,989<\/td>\n<\/tr>\n<tr class=\"row-16\">\n\t<td class=\"column-1\">Hongkong (Hongkong)<\/td><td class=\"column-2\">$219<\/td><td class=\"column-3\">$470<\/td>\n<\/tr>\n<tr class=\"row-17\">\n\t<td class=\"column-1\">Indien (Mumbai)<\/td><td class=\"column-2\">$949<\/td><td class=\"column-3\">$1,338<\/td>\n<\/tr>\n<tr class=\"row-18\">\n\t<td class=\"column-1\">Indonesien (Jakarta)<\/td><td class=\"column-2\">$672<\/td><td class=\"column-3\">$895<\/td>\n<\/tr>\n<tr class=\"row-19\">\n\t<td class=\"column-1\"><a href=\"https:\/\/moverdb.com\/de\/container-shipping\/italy\/\" data-internallinksmanager029f6b8e52c=\"130\" title=\"2023 Seefracht-Container-Tarife von und nach Italien\">Italien (Triest)<\/a><\/td><td class=\"column-2\">$1,976<\/td><td class=\"column-3\">$2,422<\/td>\n<\/tr>\n<tr class=\"row-20\">\n\t<td class=\"column-1\">Japan (Tokio)<\/td><td class=\"column-2\">$466<\/td><td class=\"column-3\">$614<\/td>\n<\/tr>\n<tr class=\"row-21\">\n\t<td class=\"column-1\">Luxemburg (Luxemburg)<\/td><td class=\"column-2\">$1,413<\/td><td class=\"column-3\">$1,482<\/td>\n<\/tr>\n<tr class=\"row-22\">\n\t<td class=\"column-1\">Malaysia (Hafen Kelang)<\/td><td class=\"column-2\">$466<\/td><td class=\"column-3\">$614<\/td>\n<\/tr>\n<tr class=\"row-23\">\n\t<td class=\"column-1\">Mexiko (Manzanillo)<\/td><td class=\"column-2\">$3,227<\/td><td class=\"column-3\">$3,860<\/td>\n<\/tr>\n<tr class=\"row-24\">\n\t<td class=\"column-1\">Niederlande (Rotterdam)<\/td><td class=\"column-2\">$1,413<\/td><td class=\"column-3\">$1,482<\/td>\n<\/tr>\n<tr class=\"row-25\">\n\t<td class=\"column-1\">Neuseeland (Auckland)<\/td><td class=\"column-2\">$1,551<\/td><td class=\"column-3\">$2,120<\/td>\n<\/tr>\n<tr class=\"row-26\">\n\t<td class=\"column-1\">Pakistan (Karatschi)<\/td><td class=\"column-2\">$949<\/td><td class=\"column-3\">$1,338<\/td>\n<\/tr>\n<tr class=\"row-27\">\n\t<td class=\"column-1\"><a href=\"https:\/\/moverdb.com\/de\/container-shipping\/philippines\/\" data-internallinksmanager029f6b8e52c=\"156\" title=\"2023 Seefracht-Container-Tarife von und nach den Philippinen\">Philippinen (Manila)<\/a><\/td><td class=\"column-2\">$466<\/td><td class=\"column-3\">$614<\/td>\n<\/tr>\n<tr class=\"row-28\">\n\t<td class=\"column-1\">Russland (Sankt Petersburg)<\/td><td class=\"column-2\">$7,781<\/td><td class=\"column-3\">$13,010<\/td>\n<\/tr>\n<tr class=\"row-29\">\n\t<td class=\"column-1\">Singapur (Singapur)<\/td><td class=\"column-2\">$346<\/td><td class=\"column-3\">$507<\/td>\n<\/tr>\n<tr class=\"row-30\">\n\t<td class=\"column-1\"><a href=\"https:\/\/moverdb.com\/de\/container-shipping\/south-korea\/\" data-internallinksmanager029f6b8e52c=\"180\" title=\"2026 Seefrachttarife f\u00fcr Container von und nach S\u00fcdkorea\">S\u00fcdkorea (Busan)<\/a><\/td><td class=\"column-2\">$466<\/td><td class=\"column-3\">$614<\/td>\n<\/tr>\n<tr class=\"row-31\">\n\t<td class=\"column-1\">Spanien (Valencia)<\/td><td class=\"column-2\">$4,207<\/td><td class=\"column-3\">$8,470<\/td>\n<\/tr>\n<tr class=\"row-32\">\n\t<td class=\"column-1\">Thailand (Laem Chabang)<\/td><td class=\"column-2\">$466<\/td><td class=\"column-3\">$614<\/td>\n<\/tr>\n<tr class=\"row-33\">\n\t<td class=\"column-1\">UK (London)<\/td><td class=\"column-2\">$4,612<\/td><td class=\"column-3\">$8,682<\/td>\n<\/tr>\n<tr class=\"row-34\">\n\t<td class=\"column-1\">USA (Los Angeles)<\/td><td class=\"column-2\">$1,060<\/td><td class=\"column-3\">$2,300<\/td>\n<\/tr>\n<tr class=\"row-35\">\n\t<td class=\"column-1\">USA (New York)<\/td><td class=\"column-2\">$3,414<\/td><td class=\"column-3\">$5,204<\/td>\n<\/tr>\n<tr class=\"row-36\">\n\t<td class=\"column-1\">Vietnam (Saigon)<\/td><td class=\"column-2\">$466<\/td><td class=\"column-3\">$614<\/td>\n<\/tr>\n<\/tbody>\n<\/table>\n<!-- #tablepress-112 from cache -->\n\n\n\n<h3 class=\"wp-block-heading\">Anmerkungen zu den Daten:<\/h3>\n\n\n\n<ul class=\"wp-block-list\"><li>Alle $-Zahlen in US-Dollar (USD);<\/li><li>Die Preise gelten ab Mitte 2022;<\/li><li>Die Karten in diesem Artikel wurden erstellt mit <a href=\"https:\/\/www.mapchart.net\" target=\"_blank\" rel=\"noreferrer noopener\">https:\/\/www.mapchart.net<\/a>. Es steht Ihnen frei, die Karten weiterzugeben, solange Sie einen Link zu folgenden Seiten angeben <a href=\"https:\/\/moverdb.com\/de\/\" target=\"_blank\" rel=\"noreferrer noopener\">MoverDB<\/a>;<\/li><li>Die oben genannten S\u00e4tze sind nur Sch\u00e4tzungen und k\u00f6nnen sich seit der Ver\u00f6ffentlichung dieses Artikels (April 2022) ge\u00e4ndert haben. Sie basieren auf dem niedrigsten gesch\u00e4tzten Satz, der entweder <a href=\"https:\/\/www.icontainers.com\" target=\"_blank\" rel=\"noreferrer noopener\">https:\/\/www.icontainers.com<\/a> oder <a href=\"https:\/\/www.freightos.com\" target=\"_blank\" rel=\"noreferrer noopener\">https:\/\/www.freightos.com<\/a>;<\/li><li>Um eine genauere Vorstellung von den Kosten f\u00fcr Sie zu erhalten, verwenden Sie bitte das Angebotsformular oben auf dieser Seite;<\/li><li>Bitte beachten Sie auch unseren Leitfaden zu <a href=\"https:\/\/moverdb.com\/de\/containerschifffahrt\/\" target=\"_blank\" rel=\"noreferrer noopener\">internationale Containerschifffahrt<\/a>.<\/li><\/ul>","protected":false},"excerpt":{"rendered":"<p>Guam is one of the tiniest countries in the Pacific region of South-East Asia. This small paradise is a real gem for foreigners scouting for locations to take a few years to retreat or permanently relocate and retire. Some of the pros of living in Guam include a wonderful climate of constant pleasant temperatures, tropical [&hellip;]<\/p>\n","protected":false},"author":2,"featured_media":4285,"parent":44,"menu_order":0,"comment_status":"open","ping_status":"closed","template":"","meta":{"_genesis_hide_title":false,"_genesis_hide_breadcrumbs":false,"_genesis_hide_singular_image":false,"_genesis_hide_footer_widgets":false,"_genesis_custom_body_class":"","_genesis_custom_post_class":"","_genesis_layout":"","footnotes":""},"class_list":{"0":"post-4298","1":"page","2":"type-page","3":"status-publish","4":"has-post-thumbnail","6":"entry"},"_links":{"self":[{"href":"https:\/\/moverdb.com\/de\/wp-json\/wp\/v2\/pages\/4298","targetHints":{"allow":["GET"]}}],"collection":[{"href":"https:\/\/moverdb.com\/de\/wp-json\/wp\/v2\/pages"}],"about":[{"href":"https:\/\/moverdb.com\/de\/wp-json\/wp\/v2\/types\/page"}],"author":[{"embeddable":true,"href":"https:\/\/moverdb.com\/de\/wp-json\/wp\/v2\/users\/2"}],"replies":[{"embeddable":true,"href":"https:\/\/moverdb.com\/de\/wp-json\/wp\/v2\/comments?post=4298"}],"version-history":[{"count":1,"href":"https:\/\/moverdb.com\/de\/wp-json\/wp\/v2\/pages\/4298\/revisions"}],"predecessor-version":[{"id":4303,"href":"https:\/\/moverdb.com\/de\/wp-json\/wp\/v2\/pages\/4298\/revisions\/4303"}],"up":[{"embeddable":true,"href":"https:\/\/moverdb.com\/de\/wp-json\/wp\/v2\/pages\/44"}],"wp:featuredmedia":[{"embeddable":true,"href":"https:\/\/moverdb.com\/de\/wp-json\/wp\/v2\/media\/4285"}],"wp:attachment":[{"href":"https:\/\/moverdb.com\/de\/wp-json\/wp\/v2\/media?parent=4298"}],"curies":[{"name":"wp","href":"https:\/\/api.w.org\/{rel}","templated":true}]}}