{"id":429,"date":"2016-06-06T14:44:52","date_gmt":"2016-06-06T14:44:52","guid":{"rendered":"http:\/\/moverdb.com\/?page_id=429"},"modified":"2026-01-08T14:47:51","modified_gmt":"2026-01-08T14:47:51","slug":"britische-vereinigung-der-entferner","status":"publish","type":"page","link":"https:\/\/moverdb.com\/de\/british-association-of-removers\/","title":{"rendered":"British Association of Removers (BAR) erkl\u00e4rt"},"content":{"rendered":"<p>Der britische Verband der Umzugsunternehmen (British Association of Removers - BAR) bezeichnet sich selbst als die \"anerkannte Stimme der professionellen Umzugsindustrie\" und ist ein wichtiges Gremium in der <a href=\"https:\/\/moverdb.com\/de\/moving-to-the-uk\/\" data-internallinksmanager029f6b8e52c=\"93\" title=\"Umzug in das Vereinigte K\u00f6nigreich? 2026 Lebenshaltungskosten &amp; Umzugstipps\">UK<\/a> bewegende Industrie. <\/p>\n<p>Zu den Aufgaben des BAR geh\u00f6ren die Ausbildung, die Einhaltung beruflicher Normen, die Information und Beratung der Kunden sowie die Streitbeilegung.<\/p>\n<p><strong>Die wichtigsten Fakten \u00fcber BAR:<\/strong><\/p>\n<ol>\n<li>  Das BAR bietet verschiedene Arten der Mitgliedschaft an: UK-Mitgliedschaft, <a href=\"https:\/\/moverdb.com\/de\/bar-over-see\/\">Gruppenmitgliedschaft in \u00dcbersee<\/a>Mitgliedschaft in der Commercial Moving Group, Mitgliedschaft in der Self Storage Interest Group. <a href=\"https:\/\/moverdb.com\/de\/internationale-umzuge\/\">Unternehmen<\/a> k\u00f6nnen auch internationale Mitgliedsorganisationen (nicht britische Unternehmen, die in der Umzugsbranche t\u00e4tig sind) und Mitgliedsorganisationen (Unternehmen, die nicht im Bereich Umzug und Lagerung t\u00e4tig sind, aber Waren und Dienstleistungen f\u00fcr die Branche anbieten) sein.<\/li>\n<li>  Das BAR verf\u00fcgt \u00fcber den einzigen Verhaltenskodex in der Umzugsbranche, der vom Trading Standards Institute genehmigt und \u00fcberwacht wird.<\/li>\n<li>  Das Trading Standards Institute \u00fcberwacht die Leistung aller BAR-Mitglieder.<\/li>\n<li>  BAR deckt sowohl UK als auch <a href=\"https:\/\/moverdb.com\/de\/umzugsunternehmen\/\">internationale Umz\u00fcge<\/a>.<\/li>\n<li>  BAR verf\u00fcgt \u00fcber eine eigene Schulungsabteilung - BAR Training Services, die professionelle Gesch\u00e4ftsschulungen anbietet, die den Standard f\u00fcr branchenspezifische Schulungen setzen.<\/li>\n<li>  BAR-Mitglieder unterliegen w\u00e4hrend ihrer Mitgliedschaft laufenden Standortkontrollen.<\/li>\n<li> BAR betreibt auch das <a href=\"https:\/\/www.trustedmover.org\" target=\"_blank\" rel=\"noopener\">Vertrauensw\u00fcrdiger Spediteur<\/a> Website, um Ihnen bei der Suche nach BAR-Entfernern zu helfen.<\/li>\n<\/ol>\n<p><strong>Profil der Organisation:<\/strong><\/p>\n<p>Das BAR hat sich als Branchenverband etabliert, dessen Aufgabe es ist, professionelle Standards im Umzugsgewerbe zum Nutzen seiner Mitglieder und auch ihrer Kunden aufrechtzuerhalten. Es verf\u00fcgt \u00fcber einen Verhaltenskodex, der Standards f\u00fcr Dienstleistungen, Material, Fahrzeuge und Lagerhaltung, Personalschulung und den Umgang mit einer Situation, in der etwas schief l\u00e4uft, festlegt. <\/p>\n<p>Es bietet auch finanziellen Schutz f\u00fcr Kunden, z. B. wenn ein Auftrag vom Spediteur storniert wird. Kunden k\u00f6nnen sich beim BAR \u00fcber ein Mitglied beschweren, und es gibt auch einen alternativen Streitbeilegungsdienst. <\/p>\n<p>Die Ausbildung ist ein wichtiger Bestandteil des BAR-Mitgliedschaftsprogramms, und die Mitglieder haben Zugang zu ELearning-Modulen zu Themen wie F\u00fchrung, Finanzen, Verkauf und Vertrieb, Kundendienst, Marketing, Coaching, Management und Entwicklung von Aufsichtskompetenzen.<\/p>\n<p><strong>Einige Mitgliedsunternehmen<\/strong><\/p>\n<ul>\n<li> <a href=\"https:\/\/moverdb.com\/de\/cadogan-tate\/\">Cadogan Tate<\/a><\/li>\n<li> <a href=\"https:\/\/moverdb.com\/de\/anglo-pazifischer-raum\/\">Anglo-Pazifik<\/a><\/li>\n<li> <a href=\"https:\/\/moverdb.com\/de\/shore-porters-society\/\">Die Gesellschaft der Landtr\u00e4ger<\/a><\/li>\n<li> <a href=\"https:\/\/moverdb.com\/de\/matthew-james\/\">Matthew James<\/a><\/li>\n<li> <a href=\"https:\/\/moverdb.com\/de\/robinsons\/\">Robinsons-Umzug<\/a><\/li>\n<li> <a href=\"https:\/\/moverdb.com\/de\/conroy-umzuge\/\">Conroy Umz\u00fcge<\/a><\/li>\n<\/ul>\n<p><strong>Kriterien f\u00fcr die Mitgliedschaft:<\/strong><\/p>\n<p>Auf der Website sind keine Mitgliedschaftskriterien zu finden: \"Wenn Sie an einer Mitgliedschaft im BAR interessiert sind, wenden Sie sich bitte unter Angabe Ihrer Firmen- und Kontaktdaten an das BAR, um die Mitgliedschaftskriterien und ein Antragsformular zu erhalten.\"<\/p>\n<p><strong>Meinungen der Industrie \u00fcber die British Association of Removers:<\/strong><\/p>\n<p>BAR taucht h\u00e4ufig auf den Websites britischer Umzugsunternehmen auf, und viele derjenigen, die es auflisten, verweisen auf seine Langlebigkeit als einer der \u00e4ltesten Berufsverb\u00e4nde in der Umzugsbranche und seine mehr als hundertj\u00e4hrige Geschichte. <\/p>\n<p>Die Tatsache, dass Trading Standards den Verhaltenskodex gebilligt hat, wird als weiterer wichtiger Pluspunkt angesehen, da dies den Verbrauchern die Gewissheit gibt, dass ihre Interessen \u00fcber die grundlegenden Anforderungen des Gesetzes hinaus gesch\u00fctzt werden. <\/p>\n<p>Die Tatsache, dass der Verband laufend Kontrollen vor Ort durchf\u00fchrt, wird als wichtig erachtet, ebenso wie die Tatsache, dass die Mitglieder einen Nachweis \u00fcber die laufende Kundenzufriedenheit erbringen m\u00fcssen. <\/p>\n<p>Die allgemeine Meinung ist, dass <em>\"Mit der Wahl eines BAR-Mitglieds stellen Sie sicher, dass Ihr Umzug so reibungslos wie m\u00f6glich verl\u00e4uft.\"<\/em> Das BAR wird von Immobilien-Websites als Standard f\u00fcr Umzugsunternehmen hochgehalten, die es als Grundvoraussetzung f\u00fcr einen guten Umzugsdienstleister beschreiben, der sich an Mindeststandards f\u00fcr Professionalit\u00e4t h\u00e4lt und einen gewissen finanziellen Schutz bietet.<\/p>\n<blockquote><p>Die Wahl eines Umzugsunternehmens, das sich der BAR-Mitgliedschaft verpflichtet hat, ist ein guter Ausgangspunkt, weil es zeigt, dass es bereit ist, sich an einen Mindeststandard zu halten. BAR-Mitglieder haben Mindeststandards f\u00fcr die Mitgliedschaft, die in Ihrem Interesse sind, wie z. B. legale, zugelassene Fahrzeuge, Schutz f\u00fcr Ihre Kaution und Schlichtung oder kostenlose Schlichtung und f\u00fcr den unwahrscheinlichen Fall, dass etwas schief geht.<\/p><\/blockquote>\n<p>- <a href=\"http:\/\/www.rightmove.co.uk\/choosing-a-removal-company.html\" target=\"_blank\" rel=\"noopener\">rightmove<\/a><\/p>\n<blockquote><p>Alle BAR-Mitglieder arbeiten nach dem BAR Code of Practice, der von Trading Standards anerkannt ist. Dieser strenge Kodex sch\u00fctzt und f\u00f6rdert die Verbraucherinteressen \u00fcber die grundlegenden Anforderungen des Gesetzes hinaus.<\/p><\/blockquote>\n<p>- <a href=\"http:\/\/www.pickfords.co.uk\/british-association-of-removers\" target=\"_blank\" rel=\"noopener\">Pickfords<\/a><\/p>\n<blockquote><p>Mehr als 97% der Verbraucher empfehlen ihren BAR-Entferner.<\/p><\/blockquote>\n<p>- <a href=\"http:\/\/www.comparemymove.com\/blog\/our-partners\/a-guide-to-joining-the-british-association-of-removers\/\" target=\"_blank\" rel=\"noopener\">Mein Umzug vergleichen<\/a><\/p>\n<p><strong>Website:<\/strong> <a href=\"http:\/\/www.bar.co.uk\/\" target=\"_blank\" rel=\"noopener\">http:\/\/www.bar.co.uk\/<\/a><\/p>","protected":false},"excerpt":{"rendered":"<p>The British Association of Removers (BAR) describes itself as the &#8220;recognised voice of the professional moving industry&#8221; and it is a key body in the UK moving industry. Training, professional standards and providing information and advice to customers are included in the BAR&#8217;s remit, as well as a dispute resolution service. Key facts about BAR: [&hellip;]<\/p>\n","protected":false},"author":1,"featured_media":0,"parent":0,"menu_order":0,"comment_status":"closed","ping_status":"closed","template":"","meta":{"_genesis_hide_title":false,"_genesis_hide_breadcrumbs":false,"_genesis_hide_singular_image":false,"_genesis_hide_footer_widgets":false,"_genesis_custom_body_class":"","_genesis_custom_post_class":"","_genesis_layout":"","footnotes":""},"class_list":{"0":"post-429","1":"page","2":"type-page","3":"status-publish","5":"entry"},"_links":{"self":[{"href":"https:\/\/moverdb.com\/de\/wp-json\/wp\/v2\/pages\/429","targetHints":{"allow":["GET"]}}],"collection":[{"href":"https:\/\/moverdb.com\/de\/wp-json\/wp\/v2\/pages"}],"about":[{"href":"https:\/\/moverdb.com\/de\/wp-json\/wp\/v2\/types\/page"}],"author":[{"embeddable":true,"href":"https:\/\/moverdb.com\/de\/wp-json\/wp\/v2\/users\/1"}],"replies":[{"embeddable":true,"href":"https:\/\/moverdb.com\/de\/wp-json\/wp\/v2\/comments?post=429"}],"version-history":[{"count":18,"href":"https:\/\/moverdb.com\/de\/wp-json\/wp\/v2\/pages\/429\/revisions"}],"predecessor-version":[{"id":6186,"href":"https:\/\/moverdb.com\/de\/wp-json\/wp\/v2\/pages\/429\/revisions\/6186"}],"wp:attachment":[{"href":"https:\/\/moverdb.com\/de\/wp-json\/wp\/v2\/media?parent=429"}],"curies":[{"name":"wp","href":"https:\/\/api.w.org\/{rel}","templated":true}]}}