{"id":42,"date":"2016-03-19T18:09:36","date_gmt":"2016-03-19T18:09:36","guid":{"rendered":"http:\/\/moverdb.com\/?page_id=42"},"modified":"2026-01-08T15:20:50","modified_gmt":"2026-01-08T15:20:50","slug":"nutzungsbedingungen","status":"publish","type":"page","link":"https:\/\/moverdb.com\/de\/terms-of-use\/","title":{"rendered":"Nutzungsbedingungen"},"content":{"rendered":"<p><strong>BITTE LESEN SIE DIESE SORGF\u00c4LTIG DURCH, BEVOR SIE DIESE WEBSITE NUTZEN.<\/strong><\/p>\n<p>Willkommen bei MoverDB.com. Wenn Sie diese Website weiter durchsuchen und nutzen, erkl\u00e4ren Sie sich mit den folgenden Nutzungsbedingungen einverstanden, die zusammen mit unseren <a href=\"https:\/\/MoverDB.com\/privacy-policy\/\" target=\"_blank\" rel=\"noopener\">Datenschutzbestimmungen<\/a> regeln die Beziehung von MoverDB.com zu Ihnen in Bezug auf diese Website. Wenn Sie mit einem Teil dieser Bedingungen nicht einverstanden sind, nutzen Sie unsere Website bitte nicht.<\/p>\n<p>Diese Nutzungsbedingungen sowie die anderen Dokumente, auf die im Folgenden Bezug genommen wird, legen die Bedingungen fest, unter denen Sie https:\/\/MoverDB.com\/ (\"unsere Website\") nutzen k\u00f6nnen. <\/p>\n<p>Andere wichtige Dokumente <\/p>\n<p>Die Nutzungsbedingungen beziehen sich auf unsere <a href=\"https:\/\/MoverDB.com\/privacy-policy\/\" target=\"_blank\" rel=\"noopener\">Datenschutzbestimmungen<\/a>die festlegen, unter welchen Bedingungen wir personenbezogene Daten, die Sie uns zur Verf\u00fcgung stellen, verarbeiten <a href=\"https:\/\/moverdb.com\/de\/moving-to-the-united-states\/\" data-internallinksmanager029f6b8e52c=\"94\" title=\"Umzug in die Vereinigten Staaten? 2026 Lebenshaltungskosten &amp; Umzugstipps\">us<\/a>oder die wir von Ihnen erheben. Sie k\u00f6nnen auch unser vollst\u00e4ndiges <a href=\"https:\/\/moverdb.com\/de\/datenverarbeitungsrichtlinie\/\">Politik der Datenverarbeitung<\/a>. Durch die Nutzung unserer Website erkl\u00e4ren Sie sich mit dieser Verarbeitung einverstanden.<\/p>\n<p>Die Nutzung dieser Website unterliegt den folgenden Nutzungsbedingungen:<\/p>\n<ul>\n<li>Der Inhalt der Seiten dieser Website dient nur zu Ihrer allgemeinen Information und Nutzung. Er kann ohne vorherige Ank\u00fcndigung ge\u00e4ndert werden.<\/li>\n<li> Mit dem Ausf\u00fcllen eines Angebotsformulars erkl\u00e4ren Sie sich damit einverstanden, dass wir diese Informationen an Dritte weitergeben, damit Sie das beste Vergleichsangebot f\u00fcr Ihren internationalen Umzug erhalten.<\/li>\n<li>Diese Website verwendet Cookies, um Ihre Surfgewohnheiten zu \u00fcberwachen. Wenn Sie die Verwendung von Cookies zulassen, k\u00f6nnen personenbezogene Daten von uns zur Verwendung durch Dritte gespeichert werden.<\/li>\n<li> Weder wir noch Dritte \u00fcbernehmen eine Garantie oder Gew\u00e4hrleistung f\u00fcr die Richtigkeit, Aktualit\u00e4t, Leistung, Vollst\u00e4ndigkeit oder Eignung der auf dieser Website gefundenen oder angebotenen Informationen und Materialien f\u00fcr einen bestimmten Zweck. Sie erkennen an, dass solche Informationen und Materialien Ungenauigkeiten oder Fehler enthalten k\u00f6nnen, und wir schlie\u00dfen ausdr\u00fccklich die Haftung f\u00fcr solche Ungenauigkeiten oder Fehler im vollen gesetzlich zul\u00e4ssigen Umfang aus.<\/li>\n<li> Die Nutzung von Informationen oder Materialien auf dieser Website erfolgt ausschlie\u00dflich auf Ihr eigenes Risiko, f\u00fcr das wir nicht haften. Es liegt in Ihrer eigenen Verantwortung, sicherzustellen, dass die auf dieser Website angebotenen Produkte, Dienstleistungen oder Informationen Ihren spezifischen Anforderungen entsprechen.<\/li>\n<li> Diese Website enth\u00e4lt Material, das unser Eigentum ist oder f\u00fcr das wir eine Lizenz besitzen. Zu diesem Material geh\u00f6ren unter anderem das Design, das Layout, das Aussehen, das Erscheinungsbild und die Grafiken. Die Vervielf\u00e4ltigung ist nur in \u00dcbereinstimmung mit dem Urheberrechtsvermerk gestattet, der Teil dieser Bedingungen ist.<\/li>\n<li> Die unbefugte Nutzung dieser Website kann zu Schadensersatzanspr\u00fcchen f\u00fchren und\/oder eine Straftat darstellen.<\/li>\n<li> Von Zeit zu Zeit kann diese Website auch Links zu anderen Websites enthalten. Diese Links werden zu Ihrer Bequemlichkeit bereitgestellt, um weitere Informationen zu liefern. Sie bedeuten nicht, dass wir die betreffende(n) Website(s) bef\u00fcrworten. Wir \u00fcbernehmen keine Verantwortung f\u00fcr den Inhalt der verlinkten Website(s).<\/li>\n<\/ul>","protected":false},"excerpt":{"rendered":"<p>PLEASE READ THESE CAREFULLY BEFORE USING THIS WEBSITE. Welcome to MoverDB.com. If you continue to browse and use this website, you are agreeing to comply with and be bound by the following terms and conditions of use, which together with our privacy policy govern MoverDB.com&#8217;s relationship with you in relation to this website. If you [&hellip;]<\/p>\n","protected":false},"author":1,"featured_media":0,"parent":0,"menu_order":0,"comment_status":"closed","ping_status":"closed","template":"","meta":{"_genesis_hide_title":false,"_genesis_hide_breadcrumbs":false,"_genesis_hide_singular_image":false,"_genesis_hide_footer_widgets":false,"_genesis_custom_body_class":"","_genesis_custom_post_class":"","_genesis_layout":"","footnotes":""},"class_list":{"0":"post-42","1":"page","2":"type-page","3":"status-publish","5":"entry"},"_links":{"self":[{"href":"https:\/\/moverdb.com\/de\/wp-json\/wp\/v2\/pages\/42","targetHints":{"allow":["GET"]}}],"collection":[{"href":"https:\/\/moverdb.com\/de\/wp-json\/wp\/v2\/pages"}],"about":[{"href":"https:\/\/moverdb.com\/de\/wp-json\/wp\/v2\/types\/page"}],"author":[{"embeddable":true,"href":"https:\/\/moverdb.com\/de\/wp-json\/wp\/v2\/users\/1"}],"replies":[{"embeddable":true,"href":"https:\/\/moverdb.com\/de\/wp-json\/wp\/v2\/comments?post=42"}],"version-history":[{"count":5,"href":"https:\/\/moverdb.com\/de\/wp-json\/wp\/v2\/pages\/42\/revisions"}],"predecessor-version":[{"id":3243,"href":"https:\/\/moverdb.com\/de\/wp-json\/wp\/v2\/pages\/42\/revisions\/3243"}],"wp:attachment":[{"href":"https:\/\/moverdb.com\/de\/wp-json\/wp\/v2\/media?parent=42"}],"curies":[{"name":"wp","href":"https:\/\/api.w.org\/{rel}","templated":true}]}}