{"id":3842,"date":"2022-04-06T13:40:09","date_gmt":"2022-04-06T13:40:09","guid":{"rendered":"https:\/\/moverdb.com\/?page_id=3842"},"modified":"2026-01-08T14:47:23","modified_gmt":"2026-01-08T14:47:23","slug":"umzugsagenten","status":"publish","type":"page","link":"https:\/\/moverdb.com\/de\/relocation-agents\/","title":{"rendered":"7 Gr\u00fcnde, warum Sie einen Relocation Agent beauftragen sollten?"},"content":{"rendered":"<p>Sie haben sich gerade f\u00fcr eine fantastische neue Stelle an einem glamour\u00f6sen internationalen Standort beworben. Sie freuen sich auf den Umzug in ein neues Land, der Ihnen zun\u00e4chst aufregend erscheint, aber wenn Sie erst einmal wissen, wie viel Sie tun m\u00fcssen, um dorthin zu gelangen, kann das alles ziemlich entmutigend wirken.<\/p>\n<p><img loading=\"lazy\" decoding=\"async\" src=\"https:\/\/moverdb.com\/wp-content\/uploads\/relocation-agent.jpg\" alt=\"\" width=\"1000\" height=\"563\" class=\"aligncenter size-full wp-image-3845\" data-wp-pid=\"3845\" srcset=\"https:\/\/moverdb.com\/wp-content\/uploads\/relocation-agent.jpg 1000w, https:\/\/moverdb.com\/wp-content\/uploads\/relocation-agent-300x169.jpg 300w, https:\/\/moverdb.com\/wp-content\/uploads\/relocation-agent-18x10.jpg 18w, https:\/\/moverdb.com\/wp-content\/uploads\/relocation-agent-600x338.jpg 600w\" sizes=\"auto, (max-width: 1000px) 100vw, 1000px\" \/><\/p>\n<p>Werfen wir einen Blick auf einige der Dinge, mit denen Sie sich auseinandersetzen m\u00fcssen, wenn Sie selbst umziehen und nicht ein Umzugsunternehmen beauftragen <a href=\"https:\/\/www.cornerstonelondon.com\/\" target=\"_blank\" rel=\"noopener\">Umzugshelfer<\/a>.<\/p>\n<div id=\"ez-toc-container\" class=\"ez-toc-v2_0_82_2 ez-toc-wrap-left counter-hierarchy ez-toc-counter ez-toc-transparent ez-toc-container-direction\">\n<div class=\"ez-toc-title-container\">\n<p class=\"ez-toc-title\" style=\"cursor:inherit\">Rubriken<\/p>\n<span class=\"ez-toc-title-toggle\"><a href=\"#\" class=\"ez-toc-pull-right ez-toc-btn ez-toc-btn-xs ez-toc-btn-default ez-toc-toggle\" aria-label=\"Inhaltsverzeichnis umschalten\"><span class=\"ez-toc-js-icon-con\"><span class=\"\"><span class=\"eztoc-hide\" style=\"display:none;\">Umschalten auf<\/span><span class=\"ez-toc-icon-toggle-span\"><svg style=\"fill: #999;color:#999\" xmlns=\"http:\/\/www.w3.org\/2000\/svg\" class=\"list-377408\" width=\"20px\" height=\"20px\" viewbox=\"0 0 24 24\" fill=\"none\"><path d=\"M6 6H4v2h2V6zm14 0H8v2h12V6zM4 11h2v2H4v-2zm16 0H8v2h12v-2zM4 16h2v2H4v-2zm16 0H8v2h12v-2z\" fill=\"currentColor\"><\/path><\/svg><svg style=\"fill: #999;color:#999\" class=\"arrow-unsorted-368013\" xmlns=\"http:\/\/www.w3.org\/2000\/svg\" width=\"10px\" height=\"10px\" viewbox=\"0 0 24 24\" version=\"1.2\" baseprofile=\"tiny\"><path d=\"M18.2 9.3l-6.2-6.3-6.2 6.3c-.2.2-.3.4-.3.7s.1.5.3.7c.2.2.4.3.7.3h11c.3 0 .5-.1.7-.3.2-.2.3-.5.3-.7s-.1-.5-.3-.7zM5.8 14.7l6.2 6.3 6.2-6.3c.2-.2.3-.5.3-.7s-.1-.5-.3-.7c-.2-.2-.4-.3-.7-.3h-11c-.3 0-.5.1-.7.3-.2.2-.3.5-.3.7s.1.5.3.7z\"\/><\/svg><\/span><\/span><\/span><\/a><\/span><\/div>\n<nav><ul class='ez-toc-list ez-toc-list-level-1 eztoc-toggle-hide-by-default' ><li class='ez-toc-page-1 ez-toc-heading-level-2'><a class=\"ez-toc-link ez-toc-heading-1\" href=\"https:\/\/moverdb.com\/de\/relocation-agents\/#1_Do_What_Needs_To_Be_Done\" >1. Tun, was getan werden muss<\/a><\/li><li class='ez-toc-page-1 ez-toc-heading-level-2'><a class=\"ez-toc-link ez-toc-heading-2\" href=\"https:\/\/moverdb.com\/de\/relocation-agents\/#2_Shipping_Your_Household_Goods\" >2. Versand Ihres Hausrats<\/a><\/li><li class='ez-toc-page-1 ez-toc-heading-level-2'><a class=\"ez-toc-link ez-toc-heading-3\" href=\"https:\/\/moverdb.com\/de\/relocation-agents\/#3_Where_To_Stay\" >3. Wo bleiben<\/a><\/li><li class='ez-toc-page-1 ez-toc-heading-level-2'><a class=\"ez-toc-link ez-toc-heading-4\" href=\"https:\/\/moverdb.com\/de\/relocation-agents\/#4_Finding_A_Home\" >4. Ein Zuhause finden<\/a><\/li><li class='ez-toc-page-1 ez-toc-heading-level-2'><a class=\"ez-toc-link ez-toc-heading-5\" href=\"https:\/\/moverdb.com\/de\/relocation-agents\/#5_School_Search\" >5. Schule suchen<\/a><\/li><li class='ez-toc-page-1 ez-toc-heading-level-2'><a class=\"ez-toc-link ez-toc-heading-6\" href=\"https:\/\/moverdb.com\/de\/relocation-agents\/#6_Pet_Travel\" >6. Haustierreisen<\/a><\/li><li class='ez-toc-page-1 ez-toc-heading-level-2'><a class=\"ez-toc-link ez-toc-heading-7\" href=\"https:\/\/moverdb.com\/de\/relocation-agents\/#7_And_what_else\" >7. Und was noch?<\/a><\/li><li class='ez-toc-page-1 ez-toc-heading-level-2'><a class=\"ez-toc-link ez-toc-heading-8\" href=\"https:\/\/moverdb.com\/de\/relocation-agents\/#In_conclusion\" >Zusammenfassend<\/a><\/li><\/ul><\/nav><\/div>\n<h2><span class=\"ez-toc-section\" id=\"1_Do_What_Needs_To_Be_Done\"><\/span>1. Tun, was getan werden muss<span class=\"ez-toc-section-end\"><\/span><\/h2>\n<p>Wenn Sie sich selbst\u00e4ndig machen wollen, m\u00fcssen Sie Unternehmen finden, die sich um alles k\u00fcmmern. Die wichtigsten Fragen, die Sie beantworten m\u00fcssen, sind: Was m\u00fcssen Sie tun, wer wird es tun, und woher wissen Sie, ob sie gut sind? <\/p>\n<p>Sie k\u00f6nnten Stunden damit verbringen, Bewertungen im Internet zu lesen, und w\u00e4ren trotzdem nicht in der Lage herauszufinden, ob ein Unternehmen, das Sie beauftragen, wirklich seri\u00f6s ist (es gibt einige gef\u00e4lschte Bewertungen) und die Arbeit auch tats\u00e4chlich erledigen wird. <\/p>\n<p>Hinzu kommt, dass Sie vielleicht gar nicht wissen, was Sie alles wissen und organisieren m\u00fcssen. Wenn Sie also scheinbar kleine Details \u00fcbersehen, kann das im gro\u00dfen Rahmen Ihres Umzugs zu gro\u00dfen Katastrophen f\u00fchren.<\/p>\n<p>Wenn Sie erst einmal Leute gefunden haben, die die von Ihnen ben\u00f6tigten Aufgaben \u00fcbernehmen, haben Sie das Problem, alles zum richtigen Zeitpunkt zu koordinieren. <\/p>\n<p>Sicher, Sie k\u00f6nnen Ihren gesamten Hausrat am Tag vor Ihrem Abflug abholen lassen, aber wo werden Sie schlafen, wenn Ihre Betten in einem Lagercontainer stehen und auf den Transport warten? <\/p>\n<p>Dies ist nur ein Beispiel daf\u00fcr, dass die Inanspruchnahme eines Umzugsunternehmens wirklich hilfreich sein kann. Als erfahrene Fachleute kennen sie alle Fallstricke, mit denen Sie wahrscheinlich konfrontiert werden, und k\u00f6nnen sie einplanen, lange bevor sie \u00fcberhaupt zu einem Problem werden. Die Dinge laufen einfach viel reibungsloser, wenn Experten beteiligt sind!<\/p>\n<p>Ein Umzugsunternehmen verf\u00fcgt \u00fcber eine ganze Reihe von gepr\u00fcften Kontakten, auf die es sich verlassen kann, um sicherzustellen, dass alles richtig gemacht wird. In der Regel haben sie diese Kontakte bereits bei unz\u00e4hligen Umz\u00fcgen genutzt und wissen, dass sie sich auf einen zuverl\u00e4ssigen, reibungslosen Service verlassen k\u00f6nnen.<\/p>\n<p>Wenn Sie eine Relocation-Agentur beauftragen, sollten Sie sich trotzdem einen \u00dcberblick dar\u00fcber verschaffen, welche Ansprechpartner f\u00fcr die einzelnen Aufgaben zust\u00e4ndig sind, damit Sie wissen, an wen Sie sich bei Fragen wenden k\u00f6nnen. <\/p>\n<p>Erstellen Sie eine Liste oder ein Arbeitsblatt mit allen Kontakten, die Sie haben, einschlie\u00dflich ihrer Namen, E-Mail-Adressen, Telefonnummern und vor allem des Teils Ihres Umzugs, f\u00fcr den sie zust\u00e4ndig sind.<\/p>\n<p>Sehen wir uns nun einige der Dienste an, die Sie m\u00f6glicherweise in Anspruch nehmen m\u00fcssen...<\/p>\n<h2><span class=\"ez-toc-section\" id=\"2_Shipping_Your_Household_Goods\"><\/span>2. Versand Ihres Hausrats<span class=\"ez-toc-section-end\"><\/span><\/h2>\n<p>Jeder kommt mit einer Menge Gep\u00e4ck, im wahrsten Sinne des Wortes. Wie kommen also alle Ihre Sachen in Ihr neues Zuhause?<\/p>\n<p>Wenn Sie nur ein paar Dinge mitnehmen wollen, Kleidung und ein paar pers\u00f6nliche Gegenst\u00e4nde, k\u00f6nnen Sie das alles vielleicht als \u00dcbergep\u00e4ck mitnehmen. <\/p>\n<p>Wenn es sich um etwas Gr\u00f6\u00dferes handelt, wie z. B. M\u00f6bel oder einen gro\u00dfen Fernseher, m\u00fcssen Sie eine Art von Haushaltswaren verwenden <a href=\"https:\/\/moverdb.com\/de\/containerschifffahrt\/\">Versandservice<\/a>. <\/p>\n<p>Doch welche Art von Dienstleistung ben\u00f6tigen Sie? Reicht ein Lufttransport aus oder brauchen Sie einen Landtransport? Welche Art von Container ben\u00f6tigen Sie, einen 20-Fu\u00df-Container? Einen 40-Fu\u00df-Container? Vielleicht beides!<\/p>\n<p>All das scheint sehr entmutigend zu sein, aber genau hier kommt ein Haushaltswaren-Versanddienst ins Spiel. Ihr Umzugsberater bringt Sie in Kontakt mit dem <a href=\"https:\/\/moverdb.com\/de\/reedereien\/\">Speditionsunternehmen f\u00fcr Haushaltswaren<\/a>. <\/p>\n<p>In der Regel wird der erste Schritt darin bestehen, eine Bestandsaufnahme Ihres Hausrats zu organisieren, um genau festzustellen, was <a href=\"https:\/\/moverdb.com\/de\/shipping-container-sizes-and-dimensions\/\" data-internallinksmanager029f6b8e52c=\"247\" title=\"Der ultimative Leitfaden f\u00fcr Gr\u00f6\u00dfen und Abmessungen von Schiffscontainern\">Containergr\u00f6\u00dfe<\/a> oder Gr\u00f6\u00dfen, die Sie ben\u00f6tigen. Sie vereinbaren einen Tag, an dem sie alle Ihre Gegenst\u00e4nde auf einer Seite zusammenpacken, und dann, wenn Sie Ihr langfristiges Eigentum gesichert haben, organisieren sie einen Tag, an dem sie Ihnen Ihre wertvollen Besitzt\u00fcmer liefern.<\/p>\n<h2><span class=\"ez-toc-section\" id=\"3_Where_To_Stay\"><\/span>3. Wo bleiben<span class=\"ez-toc-section-end\"><\/span><\/h2>\n<p>Da es sich empfiehlt, eine Immobilie pers\u00f6nlich zu besichtigen, bevor Sie sich f\u00fcr ein Jahr oder l\u00e4nger verpflichten, brauchen Sie bei Ihrer Ankunft eine Unterkunft, es sei denn, Sie haben sich vor Ihrem Umzug auf eine spezielle Wohnungssuche begeben und wollen eine voll m\u00f6blierte Wohnung beziehen.<\/p>\n<p>Sie k\u00f6nnten zwar ein Hotel buchen, aber wenn Sie mit Ihrer ganzen Familie umziehen, wird es in den durchschnittlich vier oder f\u00fcnf Wochen, die Sie f\u00fcr den Umzug in eine langfristige Immobilie ben\u00f6tigen, ziemlich klaustrophobisch werden, es sei denn, Sie haben eine luxuri\u00f6se Suite gebucht. Au\u00dferdem ist es vielleicht nicht die wirtschaftlichste Option.<\/p>\n<p><a href=\"https:\/\/www.airbnb.co.uk\/\" target=\"_blank\" rel=\"noopener\">Airbnb<\/a> k\u00f6nnte ebenso eine Option sein wie ein Apartment mit Service. Beide haben den Vorteil, dass sie Ihnen die Art von Raum und Einrichtungen bieten, die Sie von Ihrem eigenen Zuhause erwarten w\u00fcrden. <\/p>\n<p>F\u00fcr diejenigen, die Serviced Apartments noch nicht kennen: Sie sind eine Art Zwischending zwischen einem Hotel und einer Langzeitunterkunft. In der Regel wird die Wohnung von jemandem gereinigt, vielleicht einmal pro Woche. <\/p>\n<p>Sie wechseln auch Ihre Bettw\u00e4sche und Handt\u00fccher. Au\u00dferdem haben Sie den Vorteil, dass Sie in einer voll m\u00f6blierten und ausgestatteten Wohnung wohnen, mit allen K\u00fcchenger\u00e4ten und Einrichtungen wie TV und Internet, die Sie ben\u00f6tigen.<\/p>\n<p>Aber wie bei vielen anderen Dingen auch, woher wissen Sie, ob das Serviced Apartment, in dem Sie wohnen werden, auch wirklich gut ist? Umzugsunternehmen haben ihre Lieferanten schon bei vielen Umz\u00fcgen eingesetzt, so dass Sie wissen, dass Sie mit jemandem zusammenarbeiten, dem Sie vertrauen k\u00f6nnen. Und in neun von zehn F\u00e4llen sind die Anbieter aufgrund ihrer Beziehungen zum Unterkunftsanbieter motivierter, Ihnen zu helfen, falls Probleme auftreten sollten!<\/p>\n<h2><span class=\"ez-toc-section\" id=\"4_Finding_A_Home\"><\/span>4. Ein Zuhause finden<span class=\"ez-toc-section-end\"><\/span><\/h2>\n<p><img loading=\"lazy\" decoding=\"async\" width=\"1000\" height=\"665\" src=\"https:\/\/moverdb.com\/wp-content\/uploads\/findding-a-home.jpg\" alt=\"Eine Wohnung finden\" class=\"aligncenter size-full wp-image-3847\" data-wp-pid=\"3847\" srcset=\"https:\/\/moverdb.com\/wp-content\/uploads\/findding-a-home.jpg 1000w, https:\/\/moverdb.com\/wp-content\/uploads\/findding-a-home-300x200.jpg 300w, https:\/\/moverdb.com\/wp-content\/uploads\/findding-a-home-18x12.jpg 18w, https:\/\/moverdb.com\/wp-content\/uploads\/findding-a-home-600x399.jpg 600w\" sizes=\"auto, (max-width: 1000px) 100vw, 1000px\" \/><\/p>\n<p>Wenn Sie dies auf eigene Faust tun, m\u00fcssen Sie sich m\u00f6glicherweise durch endlose Angebote auf Websites wie <a href=\"https:\/\/www.rightmove.co.uk\/\" target=\"_blank\" rel=\"noopener\">Rightmove<\/a> und <a href=\"https:\/\/www.zoopla.co.uk\/\" target=\"_blank\" rel=\"noopener\">Zoopla<\/a> nur um festzustellen, dass alle Immobilien weg sind! <\/p>\n<p>Selbst wenn Sie eine Immobilie finden, die Sie mieten m\u00f6chten, haben Sie keine Hinweise darauf, wie alles ablaufen sollte, so dass es leichter ist, betrogen zu werden oder in die Falle zu tappen, einen f\u00fcr Sie ung\u00fcnstigen Mietvertrag zu unterschreiben. Selbst wenn Sie schon einmal in Ihrem Heimatland gemietet haben, sind die Regeln und Normen in einem anderen Land nicht unbedingt die gleichen. <\/p>\n<p>Ein Beispiel daf\u00fcr ist die <a href=\"https:\/\/moverdb.com\/de\/moving-to-the-uk\/\" data-internallinksmanager029f6b8e52c=\"93\" title=\"Umzug in das Vereinigte K\u00f6nigreich? 2026 Lebenshaltungskosten &amp; Umzugstipps\">UK<\/a>In der Regel verf\u00fcgen die Wohnungen, auch die unm\u00f6blierten, \u00fcber eine voll ausgestattete K\u00fcche mit allen gr\u00f6\u00dferen Ger\u00e4ten wie Backofen, Herd und K\u00fchl-\/Gefrierschrank. <\/p>\n<p>Doch in <a href=\"https:\/\/moverdb.com\/de\/moving-to-germany\/\" data-internallinksmanager029f6b8e52c=\"321\" title=\"Umzug nach Deutschland? 2026 Lebenshaltungskosten &amp; Umzugstipps\">Deutschland<\/a>Vielleicht m\u00fcssen Sie beim Einzug Ihre eigene K\u00fcche einbauen lassen! In den meisten L\u00e4ndern ist es normal, dass die Makler pr\u00fcfen, ob Sie sich die Miete einer Immobilie leisten k\u00f6nnen, aber in <a href=\"https:\/\/moverdb.com\/de\/moving-to-switzerland\/moving-to-geneva\/\" data-internallinksmanager029f6b8e52c=\"416\" title=\"Umzug nach Genf? 2026 Lebenshaltungskosten &amp; Umzugstipps\">Genf<\/a>Das ist ein System, das sicherstellen soll, dass die Mieter nicht unter ihren M\u00f6glichkeiten mieten und billigere Immobilien von denen fernhalten, die sie sich gerade noch leisten k\u00f6nnen.<\/p>\n<p>Auch hier zahlt es sich aus, einen Relocation Agent zu haben, der lokale Home Search Berater vor Ort hat. Sie kennen den lokalen Markt und alle Besonderheiten und Feinheiten, auf die Sie sto\u00dfen werden. <\/p>\n<p>Sie recherchieren f\u00fcr Sie, erstellen einen Reiseplan f\u00fcr den Tag Ihrer Wohnungssuche und begleiten Sie dann zu jeder Immobilie. Sie werden sich nicht nur auf Immobilien-Websites verlassen, um Ihr neues Zuhause zu finden! <\/p>\n<p>Sie haben in der Regel Kontakte zu den verschiedenen \u00f6rtlichen Agenturen, mit denen sie bereits zusammengearbeitet haben, und k\u00f6nnen gemeinsam mit ihnen herausfinden, welche Makler tats\u00e4chlich ein Angebot haben, das Ihren Kriterien entspricht oder zumindest so nah wie m\u00f6glich an Ihren Vorstellungen liegt. <\/p>\n<p>Sie werden wissen, ob Ihr Budget und Ihre W\u00fcnsche realistisch sind, und Sie entsprechend beraten oder Sie in Gebiete lenken, in denen Sie bessere Chancen haben, die Immobilie Ihrer Tr\u00e4ume zu finden.<\/p>\n<p>Sie k\u00f6nnen sich nat\u00fcrlich auch direkt an die Makler wenden, aber Sie sollten bedenken, dass die Makler f\u00fcr die Vermieter arbeiten und ihre oberste Priorit\u00e4t darin besteht, deren Interessen zu wahren. Schlie\u00dflich sind es die Vermieter, die die Makler bezahlen. <\/p>\n<p>Andererseits arbeiten Berater f\u00fcr die Wohnungssuche f\u00fcr Sie und nur f\u00fcr Sie. Sie werden kein Interesse daran haben, Sie zu einer bestimmten Immobilie zu dr\u00e4ngen, es sei denn, sie sind der Meinung, dass dies in Ihrem besten Interesse ist, vor allem, weil sie keine Provision erhalten. Im Grunde genommen sind sie auf Ihrer Seite und Sie k\u00f6nnen sich darauf verlassen, dass sie Sie in die richtige Richtung lenken.<\/p>\n<p>Mit einem Berater f\u00fcr die Wohnungssuche erhalten Sie Hilfe und Ratschl\u00e4ge bei der Abgabe Ihres Angebots und Unterst\u00fctzung bei allem, was danach kommt, einschlie\u00dflich der \u00dcberpr\u00fcfung des Mietvertrags, um sicherzustellen, dass Sie nicht etwas unterschreiben, das f\u00fcr Sie ungerecht ist. Im Grunde haben Sie jemanden, der Ihnen zur Seite steht, bis der gesamte Prozess abgeschlossen ist und Sie sich eingelebt haben!<\/p>\n<h2><span class=\"ez-toc-section\" id=\"5_School_Search\"><\/span>5. Schule suchen<span class=\"ez-toc-section-end\"><\/span><\/h2>\n<p>Wenn Sie schulpflichtige Kinder haben, wird einer der Hauptgr\u00fcnde f\u00fcr den Umzug ihre Ausbildung sein. Wo gibt es gute Schulen, wie bewerben Sie sich und wird die Schule, f\u00fcr die Sie sich entscheiden, den besonderen Bed\u00fcrfnissen Ihres Kindes oder Ihrer Kinder gerecht werden?<\/p>\n<p>Auch das geh\u00f6rt zu den Dingen, die man bis zu einem gewissen Grad online recherchieren kann, aber ohne einen Experten, der die Daten interpretiert und tats\u00e4chliches Feedback aus der Praxis gibt, ist es durchaus m\u00f6glich, eine v\u00f6llig falsche Schlussfolgerung \u00fcber eine Einrichtung zu ziehen. <\/p>\n<p>Wenn das Gl\u00fcck und das Wohlergehen Ihres Kindes auf dem Spiel stehen, ist es sicher von unsch\u00e4tzbarem Wert, jemanden zu haben, der Sie fachkundig durch den Prozess der Schulwahl und der anschlie\u00dfenden Bewerbung f\u00fchrt. <\/p>\n<p>Bildungsexperten k\u00f6nnen nicht nur wichtige Einblicke geben, sondern auch dabei helfen, die Unterschiede in den Lehrpl\u00e4nen der einzelnen L\u00e4nder zu verstehen, das Ethos bestimmter Schulformen und Einrichtungen zu verstehen und gegebenenfalls Kinder zu unterst\u00fctzen, die eine spezielle Ausbildung ben\u00f6tigen.<\/p>\n<h2><span class=\"ez-toc-section\" id=\"6_Pet_Travel\"><\/span>6. Haustierreisen<span class=\"ez-toc-section-end\"><\/span><\/h2>\n<p><img loading=\"lazy\" decoding=\"async\" width=\"1000\" height=\"667\" src=\"https:\/\/moverdb.com\/wp-content\/uploads\/pet-travel.jpg\" alt=\"Reisen mit Haustieren\" class=\"aligncenter size-full wp-image-3848\" data-wp-pid=\"3848\" srcset=\"https:\/\/moverdb.com\/wp-content\/uploads\/pet-travel.jpg 1000w, https:\/\/moverdb.com\/wp-content\/uploads\/pet-travel-300x200.jpg 300w, https:\/\/moverdb.com\/wp-content\/uploads\/pet-travel-18x12.jpg 18w, https:\/\/moverdb.com\/wp-content\/uploads\/pet-travel-600x400.jpg 600w\" sizes=\"auto, (max-width: 1000px) 100vw, 1000px\" \/><\/p>\n<p>Auch die Mitnahme der pelzigen Familienmitglieder in Ihr neues Land ist eine \u00dcberlegung wert. Immer weniger Fluggesellschaften erlauben heutzutage die Mitnahme von Haustieren in der Kabine, so dass Sie sie zunehmend im Frachtraum bef\u00f6rdern m\u00fcssen. <\/p>\n<p>M\u00f6glicherweise m\u00fcssen Sie auch verschiedene Impfungen vornehmen lassen und die erforderlichen Papiere sowie andere b\u00fcrokratische Formalit\u00e4ten erledigen, bevor die Tiere mit Ihnen in Ihr neues Zuhause ziehen k\u00f6nnen. <\/p>\n<p>Auch hier k\u00f6nnen Sie selbst recherchieren und Ihre Reise organisieren, aber wenn Sie eine Agentur damit beauftragen, k\u00f6nnen Sie sicher sein, dass Ihr Haustier sicher bei Ihnen ankommt. <\/p>\n<p>Die Mitarbeiter von Haustierreiseveranstaltern sind Tierliebhaber und sorgen daf\u00fcr, dass Ihr Haustier so gut versorgt wird, als w\u00e4re es ihr eigenes. Sie halten Sie \u00fcber ihre Fortschritte auf dem Laufenden und schicken Ihnen oft sogar Fotos von Ihrem Haustier, w\u00e4hrend es nicht bei Ihnen ist, damit Sie wissen, dass es gut behandelt wird.<\/p>\n<h2><span class=\"ez-toc-section\" id=\"7_And_what_else\"><\/span>7. Und was noch?<span class=\"ez-toc-section-end\"><\/span><\/h2>\n<p>Die oben genannten Punkte sind nur einige der wichtigsten Aspekte Ihres Umzugs, die organisiert werden m\u00fcssen. Vielleicht brauchen Sie auch Hilfe bei Ihrer steuerlichen Situation oder Sie brauchen Mietm\u00f6bel, um die Zeit zwischen dem Beginn Ihres Mietverh\u00e4ltnisses und der Ankunft Ihrer eigenen M\u00f6bel zu \u00fcberbr\u00fccken. <\/p>\n<p>Sie werden sicherlich Unterst\u00fctzung bei der Einwanderung ben\u00f6tigen, um Ihr Visum, Ihre Arbeitserlaubnis und die \u00f6rtlichen Anmeldungen zu erledigen. Auch f\u00fcr die Er\u00f6ffnung eines Bankkontos ist eine Beratung oder Vermittlung unerl\u00e4sslich, damit Sie Ihr Gehalt \u00fcberweisen und Ihre Miete und Rechnungen abbuchen lassen k\u00f6nnen. <\/p>\n<p>Apropos Versorgungsunternehmen: Wie richten Sie diese in Ihrem neuen Land ein, welche Anbieter sollten Sie nutzen und wie erhalten Sie die besten Angebote? <\/p>\n<p>All diese Dinge k\u00f6nnen zu einem gro\u00dfen Problem nach dem anderen f\u00fchren, aber wenn Sie einen Relocation Agent beauftragen, ist alles ganz einfach. Einige davon k\u00f6nnten Sie sogar ganz vergessen. Deshalb ist ein erfahrener Fachmann, der sich um alles k\u00fcmmert, von unsch\u00e4tzbarem Wert!<\/p>\n<h2><span class=\"ez-toc-section\" id=\"In_conclusion\"><\/span>Zusammenfassend<span class=\"ez-toc-section-end\"><\/span><\/h2>\n<p>Es ist zwar m\u00f6glich, alles selbst zu organisieren, ohne ein Umzugsunternehmen zu beauftragen, aber es ist weitaus stressiger, zeitaufw\u00e4ndiger und weniger wahrscheinlich, dass alles reibungslos verl\u00e4uft, als wenn Sie ein solches Unternehmen beauftragen. Auch wenn die Investition in die Dienste eines Umzugsunternehmens oft als hohe Anfangsinvestition erscheint, werden Sie am Ende des Umzugs feststellen, dass Sie dadurch Zeit, Geld und Stress sparen!<\/p>\n<p>Ein Umzug in ein neues Haus in einer neuen Stadt in einem neuen Land verursacht nat\u00fcrlich auch bei erfahrenen Umzugshelfern eine Menge Unruhe, so dass alles, was Sie tun k\u00f6nnen, um diese zu verringern, ganz zu schweigen von der harten Arbeit und der Zeit, die Sie aufwenden m\u00fcssen, das Geld wert ist. <\/p>\n<p>Einfach ausgedr\u00fcckt: Wenn Sie Ihren Umzug so einfach wie m\u00f6glich gestalten wollen, ist eine Relocation-Agentur der richtige Weg f\u00fcr Sie!<\/p>\n<p><em>Dieser Artikel wurde von Cornerstone, einem in London ans\u00e4ssigen <a href=\"https:\/\/www.cornerstonelondon.com\/\" target=\"_blank\" rel=\"noopener\">Umzugsagentur<\/a> Hilfe f\u00fcr Umziehende in der ganzen Welt.<\/em><\/p>","protected":false},"excerpt":{"rendered":"<p>You&#8217;ve just signed up for a fantastic new position in a glamourous international location. You&#8217;re looking forward to upping sticks, and moving to a new country seems exciting at first, but once you realise exactly how much you have to do in order to get there, it can all seem quite daunting. Let&#8217;s have a [&hellip;]<\/p>\n","protected":false},"author":1,"featured_media":3845,"parent":0,"menu_order":0,"comment_status":"closed","ping_status":"closed","template":"","meta":{"_genesis_hide_title":false,"_genesis_hide_breadcrumbs":false,"_genesis_hide_singular_image":false,"_genesis_hide_footer_widgets":false,"_genesis_custom_body_class":"","_genesis_custom_post_class":"","_genesis_layout":"","footnotes":""},"class_list":{"0":"post-3842","1":"page","2":"type-page","3":"status-publish","4":"has-post-thumbnail","6":"entry"},"_links":{"self":[{"href":"https:\/\/moverdb.com\/de\/wp-json\/wp\/v2\/pages\/3842","targetHints":{"allow":["GET"]}}],"collection":[{"href":"https:\/\/moverdb.com\/de\/wp-json\/wp\/v2\/pages"}],"about":[{"href":"https:\/\/moverdb.com\/de\/wp-json\/wp\/v2\/types\/page"}],"author":[{"embeddable":true,"href":"https:\/\/moverdb.com\/de\/wp-json\/wp\/v2\/users\/1"}],"replies":[{"embeddable":true,"href":"https:\/\/moverdb.com\/de\/wp-json\/wp\/v2\/comments?post=3842"}],"version-history":[{"count":4,"href":"https:\/\/moverdb.com\/de\/wp-json\/wp\/v2\/pages\/3842\/revisions"}],"predecessor-version":[{"id":3849,"href":"https:\/\/moverdb.com\/de\/wp-json\/wp\/v2\/pages\/3842\/revisions\/3849"}],"wp:featuredmedia":[{"embeddable":true,"href":"https:\/\/moverdb.com\/de\/wp-json\/wp\/v2\/media\/3845"}],"wp:attachment":[{"href":"https:\/\/moverdb.com\/de\/wp-json\/wp\/v2\/media?parent=3842"}],"curies":[{"name":"wp","href":"https:\/\/api.w.org\/{rel}","templated":true}]}}