{"id":384,"date":"2016-05-26T14:06:53","date_gmt":"2016-05-26T14:06:53","guid":{"rendered":"http:\/\/moverdb.com\/?page_id=384"},"modified":"2026-01-08T14:40:17","modified_gmt":"2026-01-08T14:40:17","slug":"bewertungen","status":"publish","type":"page","link":"https:\/\/moverdb.com\/de\/reviews\/","title":{"rendered":"MoverDB Internationale Umzugsunternehmen Bewertungen &amp; Bewertungen erkl\u00e4rt"},"content":{"rendered":"<p>Unser Ziel bei MoverDB.com ist es, Ihnen unvoreingenommene Informationen und Bewertungen der weltweit gr\u00f6\u00dften und <a href=\"https:\/\/moverdb.com\/de\/umzugsunternehmen\/\">beste internationale Umzugsunternehmen<\/a>. Zu diesem Zweck haben wir Profile f\u00fcr jeden einzelnen Umzugsunternehmer erstellt.<\/p>\n<p>Jedes Profil enth\u00e4lt die folgenden Informationen:<\/p>\n<ol>\n<li> Von der Firma angebotene Umzugsdienste.<\/li>\n<li> Unternehmensprofil: einschlie\u00dflich Geschichte, Ruf und <a href=\"https:\/\/moverdb.com\/de\/organisationen-verbande\/\">organisationen und zugeh\u00f6rigkeiten<\/a> zusammen mit anderen interessanten Fakten.<\/li>\n<li> Bewertungen aus dem Internet, die Ihnen bei der Auswahl eines besseren Umzugsunternehmens helfen.<\/li>\n<\/ol>\n<p><strong>4. \u00dcberpr\u00fcfung der Website erkl\u00e4rt<\/strong><\/p>\n<p>Schlie\u00dflich enth\u00e4lt MoverDB.com auch eine Website-Bewertung f\u00fcr jeden Mover. Dies ist eine Bewertung der N\u00fctzlichkeit der Website und <strong>spiegelt nicht<\/strong> die Qualit\u00e4t des Umzugsunternehmens selbst. Stattdessen werden die folgenden Punkte ber\u00fccksichtigt:<\/p>\n<ol>\n<li> Klare Kontaktinformationen<\/li>\n<li> Einfaches Einholen eines Kostenvoranschlags<\/li>\n<li> Klare und n\u00fctzliche Informationen auf der Website<\/li>\n<li> Mitgliedschaft in internationalen Umzugsorganisationen<\/li>\n<li> Bewertungen und Zeugnisse<\/li>\n<\/ol>\n<p><em>Bitte verwenden Sie diese auf eigene Gefahr. MoverDB.com \u00fcbernimmt keine Verantwortung f\u00fcr die Richtigkeit der dargestellten Informationen. Au\u00dferdem \u00fcbernehmen wir keine Haftung f\u00fcr die Nutzung der Informationen und Bewertungen auf dieser Website bei der Auswahl eines Umzugsunternehmens. Wir bieten lediglich eine M\u00f6glichkeit zur <a href=\"https:\/\/moverdb.com\/de\/zitate\/\">Vergleich von Umzugsunternehmen mit kostenlosen Kostenvoranschl\u00e4gen<\/a>.<\/em><\/p>","protected":false},"excerpt":{"rendered":"<p>At MoverDB.com our goal is to bring you unbiased information and reviews of the world&#8217;s biggest and best international moving companies. To do this we&#8217;ve created profiles for each and every mover. Each profile includes the following information: Moving services offered by the company. Company profile: including history, reputation and organizations &#038; affiliations along with [&hellip;]<\/p>\n","protected":false},"author":1,"featured_media":0,"parent":0,"menu_order":0,"comment_status":"closed","ping_status":"closed","template":"","meta":{"_genesis_hide_title":false,"_genesis_hide_breadcrumbs":false,"_genesis_hide_singular_image":false,"_genesis_hide_footer_widgets":false,"_genesis_custom_body_class":"","_genesis_custom_post_class":"","_genesis_layout":"","footnotes":""},"class_list":{"0":"post-384","1":"page","2":"type-page","3":"status-publish","5":"entry"},"_links":{"self":[{"href":"https:\/\/moverdb.com\/de\/wp-json\/wp\/v2\/pages\/384","targetHints":{"allow":["GET"]}}],"collection":[{"href":"https:\/\/moverdb.com\/de\/wp-json\/wp\/v2\/pages"}],"about":[{"href":"https:\/\/moverdb.com\/de\/wp-json\/wp\/v2\/types\/page"}],"author":[{"embeddable":true,"href":"https:\/\/moverdb.com\/de\/wp-json\/wp\/v2\/users\/1"}],"replies":[{"embeddable":true,"href":"https:\/\/moverdb.com\/de\/wp-json\/wp\/v2\/comments?post=384"}],"version-history":[{"count":3,"href":"https:\/\/moverdb.com\/de\/wp-json\/wp\/v2\/pages\/384\/revisions"}],"predecessor-version":[{"id":387,"href":"https:\/\/moverdb.com\/de\/wp-json\/wp\/v2\/pages\/384\/revisions\/387"}],"wp:attachment":[{"href":"https:\/\/moverdb.com\/de\/wp-json\/wp\/v2\/media?parent=384"}],"curies":[{"name":"wp","href":"https:\/\/api.w.org\/{rel}","templated":true}]}}