{"id":353,"date":"2016-05-22T20:42:36","date_gmt":"2016-05-22T20:42:36","guid":{"rendered":"http:\/\/moverdb.com\/?page_id=353"},"modified":"2026-01-08T15:20:35","modified_gmt":"2026-01-08T15:20:35","slug":"rim-promover","status":"publish","type":"page","link":"https:\/\/moverdb.com\/de\/rim-promover\/","title":{"rendered":"Die RIM International ProMover-Zertifizierung wird erkl\u00e4rt"},"content":{"rendered":"<p>Die International ProMover-Zertifizierung ist Teil des Registered International Mover (RIM)-Programms, das von der <a href=\"https:\/\/moverdb.com\/de\/amsa\/\">Amerikanische Vereinigung f\u00fcr Umzug und Lagerung<\/a> (<a href=\"https:\/\/moverdb.com\/de\/amsa\/\" data-internallinksmanager029f6b8e52c=\"5\" title=\"American Moving &amp; Storage Association (AMSA) erkl\u00e4rt\">AMSA<\/a>). <\/p>\n<p>Sie soll den Kunden, die internationale Umzugsdienste in Anspruch nehmen, die Auswahl erleichtern und es ihnen erm\u00f6glichen, zwischen den verschiedenen Optionen zu unterscheiden und den richtigen Umzugsdienstleister zu finden.<\/p>\n<p><strong>Wichtige Fakten \u00fcber die Organisation:<\/strong><\/p>\n<ol>\n<li> Mehr als 200 Unternehmen und \u00fcber 1000 Einzelpersonen besitzen derzeit entweder die RIM-Zertifizierung f\u00fcr Unternehmen oder f\u00fcr Einzelpersonen.<\/li>\n<li> Der Registered International Mover ist eine der von der AMSA verwalteten Berufszertifizierungen f\u00fcr Fachleute.<\/li>\n<li> Die AMSA ist der nationale Handelsverband f\u00fcr die amerikanische Umzugs- und Lagerbranche. Die Zertifizierung hat jedoch eine globale Reichweite, und Unternehmen in der ganzen Welt k\u00f6nnen sie beantragen.<\/li>\n<li> Das Programm \"Registered International Mover\" soll universelle Standards setzen f\u00fcr <a href=\"https:\/\/moverdb.com\/de\/moving-companies\/\" data-internallinksmanager029f6b8e52c=\"79\" title=\"Top 25 Internationale Umzugsunternehmen Online\">internationale Umzugsunternehmen<\/a> und ihre Mitarbeiter.<\/li>\n<li> RIM-zertifizierte Unternehmen, die die ProMover-Anforderungen erf\u00fcllen, werden zu \"International ProMovers\".<\/li>\n<li> RIM ist insofern ziemlich einzigartig, als es 1994 von Vertretern der Europ\u00e4ischen Union gegr\u00fcndet wurde. <a href=\"https:\/\/moverdb.com\/de\/hgfaa\/\">HHGFAA<\/a>, NMSA (AMSA), <a href=\"https:\/\/moverdb.com\/de\/employee-relocation-council\/\" data-internallinksmanager029f6b8e52c=\"83\" title=\"Der Weltweite Rat f\u00fcr Arbeitnehmerentsendung (ERC) erkl\u00e4rt\">ERC<\/a>, OMNI, <a href=\"https:\/\/moverdb.com\/de\/fidi-faim\/\">FIDI<\/a> und die 10 gr\u00f6\u00dften Spediteure, eine Mischung aus K\u00e4ufern und konkurrierenden Verk\u00e4ufern.<\/li>\n<p><strong>RIM Organisationsprofil<\/strong><\/p>\n<p>Der Prozess, um RIM-Mitglied zu werden, umfasst strenge Schulungen, Verifizierungen und Tests, die sich darauf konzentrieren, ob die Standards f\u00fcr die Handhabung der Ausr\u00fcstung eingehalten werden und ob ein Unternehmen \u00fcber die Ressourcen verf\u00fcgt, um einen internationalen Umzug auf hohem Niveau durchzuf\u00fchren. <\/p>\n<p>Die Idee hinter der ProMover-Zertifizierung ist, dass sie nur an Unternehmen vergeben wird, die nachweisen k\u00f6nnen, dass sie die h\u00f6chsten ethischen Grunds\u00e4tze und Praktiken der Umzugs- und Lagerungsbranche einhalten. <\/p>\n<p>Das Besondere an der ProMover-Zertifizierung ist, dass sie den Kunden eine standardisierte, unabh\u00e4ngige M\u00f6glichkeit bietet, zwischen verschiedenen Optionen zu unterscheiden und ein qualifiziertes Unternehmen f\u00fcr einen internationalen Umzug auszuw\u00e4hlen, unabh\u00e4ngig davon, wo dieses Unternehmen ans\u00e4ssig ist.<\/p>\n<p><strong>Kriterien f\u00fcr die Mitgliedschaft <\/strong><\/p>\n<ul>\n<li> Mindestens ein Jahr Erfahrung mit internationalen Umzugsdiensten f\u00fcr Haushaltswaren<\/li>\n<li> Unbescholtene Mitgliedschaft bei der AMSA seit mindestens 18 Monaten<\/li>\n<li> Sie m\u00fcssen \u00fcber die erforderliche Betriebserlaubnis verf\u00fcgen, um das Gesch\u00e4ft rechtm\u00e4\u00dfig aus\u00fcben zu k\u00f6nnen, sei es in <a href=\"https:\/\/moverdb.com\/de\/moving-to-the-united-states\/\" data-internallinksmanager029f6b8e52c=\"94\" title=\"Umzug in die Vereinigten Staaten? 2026 Lebenshaltungskosten &amp; Umzugstipps\">US<\/a> oder anderswo.<\/li>\n<li> Bestehen einer schriftlichen Pr\u00fcfung (Einzelperson im Namen des Unternehmens)<\/li>\n<li> Die Einhaltung der RIM-Standards f\u00fcr Ausr\u00fcstung, Einrichtungen und Sicherheitsdokumentation wird bei unangek\u00fcndigten Besuchen vor Ort \u00fcberpr\u00fcft.<\/li>\n<li> Abonnieren Sie den Internationalen ProMover-Ethikkodex<\/li>\n<li> F\u00fcr eine Re-Zertifizierung m\u00fcssen mindestens drei Mitarbeiter zertifiziert sein (B\u00fcroangestellte, Packer oder Crewmitglieder)<\/li>\n<li> BBB-Rating von \"C\" oder besser f\u00fcr Unternehmen, die von der BBB bewertet werden, in L\u00e4ndern, in denen BBB-Ratings verf\u00fcgbar sind<\/li>\n<li> \u00dcberpr\u00fcfung von Beschwerden durch AMSA-Mitarbeiter<\/li>\n<li> Referenzen von Gesch\u00e4ftspartnern sind unerl\u00e4sslich<\/li>\n<\/ul>\n<p><strong>Top 10 Mitgliedsunternehmen<\/strong> (nach Gr\u00f6\u00dfe)<\/p>\n<ol>\n<li> <a href=\"https:\/\/moverdb.com\/de\/united-van-lines\/\">Vereinigte Van Lines<\/a><\/li>\n<li> <a href=\"https:\/\/moverdb.com\/de\/atlas-van-lines-international\/\">Atlas Van Lines International<\/a><\/li>\n<li> <a href=\"https:\/\/moverdb.com\/de\/mayflower-transit\/\">Mayflower Transit<\/a><\/li>\n<li> <a href=\"https:\/\/moverdb.com\/de\/nord-amerikanische-van-lines\/\">North American Van Lines<\/a><\/li>\n<li> <a href=\"https:\/\/moverdb.com\/de\/wheaton\/\">Wheaton World Wide Moving<\/a><\/li>\n<li> <a href=\"https:\/\/moverdb.com\/de\/bekins-van-lines\/\">Bekins Van Lines<\/a><\/li>\n<li> <a href=\"https:\/\/moverdb.com\/de\/graebel-van-lines\/\">Graebel Van Lines<\/a><\/li>\n<li> <a href=\"https:\/\/moverdb.com\/de\/arpin-van-lines\/\">Arpin Van Lines<\/a><\/li>\n<li> <a href=\"https:\/\/moverdb.com\/de\/stevens-weltweit-van-lines\/\">Stevens Worldwide Van Lines<\/a><\/li>\n<li> <a href=\"https:\/\/moverdb.com\/de\/suddath\/\">Suddath<\/a><\/li>\n<li> <a href=\"https:\/\/moverdb.com\/de\/vip-transport\/\">VIP-Transport<\/a><\/li>\n<li> <a href=\"https:\/\/moverdb.com\/de\/royal-hawaiian-movers\/\">Royal Hawaiian Umzugsunternehmen<\/a><\/li>\n<\/ol>\n<p><strong>Meinungen \u00fcber die Organisation<\/strong><\/p>\n<p>Eine Reihe von Umzugsunternehmen f\u00fchrt die RIM-Zertifizierung auf ihren Websites auf, und mehrere Ratgeberseiten verweisen auf sie als Zeichen eines professionellen Umzugsunternehmens. Auf jeder Website, auf der sie erw\u00e4hnt wird, wird auf die strenge Ausbildung und \u00dcberpr\u00fcfung verwiesen, die erforderlich ist, um die Zertifizierung zu erhalten - und aufrechtzuerhalten. <\/p>\n<p>Finanzielle Solidit\u00e4t und der Ruf, qualitativ hochwertige Dienstleistungen zu erbringen, sind zwei weitere Qualit\u00e4ten, die mit der RIM-Zertifizierung von Umzugsunternehmen verbunden werden, die sie auf ihren Websites erw\u00e4hnen. Die meisten betonen, dass die Zertifizierung kontinuierliche Ma\u00dfnahmen erfordert, d. h. st\u00e4ndige Schulungen und Weiterbildungen, sowie die F\u00e4higkeit, stichprobenartige Besuche vor Ort zu bestehen. <\/p>\n<p>Auch die Tatsache, dass die Einhaltung eines strengen Verhaltenskodex erforderlich ist, wird erw\u00e4hnt.<\/p>\n<p>Mehrere Umzugsunternehmen f\u00fchren auch die ProMover-Qualifikation an - das ist wichtig, denn \"Diese Auszeichnung gibt unseren Kunden die Gewissheit, dass sie es mit einem seri\u00f6sen, professionellen Umzugsunternehmen zu tun haben und nicht mit einem unseri\u00f6sen Betr\u00fcger, der sie abzocken will. Ein ProMover zu werden, steht im Einklang mit der langen Geschichte unseres Unternehmens, das seine Kunden fair und ehrlich behandelt.\" <\/p>\n<p>Es wird darauf hingewiesen, dass die Qualifikation es einem Umzugsunternehmen erlaubt, das fettgedruckte gro\u00dfe \"M\"-Logo, das das Kennzeichen eines ProMover ist, in seinen Werbe- und Marketingmaterialien sowie auf seiner Website zu verwenden.<\/p>\n<p>Wie sie von Umzugsunternehmen dargestellt wird:<\/p>\n<blockquote><p>Mit der Agenturzertifizierung wird nachgewiesen, dass eine Agentur \u00fcber ausreichende Ausr\u00fcstung, Einrichtungen und RIM\u00ae-zertifiziertes Personal verf\u00fcgt, um die RIM\u00ae-Mindeststandards zu erf\u00fcllen. Dar\u00fcber hinaus muss ein Hauptgesch\u00e4ftsf\u00fchrer oder ein leitender Angestellter eine Pr\u00fcfung auf der Grundlage des RIM\u00ae-Handbuchs ablegen und nachweisen, dass er\/sie \u00fcber die erforderlichen Kenntnisse zur Abwicklung internationaler Gesch\u00e4fte verf\u00fcgt. Au\u00dferdem muss ein RIM\u00ae-zertifizierter Agent innerhalb von drei Jahren nach der Erstzertifizierung einen RIM\u00ae-zertifizierten Besichtiger, einen Koordinator und mindestens drei zertifizierte internationale Packer besch\u00e4ftigen.<\/p><\/blockquote>\n<p> - <a href=\"http:\/\/www.castinemovers.com\/category\/RIM\/c70\" target=\"_blank\" rel=\"noopener\">Castine Umz\u00fcge<\/a><\/p>\n<blockquote><p>Die Zertifizierung als Registered International Mover (RIM) ist freiwillig. Um zertifiziert zu werden, muss ein Umzugsunternehmen eine strenge Schulung und Pr\u00fcfung durchlaufen. Die Zertifizierung gew\u00e4hrleistet, dass der Inhaber \u00fcber alle Aspekte eines internationalen Umzugs informiert ist.<\/p><\/blockquote>\n<p> - <a href=\"http:\/\/www.newworldvanlines.com\/international.html\" target=\"_blank\" rel=\"noopener\">Neue Welt Van Lines<\/a><\/p>\n<blockquote><p>Um zertifiziert zu bleiben, m\u00fcssen Management und Personal innerhalb von drei Jahren mindestens 15 Stunden an von RIM genehmigten Weiterbildungs- und Schulungsma\u00dfnahmen absolvieren, und die Einrichtungen und Ausr\u00fcstungen des Unternehmens m\u00fcssen alle drei Jahre einer erneuten Inspektion unterzogen werden. Bis heute haben \u00fcber 142 Umzugsunternehmen und Lagerh\u00e4user die erste Stufe des RIM-Programms abgeschlossen.<\/p><\/blockquote>\n<p> - <a href=\"http:\/\/www.movingscam.com\/articles\/planning-an-international-move\" target=\"_blank\" rel=\"noopener\">Umzugs-Betrug<\/a><\/p>\n<blockquote><p>Um sich im Rahmen des RIM-Programms (Registered International Mover) zertifizieren zu lassen, muss ein Umzugsunternehmen finanziell solide sein, einen guten Ruf in Bezug auf die Qualit\u00e4t seiner Dienstleistungen haben und sich an einen strengen Verhaltenskodex halten, der Ihre volle Zufriedenheit gew\u00e4hrleisten soll.<\/p><\/blockquote>\n<p> - <a href=\"http:\/\/taylorinternational.ca\/international-moving-relocation\" target=\"_blank\" rel=\"noopener\">Taylor Internationale Umzugsunternehmen<\/a><\/p>","protected":false},"excerpt":{"rendered":"<p>The International ProMover certification is part of the Registered International Mover (RIM) program created by the American Moving &#038; Storage Association (AMSA). It is aimed to assist customers using international household goods relocation services and is intended to facilitate easier choices, making it simpler to differentiate between the options and find the right mover. Key [&hellip;]<\/p>\n","protected":false},"author":1,"featured_media":0,"parent":0,"menu_order":0,"comment_status":"closed","ping_status":"closed","template":"","meta":{"_genesis_hide_title":false,"_genesis_hide_breadcrumbs":false,"_genesis_hide_singular_image":false,"_genesis_hide_footer_widgets":false,"_genesis_custom_body_class":"","_genesis_custom_post_class":"","_genesis_layout":"","footnotes":""},"class_list":{"0":"post-353","1":"page","2":"type-page","3":"status-publish","5":"entry"},"_links":{"self":[{"href":"https:\/\/moverdb.com\/de\/wp-json\/wp\/v2\/pages\/353","targetHints":{"allow":["GET"]}}],"collection":[{"href":"https:\/\/moverdb.com\/de\/wp-json\/wp\/v2\/pages"}],"about":[{"href":"https:\/\/moverdb.com\/de\/wp-json\/wp\/v2\/types\/page"}],"author":[{"embeddable":true,"href":"https:\/\/moverdb.com\/de\/wp-json\/wp\/v2\/users\/1"}],"replies":[{"embeddable":true,"href":"https:\/\/moverdb.com\/de\/wp-json\/wp\/v2\/comments?post=353"}],"version-history":[{"count":22,"href":"https:\/\/moverdb.com\/de\/wp-json\/wp\/v2\/pages\/353\/revisions"}],"predecessor-version":[{"id":6232,"href":"https:\/\/moverdb.com\/de\/wp-json\/wp\/v2\/pages\/353\/revisions\/6232"}],"wp:attachment":[{"href":"https:\/\/moverdb.com\/de\/wp-json\/wp\/v2\/media?parent=353"}],"curies":[{"name":"wp","href":"https:\/\/api.w.org\/{rel}","templated":true}]}}