{"id":351,"date":"2016-05-22T21:04:36","date_gmt":"2016-05-22T21:04:36","guid":{"rendered":"http:\/\/moverdb.com\/?page_id=351"},"modified":"2026-01-08T14:40:12","modified_gmt":"2026-01-08T14:40:12","slug":"mcgimpsey-bruder-umzuge","status":"publish","type":"page","link":"https:\/\/moverdb.com\/de\/mcgimpsey-brothers-removals\/","title":{"rendered":"McGimpsey Brothers Umz\u00fcge: Internationale Umz\u00fcge Bewertungen"},"content":{"rendered":"<p>McGimpsey Brothers Removals bietet seinen Kunden die folgenden Dienstleistungen bei Umz\u00fcgen ins Ausland und vor Ort, sowohl f\u00fcr Privatpersonen als auch f\u00fcr Unternehmen. Ein Unternehmensprofil und Bewertungen folgen im Abschnitt \"Dienstleistungen\".<\/p>\n<p><strong>Umzug nach \u00dcbersee<\/strong><\/p>\n<ul>\n<li> T\u00e4gliche Luft- und Seefracht<\/li>\n<li> Spezialisierte Exportverpackung, Etikettierung und Verladung<\/li>\n<li> Versand und Zollabfertigung<\/li>\n<li> Anlieferung, Auspacken und Aufstellen, Beseitigung von Abf\u00e4llen<\/li>\n<li> Versicherungsschutz<\/li>\n<li> Pers\u00f6nlicher, engagierter Berater<\/li>\n<\/ul>\n<p><strong>Umzug innerhalb Europas<\/strong><\/p>\n<ul>\n<li> Von T\u00fcr zu T\u00fcr<\/li>\n<li> Hochmoderne, speziell angefertigte Umzugsfahrzeuge<\/li>\n<li> Hochsicherheitstracker und Satellitennavigationssysteme<\/li>\n<li> Einpacken und Auspacken<\/li>\n<li> Versicherungsschutz<\/li>\n<li> Pers\u00f6nlicher, engagierter Berater<\/li>\n<\/ul>\n<p><strong>Firmen- und Gesch\u00e4ftsumz\u00fcge<\/strong><\/p>\n<ul>\n<li> Verlagerung von Unternehmen weltweit<\/li>\n<li> Verlagerung von Mitarbeitern weltweit<\/li>\n<li> Pers\u00f6nlicher, engagierter Berater<\/li>\n<\/ul>\n<p><strong>Innere Bewegung <a href=\"https:\/\/moverdb.com\/de\/moving-to-ireland\/\" data-internallinksmanager029f6b8e52c=\"320\" title=\"Umzug nach Irland? 2026 Lebenshaltungskosten &amp; Umzugstipps\">Irland<\/a><\/strong><\/p>\n<ul>\n<li> Von T\u00fcr zu T\u00fcr<\/li>\n<li> Einpacken und Auspacken<\/li>\n<li> Versicherung<\/li>\n<li> Pers\u00f6nlicher, engagierter Berater<\/li>\n<\/ul>\n<p><strong>Umzug <a href=\"https:\/\/moverdb.com\/de\/moving-to-isle-of-man\/\" data-internallinksmanager029f6b8e52c=\"339\" title=\"Umzug auf die Isle of Man? 2026 Lebenshaltungskosten &amp; Umzugstipps\">Isle of Man<\/a> und die Kanalinseln<\/strong><\/p>\n<ul>\n<li> Von T\u00fcr zu T\u00fcr<\/li>\n<li> Einpacken und Auspacken<\/li>\n<li> Zollabfertigung<\/li>\n<li> Versicherung<\/li>\n<li> Pers\u00f6nlicher, engagierter Berater<\/li>\n<\/ul>\n<p><strong>Lagerung<\/strong><\/p>\n<ul>\n<li> Lagerung von Dokumenten und Archiven<\/li>\n<li> Selbsteinlagerung<\/li>\n<li> Gesch\u00e4ftliche Lagerung<\/li>\n<li> Lagerung im Lager<\/li>\n<\/ul>\n<h2>McGimpsey Umz\u00fcge Unternehmensprofil<\/h2>\n<p>McGimpsey Removals bezeichnet sich selbst als eine F\u00fcnf-Sterne-Boutique <a href=\"https:\/\/moverdb.com\/de\/moving-companies\/\" data-internallinksmanager029f6b8e52c=\"79\" title=\"Top 25 Internationale Umzugsunternehmen Online\">Umzugsunternehmen<\/a> die ihren Kunden einen erstklassigen Service bieten. Das Unternehmen ist seit 30 Jahren t\u00e4tig und setzt auf erstklassige Transporte, Verpackungen und gut geschultes, f\u00fcrsorgliches Personal.<\/p>\n<p>McGimpsey Removals ist nicht nur bestrebt, Privatpersonen und Unternehmen, die ins Ausland oder ins Inland umziehen, den bestm\u00f6glichen Service zu bieten, sondern achtet auch sorgf\u00e4ltig auf seinen \u00f6kologischen Fu\u00dfabdruck.<\/p>\n<p>McGimpsey Umz\u00fcge Mitgliedschaften und Akkreditierungen:<\/p>\n<ul>\n<li> <a href=\"https:\/\/moverdb.com\/de\/britische-vereinigung-der-entferner\/\">Der britische Verband der M\u00f6belpacker<\/a> (<a href=\"https:\/\/moverdb.com\/de\/british-association-of-removers\/\" data-internallinksmanager029f6b8e52c=\"9\" title=\"British Association of Removers (BAR) erkl\u00e4rt\">BAR<\/a>)<\/li>\n<li> <a href=\"https:\/\/moverdb.com\/de\/fidi-faim\/\">FIDI<\/a><\/li>\n<li> <a href=\"https:\/\/moverdb.com\/de\/ich-bin\/\">Internationaler Verband der Spediteure (IAM)<\/a><\/li>\n<li> <a href=\"https:\/\/moverdb.com\/de\/mtc\/\">Der Movers Trading Club<\/a> (<a href=\"https:\/\/moverdb.com\/de\/mtc\/\" data-internallinksmanager029f6b8e52c=\"30\" title=\"Movers Trading Club (MTC) Erl\u00e4utert\">MTC<\/a>)<\/li>\n<li> Die Vereinigung f\u00fcr Arbeitskr\u00e4ftemobilit\u00e4t <\/li>\n<\/ul>\n<h2>McGimpsey Brothers Umz\u00fcge Bewertungen<\/h2>\n<p><strong>Positiv<\/strong><\/p>\n<p><em>\"Dieses Unternehmen war von Anfang bis Ende hervorragend. Die Umzugsberaterin war hilfsbereit, kenntnisreich und hat immer schnell geantwortet und mich auf dem Laufenden gehalten, sogar nachdem alles geliefert wurde, hat sie mir gemailt, um sich zu vergewissern, dass ich zufrieden war.\"<\/em> - Elisabeth Heib \u00fcber <a href=\"https:\/\/plus.google.com\/111359327014801398449\/reviews\" target=\"_blank\" rel=\"noopener\">Google-Bewertungen<\/a><\/p>\n<p><strong>Negativ<\/strong><\/p>\n<p><em>\"Ich hatte eine schreckliche Erfahrung mit dieser Firma! Sie sind sehr hilfsbereit, wenn sie Ihre Buchung wollen und versprechen viel, aber leider halten sie wenig. Ich habe sie f\u00fcr den Transport einiger schwerer kommerzieller Trainingsger\u00e4te von Irland in die <a href=\"https:\/\/moverdb.com\/de\/moving-to-the-uk\/\" data-internallinksmanager029f6b8e52c=\"93\" title=\"Umzug in das Vereinigte K\u00f6nigreich? 2026 Lebenshaltungskosten &amp; Umzugstipps\">UK<\/a> und ...\"<\/em> - Chantelle Smith \u00fcber <a href=\"https:\/\/plus.google.com\/100947701157660629611\/reviews\" target=\"_blank\" rel=\"noopener\">Google-Bewertungen<\/a><\/p>\n<div itemprop=\"review\" itemscope itemtype=\"http:\/\/schema.org\/Review\">\n<span itemprop=\"author\" itemscope=\"\" itemtype=\"http:\/\/schema.org\/Organization\"><span itemprop=\"name\">MoverDB.com<\/span><\/span> Online Website \u00dcberpr\u00fcfung f\u00fcr <span itemprop=\"itemreviewed\" itemscope=\"\" itemtype=\"http:\/\/schema.org\/Brand\"><span itemprop=\"name\">McGimpsey Brothers Umz\u00fcge<\/span><\/span>:<\/p>\n<ol>\n<li> Klare Kontaktangaben auf der Website (einschlie\u00dflich Telefonnummer): <strong>Ja<\/strong><\/li>\n<li> Leicht zu bekommen <a href=\"https:\/\/moverdb.com\/de\/zitate\/\">Angebote f\u00fcr internationale Umz\u00fcge<\/a>? (Online-Formular f\u00fcr Kostenvoranschl\u00e4ge): <strong>Ja<\/strong><\/li>\n<li> Klare Informationen auf der Website: <strong>Teilweise<\/strong>. Die Informationen sind l\u00fcckenhaft, aber auf Anfrage werden weitere Informationen zur Verf\u00fcgung gestellt.<\/li>\n<li> Mitgliedschaft in international anerkannten Umzugsorganisationen: <strong>Ja<\/strong>, siehe oben.<\/li>\n<li> Liste der Kunden und\/oder Zeugnisse von fr\u00fcheren Kunden: <strong>Ja<\/strong> Es gibt keine Kundenliste, aber es gibt Erfahrungsberichte von fr\u00fcheren Kunden.<\/li>\n<\/ol>\n<div itemprop=\"reviewRating\" itemscope itemtype=\"http:\/\/schema.org\/Rating\"><meta itemprop=\"worstRating\" content = \"0\" \/><meta itemprop=\"bestRating\" content=\"5\" \/><meta itemprop=\"ratingValue\" content=\"4\"><\/div>\n<p><strong>Gesamtbewertung: 4\/5<\/strong><br \/>\n<strong>Datum der \u00dcberpr\u00fcfung:<\/strong> <span itemprop=\"datePublished\" content=\"2016-05-22\">22\/05\/2016<\/span><\/p>\n<\/div>\n<p>Mehr \u00fcber <a href=\"https:\/\/moverdb.com\/de\/internationale-umzuge\/\">UK Umzugsunternehmen<\/a> und unsere <a href=\"https:\/\/moverdb.com\/de\/bewertungen\/\">\u00dcberpr\u00fcfungsprozess erkl\u00e4rt<\/a>.<\/p>\n<p><strong>Website:<\/strong> <a href=\"https:\/\/www.mcgimpseys.com\/\" target=\"_blank\" rel=\"noopener\">https:\/\/www.mcgimpseys.com\/<\/a><\/p>","protected":false},"excerpt":{"rendered":"<p>McGimpsey Brothers Removals offers clients the following services when relocating abroad and locally, for both individuals and businesses. A company profile and reviews follow the services section. Moving Overseas Daily air and sea freight Specialist export packing, labelling and loading Shipping and customs clearance Delivery, unpacking and setting up, removal of rubbish Insurance cover Personal [&hellip;]<\/p>\n","protected":false},"author":1,"featured_media":0,"parent":0,"menu_order":0,"comment_status":"closed","ping_status":"closed","template":"","meta":{"_genesis_hide_title":false,"_genesis_hide_breadcrumbs":false,"_genesis_hide_singular_image":false,"_genesis_hide_footer_widgets":false,"_genesis_custom_body_class":"","_genesis_custom_post_class":"","_genesis_layout":"","footnotes":""},"class_list":{"0":"post-351","1":"page","2":"type-page","3":"status-publish","5":"entry"},"_links":{"self":[{"href":"https:\/\/moverdb.com\/de\/wp-json\/wp\/v2\/pages\/351","targetHints":{"allow":["GET"]}}],"collection":[{"href":"https:\/\/moverdb.com\/de\/wp-json\/wp\/v2\/pages"}],"about":[{"href":"https:\/\/moverdb.com\/de\/wp-json\/wp\/v2\/types\/page"}],"author":[{"embeddable":true,"href":"https:\/\/moverdb.com\/de\/wp-json\/wp\/v2\/users\/1"}],"replies":[{"embeddable":true,"href":"https:\/\/moverdb.com\/de\/wp-json\/wp\/v2\/comments?post=351"}],"version-history":[{"count":10,"href":"https:\/\/moverdb.com\/de\/wp-json\/wp\/v2\/pages\/351\/revisions"}],"predecessor-version":[{"id":13176,"href":"https:\/\/moverdb.com\/de\/wp-json\/wp\/v2\/pages\/351\/revisions\/13176"}],"wp:attachment":[{"href":"https:\/\/moverdb.com\/de\/wp-json\/wp\/v2\/media?parent=351"}],"curies":[{"name":"wp","href":"https:\/\/api.w.org\/{rel}","templated":true}]}}