{"id":350,"date":"2016-05-22T20:57:46","date_gmt":"2016-05-22T20:57:46","guid":{"rendered":"http:\/\/moverdb.com\/?page_id=350"},"modified":"2026-01-08T15:20:55","modified_gmt":"2026-01-08T15:20:55","slug":"shore-porters-society","status":"publish","type":"page","link":"https:\/\/moverdb.com\/de\/shore-porters-society\/","title":{"rendered":"Die Shore Porters Society Internationaler Umzug &amp; Umz\u00fcge Bewertungen"},"content":{"rendered":"<p>Die Shore Porters Society bietet folgende Dienstleistungen f\u00fcr Menschen an, die ins Ausland, in die Region oder auf lokaler Ebene umziehen. Sie k\u00f6nnen auch ein Unternehmensprofil und Bewertungen der Dienstleistungen einsehen.<\/p>\n<p><strong>Firmen- und Privatumz\u00fcge ins Ausland<\/strong><\/p>\n<ul>\n<li> Umfrage vor dem Umzug<\/li>\n<li> Dienst von T\u00fcr zu T\u00fcr<\/li>\n<li> See- oder Luftfracht<\/li>\n<li> Verschiedene Verpackungsoptionen<\/li>\n<li> Speicheroptionen<\/li>\n<li> Unterst\u00fctzung bei der Dokumentation f\u00fcr das Zielland<\/li>\n<li> Eingehende Kenntnis der Vorschriften und Bestimmungen des Ziellandes<\/li>\n<li> Abgetrennte und wieder angeschlossene IT-Ger\u00e4te am Zielort<\/li>\n<li> Versicherung<\/li>\n<\/ul>\n<p><strong>Kunst und Antiquit\u00e4ten<\/strong><\/p>\n<ul>\n<li> Fachwissen \u00fcber Verpackung und Versand<\/li>\n<li> Begleitung der Kunden beim Einkauf, um die korrekte Verpackung sicherzustellen<\/li>\n<li> Beratung zur Dokumentation<\/li>\n<li> Zollabfertigung im Bestimmungsland<\/li>\n<\/ul>\n<p><strong>Lagerung<\/strong><\/p>\n<ul>\n<li> Lagerung von Containern<\/li>\n<li> Konventionelle Lagerung<\/li>\n<li> Kommerzielle Lagerung<\/li>\n<li> Archivierung<\/li>\n<li> Lock 'n' Leave - freier Zugang w\u00e4hrend der B\u00fcrozeiten<\/li>\n<li> Kiste mieten<\/li>\n<li> Lagerung von Paletten<\/li>\n<\/ul>\n<p><strong>Lokale Umz\u00fcge<\/strong><\/p>\n<ul>\n<li> Dienst von T\u00fcr zu T\u00fcr<\/li>\n<li> Verschiedene Verpackungsoptionen<\/li>\n<li> Versicherung abgeschlossen<\/li>\n<\/ul>\n<h2>Das Unternehmensprofil der Shore Porters Society<\/h2>\n<p>Die Shore Porters Society wurde 1498, also vor \u00fcber 500 Jahren, gegr\u00fcndet. Sie r\u00fchmt sich damit, das \u00e4lteste Transportunternehmen der Welt zu sein. Ihr Ursprung ist eine Genossenschaft von Tr\u00e4gern, die ihr Handwerk im Hafen von Aberdeen aus\u00fcbten. <\/p>\n<p>Bis Mitte des neunzehnten Jahrhunderts stand das Unternehmen unter der Schirmherrschaft des Stadtrats von Aberdeen. Jahrhunderts unter der Schirmherrschaft des Stadtrats von Aberdeen. Heute ist es ein privates Unternehmen, das unter anderem Transporte, Umz\u00fcge, Immobilien und Lagerhaltung anbietet.<\/p>\n<p>Das Unternehmen verf\u00fcgt \u00fcber eine Flotte von 30 Lastkraftwagen und Lieferwagen, die von Aberdeen und Richmond an der Themse aus operieren, sowie \u00fcber 11 Lagerh\u00e4user in der ganzen Welt. <a href=\"https:\/\/moverdb.com\/de\/moving-to-the-uk\/\" data-internallinksmanager029f6b8e52c=\"93\" title=\"Umzug in das Vereinigte K\u00f6nigreich? 2026 Lebenshaltungskosten &amp; Umzugstipps\">UK<\/a>. <\/p>\n<p>Das Unternehmen unterh\u00e4lt gute Beziehungen zu gro\u00dfen Auktionsh\u00e4usern in der ganzen Welt und ist stolz auf sein Fachwissen, wenn es um den Versand von Kunstwerken und Antiquit\u00e4ten geht.<\/p>\n<p>Im Folgenden finden Sie eine Liste der Akkreditierungen und Mitgliedschaften der Shore Porters Society:<\/p>\n<ul>\n<li> <a href=\"https:\/\/moverdb.com\/de\/britische-vereinigung-der-entferner\/\">Der britische Verband der Umzugsunternehmen (BAR)<\/a><\/li>\n<li> Finanziell gebunden an <a href=\"https:\/\/moverdb.com\/de\/bar-over-see\/\">BAR Overseas Gruppe<\/a><\/li>\n<li> <a href=\"https:\/\/moverdb.com\/de\/fidi-faim\/\">FIDI<\/a><\/li>\n<li> <a href=\"https:\/\/moverdb.com\/de\/ich-bin\/\">Der Internationale Verband der M\u00f6belspediteure (IAM)<\/a><\/li>\n<li> Zertifizierung des Qualit\u00e4tssystems ISO9001<\/li>\n<li> <a href=\"https:\/\/moverdb.com\/de\/frachttransport-verband\/\">FTA-Mitglied<\/a><\/li>\n<\/ul>\n<h2>The Shore Porters Society Rezensionen<\/h2>\n<p>Bitte beachten Sie, dass in den letzten 12 Monaten keine neuen Bewertungen f\u00fcr The Shore Porters Society online gestellt wurden.<\/p>\n<div itemprop=\"review\" itemscope itemtype=\"http:\/\/schema.org\/Review\">\n<span itemprop=\"author\" itemscope=\"\" itemtype=\"http:\/\/schema.org\/Organization\"><span itemprop=\"name\">MoverDB.com<\/span><\/span> Online Website \u00dcberpr\u00fcfung f\u00fcr <span itemprop=\"itemreviewed\" itemscope=\"\" itemtype=\"http:\/\/schema.org\/Brand\"><span itemprop=\"name\">Die Gesellschaft der Landtr\u00e4ger<\/span><\/span>:<\/p>\n<ol>\n<li> Klare Kontaktangaben auf der Website (einschlie\u00dflich Telefonnummer): <strong>Ja<\/strong><\/li>\n<li> Leicht zu bekommen <a href=\"https:\/\/moverdb.com\/de\/zitate\/\">Angebote f\u00fcr internationale Umz\u00fcge<\/a>? (Online-Formular f\u00fcr Kostenvoranschl\u00e4ge): <strong>Ja<\/strong><\/li>\n<li> Klare Informationen auf der Website: <strong>Teilweise<\/strong>. Die Website enth\u00e4lt vage Informationen mit der Aufforderung, das Unternehmen f\u00fcr weitere Einzelheiten zu kontaktieren.<\/li>\n<li> Mitgliedschaft in international anerkannten Umzugsorganisationen: <strong>Ja<\/strong>, siehe oben.<\/li>\n<li> Liste der Kunden und\/oder Zeugnisse von fr\u00fcheren Kunden: <strong>Nein.<\/strong><\/li>\n<\/ol>\n<div itemprop=\"reviewRating\" itemscope itemtype=\"http:\/\/schema.org\/Rating\"><meta itemprop=\"worstRating\" content = \"0\" \/><meta itemprop=\"bestRating\" content=\"5\" \/><meta itemprop=\"ratingValue\" content=\"4\"><\/div>\n<p><strong>Gesamtbewertung: 4\/5<\/strong><br \/>\n<strong>Datum der \u00dcberpr\u00fcfung:<\/strong> <span itemprop=\"datePublished\" content=\"2016-05-22\">22\/05\/2016<\/span><\/p>\n<\/div>\n<p>Mehr \u00fcber <a href=\"https:\/\/moverdb.com\/de\/internationale-umzuge\/\">UK Umzugsunternehmen<\/a> und unsere <a href=\"https:\/\/moverdb.com\/de\/bewertungen\/\">\u00dcberpr\u00fcfungsprozess erkl\u00e4rt<\/a>.<\/p>\n<p><strong>Website:<\/strong> <a href=\"https:\/\/www.shoreporters.com\/\" target=\"_blank\" rel=\"noopener\">https:\/\/www.shoreporters.com<\/a><\/p>","protected":false},"excerpt":{"rendered":"<p>The Shore Porters Society offers the following services for people moving abroad, regionally and locally. There is also a company profile and service reviews to peruse. Corporate and Personal Moves Abroad Pre-Move survey Door to door service Ocean or Air Freight Various packing options Storage options Assistance with documentation for destination country In depth knowledge [&hellip;]<\/p>\n","protected":false},"author":1,"featured_media":0,"parent":0,"menu_order":0,"comment_status":"closed","ping_status":"closed","template":"","meta":{"_genesis_hide_title":false,"_genesis_hide_breadcrumbs":false,"_genesis_hide_singular_image":false,"_genesis_hide_footer_widgets":false,"_genesis_custom_body_class":"","_genesis_custom_post_class":"","_genesis_layout":"","footnotes":""},"class_list":{"0":"post-350","1":"page","2":"type-page","3":"status-publish","5":"entry"},"_links":{"self":[{"href":"https:\/\/moverdb.com\/de\/wp-json\/wp\/v2\/pages\/350","targetHints":{"allow":["GET"]}}],"collection":[{"href":"https:\/\/moverdb.com\/de\/wp-json\/wp\/v2\/pages"}],"about":[{"href":"https:\/\/moverdb.com\/de\/wp-json\/wp\/v2\/types\/page"}],"author":[{"embeddable":true,"href":"https:\/\/moverdb.com\/de\/wp-json\/wp\/v2\/users\/1"}],"replies":[{"embeddable":true,"href":"https:\/\/moverdb.com\/de\/wp-json\/wp\/v2\/comments?post=350"}],"version-history":[{"count":12,"href":"https:\/\/moverdb.com\/de\/wp-json\/wp\/v2\/pages\/350\/revisions"}],"predecessor-version":[{"id":6246,"href":"https:\/\/moverdb.com\/de\/wp-json\/wp\/v2\/pages\/350\/revisions\/6246"}],"wp:attachment":[{"href":"https:\/\/moverdb.com\/de\/wp-json\/wp\/v2\/media?parent=350"}],"curies":[{"name":"wp","href":"https:\/\/api.w.org\/{rel}","templated":true}]}}