{"id":349,"date":"2016-05-22T20:51:02","date_gmt":"2016-05-22T20:51:02","guid":{"rendered":"http:\/\/moverdb.com\/?page_id=349"},"modified":"2026-01-08T15:20:48","modified_gmt":"2026-01-08T15:20:48","slug":"team-umzuge","status":"publish","type":"page","link":"https:\/\/moverdb.com\/de\/team-relocations\/","title":{"rendered":"Team Relocations Internationaler Umzug &amp; Umz\u00fcge Bewertungen"},"content":{"rendered":"<p>Team Relocations bietet die folgenden Umzugsdienstleistungen f\u00fcr Privatpersonen und Unternehmen an, die Mitarbeiter oder ganze B\u00fcros ins Ausland verlegen. Lesen Sie das Unternehmensprofil und die Bewertungen von Team Locations weiter unten.<\/p>\n<p><strong>Pers\u00f6nliche und gesch\u00e4ftliche Umz\u00fcge<\/strong><\/p>\n<ul>\n<li> Beratungsdienst mit individuellen L\u00f6sungen f\u00fcr Umz\u00fcge<\/li>\n<li> Strategisches Umzugsmanagement<\/li>\n<li> Erweiterte webZone-Technologie<\/li>\n<li> Verpackung und Versand<\/li>\n<li> Versicherung abgeschlossen<\/li>\n<\/ul>\n<p><strong>Immobilien-Dienstleistungen<\/strong><\/p>\n<ul>\n<li> Home Suche<\/li>\n<li> Mietvertragsverhandlungen &amp; Verl\u00e4ngerungen<\/li>\n<li> Inventar Check-in\/out<\/li>\n<li> M\u00f6bel- und Ger\u00e4temiete<\/li>\n<li> Vor\u00fcbergehende Unterbringung<\/li>\n<li> Abreise-Programme<\/li>\n<li> Management des Hausverkaufs<\/li>\n<li> Verwaltung von Immobilien <\/li>\n<li> Programm zum garantierten Hausverkauf<\/li>\n<\/ul>\n<p><strong>Eingew\u00f6hnung<\/strong><\/p>\n<ul>\n<li> Orientierung<\/li>\n<li> Informationen zum Reiseziel<\/li>\n<li> Kulturelle Briefings<\/li>\n<li> Sprachtraining<\/li>\n<li> Umzugsmanagement<\/li>\n<li> Handwerker\/Hilfsdienste<\/li>\n<\/ul>\n<p><strong>Programme f\u00fcr Familien<\/strong><\/p>\n<ul>\n<li> Bildungsforschung und Registrierung<\/li>\n<li> Umsiedlung von Haustieren<\/li>\n<li> Unterst\u00fctzung der Partner<\/li>\n<\/ul>\n<p><strong>Lagerungsdienste<\/strong><\/p>\n<ul>\n<li> Spezialisierte Lagerung<\/li>\n<li> Archivierung und Aufbewahrung von Dokumenten<\/li>\n<li> Traditionelle Lagerung<\/li>\n<\/ul>\n<p><strong>Spezialisierte Dienstleistungen<\/strong><\/p>\n<ul>\n<li> Globale Umz\u00fcge f\u00fcr den privaten Versender<\/li>\n<li> Gesch\u00e4fts- und B\u00fcroumz\u00fcge und Verlagerungen<\/li>\n<li> Krankenhausumzug<\/li>\n<li> H\u00e4usliche Lagerung<\/li>\n<li> Lagerung von Dokumenten und Archiven<\/li>\n<\/ul>\n<p><strong>Zus\u00e4tzliche Dienstleistungen<\/strong><\/p>\n<ul>\n<li> Leiterlifte f\u00fcr schwierigen Zugang<\/li>\n<li> Verpackung von Kunst und Antiquit\u00e4ten<\/li>\n<li> Elektrikerdienste, einschlie\u00dflich<\/li>\n<li> Austausch von Steckern zur Anpassung an lokale Steckdosen<\/li>\n<li> Neuverdrahtung von Lampen und Ger\u00e4ten<\/li>\n<li> Bereitstellung von Transformatoren<\/li>\n<li> Handwerker<\/li>\n<li> Dienstm\u00e4dchen<\/li>\n<li> Klavierstimmung<\/li>\n<li> Installation\/Demontage von Satellitensch\u00fcsseln<\/li>\n<li> Reinigungsteams<\/li>\n<li> Abholung im B\u00fcro<\/li>\n<li> Wohlt\u00e4tigkeitsboxen<\/li>\n<li> <a href=\"https:\/\/moverdb.com\/de\/auto-transport-versand\/\">Transport von Fahrzeugen<\/a> und Lagerung<\/li>\n<\/ul>\n<h2>Team Relocation Firmenprofil<\/h2>\n<p>Team Relocation wurde 1977 gegr\u00fcndet und ist heute einer der gr\u00f6\u00dften Relocation- und <a href=\"https:\/\/moverdb.com\/de\/international-removals\/\" data-internallinksmanager029f6b8e52c=\"27\" title=\"36 Beste internationale Umzugsunternehmen in Gro\u00dfbritannien\">Umzugsunternehmen<\/a> auf der ganzen Welt. Team Location hat Niederlassungen in 13 L\u00e4ndern, und viele prominente Pers\u00f6nlichkeiten, multinationale Unternehmen und Regierungsbeh\u00f6rden nutzen das Unternehmen f\u00fcr Personal- und Unternehmensverlagerungen ins Ausland und in andere Regionen. <\/p>\n<p>Team Relocation arbeitet nur mit Partnern zusammen, die dieselben Grundwerte wie das Unternehmen vertreten, darunter Exzellenz, Integrit\u00e4t, Verantwortung und Sicherheit. Das Unternehmen konzentriert sich auf Relocation, Umzug und Spezialdienstleistungen. <\/p>\n<p>Das Unternehmen setzt sich auch stark f\u00fcr die internationalen Menschenrechte ein und unterst\u00fctzt zahlreiche Wohlt\u00e4tigkeitsorganisationen in aller Welt.<\/p>\n<p>Die Akkreditierungen und Zugeh\u00f6rigkeiten der Teamstandorte sind unten aufgef\u00fchrt:<\/p>\n<ul>\n<li> <a href=\"https:\/\/moverdb.com\/de\/britische-vereinigung-der-entferner\/\">Der britische Verband der Umzugsunternehmen (BAR)<\/a><\/li>\n<li> DBA<\/li>\n<li> Die <a href=\"https:\/\/moverdb.com\/de\/mtc\/\">Movers Trading Club<\/a> (<a href=\"https:\/\/moverdb.com\/de\/mtc\/\" data-internallinksmanager029f6b8e52c=\"30\" title=\"Movers Trading Club (MTC) Erl\u00e4utert\">MTC<\/a>)<\/li>\n<li> <a href=\"https:\/\/moverdb.com\/de\/fidi-faim\/\">FAIM<\/a><\/li>\n<li> <a href=\"https:\/\/moverdb.com\/de\/fidi-faim\/\">FIDI<\/a><\/li>\n<li> Der weltweite Mobilit\u00e4tsverband <\/li>\n<li> <a href=\"https:\/\/moverdb.com\/de\/ich-bin\/\">Internationaler Verband der Spediteure (IAM)<\/a><\/li>\n<li> OMNI<\/li>\n<\/ul>\n<h2>Team Relocations Bewertungen<\/h2>\n<p><em>Im Moment konnten wir keine Bewertungen f\u00fcr Team Relocations finden, die irgendwo anders im Internet ver\u00f6ffentlicht wurden.<\/em><\/p>\n<div itemprop=\"review\" itemscope itemtype=\"http:\/\/schema.org\/Review\">\n<span itemprop=\"author\" itemscope=\"\" itemtype=\"http:\/\/schema.org\/Organization\"><span itemprop=\"name\">MoverDB.com<\/span><\/span> Online Website \u00dcberpr\u00fcfung f\u00fcr <span itemprop=\"itemreviewed\" itemscope=\"\" itemtype=\"http:\/\/schema.org\/Brand\"><span itemprop=\"name\">Team Umz\u00fcge<\/span><\/span>:<\/p>\n<ol>\n<li> Klare Kontaktangaben auf der Website (einschlie\u00dflich Telefonnummer): <strong>Ja<\/strong><\/li>\n<li> Leicht zu bekommen <a href=\"https:\/\/moverdb.com\/de\/zitate\/\">Angebote f\u00fcr internationale Umz\u00fcge<\/a>? (Online-Formular f\u00fcr Kostenvoranschl\u00e4ge): <strong>Ja<\/strong><\/li>\n<li> Klare Informationen auf der Website: <strong>Ja<\/strong>. Eine informative Website, aber detaillierte Informationen m\u00fcssen direkt beim Unternehmen eingeholt werden.<\/li>\n<li> Mitgliedschaft in international anerkannten Umzugsorganisationen: <strong>Ja<\/strong>, siehe oben.<\/li>\n<li> Liste der Kunden und\/oder Zeugnisse von fr\u00fcheren Kunden: <strong>Nein.<\/strong><\/li>\n<\/ol>\n<div itemprop=\"reviewRating\" itemscope itemtype=\"http:\/\/schema.org\/Rating\"><meta itemprop=\"worstRating\" content = \"0\" \/><meta itemprop=\"bestRating\" content=\"5\" \/><meta itemprop=\"ratingValue\" content=\"4\"><\/div>\n<p><strong>Gesamtbewertung: 4\/5<\/strong><br \/>\n<strong>Datum der \u00dcberpr\u00fcfung:<\/strong> <span itemprop=\"datePublished\" content=\"2016-05-22\">22\/05\/2016<\/span><\/p>\n<\/div>\n<p>Mehr \u00fcber <a href=\"https:\/\/moverdb.com\/de\/umzugsunternehmen\/\">internationale Umzugsunternehmen<\/a> und unsere <a href=\"https:\/\/moverdb.com\/de\/bewertungen\/\">\u00dcberpr\u00fcfungsprozess erkl\u00e4rt<\/a>.<\/p>\n<p><strong>Website:<\/strong> <a href=\"http:\/\/www.teamrelocations.com\/\" target=\"_blank\" rel=\"noopener\">http:\/\/www.teamrelocations.com<\/a><\/p>","protected":false},"excerpt":{"rendered":"<p>Team Relocations offers the following moving services for individuals and corporates moving personnel or whole offices abroad. Read Team Locations&#8217; company profile and reviews below. Personal and Corporate Moves Consultancy service offering individual solutions to moving Strategic relocation management Advanced webZone technology Packing and shipping Insurance arranged Property Services Home Search Tenancy Negotiations &#038; Renewals [&hellip;]<\/p>\n","protected":false},"author":1,"featured_media":0,"parent":0,"menu_order":0,"comment_status":"closed","ping_status":"closed","template":"","meta":{"_genesis_hide_title":false,"_genesis_hide_breadcrumbs":false,"_genesis_hide_singular_image":false,"_genesis_hide_footer_widgets":false,"_genesis_custom_body_class":"","_genesis_custom_post_class":"","_genesis_layout":"","footnotes":""},"class_list":{"0":"post-349","1":"page","2":"type-page","3":"status-publish","5":"entry"},"_links":{"self":[{"href":"https:\/\/moverdb.com\/de\/wp-json\/wp\/v2\/pages\/349","targetHints":{"allow":["GET"]}}],"collection":[{"href":"https:\/\/moverdb.com\/de\/wp-json\/wp\/v2\/pages"}],"about":[{"href":"https:\/\/moverdb.com\/de\/wp-json\/wp\/v2\/types\/page"}],"author":[{"embeddable":true,"href":"https:\/\/moverdb.com\/de\/wp-json\/wp\/v2\/users\/1"}],"replies":[{"embeddable":true,"href":"https:\/\/moverdb.com\/de\/wp-json\/wp\/v2\/comments?post=349"}],"version-history":[{"count":12,"href":"https:\/\/moverdb.com\/de\/wp-json\/wp\/v2\/pages\/349\/revisions"}],"predecessor-version":[{"id":6243,"href":"https:\/\/moverdb.com\/de\/wp-json\/wp\/v2\/pages\/349\/revisions\/6243"}],"wp:attachment":[{"href":"https:\/\/moverdb.com\/de\/wp-json\/wp\/v2\/media?parent=349"}],"curies":[{"name":"wp","href":"https:\/\/api.w.org\/{rel}","templated":true}]}}