{"id":348,"date":"2016-05-22T19:54:24","date_gmt":"2016-05-22T19:54:24","guid":{"rendered":"http:\/\/moverdb.com\/?page_id=348"},"modified":"2026-01-08T15:20:45","modified_gmt":"2026-01-08T15:20:45","slug":"sterling-relocation","status":"publish","type":"page","link":"https:\/\/moverdb.com\/de\/sterling-relocation\/","title":{"rendered":"Sterling Relocation Internationaler Umzug &amp; Umz\u00fcge Bewertungen"},"content":{"rendered":"<p>Sterling bietet internationalen Arbeitgebern eine einfache M\u00f6glichkeit, ihre Mitarbeiter weltweit umzusiedeln. Nachstehend finden Sie eine Auflistung der Dienstleistungen, Kundenrezensionen und ein Unternehmensprofil.<\/p>\n<p><strong>Umzugsdienste<\/strong><\/p>\n<ul>\n<li> Verwaltung von Auftr\u00e4gen<\/li>\n<li> Kultur\u00fcbergreifendes Training<\/li>\n<li> Abreise Dienstleistungen<\/li>\n<li> Hilfe bei der Ausbildung<\/li>\n<li> Kostenmanagement<\/li>\n<li> M\u00f6belverleih<\/li>\n<li> Garantierter Hausverkauf<\/li>\n<li> Haussuchungsdienst<\/li>\n<li> Einwanderung, Visa und Arbeitsgenehmigungen<\/li>\n<li> Sprachtraining<\/li>\n<li> Umzugsmanagement<\/li>\n<li> Umzugsdienste<\/li>\n<li> Orientierung<\/li>\n<li> Unterst\u00fctzung durch Partner<\/li>\n<li> Politische Konsultation<\/li>\n<li> Verwaltung von Immobilien<\/li>\n<li> Eingliederungsdienste<\/li>\n<li> Kurzfristige Unterkunft<\/li>\n<li> Lagerung<\/li>\n<li> Verwaltung von Mietverh\u00e4ltnissen<\/li>\n<li> Transitabdeckung<\/li>\n<\/ul>\n<h2>Sterling Relocation Unternehmensprofil<\/h2>\n<p>Sterling Relocation wurde 1991 mit dem Ziel gegr\u00fcndet, der f\u00fchrende Anbieter von globalen Umzugsdienstleistungen f\u00fcr Unternehmen zu werden. Das Unternehmen geh\u00f6rt zur UniGroup, einem $1,7-Milliarden-Unternehmen, das seit \u00fcber 80 Jahren Menschen umzieht. <\/p>\n<p>Das UniGroup Relocation Network ist in \u00fcber 180 L\u00e4ndern mit 1200 Servicezentren t\u00e4tig.<\/p>\n<p>Viele der Mitarbeiter von Sterling Relocation haben selbst im Ausland gelebt und kennen daher die Herausforderungen, denen sich Arbeitnehmer und ihre Familien bei einem Umzug ins Ausland gegen\u00fcbersehen. Jeder Kunde hat direkt mit einem Mitarbeiter zu tun, der daf\u00fcr sorgt, dass alle Aspekte des Umzugs reibungslos ablaufen. <\/p>\n<p>Im Jahr 2015 waren 99,63% der Kunden von Sterling Relocation mit ihrem Umzug zufrieden.<\/p>\n<p>Zu den Werten, der Mission und der Vision von Sterling Relocation geh\u00f6ren nach eigenen Angaben die Leidenschaft f\u00fcr die Branche, Ehrlichkeit an allen Fronten, F\u00fcrsorge f\u00fcr Kunden und Mitarbeiter sowie die Erbringung des bestm\u00f6glichen Service.<\/p>\n<p>Sterling Relocation's Liste der Akkreditierungen und Zugeh\u00f6rigkeiten:<\/p>\n<ul>\n<li> <a href=\"https:\/\/moverdb.com\/de\/fidi-faim\/\">Der Verband der internationalen Spediteure<\/a> (<a href=\"https:\/\/moverdb.com\/de\/fidi-faim\/\" data-internallinksmanager029f6b8e52c=\"16\" title=\"FIDI &amp; FAIM (FIDI Accredited International Mover) Erl\u00e4utert\">FIDI<\/a>)<\/li>\n<li> <a href=\"https:\/\/moverdb.com\/de\/verband-relocation-professionals\/\">Der Verband der Relocation Professionals<\/a> (<a href=\"https:\/\/moverdb.com\/de\/association-relocation-professionals\/\" data-internallinksmanager029f6b8e52c=\"6\" title=\"Die Vereinigung der Relocation Professionals (ARP) erkl\u00e4rt\">ARP<\/a>)<\/li>\n<li> <a href=\"https:\/\/moverdb.com\/de\/arbeitnehmer-umzug-rat\/\">Der Rat f\u00fcr Arbeitnehmerentsendung - ERC weltweit<\/a><\/li>\n<li> <a href=\"https:\/\/moverdb.com\/de\/eura\/\">Die Europ\u00e4ische Relocation-Vereinigung<\/a> (<a href=\"https:\/\/moverdb.com\/de\/eura\/\" data-internallinksmanager029f6b8e52c=\"13\" title=\"Die Europ\u00e4ische Relocation Association (EuRA) erkl\u00e4rt\">EuRA<\/a>)<\/li>\n<li> Internationales Netzwerk f\u00fcr Umz\u00fcge nach \u00dcbersee (OMNI)<\/li>\n<li> <a href=\"https:\/\/moverdb.com\/de\/ich-bin\/\">Internationaler Verband der Spediteure (IAM)<\/a><\/li>\n<li> <a href=\"https:\/\/moverdb.com\/de\/lacma\/\">Verband lateinamerikanischer und karibischer Spediteure<\/a> (<a href=\"https:\/\/moverdb.com\/de\/lacma\/\" data-internallinksmanager029f6b8e52c=\"28\" title=\"Verband lateinamerikanischer und karibischer internationaler Spediteure (LACMA)\">LACMA<\/a>)<\/li>\n<li> <a href=\"https:\/\/moverdb.com\/de\/britische-vereinigung-der-entferner\/\">Britischer Verband der Umzugsunternehmen (BAR)<\/a><\/li>\n<\/ul>\n<h2>Sterling Relocation Bewertungen<\/h2>\n<p><strong>Positiv<\/strong><\/p>\n<p><em>\"Ich wurde von Sterlin von <a href=\"https:\/\/moverdb.com\/de\/moving-to-london\/\">London<\/a> zu <a href=\"https:\/\/moverdb.com\/de\/moving-to-switzerland\/\" data-internallinksmanager029f6b8e52c=\"327\" title=\"Umzug in die Schweiz? 2026 Lebenshaltungskosten &amp; Umzugstipps\">Schweiz<\/a> bei einem Firmenumzug vor ein paar Jahren. Da ich danach einige Umz\u00fcge mitgemacht habe, f\u00fchle ich mich nun in der Lage, sie zu beurteilen. Und ich muss sagen, dass sie einfach den besten Umzug organisiert haben, den ich hatte.\"<\/em> - \u00dcberpr\u00fcfung <a href=\"http:\/\/www.yelp.co.uk\/biz\/sterling-corporate-relocation-london\" target=\"_blank\" rel=\"noopener\">\u00fcber Yelp<\/a><\/p>\n<p><strong>Negativ<\/strong><\/p>\n<p><em>Wir konnten keine negativen Bewertungen f\u00fcr Sterling Relocation online finden.<\/em><\/p>\n<div itemprop=\"review\" itemscope itemtype=\"http:\/\/schema.org\/Review\">\n<span itemprop=\"author\" itemscope=\"\" itemtype=\"http:\/\/schema.org\/Organization\"><span itemprop=\"name\">MoverDB.com<\/span><\/span> Online Website \u00dcberpr\u00fcfung f\u00fcr <span itemprop=\"itemreviewed\" itemscope=\"\" itemtype=\"http:\/\/schema.org\/Brand\"><span itemprop=\"name\">Sterling-Umzug<\/span><\/span>:<\/p>\n<ol>\n<li> Klare Kontaktangaben auf der Website (einschlie\u00dflich Telefonnummer): <strong>Ja<\/strong><\/li>\n<li> Leicht zu bekommen <a href=\"https:\/\/moverdb.com\/de\/zitate\/\">Angebote f\u00fcr internationale Umz\u00fcge<\/a>? (Online-Formular f\u00fcr Kostenvoranschl\u00e4ge): <strong>Ja<\/strong><\/li>\n<li> Klare Informationen auf der Website: <strong>Ja<\/strong> Die Website von Sterling Relocation bietet umfassende Informationen zu allen Aspekten des Unternehmens. Au\u00dferdem gibt es einen n\u00fctzlichen \"News\"-Bereich, der aktuelle Informationen \u00fcber Visabestimmungen und das Leben in verschiedenen L\u00e4ndern der Welt enth\u00e4lt.<\/li>\n<li> Mitgliedschaft in international anerkannten Umzugsorganisationen: <strong>Ja<\/strong>, siehe oben.<\/li>\n<li> Liste der Kunden und\/oder Zeugnisse von fr\u00fcheren Kunden: <strong>Teilweise<\/strong> Es gibt zwar keine Kundenliste, aber auf der Website finden sich zahlreiche Erfahrungsberichte von Kunden.<\/li>\n<\/ol>\n<div itemprop=\"reviewRating\" itemscope itemtype=\"http:\/\/schema.org\/Rating\"><meta itemprop=\"worstRating\" content = \"0\" \/><meta itemprop=\"bestRating\" content=\"5\" \/><meta itemprop=\"ratingValue\" content=\"4.5\"><\/div>\n<p><strong>Gesamtbewertung: 4.5\/5<\/strong><br \/>\n<strong>Datum der \u00dcberpr\u00fcfung:<\/strong> <span itemprop=\"datePublished\" content=\"2016-05-22\">22\/05\/2016<\/span>\n<\/div>\n<p>Mehr \u00fcber <a href=\"https:\/\/moverdb.com\/de\/internationale-umzuge\/\">UK Umzugsunternehmen<\/a> und unsere <a href=\"https:\/\/moverdb.com\/de\/bewertungen\/\">\u00dcberpr\u00fcfungsprozess erkl\u00e4rt<\/a>.<\/p>\n<p><strong>Website:<\/strong> <a href=\"http:\/\/www.sterling.com\/\" target=\"_blank\" rel=\"noopener\">http:\/\/www.sterling.com\/<\/a><\/p>","protected":false},"excerpt":{"rendered":"<p>Sterling offers international employers an easy way to relocate their staff worldwide. Their services are listed below, together with customer reviews and a company profile. Relocation Services Assignment Management Cross Culture Training Departure Services Education Assistance Expense Management Furniture Rental Guaranteed Home Sale Home Finding Service Immigration, Visa and Work Permits Language Training Move Management [&hellip;]<\/p>\n","protected":false},"author":1,"featured_media":0,"parent":0,"menu_order":0,"comment_status":"closed","ping_status":"closed","template":"","meta":{"_genesis_hide_title":false,"_genesis_hide_breadcrumbs":false,"_genesis_hide_singular_image":false,"_genesis_hide_footer_widgets":false,"_genesis_custom_body_class":"","_genesis_custom_post_class":"","_genesis_layout":"","footnotes":""},"class_list":{"0":"post-348","1":"page","2":"type-page","3":"status-publish","5":"entry"},"_links":{"self":[{"href":"https:\/\/moverdb.com\/de\/wp-json\/wp\/v2\/pages\/348","targetHints":{"allow":["GET"]}}],"collection":[{"href":"https:\/\/moverdb.com\/de\/wp-json\/wp\/v2\/pages"}],"about":[{"href":"https:\/\/moverdb.com\/de\/wp-json\/wp\/v2\/types\/page"}],"author":[{"embeddable":true,"href":"https:\/\/moverdb.com\/de\/wp-json\/wp\/v2\/users\/1"}],"replies":[{"embeddable":true,"href":"https:\/\/moverdb.com\/de\/wp-json\/wp\/v2\/comments?post=348"}],"version-history":[{"count":15,"href":"https:\/\/moverdb.com\/de\/wp-json\/wp\/v2\/pages\/348\/revisions"}],"predecessor-version":[{"id":6240,"href":"https:\/\/moverdb.com\/de\/wp-json\/wp\/v2\/pages\/348\/revisions\/6240"}],"wp:attachment":[{"href":"https:\/\/moverdb.com\/de\/wp-json\/wp\/v2\/media?parent=348"}],"curies":[{"name":"wp","href":"https:\/\/api.w.org\/{rel}","templated":true}]}}