{"id":347,"date":"2016-05-22T19:43:53","date_gmt":"2016-05-22T19:43:53","guid":{"rendered":"http:\/\/moverdb.com\/?page_id=347"},"modified":"2026-01-08T15:20:38","modified_gmt":"2026-01-08T15:20:38","slug":"santa-fe-umzug","status":"publish","type":"page","link":"https:\/\/moverdb.com\/de\/santa-fe-relocation\/","title":{"rendered":"Santa Fe Relocation Services Internationaler Umzug &amp; Umz\u00fcge Bewertungen"},"content":{"rendered":"<p>Santa Fe Relocation Services ist ein hochwertiges Umzugsunternehmen. Die zahlreichen Umzugsdienstleistungen des Unternehmens sind unten aufgef\u00fchrt, zusammen mit einem Firmenprofil und Kundenrezensionen.<\/p>\n<p><strong>Globale Mobilit\u00e4tsdienste<\/strong><\/p>\n<ul>\n<li> Globale Standortverlagerung und DSP-Management weltweit<\/li>\n<li> Visa- und Einwanderungsmanagement<\/li>\n<li> Umzugsmanagement f\u00fcr Privatpersonen und Firmenmitarbeiter<\/li>\n<\/ul>\n<p><strong>Umzugs- und Lagerungsdienste<\/strong><\/p>\n<ul>\n<li> Internationaler Umzug<\/li>\n<li> Umzug im Inland und lokal<\/li>\n<li> Lagerung<\/li>\n<li> Haustier-Umzug<\/li>\n<li> <a href=\"https:\/\/moverdb.com\/de\/auto-transport-versand\/\">Fahrzeugversand<\/a><\/li>\n<li> Links zur Schutzdeckung<\/li>\n<li> Handyman &amp; Valet Dienstleistungen<\/li>\n<li> M\u00f6belverleih<\/li>\n<li> Hervorragende Dienstleistungen im Bereich Umzug und Lagerung<\/li>\n<\/ul>\n<p><strong>Umzugsdienste<\/strong><\/p>\n<ul>\n<li> Pauschale Abtretung<\/li>\n<li> Kurzfristige Eins\u00e4tze<\/li>\n<li> Suche zu Hause<\/li>\n<li> Schule suchen<\/li>\n<li> Dienstleistungen zur Eingew\u00f6hnung<\/li>\n<li> Checkliste und Umzug auf einen Blick<\/li>\n<li> Visum und Einwanderung<\/li>\n<li> Reisef\u00fchrer<\/li>\n<\/ul>\n<p><strong>Kommerzielle Dienstleistungen<\/strong><\/p>\n<ul>\n<li> B\u00fcroumzug<\/li>\n<li> Hotelanlagen<\/li>\n<li> Ausstellungen in aller Welt<\/li>\n<li> Umz\u00fcge von Kunst und Antiquit\u00e4ten<\/li>\n<li> Sonderprojekte wie Krankenhausumz\u00fcge, milit\u00e4rische Einrichtungen, Bildungseinrichtungen<\/li>\n<\/ul>\n<h2>Santa Fe Relocation Services Unternehmensprofil<\/h2>\n<p>Santa Fe bietet globale Mobilit\u00e4tsdienstleistungen f\u00fcr im Ausland t\u00e4tige Mitarbeiter von Unternehmen an. Das Unternehmen ist stolz darauf, seinen Mitarbeitern den Stress bei Umz\u00fcgen zu ersparen und r\u00fchmt sich seiner Fortune-500-Kunden. Das Unternehmen wickelt j\u00e4hrlich rund 60.000 internationale Umz\u00fcge und 15.000 Umz\u00fcge im Inland ab. <\/p>\n<p>Die Santa Fe begann ihr Leben in <a href=\"https:\/\/moverdb.com\/de\/moving-to-hong-kong\/\" data-internallinksmanager029f6b8e52c=\"350\" title=\"Umzug nach Hongkong? 2026 Lebenshaltungskosten &amp; Umzugstipps\">Hongkong<\/a> im Jahr 1980. Die Santa Fe-Gruppe hat Unternehmen in der ganzen Welt erworben, das \u00e4lteste ist Wridgways of <a href=\"https:\/\/moverdb.com\/de\/moving-to-australia\/living-in-australia\/\" data-internallinksmanager029f6b8e52c=\"240\" title=\"21 Geheimnisse \u00fcber das Leben in Australien, die man vor dem Umzug kennen sollte\">Australien<\/a> die im Jahr 1892 gegr\u00fcndet wurde. Santa Fe hat Niederlassungen auf sechs Kontinenten, wobei sich der Hauptsitz in <a href=\"https:\/\/moverdb.com\/de\/moving-to-london\/\">London<\/a> und bietet seinen Kunden globale, regionale und lokale Umz\u00fcge an. <\/p>\n<p>Santa Fe Relocation Services Verb\u00e4nde und Akkreditierungen:<\/p>\n<ul>\n<li> <a href=\"https:\/\/moverdb.com\/de\/arbeitnehmer-umzug-rat\/\">Der weltweite ERC<\/a><\/li>\n<li> <a href=\"https:\/\/moverdb.com\/de\/eura\/\">Europ\u00e4ische Relocation-Vereinigung<\/a> (<a href=\"https:\/\/moverdb.com\/de\/eura\/\" data-internallinksmanager029f6b8e52c=\"13\" title=\"Die Europ\u00e4ische Relocation Association (EuRA) erkl\u00e4rt\">EuRA<\/a>)<\/li>\n<li> <a href=\"https:\/\/moverdb.com\/de\/fidi-faim\/\">Weltverband der internationalen Umzugsunternehmen<\/a> (<a href=\"https:\/\/moverdb.com\/de\/fidi-faim\/\" data-internallinksmanager029f6b8e52c=\"16\" title=\"FIDI &amp; FAIM (FIDI Accredited International Mover) Erl\u00e4utert\">FIDI<\/a>)<\/li>\n<li> <a href=\"https:\/\/moverdb.com\/de\/fidi-faim\/\">FIDI-FAIM und FAIM Plus akkreditiert<\/a><\/li>\n<li> <a href=\"https:\/\/moverdb.com\/de\/ich-bin\/\">Der Internationale Verband der M\u00f6belspediteure (IAM)<\/a><\/li>\n<li> <a href=\"https:\/\/moverdb.com\/de\/lacma\/\">LACMA<\/a><\/li>\n<li> ISO9001 Qualit\u00e4tsmanagement<\/li>\n<li> ISO14001 Umweltmanagement<\/li>\n<li> OHSAS18001 Gesundheits- und Sicherheitsmanagement<\/li>\n<li> ISO27001 Datensicherheit<\/li>\n<\/ul>\n<h2>Santa Fe Relocation Services Bewertungen<\/h2>\n<p><strong>Positiv<\/strong><\/p>\n<p><em>\"Santa Fe hat ein Berliner Team (<a href=\"https:\/\/moverdb.com\/de\/moving-to-germany\/\" data-internallinksmanager029f6b8e52c=\"321\" title=\"Umzug nach Deutschland? 2026 Lebenshaltungskosten &amp; Umzugstipps\">Deutschland<\/a>) und sie haben mich mit ihrem Service wirklich umgehauen. Herr H. Schulz und Frau A. Hoenow haben meinen Umzug reibungslos, effizient und stets freundlich durchgef\u00fchrt.\"<\/em> Dot Stein \u00fcber <a href=\"http:\/\/www.mymovingreviews.com\/movingreviews\/simply-the-best-51520\" target=\"_blank\" rel=\"noopener\">MyMovingReviews<\/a><\/p>\n<p><em>\"Von Anfang bis Ende des Prozesses war der Service professionell und hilfsbereit, und das Team hat alles getan, um sicherzustellen, dass der Umzug auf eine qualitativ hochwertige Weise durchgef\u00fchrt wurde.\"<\/em> Linda, Melbourne \u00fcber <a href=\"http:\/\/www.productreview.com.au\/p\/santa-fe-wridgways.html\" target=\"_blank\" rel=\"noopener\">Produktbewertung<\/a><\/p>\n<p><strong>Negativ<\/strong><\/p>\n<p><em>\"NICHT VERWENDEN. Das Unternehmen, mit dem sie einen Vertrag abgeschlossen haben (Roy Trevor Removals), hat meine nagelneuen Holzb\u00f6den komplett zerst\u00f6rt und tats\u00e4chlich versucht, die Schuld auf die <a href=\"https:\/\/moverdb.com\/de\/moving-to-the-united-states\/\" data-internallinksmanager029f6b8e52c=\"94\" title=\"Umzug in die Vereinigten Staaten? 2026 Lebenshaltungskosten &amp; Umzugstipps\">us<\/a> f\u00fcr den Schaden.\"<\/em> Pamela Rollins \u00fcber <a href=\"http:\/\/www.mymovingreviews.com\/movingreviews\/horrible-damage-to-floors-51782\" target=\"_blank\" rel=\"noopener\">MyMovingReviews<\/a><\/p>\n<p><em>\"Es war ein internationaler Umzug von PNG nach Perth. Wir waren im Oktober 2015 fertig gepackt, \u00fcber 5 Monate sp\u00e4ter und wir haben immer noch nicht alle unsere Sachen. <\/em>Liz \u00fcber <a href=\"http:\/\/www.productreview.com.au\/p\/santa-fe-wridgways.html\" target=\"_blank\" rel=\"noopener\">Produktbewertung<\/a><\/p>\n<div itemprop=\"review\" itemscope itemtype=\"http:\/\/schema.org\/Review\">\n<span itemprop=\"author\" itemscope=\"\" itemtype=\"http:\/\/schema.org\/Organization\"><span itemprop=\"name\">MoverDB.com<\/span><\/span> Online Website \u00dcberpr\u00fcfung f\u00fcr <span itemprop=\"itemreviewed\" itemscope=\"\" itemtype=\"http:\/\/schema.org\/Brand\"><span itemprop=\"name\">Santa Fe Relocation Dienstleistungen<\/span><\/span>:<\/p>\n<ol>\n<li> Klare Kontaktangaben auf der Website (einschlie\u00dflich Telefonnummer): <strong>Ja<\/strong><\/li>\n<li> Leicht zu bekommen <a href=\"https:\/\/moverdb.com\/de\/zitate\/\">Angebote f\u00fcr internationale Umz\u00fcge<\/a>? (Online-Formular f\u00fcr Kostenvoranschl\u00e4ge): <strong>Ja<\/strong><\/li>\n<li> Klare Informationen auf der Website: <strong>Ja<\/strong>. Eine \u00e4u\u00dferst informative Website.<\/li>\n<li> Mitgliedschaft in international anerkannten Umzugsorganisationen: <strong>Ja<\/strong>, siehe oben.<\/li>\n<li> Liste der Kunden und\/oder Zeugnisse von fr\u00fcheren Kunden: <strong>Ja<\/strong>Es gibt zwar keine Liste von Kunden, aber viele positive Kundenstimmen.<\/li>\n<\/ol>\n<div itemprop=\"reviewRating\" itemscope itemtype=\"http:\/\/schema.org\/Rating\"><meta itemprop=\"worstRating\" content = \"0\" \/><meta itemprop=\"bestRating\" content=\"5\" \/><meta itemprop=\"ratingValue\" content=\"5\"><\/div>\n<p><strong>Gesamtbewertung: 5\/5<\/strong><br \/>\n<strong>Datum der \u00dcberpr\u00fcfung:<\/strong> <span itemprop=\"datePublished\" content=\"2016-05-22\">22\/05\/2016<\/span>\n<\/div>\n<p>Mehr \u00fcber <a href=\"https:\/\/moverdb.com\/de\/internationale-umzuge\/\">UK Umzugsunternehmen<\/a> und unsere <a href=\"https:\/\/moverdb.com\/de\/bewertungen\/\">\u00dcberpr\u00fcfungsprozess erkl\u00e4rt<\/a>.<\/p>\n<p><strong>Website:<\/strong> <a href=\"http:\/\/www.santaferelo.com\/\" target=\"_blank\" rel=\"noopener\">http:\/\/www.santaferelo.com\/<\/a><\/p>","protected":false},"excerpt":{"rendered":"<p>Santa Fe Relocation Services is a high-end relocation company. It&#8217;s many removal services are listed below, together with a company profile and customer reviews. Global Mobility Services Global relocation and DSP management worldwide Visa and immigration management Move management for individuals and corporate employees Moving and Storage Services International Moving Domestic and Local Moving Storage [&hellip;]<\/p>\n","protected":false},"author":1,"featured_media":0,"parent":0,"menu_order":0,"comment_status":"closed","ping_status":"closed","template":"","meta":{"_genesis_hide_title":false,"_genesis_hide_breadcrumbs":false,"_genesis_hide_singular_image":false,"_genesis_hide_footer_widgets":false,"_genesis_custom_body_class":"","_genesis_custom_post_class":"","_genesis_layout":"","footnotes":""},"class_list":{"0":"post-347","1":"page","2":"type-page","3":"status-publish","5":"entry"},"_links":{"self":[{"href":"https:\/\/moverdb.com\/de\/wp-json\/wp\/v2\/pages\/347","targetHints":{"allow":["GET"]}}],"collection":[{"href":"https:\/\/moverdb.com\/de\/wp-json\/wp\/v2\/pages"}],"about":[{"href":"https:\/\/moverdb.com\/de\/wp-json\/wp\/v2\/types\/page"}],"author":[{"embeddable":true,"href":"https:\/\/moverdb.com\/de\/wp-json\/wp\/v2\/users\/1"}],"replies":[{"embeddable":true,"href":"https:\/\/moverdb.com\/de\/wp-json\/wp\/v2\/comments?post=347"}],"version-history":[{"count":14,"href":"https:\/\/moverdb.com\/de\/wp-json\/wp\/v2\/pages\/347\/revisions"}],"predecessor-version":[{"id":6235,"href":"https:\/\/moverdb.com\/de\/wp-json\/wp\/v2\/pages\/347\/revisions\/6235"}],"wp:attachment":[{"href":"https:\/\/moverdb.com\/de\/wp-json\/wp\/v2\/media?parent=347"}],"curies":[{"name":"wp","href":"https:\/\/api.w.org\/{rel}","templated":true}]}}