{"id":3392,"date":"2019-09-20T11:37:54","date_gmt":"2019-09-20T11:37:54","guid":{"rendered":"https:\/\/moverdb.com\/?page_id=3392"},"modified":"2026-01-08T14:39:59","modified_gmt":"2026-01-08T14:39:59","slug":"internationale-van-lines","status":"publish","type":"page","link":"https:\/\/moverdb.com\/de\/international-van-lines\/","title":{"rendered":"International Van Lines (IVL): Relocation &amp; Umzug Bewertungen"},"content":{"rendered":"<p><img loading=\"lazy\" decoding=\"async\" width=\"700\" height=\"158\" src=\"https:\/\/moverdb.com\/wp-content\/uploads\/International-Van-Lines-Logo.png\" alt=\"International Van Lines Logo\" class=\"aligncenter size-full wp-image-3389\" data-wp-pid=\"3389\" srcset=\"https:\/\/moverdb.com\/wp-content\/uploads\/International-Van-Lines-Logo.png 700w, https:\/\/moverdb.com\/wp-content\/uploads\/International-Van-Lines-Logo-300x68.png 300w, https:\/\/moverdb.com\/wp-content\/uploads\/International-Van-Lines-Logo-600x135.png 600w\" sizes=\"auto, (max-width: 700px) 100vw, 700px\" \/><\/p>\n<p>International Van Lines ist ein amerikanischer Spediteur, der im Jahr 2000 gegr\u00fcndet wurde und heute zu den gr\u00f6\u00dften <a href=\"https:\/\/moverdb.com\/de\/moving-companies\/\" data-internallinksmanager029f6b8e52c=\"79\" title=\"Top 25 Internationale Umzugsunternehmen Online\">internationale Umzugsunternehmen<\/a> der Welt. In den Jahren 2017, 2018 und 2019 wurde das Unternehmen von Consumer Advocate als bestes Umzugsunternehmen ausgezeichnet.<\/p>\n<p>Hier sind einige der Dienstleistungen, die sie anbieten:<\/p>\n<p><a href=\"https:\/\/moverdb.com\/de\/containerschifffahrt\/\"><strong>Vollcontainerladung (FCL) Versand<\/strong><\/a><\/p>\n<ul>\n<li> Trockene Beh\u00e4ltnisse<\/li>\n<li> 20\u2032 und 40\u2032 Optionen verf\u00fcgbar<\/li>\n<li> Haus-zu-Haus-Service oder Lebendladung (DIY)<\/li>\n<li> Zugelassen von der Federal Maritime Commission als <a href=\"https:\/\/moverdb.com\/de\/freight-forwarder\/\" data-internallinksmanager029f6b8e52c=\"17\" title=\"Leitfaden f\u00fcr internationale Kosten und Unternehmen f\u00fcr Spediteure und NVOCC\">Spediteur<\/a>.<\/li>\n<\/ul>\n<p><strong>Seefrachtverkehr<\/strong><\/p>\n<ul>\n<li> Von T\u00fcr zu T\u00fcr<\/li>\n<li> T\u00fcr zu <a href=\"https:\/\/moverdb.com\/de\/top-49-container-ports\/\" data-internallinksmanager029f6b8e52c=\"80\" title=\"Top 49 der gr\u00f6\u00dften und verkehrsreichsten Containerh\u00e4fen im Jahr 2025\">Hafen<\/a><\/li>\n<li> Von Hafen zu T\u00fcr<\/li>\n<li> Von Hafen zu Hafen<\/li>\n<\/ul>\n<p><strong>Luftfrachtdienste<\/strong><\/p>\n<ul>\n<li> Abwicklung von Luftfracht und Expressversand<\/li>\n<li> K\u00f6nnen ein paar Versandkartons oder ein ganzer Haushalt<\/li>\n<li> Angebot von T\u00fcr zu T\u00fcr, T\u00fcr zu Terminal, Terminal zu T\u00fcr oder Terminal zu Terminal<\/li>\n<li> Alle Haushaltswaren werden vor dem Verladen in Schrumpffolie verpackt und auf Paletten gelegt.<\/li>\n<li> Erledigung aller f\u00fcr die Zollabfertigung erforderlichen Formalit\u00e4ten<\/li>\n<\/ul>\n<p><a href=\"https:\/\/moverdb.com\/de\/auto-transport-versand\/\"><strong>Autoversand<\/strong><\/a><\/p>\n<ul>\n<li> <a href=\"https:\/\/moverdb.com\/de\/container-shipping\/\" data-internallinksmanager029f6b8e52c=\"3\" title=\"Chart der internationalen Containerschifffahrtsraten: April 2026\">Containerschifffahrt<\/a><\/li>\n<li> Konsolidierungsdienst<\/li>\n<li> Roll on Roll off (RO\/RO)<\/li>\n<li> Zollabfertigungsunterlagen<\/li>\n<li> Versicherungsm\u00f6glichkeiten<\/li>\n<\/ul>\n<p><strong>Umzugsdienste f\u00fcr gro\u00dfe Entfernungen<\/strong><\/p>\n<ul>\n<li> F\u00fcr Umz\u00fcge innerhalb der <a href=\"https:\/\/moverdb.com\/de\/moving-to-the-united-states\/\" data-internallinksmanager029f6b8e52c=\"94\" title=\"Umzug in die Vereinigten Staaten? 2026 Lebenshaltungskosten &amp; Umzugstipps\">Vereinigte Staaten<\/a><\/li>\n<li> Verpacken<\/li>\n<li> Lagerung<\/li>\n<li> Verschlag<\/li>\n<li> Spezialisierte Dienstleistungen<\/li>\n<\/ul>\n<p><strong>Andere Dienstleistungen<\/strong><\/p>\n<ul>\n<li> Unternehmensumzug<\/li>\n<li> B\u00fcroumz\u00fcge<\/li>\n<li> Regierung &amp; Milit\u00e4rische Umz\u00fcge<\/li>\n<li> Spediteur- und Maklerdienste<\/li>\n<\/ul>\n<h2>International Van Lines Unternehmensprofil<\/h2>\n<p>International Van Lines gibt an, \u00fcber 10.000 Umz\u00fcge pro Jahr mit einer Beschwerdequote von weniger als 1% abzuwickeln. Das Unternehmen deckt die gesamten Vereinigten Staaten und \u00fcber 180 L\u00e4nder ab. Das Unternehmen ist seit 2000 im internationalen Umzugsgesch\u00e4ft t\u00e4tig und bietet seit 2004 auch inl\u00e4ndische Fernumz\u00fcge an. Derzeit besch\u00e4ftigt das Unternehmen \u00fcber 200 Mitarbeiter und wurde 2012 in die INC 5000-Liste der am schnellsten wachsenden Unternehmen in den USA aufgenommen. <\/p>\n<p>International Van Lines hat auch gute Bewertungen von <a href=\"https:\/\/uk.trustpilot.com\/review\/www.internationalvanlines.com\" rel=\"noopener noreferrer\" target=\"_blank\">Trustpilot<\/a> (4,3 von 5), <a href=\"https:\/\/www.move.org\/international-van-lines-review\/\" rel=\"noopener noreferrer\" target=\"_blank\">Bewegen.org<\/a> (4,7 von 5 Punkten) und <a href=\"https:\/\/www.consumeraffairs.com\/homeowners\/international-van-lines.html\" rel=\"noopener noreferrer\" target=\"_blank\">Verbraucherangelegenheiten<\/a> (4 von 5). Wenn Sie in die USA umziehen oder aus den USA kommen, sollten Sie daher ein Angebot einholen.<\/p>\n<p>Sie sind akkreditiert als:<\/p>\n<ul>\n<li> Lizensiert <a href=\"https:\/\/safer.fmcsa.dot.gov\/query.asp?searchtype=ANY&#038;query_type=queryCarrierSnapshot&#038;query_param=USDOT&#038;query_string=2293832\" rel=\"noopener noreferrer\" target=\"_blank\">DOT-Tr\u00e4ger<\/a><\/li>\n<li> <a href=\"https:\/\/moverdb.com\/de\/spediteur\/\">NVOCC<\/a> (nicht schiffsbetreibender, gemeinsamer Bef\u00f6rderer) Lizenz<\/li>\n<li> FMC (Federal Maritime Commission) <\/li>\n<li> <a href=\"https:\/\/moverdb.com\/de\/rim-promover\/\">ProMover<\/a><\/li>\n<\/ul>\n<h2>International Van Lines Bewertungen<\/h2>\n<p><strong>Positiv:<\/strong><\/p>\n<ul>\n<li> <em>\"IVL hat bei meinem Langstreckenumzug gro\u00dfartige Arbeit geleistet. Die Mitarbeiter waren p\u00fcnktlich, haben gut gepackt und das getan, was sie versprochen haben. Ich w\u00fcrde sie bei Bedarf wieder beauftragen.\"<\/em> - Martha B. \u00fcber die Website des Unternehmens<\/li>\n<li> <em>\"International Van Lines hat k\u00fcrzlich meine Sachen geliefert. Nach der Inspektion hatte ich keine Sch\u00e4den oder Verluste, was hervorragend ist.\"<\/em> - IVY Powers \u00fcber Move.org <\/li>\n<li> <em>\"Ich war mit der Erfahrung mit IVL zufrieden und w\u00fcrde sie wieder in Betracht ziehen, wenn ich ins Ausland umziehen m\u00fcsste.<\/em> - Jeff \u00fcber Consumer Affairs<\/li>\n<li> <em>\"Alles in allem war meine Erfahrung gro\u00dfartig! Ich w\u00fcrde bei Bedarf wieder mit ihnen zusammenarbeiten.\"<\/em> - Sade \u00fcber Trustpliot<\/li>\n<\/ul>\n<p><strong>Negativ:<\/strong><\/p>\n<ul>\n<li> <em>\"Ich bin ma\u00dflos entt\u00e4uscht und w\u00fcrde International Van Lines niemals weiterempfehlen.\"<\/em> - Ezeibe \u00fcber Trustpilot<\/li>\n<li> <em>\"Sie haben einen Teppich und andere Dinge verloren.\"<\/em> - Maritini Dog \u00fcber Move.org<\/li>\n<li> <em>\"Schlechte Fehlkommunikation am Anfang dar\u00fcber, wann sie tats\u00e4chlich unsere Sachen in unser neues Haus bringen w\u00fcrden\"<\/em> - Erin \u00fcber Consumer Affairs<\/li>\n<\/ul>\n<div itemprop=\"review\" itemscope itemtype=\"http:\/\/schema.org\/Review\">\n<span itemprop=\"author\" itemscope=\"\" itemtype=\"http:\/\/schema.org\/Organization\"><span itemprop=\"name\">MoverDB.com<\/span><\/span> Online Website \u00dcberpr\u00fcfung f\u00fcr <span itemprop=\"itemreviewed\" itemscope=\"\" itemtype=\"http:\/\/schema.org\/Brand\"><span itemprop=\"name\">Internationale Speditionen<\/span><\/span>:<\/p>\n<ol>\n<li> Klare Kontaktangaben auf der Website (einschlie\u00dflich Telefonnummer): <strong>Ja<\/strong><\/li>\n<li> Leicht zu bekommen <a href=\"https:\/\/moverdb.com\/de\/zitate\/\">Angebote f\u00fcr internationale Umz\u00fcge<\/a>? (Online-Formular f\u00fcr Kostenvoranschl\u00e4ge): <strong>Ja<\/strong><\/li>\n<li> Klare Informationen auf der Website: <strong>Ja.<\/strong> Auf der Website werden alle von dem Unternehmen angebotenen Dienstleistungen klar dargelegt.<\/li>\n<li> Mitgliedschaft in international anerkannten Umzugsorganisationen: <strong>Ja<\/strong>(siehe oben)<\/li>\n<li> Liste der Kunden und\/oder Zeugnisse von fr\u00fcheren Kunden. <strong>Ja,<\/strong> Sie verf\u00fcgen \u00fcber Online-Bewertungen auf ihrer Website und haben auch viele positive Online-Bewertungen.<\/li>\n<\/ol>\n<div itemprop=\"reviewRating\" itemscope itemtype=\"http:\/\/schema.org\/Rating\"><meta itemprop=\"worstRating\" content = \"0\" \/><meta itemprop=\"bestRating\" content=\"5\" \/><meta itemprop=\"ratingValue\" content=\"5\"><\/div>\n<p><strong>Gesamtbewertung: 5\/5<\/strong><br \/>\n<strong>Datum der \u00dcberpr\u00fcfung:<\/strong> <span itemprop=\"datePublished\" content=\"2019-09-20\">20\/09\/2019<\/span>\n<\/div>\n<p>Lesen Sie mehr \u00fcber <a href=\"https:\/\/moverdb.com\/de\/umzugsunternehmen\/\">internationale Umzugsunternehmen<\/a>, <a href=\"https:\/\/moverdb.com\/de\/us-kanada-umzuge\/\">nationale Umzugsunternehmen<\/a> und unsere <a href=\"https:\/\/moverdb.com\/de\/bewertungen\/\">\u00dcberpr\u00fcfungsprozess erkl\u00e4rt<\/a>.<\/p>\n<p><strong>Website:<\/strong> <a href=\"https:\/\/internationalvanlines.com\/\" target=\"_blank\" rel=\"noopener noreferrer\">https:\/\/internationalvanlines.com\/<\/a><\/p>","protected":false},"excerpt":{"rendered":"<p>International Van Lines is an American based mover founded in 2000 and is now one the largest international moving companies in the world. They have been rated as The Best Moving Company by Consumer Advocate in 2017, 2018 and 2019. Here are some of the services they provide: Full Container Load (FCL) Shipping Dry Containers [&hellip;]<\/p>\n","protected":false},"author":1,"featured_media":0,"parent":0,"menu_order":0,"comment_status":"closed","ping_status":"closed","template":"","meta":{"_genesis_hide_title":false,"_genesis_hide_breadcrumbs":false,"_genesis_hide_singular_image":false,"_genesis_hide_footer_widgets":false,"_genesis_custom_body_class":"","_genesis_custom_post_class":"","_genesis_layout":"","footnotes":""},"class_list":{"0":"post-3392","1":"page","2":"type-page","3":"status-publish","5":"entry","6":"has-post-thumbnail"},"_links":{"self":[{"href":"https:\/\/moverdb.com\/de\/wp-json\/wp\/v2\/pages\/3392","targetHints":{"allow":["GET"]}}],"collection":[{"href":"https:\/\/moverdb.com\/de\/wp-json\/wp\/v2\/pages"}],"about":[{"href":"https:\/\/moverdb.com\/de\/wp-json\/wp\/v2\/types\/page"}],"author":[{"embeddable":true,"href":"https:\/\/moverdb.com\/de\/wp-json\/wp\/v2\/users\/1"}],"replies":[{"embeddable":true,"href":"https:\/\/moverdb.com\/de\/wp-json\/wp\/v2\/comments?post=3392"}],"version-history":[{"count":3,"href":"https:\/\/moverdb.com\/de\/wp-json\/wp\/v2\/pages\/3392\/revisions"}],"predecessor-version":[{"id":3396,"href":"https:\/\/moverdb.com\/de\/wp-json\/wp\/v2\/pages\/3392\/revisions\/3396"}],"wp:attachment":[{"href":"https:\/\/moverdb.com\/de\/wp-json\/wp\/v2\/media?parent=3392"}],"curies":[{"name":"wp","href":"https:\/\/api.w.org\/{rel}","templated":true}]}}