{"id":320,"date":"2016-05-17T21:20:57","date_gmt":"2016-05-17T21:20:57","guid":{"rendered":"http:\/\/moverdb.com\/?page_id=320"},"modified":"2026-01-08T14:40:08","modified_gmt":"2026-01-08T14:40:08","slug":"matthew-james","status":"publish","type":"page","link":"https:\/\/moverdb.com\/de\/matthew-james\/","title":{"rendered":"Matthew James Globale Umz\u00fcge"},"content":{"rendered":"<p>Matthew James Global Relocations ist ein privates Unternehmen, das zahlreiche Dienstleistungen f\u00fcr Privatpersonen und Unternehmen anbietet, die ins Ausland oder vor Ort umziehen. Nachstehend finden Sie eine Auflistung der Dienstleistungen sowie ein Firmenprofil und Bewertungen.<\/p>\n<p><strong>Internationale Umz\u00fcge<\/strong><\/p>\n<ul>\n<li> Kompletter T\u00fcr-zu-T\u00fcr-Service<\/li>\n<li> Exportverpackung und -umh\u00fcllung<\/li>\n<li> Auspacken und Wiederzusammenbau<\/li>\n<li> <a href=\"https:\/\/moverdb.com\/de\/container-shipping\/\" data-internallinksmanager029f6b8e52c=\"3\" title=\"Chart der internationalen Containerschifffahrtsraten: April 2026\">Internationaler Versand<\/a> Inventar<\/li>\n<li> Einzelsendungen und Sammelgut<\/li>\n<li> Unterst\u00fctzung bei der Zollabfertigung<\/li>\n<li> Ma\u00dfgeschneiderte Verpackungen f\u00fcr zerbrechliche und empfindliche Gegenst\u00e4nde<\/li>\n<li> Internationaler Versicherungsschutz auf hoher See<\/li>\n<li> Allgemeiner Versicherungsschutz<\/li>\n<\/ul>\n<p><strong>Europ\u00e4ische Umsiedlungen<\/strong><\/p>\n<ul>\n<li> Kompletter T\u00fcr-zu-T\u00fcr-Service<\/li>\n<li> Verpacken, Einpacken und Auspacken<\/li>\n<li> <a href=\"https:\/\/moverdb.com\/de\/auto-transport-versand\/\">Fahrzeug<\/a>Boots- und Fahrradtransport<\/li>\n<li> Versicherung abgeschlossen<\/li>\n<\/ul>\n<p><strong>H\u00e4usliche Umz\u00fcge<\/strong><\/p>\n<ul>\n<li> Kompletter T\u00fcr-zu-T\u00fcr-Service<\/li>\n<li> Verpacken, Einpacken und Auspacken<\/li>\n<li> Automatisch bis zu 50.000 \u00a3 versichert<\/li>\n<\/ul>\n<p><strong>Lagerung in London und <a href=\"https:\/\/moverdb.com\/de\/moving-to-spain\/\" data-internallinksmanager029f6b8e52c=\"266\" title=\"Umzug nach Spanien? 2026 Lebenshaltungskosten &amp; Umzugstipps\">Spanien<\/a><\/strong><\/p>\n<ul>\n<li> Lagerung in Containern<\/li>\n<li> Selbsteinlagerung<\/li>\n<li> Archivierung<\/li>\n<\/ul>\n<h2>Matthew James Unternehmensprofil<\/h2>\n<p>Matthew James Global Relocations bewegt seit drei Generationen Menschen auf der ganzen Welt. Durch zuverl\u00e4ssige globale Partnerschaften deckt das Unternehmen mehr als 25.000 Ziele in \u00fcber 300 L\u00e4ndern ab. Das Unternehmen ist auf Umz\u00fcge nach Spanien spezialisiert und verf\u00fcgt \u00fcber drei Niederlassungen im Land.<\/p>\n<p>Der heutige Gesch\u00e4ftsf\u00fchrer, Matthew De-Machen, hat seit seiner Kindheit eine Leidenschaft f\u00fcr Lastwagen, die er in das Unternehmen integriert hat. <\/p>\n<p>Das Unternehmen ist f\u00fcr seine hochwertigen, individuell gestalteten Fahrzeuge bekannt geworden, und es gibt sogar Modellfahrzeuge zu kaufen. Matthew De-Machens Leidenschaft f\u00fcr die Perfektion von Lastwagen hat sich auch auf Matthew James \u00fcbertragen, wo das Unternehmen behauptet, dass nur Perfektion ausreicht.<\/p>\n<p>Matthew James Relocation Services Mitgliedschaften und Akkreditierungen:<\/p>\n<ul>\n<li> <a href=\"https:\/\/moverdb.com\/de\/britische-vereinigung-der-entferner\/\">Britischer Verband der Umzugsunternehmen (BAR)<\/a><\/li>\n<li> <a href=\"https:\/\/moverdb.com\/de\/ich-bin\/\">Internationaler Verband der Spediteure (IAM)<\/a><\/li>\n<li> <a href=\"https:\/\/moverdb.com\/de\/bar-over-see\/\">Britischer Verband der Umzugsunternehmen - Internationales Mitglied<\/a><\/li>\n<li> QAS International<\/li>\n<li> <a href=\"https:\/\/moverdb.com\/de\/fedemac\/\">Fedemac European Movers<\/a><\/li>\n<li> Flottenbetreiber-Anerkennungsprogramm (FORS) - Gold<\/li>\n<li> Qualit\u00e4tsgesicherter Servicestandard - M\u00f6belspeditionen und \u00dcberseeumz\u00fcge<\/li>\n<li> Institut f\u00fcr Handelsnormen (TSI)<\/li>\n<\/ul>\n<h2>Matthew James Relocation Bewertungen<\/h2>\n<p><strong>Positiv<\/strong><\/p>\n<ul>\n<li> <em>\"Sehr h\u00f6flich an beiden Enden des Umzugs. Alle unsere Habseligkeiten scheinen die Reise \u00fcberlebt zu haben.<\/em> - \u00fcber <a href=\"http:\/\/www.referenceline.com\/removers_removals-in-dartford-matthewjamesremovalsstorageltd-14758\" target=\"_blank\" rel=\"noopener\">Referenzliste<\/a>.<\/li>\n<li> <em>\"professionell, h\u00f6flich, effizient, fr\u00f6hlich\"<\/em> - \u00fcber <a href=\"https:\/\/www.trustedmover.org\/questionnaire\/7167\" target=\"_blank\" rel=\"noopener\">Vertrauensw\u00fcrdiger Spediteur<\/a><\/li>\n<li> <em>\"Ich kann nur loben, wie wunderbar die Mitarbeiter von Mathew James meinen Umzug abgewickelt haben, von der ersten Beratung \u00fcber den Kostenvoranschlag und die Verpackung bis hin zur Lieferung.\"<\/em> - \u00fcber <a href=\"http:\/\/www.reviews.co.uk\/company-reviews\/store\/matthew-james-removals\" target=\"_blank\" rel=\"noopener\">Bewertungen.de<\/a><\/li>\n<\/ul>\n<p><strong>Negativ<\/strong><\/p>\n<ul>\n<li> <em>\"V\u00f6llige Missachtung der Kunden und absolutes Desinteresse\".<\/em> - \u00fcber <a href=\"https:\/\/www.yell.com\/biz\/matthew-james-removals-and-storage-dartford-8459632\/\" target=\"_blank\" rel=\"noopener\">Schrei<\/a><\/li>\n<\/ul>\n<div itemprop=\"review\" itemscope itemtype=\"http:\/\/schema.org\/Review\">\n<span itemprop=\"author\" itemscope=\"\" itemtype=\"http:\/\/schema.org\/Organization\"><span itemprop=\"name\">MoverDB.com<\/span><\/span> Online Website \u00dcberpr\u00fcfung f\u00fcr <span itemprop=\"itemreviewed\" itemscope=\"\" itemtype=\"http:\/\/schema.org\/Brand\"><span itemprop=\"name\">Matthew James Umz\u00fcge<\/span><\/span>:<\/p>\n<ol>\n<li> Klare Kontaktangaben auf der Website (einschlie\u00dflich Telefonnummer): <strong>Ja<\/strong><\/li>\n<li> Leicht zu bekommen <a href=\"https:\/\/moverdb.com\/de\/zitate\/\">Angebote f\u00fcr internationale Umz\u00fcge<\/a>? (Online-Formular f\u00fcr Kostenvoranschl\u00e4ge): <strong>Ja<\/strong><\/li>\n<li> Klare Informationen auf der Website: <strong>Teilweise.<\/strong> Die Website enth\u00e4lt nicht viele n\u00fctzliche Informationen und schl\u00e4gt vor, das Unternehmen zu kontaktieren, um Einzelheiten zu erfahren.<\/li>\n<li> Mitgliedschaft in international anerkannten Umzugsorganisationen: <strong>Ja<\/strong>, siehe oben.<\/li>\n<li> Liste der Kunden und\/oder Zeugnisse von fr\u00fcheren Kunden: <strong>Teilweise.<\/strong> Es gibt keine Liste von Kunden auf der Website, aber Sie werden zu ReferenceLine weitergeleitet, wo Sie sich Zeugnisse ansehen k\u00f6nnen.<\/li>\n<\/ol>\n<div itemprop=\"reviewRating\" itemscope itemtype=\"http:\/\/schema.org\/Rating\"><meta itemprop=\"worstRating\" content = \"0\" \/><meta itemprop=\"bestRating\" content=\"5\" \/><meta itemprop=\"ratingValue\" content=\"4.5\"><\/div>\n<p><strong>Gesamtbewertung: 4.5\/5<\/strong><br \/>\n<strong>Datum der \u00dcberpr\u00fcfung:<\/strong> <span itemprop=\"datePublished\" content=\"2016-05-017\">17\/05\/2016<\/span><\/p>\n<\/div>\n<p>Mehr \u00fcber <a href=\"https:\/\/moverdb.com\/de\/internationale-umzuge\/\">UK Umzugsunternehmen<\/a> und unsere <a href=\"https:\/\/moverdb.com\/de\/bewertungen\/\">\u00dcberpr\u00fcfungsprozess erkl\u00e4rt<\/a>.<\/p>\n<p><strong>Website:<\/strong> <a href=\"http:\/\/www.matthewjamesremovals.com\/\" target=\"_blank\" rel=\"noopener\">http:\/\/www.matthewjamesremovals.com\/<\/a><\/p>","protected":false},"excerpt":{"rendered":"<p>Matthew James Global Relocations is a privately owned company which offers many services for individuals and companies moving abroad and locally. Its services are listed below, together with a company profile and reviews. International Relocations Complete door to door service Export packing and wrapping services Unpacking and reassembly services International shipping inventory Dedicated and Groupage [&hellip;]<\/p>\n","protected":false},"author":1,"featured_media":0,"parent":0,"menu_order":0,"comment_status":"closed","ping_status":"closed","template":"","meta":{"_genesis_hide_title":false,"_genesis_hide_breadcrumbs":false,"_genesis_hide_singular_image":false,"_genesis_hide_footer_widgets":false,"_genesis_custom_body_class":"","_genesis_custom_post_class":"","_genesis_layout":"","footnotes":""},"class_list":{"0":"post-320","1":"page","2":"type-page","3":"status-publish","5":"entry"},"_links":{"self":[{"href":"https:\/\/moverdb.com\/de\/wp-json\/wp\/v2\/pages\/320","targetHints":{"allow":["GET"]}}],"collection":[{"href":"https:\/\/moverdb.com\/de\/wp-json\/wp\/v2\/pages"}],"about":[{"href":"https:\/\/moverdb.com\/de\/wp-json\/wp\/v2\/types\/page"}],"author":[{"embeddable":true,"href":"https:\/\/moverdb.com\/de\/wp-json\/wp\/v2\/users\/1"}],"replies":[{"embeddable":true,"href":"https:\/\/moverdb.com\/de\/wp-json\/wp\/v2\/comments?post=320"}],"version-history":[{"count":12,"href":"https:\/\/moverdb.com\/de\/wp-json\/wp\/v2\/pages\/320\/revisions"}],"predecessor-version":[{"id":13173,"href":"https:\/\/moverdb.com\/de\/wp-json\/wp\/v2\/pages\/320\/revisions\/13173"}],"wp:attachment":[{"href":"https:\/\/moverdb.com\/de\/wp-json\/wp\/v2\/media?parent=320"}],"curies":[{"name":"wp","href":"https:\/\/api.w.org\/{rel}","templated":true}]}}