{"id":303,"date":"2016-05-03T20:16:23","date_gmt":"2016-05-03T20:16:23","guid":{"rendered":"http:\/\/moverdb.com\/?page_id=303"},"modified":"2026-01-08T13:18:30","modified_gmt":"2026-01-08T13:18:30","slug":"egge-grun","status":"publish","type":"page","link":"https:\/\/moverdb.com\/de\/harrow-green\/","title":{"rendered":"Harrow Green Internationaler Umzug &amp; Umz\u00fcge Bewertungen"},"content":{"rendered":"<p>Harrow Green ist in erster Linie auf Gesch\u00e4ftsumz\u00fcge spezialisiert, sowohl im Inland als auch international. Im Folgenden finden Sie die wichtigsten Dienstleistungen sowie Bewertungen \u00fcber das Unternehmen.<\/p>\n<h2>Harrow Green Umz\u00fcge Dienstleistungen<\/h2>\n<p><strong>Internationaler Umzug<\/strong><\/p>\n<ul>\n<li> Verpackungsdienstleistungen<\/li>\n<li> Transport<\/li>\n<li> Speicherdienste<\/li>\n<li> Reiseziel-Paket<\/li>\n<li> Versicherung<\/li>\n<li> Dienstleistungen am Zielort, z. B. Handwerker, Wohnungssuche und Umzug von Haustieren<\/li>\n<\/ul>\n<p><strong>Gesch\u00e4ftliche Umz\u00fcge<\/strong><\/p>\n<ul>\n<li> Raumplanung<\/li>\n<li> Lieferung neuer M\u00f6bel<\/li>\n<li> Demontage und Wiedermontage von vorhandenen M\u00f6beln<\/li>\n<li> Umweltfreundliche Entsorgung von nicht mehr ben\u00f6tigten Ger\u00e4ten<\/li>\n<li> Recycling- und Wiederverwendungsprogramme<\/li>\n<li> L\u00f6sungen f\u00fcr die externe Lagerung<\/li>\n<li> Kiste mieten<\/li>\n<\/ul>\n<p><strong>Verlagerung der Technologie<\/strong><\/p>\n<ul>\n<li> Der Kerndienst umfasst PCs, Workstations und alle Peripherieger\u00e4te (wie Drucker und Scanner) sowie Desktop-Sprach- und Datenger\u00e4te<\/li>\n<li> Detailliertes Audit vor dem Umzug<\/li>\n<li> System-Upgrades<\/li>\n<\/ul>\n<p><strong>Recycling und Wiederverwendung<\/strong><\/p>\n<ul>\n<li> Spende f\u00fcr wohlt\u00e4tige Zwecke<\/li>\n<li> Wiederverkauf<\/li>\n<li> Renovierung<\/li>\n<li> Recycling<\/li>\n<li> B\u00fcro-R\u00e4umung<\/li>\n<\/ul>\n<p><strong>Speicherdienste<\/strong><\/p>\n<ul>\n<li> Lagerung von M\u00f6beln<\/li>\n<li> Kontrolle und Verwaltung der Best\u00e4nde<\/li>\n<li> Kulturerbe und Speziallager<\/li>\n<\/ul>\n<p><strong>Verwaltung der Aufzeichnungen<\/strong><\/p>\n<ul>\n<li> Speicherung von Dokumenten<\/li>\n<li> Online-Dokumentenverfolgung<\/li>\n<li> Scannen auf Anfrage<\/li>\n<li> Sicherheit der Dokumentenablage<\/li>\n<li> Sicherheit des Erbes<\/li>\n<li> Cloud-Speicher<\/li>\n<li> Lagerung auf Band<\/li>\n<li> Heimb\u00fcro und Personal<\/li>\n<\/ul>\n<h2>Harrow Green Unternehmensprofil<\/h2>\n<p>Harrow Green verf\u00fcgt \u00fcber drei Jahrzehnte Erfahrung im Bereich der Unternehmensverlagerung und hat seine Dienstleistungen im Laufe der Jahre erweitert, um den Bed\u00fcrfnissen der Kunden und ihrer wachsenden Organisationen gerecht zu werden. <\/p>\n<p>Sie bezeichnen sich selbst als die Nummer eins unter den kommerziellen Umzugsunternehmen. Harrow Green ist seit 20 Jahren ein vollst\u00e4ndig integrierter Dienstleistungspartner von UBS.<\/p>\n<p>Das Unternehmen begann in den 1980er Jahren mit IT-Umz\u00fcgen und f\u00fcgte in den 1990er Jahren eine Abteilung f\u00fcr Aktenverwaltung und internationale Umz\u00fcge hinzu. Harrow Green konzentriert sich in erster Linie auf Gesch\u00e4ftsumz\u00fcge, vor allem f\u00fcr Unternehmen, \u00f6ffentliche Einrichtungen und KMUs. <\/p>\n<p>Sie bietet jedoch begrenzte pers\u00f6nliche Dienstleistungen an. <\/p>\n<p>Harrow Green ist seit Februar 2012 Teil von Restore plc, einem Unternehmen, das sich zum Ziel gesetzt hat, ein marktf\u00fchrendes <a href=\"https:\/\/moverdb.com\/de\/moving-to-the-uk\/\" data-internallinksmanager029f6b8e52c=\"93\" title=\"Umzug in das Vereinigte K\u00f6nigreich? 2026 Lebenshaltungskosten &amp; Umzugstipps\">UK<\/a> B\u00fcrodienstleistungsgruppe. Restore plc ist ein an der AIM notiertes Unternehmen f\u00fcr Unterst\u00fctzungsdienste, das 2004 an die B\u00f6rse ging.<\/p>\n<p><strong>Auszeichnungen<\/strong><\/p>\n<ul>\n<li> PFM Partnership Awards: Finalist<\/li>\n<li> Gewerblicher Umzugsunternehmer des Jahres 2014<\/li>\n<li> Auszeichnung f\u00fcr die beste Innovation bei FM-Dienstleistungen<\/li>\n<li> BIFM-Preis f\u00fcr den besten Unternehmensf\u00f6rderer<\/li>\n<li> Von Best Companies als besonders empfehlenswert eingestuft<\/li>\n<li> Auf der Shortlist f\u00fcr einen EMMA im <a href=\"https:\/\/moverdb.com\/de\/moving-companies\/\" data-internallinksmanager029f6b8e52c=\"79\" title=\"Top 25 Internationale Umzugsunternehmen Online\">Internationales Umzugsunternehmen<\/a> Kategorie des Jahres<\/li>\n<li> Finalist in der Kategorie \"Lernen und Karriereentwicklung\" bei den BIFM Awards 2015<\/li>\n<li> Finalist der East London Chamber of Commerce\/Docklands Business Awards<\/li>\n<li> UBS-Verk\u00e4ufer des Jahres<\/li>\n<li> Finalisten f\u00fcr herausragende Leistungen im Kundenservice bei <a href=\"\" data-internallinksmanager029f6b8e52c=\"34\" title=\"Birmingham\">Birmingham<\/a> Wirtschaftspreise der Handelskammer.<\/li>\n<\/ul>\n<p><strong>Mitgliedschaft &amp; Zertifikate<\/strong> <\/p>\n<ul>\n<li> SGS-Standard f\u00fcr exzellente Kundenbetreuung<\/li>\n<li> BS 8522 zertifiziert<\/li>\n<li> ISO 9001 Qualit\u00e4tsmanagementsysteme - Zertifizierung FS 34113<\/li>\n<li> <a href=\"https:\/\/moverdb.com\/de\/fidi-faim\/\">FIDI FAIMPlus zertifiziert<\/a><\/li>\n<li> Zugelassen von JAUPT zur Durchf\u00fchrung von Schulungen<\/li>\n<li> Achilles\/UVDB (Kategorie B2) zertifiziert<\/li>\n<li> Zertifiziert als konform mit dem Safe contractor sector compliance scheme<\/li>\n<li> Zertifiziert als konform mit dem CHAS-Sektor-Compliance-System<\/li>\n<li> Zertifiziert als konform mit dem Konformit\u00e4tsprogramm f\u00fcr den Bausektor<\/li>\n<li> Unternehmensmitglied des British Institute of Facilities Management<\/li>\n<li> O'Neil Strategischer Partner f\u00fcr Records Management Systeme<\/li>\n<li> Mitglied von <a href=\"https:\/\/moverdb.com\/de\/britische-vereinigung-der-entferner\/\">BAR, der britische Verband der Umzugsunternehmen<\/a><\/li>\n<li> <a href=\"https:\/\/moverdb.com\/de\/bar-over-see\/\">BAR Overseas Gruppe<\/a><\/li>\n<li> <a href=\"https:\/\/moverdb.com\/de\/fidi-faim\/\">Mitglied der FIDI<\/a>die Organisation, die weltweit t\u00e4tige Unternehmen vertritt<\/li>\n<li> Mitglied von RoSPA - The Royal Society for the Prevention of Accidents<\/li>\n<li> <a href=\"https:\/\/moverdb.com\/de\/ich-bin\/\">Mitglied der IAM - der Internationalen Vereinigung der Umzugsunternehmen<\/a><\/li>\n<li> Bevollm\u00e4chtigtes Mitglied und Vertreter von The <a href=\"https:\/\/moverdb.com\/de\/british-association-of-removers\/\" data-internallinksmanager029f6b8e52c=\"9\" title=\"British Association of Removers (BAR) erkl\u00e4rt\">Britischer Verband der M\u00f6belpacker<\/a> DBA der <a href=\"https:\/\/moverdb.com\/de\/mtc\/\">Movers Trading Club<\/a> (<a href=\"https:\/\/moverdb.com\/de\/mtc\/\" data-internallinksmanager029f6b8e52c=\"30\" title=\"Movers Trading Club (MTC) Erl\u00e4utert\">MTC<\/a>)<\/li>\n<\/ul>\n<h2>Harrow Green Umz\u00fcge Bewertungen<\/h2>\n<div itemprop=\"review\" itemscope itemtype=\"http:\/\/schema.org\/Review\">\n<span itemprop=\"author\" itemscope=\"\" itemtype=\"http:\/\/schema.org\/Organization\"><span itemprop=\"name\">MoverDB.com<\/span><\/span> Online Website \u00dcberpr\u00fcfung f\u00fcr <span itemprop=\"itemreviewed\" itemscope=\"\" itemtype=\"http:\/\/schema.org\/Brand\"><span itemprop=\"name\">Harrow Green<\/span><\/span>:<\/p>\n<ol>\n<li> Klare Kontaktangaben auf der Website (einschlie\u00dflich Telefonnummer)? <strong>Ja<\/strong><\/li>\n<li> Leicht zu bekommen <a href=\"https:\/\/moverdb.com\/de\/zitate\/\">Angebote f\u00fcr internationale Umz\u00fcge<\/a>? (Online-Formular f\u00fcr Kostenvoranschl\u00e4ge): <strong>Teilweise<\/strong>Es gibt zwar ein E-Mail-Formular, aber kein richtiges Angebotsformular.<\/li>\n<li> Klare Informationen auf der Website: <strong>Ja<\/strong>Die Website ist \u00fcbersichtlich und einfach zu verstehen und zu nutzen. Das Einzige, was fehlt, ist ein Formular f\u00fcr Preise und Angebote.<\/li>\n<li> Mitgliedschaft in international anerkannten Umzugsorganisationen: <strong>Ja<\/strong><\/li>\n<li> Liste der Kunden und\/oder Zeugnisse von fr\u00fcheren Kunden: <strong>Ja<\/strong><\/li>\n<\/ol>\n<div itemprop=\"reviewRating\" itemscope itemtype=\"http:\/\/schema.org\/Rating\"><meta itemprop=\"worstRating\" content = \"0\" \/><meta itemprop=\"bestRating\" content=\"5\" \/><meta itemprop=\"ratingValue\" content=\"4.5\"><\/div>\n<p><strong>Gesamtbewertung: 4.5\/5<\/strong><br \/>\n<strong>Datum der \u00dcberpr\u00fcfung:<\/strong> <span itemprop=\"datePublished\" content=\"2018-01-15\">15\/01\/2018<\/span>\n<\/div>\n<p>Mehr \u00fcber <a href=\"https:\/\/moverdb.com\/de\/internationale-umzuge\/\">UK Umzugsunternehmen<\/a> und unsere <a href=\"https:\/\/moverdb.com\/de\/bewertungen\/\">\u00dcberpr\u00fcfungsprozess erkl\u00e4rt<\/a>.<\/p>\n<p><strong>Website:<\/strong> <a href=\"https:\/\/www.harrowgreeninternational.com\/\" target=\"_blank\" rel=\"noopener noreferrer\">https:\/\/www.harrowgreeninternational.com\/<\/a><\/p>","protected":false},"excerpt":{"rendered":"<p>Harrow Green specialise primarily in business removals, both domestic and international. Below are their core services along with reviews about the company. Harrow Green Removals Services International moving Packing services Transportation Storage services Destination package Insurance Destination services, such as handyman, home search and pet relocation Business removals Space planning New furniture supply Dismantling and [&hellip;]<\/p>\n","protected":false},"author":1,"featured_media":0,"parent":0,"menu_order":0,"comment_status":"closed","ping_status":"closed","template":"","meta":{"_genesis_hide_title":false,"_genesis_hide_breadcrumbs":false,"_genesis_hide_singular_image":false,"_genesis_hide_footer_widgets":false,"_genesis_custom_body_class":"","_genesis_custom_post_class":"","_genesis_layout":"","footnotes":""},"class_list":{"0":"post-303","1":"page","2":"type-page","3":"status-publish","5":"entry"},"_links":{"self":[{"href":"https:\/\/moverdb.com\/de\/wp-json\/wp\/v2\/pages\/303","targetHints":{"allow":["GET"]}}],"collection":[{"href":"https:\/\/moverdb.com\/de\/wp-json\/wp\/v2\/pages"}],"about":[{"href":"https:\/\/moverdb.com\/de\/wp-json\/wp\/v2\/types\/page"}],"author":[{"embeddable":true,"href":"https:\/\/moverdb.com\/de\/wp-json\/wp\/v2\/users\/1"}],"replies":[{"embeddable":true,"href":"https:\/\/moverdb.com\/de\/wp-json\/wp\/v2\/comments?post=303"}],"version-history":[{"count":13,"href":"https:\/\/moverdb.com\/de\/wp-json\/wp\/v2\/pages\/303\/revisions"}],"predecessor-version":[{"id":3300,"href":"https:\/\/moverdb.com\/de\/wp-json\/wp\/v2\/pages\/303\/revisions\/3300"}],"wp:attachment":[{"href":"https:\/\/moverdb.com\/de\/wp-json\/wp\/v2\/media?parent=303"}],"curies":[{"name":"wp","href":"https:\/\/api.w.org\/{rel}","templated":true}]}}