{"id":2804,"date":"2018-05-18T20:05:25","date_gmt":"2018-05-18T20:05:25","guid":{"rendered":"https:\/\/moverdb.com\/?page_id=2804"},"modified":"2026-01-08T14:48:10","modified_gmt":"2026-01-08T14:48:10","slug":"datenverarbeitungsrichtlinie","status":"publish","type":"page","link":"https:\/\/moverdb.com\/de\/data-processing-policy\/","title":{"rendered":"Politik der Datenverarbeitung"},"content":{"rendered":"<p>Diese Datenverarbeitungsrichtlinie erkl\u00e4rt in einfachem Englisch, wie MoverDB.com Daten verarbeitet, damit Sie eine fundierte Entscheidung dar\u00fcber treffen k\u00f6nnen, ob Sie unsere Dienste nutzen m\u00f6chten oder nicht. Wir haben sie als Antwort auf die GDPR erstellt. Es handelt sich um eine ausf\u00fchrliche, leicht verst\u00e4ndliche Erg\u00e4nzung zu unserer <a href=\"https:\/\/moverdb.com\/de\/datenschutzbestimmungen\/\">Datenschutzbestimmungen<\/a> und <a href=\"https:\/\/moverdb.com\/de\/nutzungsbedingungen\/\">Bedingungen und Konditionen<\/a>.<\/p>\n<p>MoverDB.com ist eine kostenlose Website und es besteht keine Verpflichtung, sich zu registrieren und\/oder pers\u00f6nliche Daten einzugeben, um sie zu nutzen. Alle Informationen werden kostenlos f\u00fcr jedermann zug\u00e4nglich gemacht.<\/p>\n<p>Wir sammeln und verarbeiten jedoch aktiv und passiv Daten, die Sie kennen sollten. Alle Seiten und Daten der Website werden mit der sicheren SSL-Technologie \u00fcbertragen.<\/p>\n<p>Alle unsere aktiven Datenverarbeitungsaktivit\u00e4ten (siehe unten) erfolgen auf <strong>Zustimmungsbasis<\/strong> und unsere passiven Datenverarbeitungsaktivit\u00e4ten (siehe unten) werden auf einer <strong>Grundlage f\u00fcr berechtigtes Interesse<\/strong>. <\/p>\n<p>MoverDB.com verarbeitet verschiedene Arten von Daten f\u00fcr verschiedene Zwecke und nutzt dabei verschiedene Drittanbieter und Plattformen.<\/p>\n<p><strong>Aktive Datenverarbeitungsaktivit\u00e4ten <\/strong><\/p>\n<p>Unsere Hauptt\u00e4tigkeit bei der Datenverarbeitung besteht darin, Menschen dabei zu helfen, \u00fcber einen kostenlosen und unverbindlichen Kostenvoranschlagsservice Angebote f\u00fcr internationale Umz\u00fcge einzuholen. Er soll von Einzelpersonen sowohl innerhalb als auch au\u00dferhalb der EU genutzt werden.<\/p>\n<p>Bitte beachten Sie auch, dass MoverDB.com selbst keine Kostenvoranschl\u00e4ge erstellt, sondern stattdessen eine Partnerschaft mit <a href=\"https:\/\/moverdb.com\/de\/international-removals\/\" data-internallinksmanager029f6b8e52c=\"27\" title=\"36 Beste internationale Umzugsunternehmen in Gro\u00dfbritannien\">Internationale Umz\u00fcge<\/a> Direct, TriGlobal B.V. und MyMovingLoads, um die Angebote zu erstellen. Jeder von ihnen arbeitet direkt mit einer eigenen Gruppe von <a href=\"https:\/\/moverdb.com\/de\/moving-companies\/\" data-internallinksmanager029f6b8e52c=\"79\" title=\"Top 25 Internationale Umzugsunternehmen Online\">Umzugsunternehmen<\/a>. <\/p>\n<p>Daher fungieren wir sowohl als f\u00fcr die Datenverarbeitung Verantwortlicher (da wir ihnen Daten \u00fcbermitteln) als auch als Datenverarbeiter (da sie uns mitteilen, welche Daten sie ben\u00f6tigen und entscheiden, wie sie diese verarbeiten). Alle Daten, die wir in ihrem Namen erheben, werden ben\u00f6tigt, um die f\u00fcr Sie in Frage kommenden Anbieter herauszufiltern. Wenn Sie es vorziehen, bestimmte Informationen nicht weiterzugeben, steht es Ihnen frei, dies zu tun, und Sie k\u00f6nnen immer noch generische <a href=\"https:\/\/moverdb.com\/de\/containerschifffahrt\/\">Preisinformationen hier<\/a>.<\/p>\n<p>Mit welchem Unternehmen Sie \u00fcber die Verarbeitung Ihrer Daten verhandeln, h\u00e4ngt sowohl davon ab, welches Formular Sie verwenden, als auch davon, wo Sie Ihren Wohnsitz haben.  <\/p>\n<p><strong>Hauptformular (oben auf der Seite)<\/strong><\/p>\n<p>Unser Hauptformular sieht wie folgt aus:<\/p>\n<p><img loading=\"lazy\" decoding=\"async\" width=\"833\" height=\"365\" src=\"https:\/\/moverdb.com\/wp-content\/uploads\/Top-page-form.png\" alt=\"\" class=\"aligncenter size-full wp-image-3236\" srcset=\"https:\/\/moverdb.com\/wp-content\/uploads\/Top-page-form.png 833w, https:\/\/moverdb.com\/wp-content\/uploads\/Top-page-form-300x131.png 300w\" sizes=\"auto, (max-width: 833px) 100vw, 833px\" \/><\/p>\n<p>Wir sammeln die Daten aus diesem Formular selbst und entscheiden dann, wohin sie gesendet werden.  <\/p>\n<p>Hier sind die Daten, die gesammelt werden, und der Grund f\u00fcr die Sammlung:<\/p>\n<ul>\n<li> Wohin ziehen Sie um: Dies hilft Ihnen, genaue Kostenvoranschl\u00e4ge zu erhalten und potenzielle Umzugsunternehmen zu filtern.<\/li>\n<li> Aktuelle Adresse\/Postleitzahl\/Platzcode\/Stadt\/Land: Dies hilft, genaue Angebote zu erhalten und potenzielle Umzugsunternehmen zu filtern.<\/li>\n<li> In welche Stadt ziehen Sie um: Dies hilft, genaue Angebote zu erhalten und potenzielle Umzugsunternehmen zu filtern.<\/li>\n<li> Gesch\u00e4tzter Umfang des Umzugs: Dies hilft, genaue Kostenvoranschl\u00e4ge zu erhalten und potenzielle Umzugsunternehmen zu filtern.<\/li>\n<li> Zu versendende Gegenst\u00e4nde: Dies hilft, genaue Angebote zu erhalten, filtert potenzielle Umzugsunternehmen und stellt sicher, dass Sie nicht versuchen, etwas Illegales zu transportieren.<\/li>\n<li> Voraussichtliches Umzugsdatum: Dies hilft, genaue Kostenvoranschl\u00e4ge zu erhalten. Beachten Sie auch, dass die meisten Unternehmen keine Kostenvoranschl\u00e4ge f\u00fcr Umz\u00fcge mehr als 3 Monate im Voraus machen k\u00f6nnen.<\/li>\n<li> Ihr Name: Damit die Unternehmen wissen, mit wem sie es zu tun haben.<\/li>\n<li> Ihre E-Mail Adresse: An diese Adresse k\u00f6nnen Angebote gesendet werden, und es besteht die M\u00f6glichkeit, mit Ihnen \u00fcber Ihre Anfrage in Kontakt zu treten.<\/li>\n<li> Ihre Telefonnummer: Erforderlich, damit die Unternehmen mit Ihnen Kontakt aufnehmen k\u00f6nnen, um Ihr Angebot einzuholen.<\/li>\n<\/ul>\n<p>Sobald Sie alle Daten eingegeben und das Formular abgeschickt haben, werden die folgenden Aktionen ausgef\u00fchrt:<\/p>\n<ul>\n<li> Sie werden unsere Dankesnachricht sehen, die auch ein Tool von <a href=\"https:\/\/moverdb.com\/de\/international-money-transfer-services\/currencies-direct-review\/\" data-internallinksmanager029f6b8e52c=\"237\" title=\"Currencies Direct Internationaler Geldtransfer \u00dcberblick 2023\">W\u00e4hrungen Direkt<\/a> die dabei helfen k\u00f6nnen, herauszufinden, wie man Fremdw\u00e4hrungen umtauscht.<\/li>\n<li> Die Formulardaten werden dann \u00fcber einen sicheren SSL-Webhook an Zapier.com gesendet, was die <a href=\"https:\/\/moverdb.com\/de\/moving-to-the-united-states\/\" data-internallinksmanager029f6b8e52c=\"94\" title=\"Umzug in die Vereinigten Staaten? 2026 Lebenshaltungskosten &amp; Umzugstipps\">us<\/a> um die Daten mittels eines so genannten Zap zu verarbeiten.<\/li>\n<li> Sobald die Daten von Zapier.com empfangen werden, filtert der Zap alle gesammelten Daten entweder an International Removals Direct (Umzug vom <a href=\"https:\/\/moverdb.com\/de\/moving-to-the-uk\/\" data-internallinksmanager029f6b8e52c=\"93\" title=\"Umzug in das Vereinigte K\u00f6nigreich? 2026 Lebenshaltungskosten &amp; Umzugstipps\">UK<\/a>) oder TriGlobal B.V. (Umzug von einem anderen Ort der Welt) \u00fcber einen sicheren SSL-Webhook. Diese \u00fcberpr\u00fcfen dann Ihre Daten und senden Ihre Anfrage an bis zu 6 relevante Umzugsunternehmen, die sich ihrerseits telefonisch und\/oder per E-Mail mit Ihnen in Verbindung setzen k\u00f6nnen. Sie sind nicht verpflichtet, etwas zu kaufen, und k\u00f6nnen den Unternehmen mitteilen, dass Sie nicht umziehen m\u00f6chten. Au\u00dferdem k\u00f6nnen Sie uns auch bitten, Ihre Anfrage zu stornieren, indem Sie unser <a href=\"https:\/\/moverdb.com\/de\/kontakt-uns\/\">Kontakt-Formular<\/a>.<\/li>\n<li> Nachdem die Daten gesendet wurden, sendet der Zap die im Formular eingegebene E-Mail-Adresse \u00fcber eine Zapier-Integration an Mailchimp. Dies l\u00f6st dann eine automatische E-Mail aus, die Ihre Anfrage best\u00e4tigt und nochmals erkl\u00e4rt, was Sie erwarten k\u00f6nnen. Etwa 5 Tage nach Ihrer Anfrage wird eine weitere E-Mail versendet, in der Sie weitere Informationen zum Geldtransport ins Ausland zusammen mit Ihren Waren erhalten. Wir haben festgestellt, dass viele Menschen \u00fcber die verschiedenen M\u00f6glichkeiten, Geld ins Ausland zu schicken, verwirrt sind. Sie k\u00f6nnen sich ganz einfach von allen E-Mails abmelden, indem Sie auf den Abmeldelink oben oder unten in jeder E-Mail klicken. Au\u00dferdem l\u00f6schen wir mindestens einmal im Jahr routinem\u00e4\u00dfig alle E-Mails.<\/li>\n<li> In diesem Stadium ist der Zap abgeschlossen und Zapier l\u00f6scht automatisch alle Daten innerhalb von 90 Tagen. Dies gibt uns Zeit, eventuelle Probleme zu l\u00f6sen, bedeutet aber auch, dass die Daten nicht l\u00e4nger als n\u00f6tig gespeichert werden.<\/li>\n<li> Wir werden Ihre E-Mail-Adresse (und nichts anderes) bis zu 1 Jahr lang \u00fcber Mailchimp aufbewahren.<\/li>\n<li> International Removals Direct und TriGlobal B.V. bewahren die Daten so lange auf, wie es ihre internen Richtlinien zulassen. Wenn Sie Bedenken bez\u00fcglich der von ihnen gespeicherten Daten haben, setzen Sie sich bitte mit uns in Verbindung und wir werden unser Bestes tun, um Ihnen zu helfen.<\/li>\n<\/ul>\n<p><strong>Sekund\u00e4res Formular #1 (Mitte der Seite)<\/strong><\/p>\n<p>Unsere Sekund\u00e4rform #1 sieht wie folgt aus.<\/p>\n<p><img loading=\"lazy\" decoding=\"async\" width=\"907\" height=\"512\" src=\"https:\/\/moverdb.com\/wp-content\/uploads\/bottom-page-form.png\" alt=\"\" class=\"aligncenter size-full wp-image-3235\" srcset=\"https:\/\/moverdb.com\/wp-content\/uploads\/bottom-page-form.png 907w, https:\/\/moverdb.com\/wp-content\/uploads\/bottom-page-form-300x169.png 300w\" sizes=\"auto, (max-width: 907px) 100vw, 907px\" \/><\/p>\n<p>Dieses Formular wird von MyMovingLoads zur Verf\u00fcgung gestellt und wir haben keine Kontrolle dar\u00fcber, wie es gesendet oder verarbeitet wird. <\/p>\n<p>Hier sind die Daten, die sie sammeln:<\/p>\n<ul>\n<li> Herkunftsland\/Stadt und Lieferland und Lieferort: Dies hilft, genaue Kostenvoranschl\u00e4ge zu erhalten und potenzielle Umzugsunternehmen zu filtern.<\/li>\n<li> Datum des Umzugs: Dies hilft, genaue Kostenvoranschl\u00e4ge zu erhalten. Beachten Sie auch, dass die meisten Unternehmen keine Kostenvoranschl\u00e4ge f\u00fcr Umz\u00fcge mehr als 3 Monate im Voraus abgeben k\u00f6nnen.<\/li>\n<li> W\u00e4hlen Sie die Wohnungsgr\u00f6\u00dfe: Dies hilft dabei, genaue Kostenvoranschl\u00e4ge zu erhalten und potenzielle Umzugsunternehmen zu filtern.<<\/li>\n<li> Vor- und Nachname: Damit die Unternehmen wissen, mit wem sie es zu tun haben.<\/li>\n<li> Ihr Telefon: Erforderlich, damit die Unternehmen mit Ihnen Kontakt aufnehmen k\u00f6nnen, um Ihr Angebot einzuholen.<\/li>\n<li> Ihre E-Mail: An diese Adresse k\u00f6nnen Angebote gesendet werden und es besteht die M\u00f6glichkeit, mit Ihnen bez\u00fcglich Ihrer Anfrage in Kontakt zu treten.<\/li>\n<\/ul>\n<p>Sobald Sie alle Daten eingegeben und das Formular abgeschickt haben, werden die folgenden Aktionen ausgef\u00fchrt:<\/p>\n<ul>\n<li> Sie erhalten eine Dankesnachricht.<\/li>\n<li> Die Daten werden an MyMovingLoads gesendet, die sie in \u00dcbereinstimmung mit ihren Nutzungsbedingungen verarbeiten, denen Sie beim Absenden des Formulars zustimmen m\u00fcssen.<\/li>\n<\/ul>\n<p><strong>Sekund\u00e4res Formular #2 (unten auf der Seite)<\/strong><\/p>\n<p>Unsere Sekund\u00e4rform #2 sieht folgenderma\u00dfen aus:<\/p>\n<p><img loading=\"lazy\" decoding=\"async\" src=\"https:\/\/moverdb.com\/wp-content\/uploads\/Triglobal-form.png\" alt=\"\" width=\"597\" height=\"795\" class=\"aligncenter size-full wp-image-3269\" srcset=\"https:\/\/moverdb.com\/wp-content\/uploads\/Triglobal-form.png 597w, https:\/\/moverdb.com\/wp-content\/uploads\/Triglobal-form-225x300.png 225w\" sizes=\"auto, (max-width: 597px) 100vw, 597px\" \/><\/p>\n<p>Dieses Formular wird von TriGlobal B.V. zur Verf\u00fcgung gestellt und wir haben keine Kontrolle dar\u00fcber, wie es gesendet oder verarbeitet wird.<\/p>\n<p>Hier sind die Daten, die sie sammeln:<\/p>\n<ul>\n<li> Angaben zur aktuellen Adresse und zur Lieferadresse (Stra\u00dfe, Postleitzahl, Ort und Land): Dies hilft, genaue Angebote zu erhalten und potenzielle Umzugsunternehmen zu filtern.<\/li>\n<li> Umzugsgr\u00f6\u00dfe: Das hilft, genaue Angebote zu erstellen<\/li>\n<li> Datum des Umzugs: Dies hilft, genaue Kostenvoranschl\u00e4ge zu erhalten. Beachten Sie auch, dass die meisten Unternehmen keine Kostenvoranschl\u00e4ge f\u00fcr Umz\u00fcge mehr als 3 Monate im Voraus abgeben k\u00f6nnen.<\/li>\n<li> Gesch\u00e4tztes Volumen in ft3 (optional): Hilft, ein genaueres Angebot zu erstellen<\/li>\n<li> Verpackung\/Montage (optional): Hilft Ihnen, ein genaueres Angebot zu erstellen.<\/li>\n<li> Bemerkungen (optional): Hier k\u00f6nnen Sie besondere W\u00fcnsche, Fragen usw. hinzuf\u00fcgen.<\/li>\n<li> Art des Umzugs: So wird Ihr Angebot an die richtige Abteilung des Umzugsunternehmens weitergeleitet<\/li>\n<li> Vor- und Nachnamen: Damit die Unternehmen wissen, mit wem sie es zu tun haben.<\/li>\n<li> Telefon #1: Erforderlich, damit die Unternehmen mit Ihnen Kontakt aufnehmen k\u00f6nnen, um Ihr Angebot einzuholen.<\/li>\n<li> E-Mail: An diese Adresse k\u00f6nnen Angebote gesendet werden, und es besteht die M\u00f6glichkeit, mit Ihnen \u00fcber Ihre Anfrage in Kontakt zu treten.<\/li>\n<\/ul>\n<p>Sobald Sie alle Daten eingegeben und das Formular abgeschickt haben, werden die folgenden Aktionen ausgef\u00fchrt:<\/p>\n<ul>\n<li> Sie erhalten eine Dankesnachricht.<\/li>\n<li> Die Daten werden an TriGlobal B.V. weitergeleitet, die sie gem\u00e4\u00df ihren Nutzungsbedingungen verarbeitet.<\/li>\n<\/ul>\n<p><strong>Passive Datenverarbeitungst\u00e4tigkeiten <\/strong><\/p>\n<p>Wir verwenden die folgenden Tools von Drittanbietern, um eine benutzbare Website zu betreiben. Sie geben keine pers\u00f6nlichen Informationen \u00fcber Sie an uns weiter, aber sie k\u00f6nnen dennoch Informationen \u00fcber Sie und\/oder Ihren Computer sammeln, die als pers\u00f6nliche Informationen betrachtet werden k\u00f6nnen.<\/p>\n<p>Im Folgenden wird erl\u00e4utert, wof\u00fcr wir die einzelnen Dienste nutzen und wo Sie mehr dar\u00fcber erfahren k\u00f6nnen, wie sie personenbezogene Daten erheben und verwenden:<\/p>\n<p><strong>Google Analytics:<\/strong> Wir verwenden dies, um zu verfolgen, wie die Besucher unsere Website insgesamt nutzen. Wir verwenden es nicht, um einzelne Nutzer zu verfolgen. Hier sind die wichtigsten Einstellungen, die wir derzeit verwenden:<\/p>\n<ul>\n<li>Wiedervermarktung: OFF<\/li>\n<li>Funktionen der Werbeberichterstattung: OFF<\/li>\n<li>Speicherung von Benutzer- und Ereignisdaten: Verfall nach 14 Monaten (k\u00fcrzeste angebotene Option)<\/li>\n<li>Zur\u00fccksetzen bei neuer Aktivit\u00e4t: ON<\/li>\n<li>Benutzer-ID: OFF<\/li>\n<li>Akzeptierte \u00c4nderung der GDPR-Datenverarbeitung<\/li>\n<\/ul>\n<p>Google bietet derzeit eine Opt-out-M\u00f6glichkeit f\u00fcr Analytics <a href=\"https:\/\/support.google.com\/analytics\/answer\/181881?hl=en\" rel=\"noopener\" target=\"_blank\">hier<\/a> oder Sie k\u00f6nnen ein Tool eines Drittanbieters verwenden, z. B. <a href=\"https:\/\/www.ghostery.com\/\" rel=\"noopener\" target=\"_blank\">Ghostery<\/a>.<\/p>\n<p><strong>Facebook Social Graph:<\/strong> Dies wird verwendet, um das Teilen von Inhalten unserer Website und unseres Blogs auf Facebook zu erleichtern und um zu sehen, wie oft Inhalte geteilt wurden. Wir verwenden es nicht f\u00fcr Remarketing oder Retargeting. Siehe Facebooks <a href=\"https:\/\/www.facebook.com\/help\/1701730696756992\/?helpref=hc_fnav\" rel=\"noopener\" target=\"_blank\">Daten Seite<\/a> um mehr dar\u00fcber zu erfahren, wie sie Ihre Daten verwenden.<\/p>\n<p><strong>Soziale Medien teilen:<\/strong> Zus\u00e4tzlich zum Facebook Social Graph haben wir auch Schaltfl\u00e4chen f\u00fcr G+, Twitter und LinkedIn auf unserer Website, um das Teilen unserer Inhalte auf diesen Plattformen zu erleichtern. Sie k\u00f6nnen sehen <a href=\"https:\/\/policies.google.com\/privacy\" rel=\"noopener\" target=\"_blank\">G+ Datenschutzbestimmungen hier<\/a>Twitter's <a href=\"https:\/\/twitter.com\/en\/privacy\" rel=\"noopener\" target=\"_blank\">Datenschutzbestimmungen<\/a> hier und <a href=\"https:\/\/www.linkedin.com\/legal\/privacy-policy\" rel=\"noopener\" target=\"_blank\">LinkedIns Datenschutzrichtlinie hier<\/a>.<\/p>\n<p><strong>Externe \/ Affiliate Links:<\/strong> Manchmal verfolgen wir externe Links entweder \u00fcber Google Analytics und\/oder \u00fcber Tracking-Plattformen von Drittanbietern. Jegliche Art von Tracking findet nur statt, wenn Sie auf einen externen Link klicken. Am Ende jeder Seite, auf der dies geschieht, geben wir an, welche Links Partnerlinks sind. Wenn Sie sich dar\u00fcber Sorgen machen, ist es am einfachsten, nicht auf externe Links von unserer Website zu klicken.<\/p>\n<p><strong>Webhosting:<\/strong> Wir verwenden StudioPress Sites f\u00fcr das Hosting unserer Website. Wie die meisten Webhosting-Unternehmen f\u00fchren sie Website-Protokolle, auf die wir allerdings keinen direkten Zugriff haben. Sie k\u00f6nnen mehr \u00fcber die Daten erfahren, die sie in ihren <a href=\"https:\/\/www.studiopress.com\/privacy-policy\/\" rel=\"noopener\" target=\"_blank\">Datenschutzbestimmungen<\/a>.<\/p>","protected":false},"excerpt":{"rendered":"<p>This Data Processing Policy explains in plain English how MoverDB.com processes data so you can make an informed choice about whether or not you&#8217;d like to use our services. We&#8217;ve created it as a response to GDPR. It is a plain English, detailed, addition to our Privacy Policy and Terms and Conditions. MoverDB.com is a [&hellip;]<\/p>\n","protected":false},"author":1,"featured_media":0,"parent":0,"menu_order":0,"comment_status":"closed","ping_status":"closed","template":"","meta":{"_genesis_hide_title":false,"_genesis_hide_breadcrumbs":false,"_genesis_hide_singular_image":false,"_genesis_hide_footer_widgets":false,"_genesis_custom_body_class":"","_genesis_custom_post_class":"","_genesis_layout":"","footnotes":""},"class_list":{"0":"post-2804","1":"page","2":"type-page","3":"status-publish","5":"entry","6":"has-post-thumbnail"},"_links":{"self":[{"href":"https:\/\/moverdb.com\/de\/wp-json\/wp\/v2\/pages\/2804","targetHints":{"allow":["GET"]}}],"collection":[{"href":"https:\/\/moverdb.com\/de\/wp-json\/wp\/v2\/pages"}],"about":[{"href":"https:\/\/moverdb.com\/de\/wp-json\/wp\/v2\/types\/page"}],"author":[{"embeddable":true,"href":"https:\/\/moverdb.com\/de\/wp-json\/wp\/v2\/users\/1"}],"replies":[{"embeddable":true,"href":"https:\/\/moverdb.com\/de\/wp-json\/wp\/v2\/comments?post=2804"}],"version-history":[{"count":16,"href":"https:\/\/moverdb.com\/de\/wp-json\/wp\/v2\/pages\/2804\/revisions"}],"predecessor-version":[{"id":3270,"href":"https:\/\/moverdb.com\/de\/wp-json\/wp\/v2\/pages\/2804\/revisions\/3270"}],"wp:attachment":[{"href":"https:\/\/moverdb.com\/de\/wp-json\/wp\/v2\/media?parent=2804"}],"curies":[{"name":"wp","href":"https:\/\/api.w.org\/{rel}","templated":true}]}}