{"id":2752,"date":"2017-05-09T16:25:21","date_gmt":"2017-05-09T16:25:21","guid":{"rendered":"https:\/\/moverdb.com\/?page_id=2752"},"modified":"2026-01-08T14:47:12","modified_gmt":"2026-01-08T14:47:12","slug":"auto-transport-versand","status":"publish","type":"page","link":"https:\/\/moverdb.com\/de\/car-transport-shipping\/","title":{"rendered":"2026 Internationale Autotransporte &amp; Angebote f\u00fcr Fahrzeugtransporte"},"content":{"rendered":"<p>Sie suchen einen internationalen Autotransport oder Fahrzeugtransport, wissen aber nicht, wo Sie anfangen sollen? Wir k\u00f6nnen Ihnen bei allem helfen, von Unternehmen \u00fcber Kosten bis hin zu Angeboten. <\/p>\n<p>Sie k\u00f6nnen sofort loslegen, indem Sie unser Angebotsformular oben verwenden, oder lesen Sie unseren Leitfaden weiter unten f\u00fcr weitere Informationen.<\/p>\n<p><img loading=\"lazy\" decoding=\"async\" width=\"720\" height=\"480\" src=\"https:\/\/moverdb.com\/wp-content\/uploads\/car-transport-shipping.jpg\" alt=\"2019 Internationale Autotransport &amp; Fahrzeugversand Angebote\" class=\"aligncenter size-full wp-image-2753\" srcset=\"https:\/\/moverdb.com\/wp-content\/uploads\/car-transport-shipping.jpg 720w, https:\/\/moverdb.com\/wp-content\/uploads\/car-transport-shipping-300x200.jpg 300w, https:\/\/moverdb.com\/wp-content\/uploads\/car-transport-shipping-600x400.jpg 600w\" sizes=\"auto, (max-width: 720px) 100vw, 720px\" \/><\/p>\n<div id=\"ez-toc-container\" class=\"ez-toc-v2_0_82_2 ez-toc-wrap-left counter-hierarchy ez-toc-counter ez-toc-transparent ez-toc-container-direction\">\n<div class=\"ez-toc-title-container\">\n<p class=\"ez-toc-title\" style=\"cursor:inherit\">Rubriken<\/p>\n<span class=\"ez-toc-title-toggle\"><a href=\"#\" class=\"ez-toc-pull-right ez-toc-btn ez-toc-btn-xs ez-toc-btn-default ez-toc-toggle\" aria-label=\"Inhaltsverzeichnis umschalten\"><span class=\"ez-toc-js-icon-con\"><span class=\"\"><span class=\"eztoc-hide\" style=\"display:none;\">Umschalten auf<\/span><span class=\"ez-toc-icon-toggle-span\"><svg style=\"fill: #999;color:#999\" xmlns=\"http:\/\/www.w3.org\/2000\/svg\" class=\"list-377408\" width=\"20px\" height=\"20px\" viewbox=\"0 0 24 24\" fill=\"none\"><path d=\"M6 6H4v2h2V6zm14 0H8v2h12V6zM4 11h2v2H4v-2zm16 0H8v2h12v-2zM4 16h2v2H4v-2zm16 0H8v2h12v-2z\" fill=\"currentColor\"><\/path><\/svg><svg style=\"fill: #999;color:#999\" class=\"arrow-unsorted-368013\" xmlns=\"http:\/\/www.w3.org\/2000\/svg\" width=\"10px\" height=\"10px\" viewbox=\"0 0 24 24\" version=\"1.2\" baseprofile=\"tiny\"><path d=\"M18.2 9.3l-6.2-6.3-6.2 6.3c-.2.2-.3.4-.3.7s.1.5.3.7c.2.2.4.3.7.3h11c.3 0 .5-.1.7-.3.2-.2.3-.5.3-.7s-.1-.5-.3-.7zM5.8 14.7l6.2 6.3 6.2-6.3c.2-.2.3-.5.3-.7s-.1-.5-.3-.7c-.2-.2-.4-.3-.7-.3h-11c-.3 0-.5.1-.7.3-.2.2-.3.5-.3.7s.1.5.3.7z\"\/><\/svg><\/span><\/span><\/span><\/a><\/span><\/div>\n<nav><ul class='ez-toc-list ez-toc-list-level-1 eztoc-toggle-hide-by-default' ><li class='ez-toc-page-1 ez-toc-heading-level-2'><a class=\"ez-toc-link ez-toc-heading-1\" href=\"https:\/\/moverdb.com\/de\/car-transport-shipping\/#Auto_Transport_Companies\" >Autotransportunternehmen<\/a><ul class='ez-toc-list-level-3' ><li class='ez-toc-heading-level-3'><a class=\"ez-toc-link ez-toc-heading-2\" href=\"https:\/\/moverdb.com\/de\/car-transport-shipping\/#US_Canadian_Auto_Transport_Companies\" >US &amp; Kanadische Autotransportunternehmen<\/a><\/li><li class='ez-toc-page-1 ez-toc-heading-level-3'><a class=\"ez-toc-link ez-toc-heading-3\" href=\"https:\/\/moverdb.com\/de\/car-transport-shipping\/#UK_Car_Transport_Companies\" >UK Autotransportunternehmen<\/a><\/li><li class='ez-toc-page-1 ez-toc-heading-level-3'><a class=\"ez-toc-link ez-toc-heading-4\" href=\"https:\/\/moverdb.com\/de\/car-transport-shipping\/#Australian_Car_Transport_Companies\" >Australische Autotransportunternehmen<\/a><\/li><\/ul><\/li><li class='ez-toc-page-1 ez-toc-heading-level-2'><a class=\"ez-toc-link ez-toc-heading-5\" href=\"https:\/\/moverdb.com\/de\/car-transport-shipping\/#International_Car_Transport_Costs\" >Internationale Autotransportkosten<\/a><ul class='ez-toc-list-level-3' ><li class='ez-toc-heading-level-3'><a class=\"ez-toc-link ez-toc-heading-6\" href=\"https:\/\/moverdb.com\/de\/car-transport-shipping\/#Car_Transport_Taxes\" >Steuern f\u00fcr den Autotransport<\/a><\/li><\/ul><\/li><li class='ez-toc-page-1 ez-toc-heading-level-2'><a class=\"ez-toc-link ez-toc-heading-7\" href=\"https:\/\/moverdb.com\/de\/car-transport-shipping\/#International_Vehicle_Shipping_Documentation\" >Dokumentation f\u00fcr den internationalen Fahrzeugversand<\/a><\/li><li class='ez-toc-page-1 ez-toc-heading-level-2'><a class=\"ez-toc-link ez-toc-heading-8\" href=\"https:\/\/moverdb.com\/de\/car-transport-shipping\/#Other_Car_Transport_Tips\" >Andere Tipps zum Autotransport<\/a><\/li><li class='ez-toc-page-1 ez-toc-heading-level-2'><a class=\"ez-toc-link ez-toc-heading-9\" href=\"https:\/\/moverdb.com\/de\/car-transport-shipping\/#Car_Transport_Quotes\" >Autotransport-Angebote<\/a><\/li><\/ul><\/nav><\/div>\n<h2><span class=\"ez-toc-section\" id=\"Auto_Transport_Companies\"><\/span>Autotransportunternehmen<span class=\"ez-toc-section-end\"><\/span><\/h2>\n<p>Der internationale Markt f\u00fcr Auto- und Autotransporte ist extrem zersplittert, mit Hunderten oder gar Tausenden von kleinen, weltweit t\u00e4tigen Unternehmen. Im Folgenden haben wir einige der bekanntesten Unternehmen aufgelistet, die sich auf Autotransporte spezialisiert haben. <\/p>\n<p>Sie sollten jedoch auch Angebote einholen von <a href=\"https:\/\/moverdb.com\/de\/umzugsunternehmen\/\">Top-Umzugsunternehmen im Ausland<\/a> und <a href=\"https:\/\/moverdb.com\/de\/spediteur\/\">Spediteure<\/a> um sicherzustellen, dass Sie ein faires Angebot erhalten.<\/p>\n<p>Sie k\u00f6nnen aber auch einfach zum Anfang der Seite gehen und unser Angebotsformular ausf\u00fcllen, um schnell Unternehmen zu finden. <\/p>\n<h3><span class=\"ez-toc-section\" id=\"US_Canadian_Auto_Transport_Companies\"><\/span>US &amp; Kanadische Autotransportunternehmen<span class=\"ez-toc-section-end\"><\/span><\/h3>\n<ul>\n<li> A-1 Auto Transport<\/li>\n<li> Amerikanischer Autotransport<\/li>\n<li> AmeriFreight<\/li>\n<li> C.A.R. Transport<\/li>\n<li> Zuverl\u00e4ssige Autoverlader (DAS)<\/li>\n<li> eShip<\/li>\n<li> Exekutive Auto-Versender<\/li>\n<li> Fischer Schifffahrt<\/li>\n<li> K\u00f6nig des Stra\u00dfentransports<\/li>\n<li> Montway Auto Transport<\/li>\n<li> Prostar Automobil-Transport<\/li>\n<li> Ein Auto direkt verschiffen<\/li>\n<li> Ihr Auto jetzt verschiffen<\/li>\n<li> Stateway Auto Transport<\/li>\n<li> Thrifty Auto Versand<\/li>\n<li> Wir werden es transportieren<\/li>\n<\/ul>\n<h3><span class=\"ez-toc-section\" id=\"UK_Car_Transport_Companies\"><\/span>UK Autotransportunternehmen<span class=\"ez-toc-section-end\"><\/span><\/h3>\n<ul>\n<li> Acumen Automobillogistik<\/li>\n<li> AutoShippers<\/li>\n<li> Autotransport Quoter<\/li>\n<li> Classic Automotive Umzugsservice<\/li>\n<li> Quinns Autotransport<\/li>\n<li> Ein Auto schieben<\/li>\n<li> White's Fahrzeugtransport<\/li>\n<li> Woodside Motorfreight<\/li>\n<\/ul>\n<p>Besuchen Sie auch unser <a href=\"https:\/\/moverdb.com\/de\/internationale-umzuge\/\">internationale Umz\u00fcge<\/a> Seite.<\/p>\n<h3><span class=\"ez-toc-section\" id=\"Australian_Car_Transport_Companies\"><\/span>Australische Autotransportunternehmen<span class=\"ez-toc-section-end\"><\/span><\/h3>\n<ul>\n<li> ACR <a href=\"https:\/\/moverdb.com\/de\/moving-to-australia\/living-in-australia\/\" data-internallinksmanager029f6b8e52c=\"240\" title=\"21 Geheimnisse \u00fcber das Leben in Australien, die man vor dem Umzug kennen sollte\">Australien<\/a><\/li>\n<li> Australischer Autotransport<\/li>\n<li> Auto-Logistik<\/li>\n<li> Autotransport Express<\/li>\n<li> Bef\u00f6rderung von T\u00fcr zu T\u00fcr<\/li>\n<li> CEVA Transportieren<\/li>\n<li> Fahrende Autos<\/li>\n<li> PrixAutotransport<\/li>\n<li> SMB Australien Autotransport<\/li>\n<li> Maut<\/li>\n<\/ul>\n<h2><span class=\"ez-toc-section\" id=\"International_Car_Transport_Costs\"><\/span>Internationale Autotransportkosten<span class=\"ez-toc-section-end\"><\/span><\/h2>\n<p>Die Kosten f\u00fcr den Autotransport und die Verschiffung variieren stark, je nachdem, wie schnell Sie Ihr Fahrzeug ben\u00f6tigen und welche Versandart Sie w\u00e4hlen. Beim Seetransport in einem Versandcontainer k\u00f6nnen die Kosten nur wenige hundert Dollar betragen, daf\u00fcr aber weit \u00fcber einen Monat dauern. <\/p>\n<p>Sie k\u00f6nnen sogar noch mehr Geld sparen, wenn Sie keinen Haus-zu-Haus-Service ben\u00f6tigen und stattdessen Ihr Auto bei der n\u00e4chstgelegenen Autovermietung abholen. <a href=\"https:\/\/moverdb.com\/de\/top-49-container-ports\/\" data-internallinksmanager029f6b8e52c=\"80\" title=\"Top 49 der gr\u00f6\u00dften und verkehrsreichsten Containerh\u00e4fen im Jahr 2025\">Hafen<\/a> bei Versand auf dem Seeweg \u00fcber eine RoRo-Sendung (Roll on Roll off).<\/p>\n<p>Weitere Informationen finden Sie in unserem Leitfaden: <a href=\"https:\/\/moverdb.com\/de\/containerschifffahrt\/\">Preise und Kosten der internationalen Containerschifffahrt<\/a><\/p>\n<p>Bei Umz\u00fcgen innerhalb eines Kontinents (z. B. <a href=\"https:\/\/moverdb.com\/de\/moving-to-the-united-states\/\" data-internallinksmanager029f6b8e52c=\"94\" title=\"Umzug in die Vereinigten Staaten? 2026 Lebenshaltungskosten &amp; Umzugstipps\">US<\/a> zu <a href=\"https:\/\/moverdb.com\/de\/moving-to-canada\/\" data-internallinksmanager029f6b8e52c=\"265\" title=\"Umzug nach Kanada? 2026 Lebenshaltungskosten &amp; Umzugstipps\">Kanada<\/a>, <a href=\"https:\/\/moverdb.com\/de\/moving-to-the-uk\/\" data-internallinksmanager029f6b8e52c=\"93\" title=\"Umzug in das Vereinigte K\u00f6nigreich? 2026 Lebenshaltungskosten &amp; Umzugstipps\">UK<\/a> zu <a href=\"https:\/\/moverdb.com\/de\/moving-to-spain\/\" data-internallinksmanager029f6b8e52c=\"266\" title=\"Umzug nach Spanien? 2026 Lebenshaltungskosten &amp; Umzugstipps\">Spanien<\/a>usw.) k\u00f6nnen Sie einen Autotransporter anheuern, der Ihr Auto f\u00fcr Sie f\u00e4hrt, vorausgesetzt, Ihr Auto ist in einem funktionst\u00fcchtigen Zustand. Das kostet oft erheblich mehr (bis zu einigen Tausend Dollar, Pfund oder Euro), bedeutet aber, dass Sie Ihr Auto in ein paar Tagen statt in Wochen bekommen. <\/p>\n<p>Wenn Ihr Auto nicht funktionst\u00fcchtig ist, m\u00fcssen Sie es mit einem Anh\u00e4nger oder einem anderen Spezialtransporter transportieren. <\/p>\n<p>Die teuerste Option ist der Lufttransport, von dem jedoch aufgrund der hohen Kosten generell abgeraten wird.<\/p>\n<p><strong>Andere Dinge, die die Kosten beeinflussen:<\/strong><\/p>\n<ul>\n<li> <strong>Entfernung:<\/strong> Je weiter Sie versenden, desto teurer wird der Gesamtbetrag, obwohl Sie pro Meile deutlich weniger bezahlen sollten.<\/li>\n<li> <strong>Zeit des Jahres:<\/strong> Bestimmte Zeiten des Jahres sind f\u00fcr bestimmte Strecken teurer als andere.<\/li>\n<li> <strong>Vorlaufzeit:<\/strong> Je fr\u00fcher Sie mit der Einholung von Angeboten beginnen k\u00f6nnen, desto besser, da die Preise f\u00fcr eine schnellere Abwicklung erheblich steigen.<\/li>\n<li> <strong>Offener vs. geschlossener Lkw:<\/strong> Offene Lkw sind billiger, bergen aber im Allgemeinen ein h\u00f6heres Schadensrisiko als geschlossene Lkw. <\/li>\n<\/ul>\n<h3><span class=\"ez-toc-section\" id=\"Car_Transport_Taxes\"><\/span>Steuern f\u00fcr den Autotransport<span class=\"ez-toc-section-end\"><\/span><\/h3>\n<p>Je nachdem, wohin Sie Ihr Auto verschiffen, m\u00fcssen Sie m\u00f6glicherweise erhebliche Steuern zahlen. Zum Beispiel, Autos <a href=\"https:\/\/moverdb.com\/de\/shipping-to-singapore\/\">verschickt nach Singapur<\/a> wird eine Einfuhrsteuer von 20% auf den Zollwert des Fahrzeugs f\u00e4llig. <\/p>\n<p>Viele europ\u00e4ische L\u00e4nder erheben Einfuhrz\u00f6lle in H\u00f6he von etwa 10%, k\u00f6nnen aber auch eine Mehrwertsteuer erheben, die sich je nach Verwendung des Fahrzeugs auf weitere 20% belaufen kann. <\/p>\n<p>Planen Sie diese Kosten ein, wenn Sie Ihre Angebote einholen und bevor Sie Ihr Auto tats\u00e4chlich verschiffen. In manchen F\u00e4llen kann es billiger und einfacher sein, einfach ein neues Auto zu kaufen, anstatt Ihr altes zu verschiffen.  <\/p>\n<h2><span class=\"ez-toc-section\" id=\"International_Vehicle_Shipping_Documentation\"><\/span>Dokumentation f\u00fcr den internationalen Fahrzeugversand<span class=\"ez-toc-section-end\"><\/span><\/h2>\n<p>Um Ihr Auto oder andere Fahrzeuge international zu versenden, ben\u00f6tigen Sie eine Reihe von Dokumenten. Die Anforderungen variieren von Land zu Land, daher sollten Sie sich vor dem Versand immer informieren. Zu den \u00fcblichen erforderlichen Dokumenten geh\u00f6ren:<\/p>\n<ul>\n<li> Original Fahrzeugbrief<\/li>\n<li> Ursprungszeugnis<\/li>\n<li> Konnossement<\/li>\n<li> Versicherungsunterlagen<\/li>\n<\/ul>\n<h2><span class=\"ez-toc-section\" id=\"Other_Car_Transport_Tips\"><\/span>Andere Tipps zum Autotransport<span class=\"ez-toc-section-end\"><\/span><\/h2>\n<ul>\n<li> <strong>Machen Sie Fotos:<\/strong> Stellen Sie sicher, dass Sie Fotos mit Zeitstempel von Ihrem Fahrzeug machen, bevor es versandt wird, falls es Sch\u00e4den gibt. Wenn ein Schaden vorliegt, sollten Sie sofort Fotos machen, um Streitigkeiten zu vermeiden.<\/li>\n<li> <strong>Versicherung:<\/strong> Vergewissern Sie sich, dass Ihre Versicherung die gesamte Fahrt Ihres Autos und aller Personen, die es fahren, abdeckt.<\/li>\n<li> <strong>Entfernen Sie pers\u00f6nliche Gegenst\u00e4nde:<\/strong> Vergewissern Sie sich, dass alle pers\u00f6nlichen Gegenst\u00e4nde vor dem Transport aus dem Auto entfernt werden, damit sie nicht verloren gehen (oder gestohlen werden!).<\/li>\n<li> <strong>Suchen Sie nach Spezialisten:<\/strong> Wenn Sie ein klassisches oder etwas ungew\u00f6hnliches Auto transportieren lassen m\u00f6chten, sollten Sie sich vergewissern, dass das Unternehmen, das Sie ausw\u00e4hlen, Erfahrung mit dem Transport von solchen Fahrzeugen hat.<\/li>\n<li> <strong>Zeitpl\u00e4ne:<\/strong> Vergewissern Sie sich, dass Sie wissen, wie lange es dauern wird, Ihr Auto von A nach B zu bringen.<\/li>\n<li> <strong>Laufender Zustand:<\/strong> Erkundigen Sie sich bei Ihrem Transportunternehmen \u00fcber Dinge wie Benzinstand, Fl\u00fcssigkeiten, Reifendruck, Batterie usw., bevor Sie mit dem Transport beginnen. Bei einem internationalen Transport per Schiffscontainer sollten Sie zum Beispiel den Benzintank vollst\u00e4ndig leeren. Wenn Sie hingegen jemanden beauftragen, Ihr Auto zu fahren, sollten Sie sicherstellen, dass Sie einen vollen Benzintank haben.<\/li>\n<\/ul>\n<h2><span class=\"ez-toc-section\" id=\"Car_Transport_Quotes\"><\/span>Autotransport-Angebote<span class=\"ez-toc-section-end\"><\/span><\/h2>\n<p>Sie k\u00f6nnen unser Angebotsformular oben auf der Seite verwenden, um Angebote f\u00fcr internationale Autotransporte einzuholen. Bevor Sie ein Angebot annehmen, sollten Sie sich jedoch vergewissern, dass Sie genau wissen, wer Ihr Auto f\u00e4hrt oder transportiert (auf jeder Etappe der Reise), wie Ihr Fahrzeug versichert wird, und dass Sie Bewertungen des Unternehmens lesen. <\/p>","protected":false},"excerpt":{"rendered":"<p>Looking for international car transport or vehicle shipping, but don&#8217;t know where to start? We can help you with everything from companies to costs to quotes. You can get started right away using our quote form above, or keep reading our guide below for more information. Auto Transport Companies The international car and auto transport [&hellip;]<\/p>\n","protected":false},"author":1,"featured_media":2753,"parent":0,"menu_order":0,"comment_status":"closed","ping_status":"closed","template":"","meta":{"_genesis_hide_title":false,"_genesis_hide_breadcrumbs":false,"_genesis_hide_singular_image":false,"_genesis_hide_footer_widgets":false,"_genesis_custom_body_class":"","_genesis_custom_post_class":"","_genesis_layout":"","footnotes":""},"class_list":{"0":"post-2752","1":"page","2":"type-page","3":"status-publish","4":"has-post-thumbnail","6":"entry"},"_links":{"self":[{"href":"https:\/\/moverdb.com\/de\/wp-json\/wp\/v2\/pages\/2752","targetHints":{"allow":["GET"]}}],"collection":[{"href":"https:\/\/moverdb.com\/de\/wp-json\/wp\/v2\/pages"}],"about":[{"href":"https:\/\/moverdb.com\/de\/wp-json\/wp\/v2\/types\/page"}],"author":[{"embeddable":true,"href":"https:\/\/moverdb.com\/de\/wp-json\/wp\/v2\/users\/1"}],"replies":[{"embeddable":true,"href":"https:\/\/moverdb.com\/de\/wp-json\/wp\/v2\/comments?post=2752"}],"version-history":[{"count":18,"href":"https:\/\/moverdb.com\/de\/wp-json\/wp\/v2\/pages\/2752\/revisions"}],"predecessor-version":[{"id":18593,"href":"https:\/\/moverdb.com\/de\/wp-json\/wp\/v2\/pages\/2752\/revisions\/18593"}],"wp:featuredmedia":[{"embeddable":true,"href":"https:\/\/moverdb.com\/de\/wp-json\/wp\/v2\/media\/2753"}],"wp:attachment":[{"href":"https:\/\/moverdb.com\/de\/wp-json\/wp\/v2\/media?parent=2752"}],"curies":[{"name":"wp","href":"https:\/\/api.w.org\/{rel}","templated":true}]}}