{"id":270,"date":"2016-05-01T17:06:39","date_gmt":"2016-05-01T17:06:39","guid":{"rendered":"http:\/\/moverdb.com\/?page_id=270"},"modified":"2026-01-08T14:47:32","modified_gmt":"2026-01-08T14:47:32","slug":"anglo-pazifischer-raum","status":"publish","type":"page","link":"https:\/\/moverdb.com\/de\/anglo-pacific\/","title":{"rendered":"Anglo Pacific: Internationale Umz\u00fcge und Umzugsgutachten"},"content":{"rendered":"<p>Anglo Pacific bietet eine Vielzahl von Umzugsdienstleistungen an, um Menschen beim Umzug ins Ausland zu helfen. Hier finden Sie die wichtigsten Serviceangebote sowie das Unternehmensprofil und Bewertungen.<\/p>\n<p><strong>Dienstleistungen<\/strong> <\/p>\n<p><strong>Umzugsdienste<\/strong> <\/p>\n<ul>\n<li> Einfuhren<\/li>\n<li> Internationale Umsiedlung<\/li>\n<li> Bereitstellung von <a href=\"https:\/\/moverdb.com\/de\/containerschifffahrt\/\">Schiffscontainer<\/a><\/li>\n<li> Theatralische Umz\u00fcge<\/li>\n<li> <a href=\"https:\/\/moverdb.com\/de\/uk-removals\/man-and-van-cost\/\" data-internallinksmanager029f6b8e52c=\"380\" title=\"Wie viel kostet ein Man &amp; Van in Gro\u00dfbritannien? 2026 Leitfaden\">Mann und Wagen<\/a> einmieten <a href=\"https:\/\/moverdb.com\/de\/moving-to-london\/\">London<\/a><\/li>\n<\/ul>\n<p><strong>Versanddienste<\/strong><\/p>\n<ul>\n<li> Reisegep\u00e4ck<\/li>\n<li> <a href=\"https:\/\/moverdb.com\/de\/auto-transport-versand\/\">Autos<\/a><\/li>\n<li> Bildende Kunst<\/li>\n<li> Fracht<\/li>\n<li> Einfuhren<\/li>\n<li> Motorrad<\/li>\n<li> Reisegep\u00e4ck<\/li>\n<li> Handel<\/li>\n<li> Studenten<\/li>\n<\/ul>\n<h2>Anglo Pacific Unternehmensprofil<\/h2>\n<p>Anglo Pacific wurde vor \u00fcber 30 Jahren gegr\u00fcndet und ist das gr\u00f6\u00dfte Versand- und Umzugsunternehmen in der <a href=\"https:\/\/moverdb.com\/de\/moving-to-the-uk\/\" data-internallinksmanager029f6b8e52c=\"93\" title=\"Umzug in das Vereinigte K\u00f6nigreich? 2026 Lebenshaltungskosten &amp; Umzugstipps\">UK<\/a>\u00fcber 20.000 individuelle Gep\u00e4cksendungen und unz\u00e4hlige <a href=\"https:\/\/moverdb.com\/de\/international-removals\/\" data-internallinksmanager029f6b8e52c=\"27\" title=\"36 Beste internationale Umzugsunternehmen in Gro\u00dfbritannien\">internationale Umz\u00fcge<\/a> jedes Jahr. <\/p>\n<p>Das Unternehmen ist stolz darauf, einen erstklassigen, freundlichen und professionellen Umzugsservice zu bieten, ganz gleich, ob es sich um den Inhalt eines ganzen Hauses oder um empfindliche Gegenst\u00e4nde wie Kunstwerke handelt. <\/p>\n<p>Anglo Pacific w\u00e4hlt mit gro\u00dfer Sorgfalt die besten Fachleute f\u00fcr sein Team aus und stellt nur Mitarbeiter ein, die sich f\u00fcr die Kunden einsetzen und die den sicheren und effizienten Transport von pers\u00f6nlichen Gegenst\u00e4nden beherrschen. <\/p>\n<p>Dar\u00fcber hinaus k\u00f6nnen die Mitarbeiter mit dem Tracking-Service f\u00fcr alle Sendungen den genauen Standort und den Status des Umzugs genau bestimmen, so dass die Kunden sicher sein k\u00f6nnen, dass ihre Sendungen auf dem Weg zu ihrem Bestimmungsort sind.<\/p>\n<p>Anglo Pacific etabliert und h\u00e4lt au\u00dfergew\u00f6hnlich hohe Standards aufrecht und ist Mitglied der <a href=\"https:\/\/moverdb.com\/de\/bar-over-see\/\">Gruppe \u00dcbersee<\/a> der <a href=\"https:\/\/moverdb.com\/de\/britische-vereinigung-der-entferner\/\">Britischer Verband der M\u00f6belpacker<\/a> (<a href=\"https:\/\/moverdb.com\/de\/british-association-of-removers\/\" data-internallinksmanager029f6b8e52c=\"9\" title=\"British Association of Removers (BAR) erkl\u00e4rt\">BAR<\/a>) sind sie bestrebt, nur das Beste zu liefern. <\/p>\n<p>Dar\u00fcber hinaus halten sie sich an die erweiterte Zahlungsgarantie der International Movers Mutual Insurance Company Ltd, die den Kunden ein gr\u00f6\u00dferes Ma\u00df an Vertrauen bietet. <\/p>\n<h2>Anglo Pacific Bewertungen<\/h2>\n<p><strong>Positiv<\/strong><\/p>\n<ul>\n<li> <em>\"Ein gro\u00dfes Dankesch\u00f6n an alle bei Anglo Pacific und Keys Brothers. Unser Umzug von London nach Perth verlief so reibungslos, wir wissen Ihre Hilfe wirklich zu sch\u00e4tzen. Sehr professionell und effizient und alles zu einem tollen Preis!<\/em> - \u00dcber <a href=\"http:\/\/www.reviewcentre.com\/reviews252735.html?ratingfilter=5#refineYourSearch\" target=\"_blank\" rel=\"noopener\">\u00dcberpr\u00fcfung Zentrum<\/a><\/li>\n<li> <em>\"Ich musste etwas \u00dcbergep\u00e4ck nach <a href=\"https:\/\/moverdb.com\/de\/moving-to-australia\/living-in-australia\/\" data-internallinksmanager029f6b8e52c=\"240\" title=\"21 Geheimnisse \u00fcber das Leben in Australien, die man vor dem Umzug kennen sollte\">Australien<\/a>. Ich habe viele Leute im Internet kontaktiert und bin schlie\u00dflich auf Anglo Pacific gesto\u00dfen. Mein Gep\u00e4ck wurde p\u00fcnktlich abgeholt und ich habe unterwegs Informationen erhalten.<\/em> - \u00dcber <a href=\"http:\/\/www.reviewcentre.com\/Removal-Companies\/Anglo-Pacific-Removals-Company-www-anglopacific-co-uk-review_1596555\" target=\"_blank\" rel=\"noopener\">\u00dcberpr\u00fcfung Zentrum<\/a><\/li>\n<li> <em>\"Ich w\u00fcrde Anglo Pacific jedem empfehlen, der sein Hab und Gut sicher und effektiv transportieren m\u00f6chte.<\/em> - \u00fcber <a href=\"https:\/\/uk.trustpilot.com\/review\/anglopacific.co.uk\" target=\"_blank\" rel=\"noopener\">VertrauensPilot<\/a><\/li>\n<\/ul>\n<p><strong>Negativ<\/strong><\/p>\n<ul>\n<li> <em>\"Ich bitte Sie, Anglo Pacific nicht weiter zu ber\u00fccksichtigen! Meine Lieferung kam mit v\u00f6llig zertr\u00fcmmertem Geschirr an, und der Karton mit den Elektroger\u00e4ten wurde auf dem Kopf stehend geliefert!\"<\/em> - \u00fcber <a href=\"http:\/\/www.reviewcentre.com\/Removal-Companies\/Anglo-Pacific-Removals-Company-www-anglopacific-co-uk-review_3741459\" target=\"_blank\" rel=\"noopener\">\u00dcberpr\u00fcfung Zentrum<\/a><\/li>\n<li> <em>\"Ich kann meine Best\u00fcrzung kaum in Worte fassen, als ich den letzten meiner Kartons in <a href=\"https:\/\/moverdb.com\/de\/moving-to-nyc\/\" data-internallinksmanager029f6b8e52c=\"57\" title=\"Umzug nach New York City? 2026 NYC Lebenshaltungskosten &amp; Umzugstipps\">NYC<\/a> Nur um festzustellen, dass meine wertvollsten Gegenst\u00e4nde und der gr\u00f6\u00dfte Teil meines teuren K\u00fcchengeschirrs fehlten.\"<\/em> - \u00fcber <a href=\"http:\/\/www.mymovingreviews.com\/movers\/anglo-pacific-international-1790\" target=\"_blank\" rel=\"noopener\">Meine Umzugsberichte<\/a><\/li>\n<li> <em>\"Vermeiden Sie es - schreckliche Erfahrung mit totalem Mangel an Betreuung und schlechtestem After-Service\"<\/em> - \u00fcber <a href=\"https:\/\/uk.trustpilot.com\/reviews\/56d595280000ff000940e229\" target=\"_blank\" rel=\"noopener\">Trustpilot<\/a><\/li>\n<\/ul>\n<div itemprop=\"review\" itemscope itemtype=\"http:\/\/schema.org\/Review\">\n<span itemprop=\"author\" itemscope=\"\" itemtype=\"http:\/\/schema.org\/Organization\"><span itemprop=\"name\">MoverDB.com<\/span><\/span> Online Website \u00dcberpr\u00fcfung f\u00fcr <span itemprop=\"itemreviewed\" itemscope=\"\" itemtype=\"http:\/\/schema.org\/Brand\"><span itemprop=\"name\">Anglo-Pazifik<\/span><\/span>:<\/p>\n<ol>\n<li> Klare Kontaktangaben auf der Website (einschlie\u00dflich Telefonnummer)? <strong>Ja<\/strong><\/li>\n<li> Leicht zu bekommen <a href=\"https:\/\/moverdb.com\/de\/zitate\/\">Angebote f\u00fcr internationale Umz\u00fcge<\/a>? (Online-Formular f\u00fcr Kostenvoranschl\u00e4ge): <strong>Ja<\/strong><\/li>\n<li> Klare Informationen auf der Website: <strong>Ja<\/strong>Die Seiten sind einfach zu navigieren, und es ist klar ersichtlich, welche Dienstleistungen sie anbieten.<\/li>\n<li> Mitgliedschaft in international anerkannten Umzugsorganisationen: <strong>Ja<\/strong><\/li>\n<li> Liste der Kunden und\/oder Zeugnisse von fr\u00fcheren Kunden: <strong>Ja <\/strong><\/li>\n<\/ol>\n<div itemprop=\"reviewRating\" itemscope itemtype=\"http:\/\/schema.org\/Rating\"><meta itemprop=\"worstRating\" content = \"0\" \/><meta itemprop=\"bestRating\" content=\"5\" \/><meta itemprop=\"ratingValue\" content=\"5\"><\/div>\n<p><strong>Gesamtbewertung: 5\/5<\/strong><br \/>\n<strong>Datum der \u00dcberpr\u00fcfung:<\/strong> <span itemprop=\"datePublished\" content=\"2016-05-01\">01\/05\/2016<\/span>\n<\/div>\n<p>Mehr \u00fcber <a href=\"https:\/\/moverdb.com\/de\/internationale-umzuge\/\">UK Umzugsunternehmen<\/a> und unsere <a href=\"https:\/\/moverdb.com\/de\/bewertungen\/\">\u00dcberpr\u00fcfungsprozess erkl\u00e4rt<\/a>.<\/p>\n<p><strong>Website:<\/strong> <a href=\"http:\/\/www.anglopacific.co.uk\" target=\"_blank\" rel=\"noopener\">http:\/\/www.anglopacific.co.uk<\/a><\/p>","protected":false},"excerpt":{"rendered":"<p>Anglo Pacific offers a variety of removal services to help people move overseas. Here are their core service offerings along with company profile and reviews. Services Removal Services Imports International Relocation Provision of shipping containers Theatrical removals Man and Van hire in London Shipping Services Baggage Cars Fine Art Freight Imports Motorbike Luggage Trade Student [&hellip;]<\/p>\n","protected":false},"author":1,"featured_media":0,"parent":0,"menu_order":0,"comment_status":"closed","ping_status":"closed","template":"","meta":{"_genesis_hide_title":false,"_genesis_hide_breadcrumbs":false,"_genesis_hide_singular_image":false,"_genesis_hide_footer_widgets":false,"_genesis_custom_body_class":"","_genesis_custom_post_class":"","_genesis_layout":"","footnotes":""},"class_list":{"0":"post-270","1":"page","2":"type-page","3":"status-publish","5":"entry"},"_links":{"self":[{"href":"https:\/\/moverdb.com\/de\/wp-json\/wp\/v2\/pages\/270","targetHints":{"allow":["GET"]}}],"collection":[{"href":"https:\/\/moverdb.com\/de\/wp-json\/wp\/v2\/pages"}],"about":[{"href":"https:\/\/moverdb.com\/de\/wp-json\/wp\/v2\/types\/page"}],"author":[{"embeddable":true,"href":"https:\/\/moverdb.com\/de\/wp-json\/wp\/v2\/users\/1"}],"replies":[{"embeddable":true,"href":"https:\/\/moverdb.com\/de\/wp-json\/wp\/v2\/comments?post=270"}],"version-history":[{"count":12,"href":"https:\/\/moverdb.com\/de\/wp-json\/wp\/v2\/pages\/270\/revisions"}],"predecessor-version":[{"id":6173,"href":"https:\/\/moverdb.com\/de\/wp-json\/wp\/v2\/pages\/270\/revisions\/6173"}],"wp:attachment":[{"href":"https:\/\/moverdb.com\/de\/wp-json\/wp\/v2\/media?parent=270"}],"curies":[{"name":"wp","href":"https:\/\/api.w.org\/{rel}","templated":true}]}}