{"id":265,"date":"2016-05-01T06:12:45","date_gmt":"2016-05-01T06:12:45","guid":{"rendered":"http:\/\/moverdb.com\/?page_id=265"},"modified":"2026-01-08T14:47:55","modified_gmt":"2026-01-08T14:47:55","slug":"cadogan-tate","status":"publish","type":"page","link":"https:\/\/moverdb.com\/de\/cadogan-tate\/","title":{"rendered":"Cadogan Tate: Internationale Umz\u00fcge und Umzugsgutachten"},"content":{"rendered":"<p>Cadogan Tate bietet seinen Kunden die folgenden Informationen f\u00fcr ihren Umzug ins Ausland. Auf diese Informationen folgen ein Unternehmensprofil und Bewertungen von verschiedenen Kunden.<\/p>\n<p><strong>Pers\u00f6nliche und gesch\u00e4ftliche Umz\u00fcge<\/strong><\/p>\n<p>Umzugsmanagement-Dienstleistungen<\/p>\n<ul>\n<li> Umzugsmanagementplan<\/li>\n<li> Einpacken und Auspacken<\/li>\n<li> Transport und Versand<\/li>\n<li> Zollabfertigung <\/li>\n<li> Lagerung - Globale Abdeckung<\/li>\n<\/ul>\n<p><strong>Kunstservices und Messeservice<\/strong><\/p>\n<ul>\n<li> Lagerung, Versand und Umzug von Kunstwerken<\/li>\n<li> Umzug von Ausstellungs- und Messegut um die Welt<\/li>\n<\/ul>\n<p><strong>Fachliche Aufgaben<\/strong><\/p>\n<ul>\n<li> Weine bewegen <\/li>\n<li> <a href=\"https:\/\/moverdb.com\/de\/auto-transport-versand\/\">Autotransport<\/a>Boote und Flugzeuge<\/li>\n<li> Umsiedlung von Haustieren<\/li>\n<\/ul>\n<p><strong>Dienstleistungen f\u00fcr Innenarchitekten<\/strong><\/p>\n<ul>\n<li> Weltweite Abholung und Transport von Designerst\u00fccken aller Art<\/li>\n<li> Fachm\u00e4nnisch verpackt\/verpackt und transportiert von sehr erfahrenem Personal<\/li>\n<li> Versand und Zoll <\/li>\n<li> Lagerung <\/li>\n<\/ul>\n<h2>Cadogan Tate Unternehmensprofil<\/h2>\n<p>Cadogan Tate wurde 1977 gegr\u00fcndet und hat heute B\u00fcros in <a href=\"https:\/\/moverdb.com\/de\/moving-to-london\/\">London<\/a>, <a href=\"https:\/\/moverdb.com\/de\/moving-to-france\/moving-to-paris\/\" data-internallinksmanager029f6b8e52c=\"407\" title=\"Umzug nach Paris? 2026 Lebenshaltungskosten &amp; Umzugstipps\">Paris<\/a>, Cote d'Azure, <a href=\"https:\/\/moverdb.com\/de\/umzug-nach-nyc\/\">New York<\/a> und <a href=\"https:\/\/moverdb.com\/de\/umziehen-nach-los-angeles\/\">Los Angeles<\/a> Sie ziehen nicht nur Unternehmen und Privatpersonen rund um den Globus um, sondern sind auch Experten f\u00fcr den Umzug von Kunstwerken, M\u00f6beln und dekorativen Gegenst\u00e4nden, die von den weltweit f\u00fchrenden Designern entworfen wurden. <\/p>\n<p>Cadogan Tate ist stolz auf sein Fachwissen bei der Organisation von Kunstmessen und ber\u00fccksichtigt dabei die Bed\u00fcrfnisse der Messeveranstalter, K\u00e4ufer und Aussteller. Der Schriftzug von Cadogan Tate lautet: \"Alles, mit Sorgfalt behandelt\".<br \/>\nDas Unternehmen verf\u00fcgt \u00fcber eine lange Liste von Mitgliedschaften und Akkreditierungen:<\/p>\n<ul>\n<li> <a href=\"https:\/\/moverdb.com\/de\/britische-vereinigung-der-entferner\/\">Britischer Verband der Umzugsunternehmen (BAR)<\/a><\/li>\n<li> <a href=\"https:\/\/moverdb.com\/de\/mtc\/\">Der Movers Trading Club<\/a> (<a href=\"https:\/\/moverdb.com\/de\/mtc\/\" data-internallinksmanager029f6b8e52c=\"30\" title=\"Movers Trading Club (MTC) Erl\u00e4utert\">MTC<\/a>)<\/li>\n<li> Museumsverband<\/li>\n<li> Innenministerium - <a href=\"https:\/\/moverdb.com\/de\/moving-to-the-uk\/\" data-internallinksmanager029f6b8e52c=\"93\" title=\"Umzug in das Vereinigte K\u00f6nigreich? 2026 Lebenshaltungskosten &amp; Umzugstipps\">UK<\/a> Grenzschutzbeh\u00f6rde<\/li>\n<li> <a href=\"https:\/\/moverdb.com\/de\/harmony-relocation-network\/\">Harmony Relocation Netzwerk<\/a><\/li>\n<li> <a href=\"https:\/\/moverdb.com\/de\/ich-bin\/\">Internationaler Verband der Spediteure (IAM)<\/a><\/li>\n<li> <a href=\"https:\/\/moverdb.com\/de\/fidi-faim\/\">FAIM<\/a><\/li>\n<li> UK Registrars Group<\/li>\n<li> <a href=\"https:\/\/moverdb.com\/de\/fidi-faim\/\">FIDI Globale Allianz<\/a><\/li>\n<li> Der Verband der Kunst- und Antiquit\u00e4tenh\u00e4ndler (LAPADA)<\/li>\n<li> Qualit\u00e4tsgesicherter Servicestandard - Gewerblicher Umzug<\/li>\n<li> Qualit\u00e4tsgesicherter Dienstleistungsstandard - Umweltmanagementsysteme<\/li>\n<li> Qualit\u00e4tsgesicherter Servicestandard - Gewerblicher Umzug<\/li>\n<li> Qualit\u00e4tsgesicherter Servicestandard - Umz\u00fcge von Haushaltsm\u00f6beln<\/li>\n<li> Qualit\u00e4tsgesicherter Dienstleistungsstandard - Arbeitsmedizin und Managementsysteme<\/li>\n<li> Qualit\u00e4tsgesicherter Dienstleistungsstandard - Qualit\u00e4tsmanagementsysteme<\/li>\n<\/ul>\n<h2>Cadogan Tate Bewertungen<\/h2>\n<p><strong>Positiv<\/strong><\/p>\n<ul>\n<li> \"<em>Wir waren von Cadogan Tate begeistert. Die Wahl war nicht ganz billig, aber nach der Zusammenarbeit mit ihnen haben wir festgestellt, dass sie jeden Cent wert sind. <\/em> E. Perry \u00fcber <a href=\"http:\/\/www.reviewcentre.com\/Removal-Companies\/Cadogan-Tate-www-cadogantate-com-review_3591881\" target=\"_blank\" rel=\"noopener\">\u00dcberpr\u00fcfung Zentrum<\/a>\n<\/li>\n<li> \"<em>K\u00fcrzlich habe ich \u00fcber Cadogan Tate eine Lieferung f\u00fcr meinen Umzug von South of <a href=\"https:\/\/moverdb.com\/de\/moving-to-france\/\" data-internallinksmanager029f6b8e52c=\"315\" title=\"Umzug nach Frankreich? 2026 Lebenshaltungskosten &amp; Umzugstipps\">Frankreich<\/a> nach London. Es wurde so perfekt gehandhabt.\" <\/em>Rivsalov \u00fcber <a href=\"http:\/\/www.removalreviews.co.uk\/movingreviews\/smooth-and-efficient-with-a-professional-approach-5733\" target=\"_blank\" rel=\"noopener\">Umzugsgutachten<\/a>\n<\/li>\n<\/ul>\n<p><strong>Negativ<\/strong><\/p>\n<ul>\n<li> \"<em>Angewidert von der Menge an Umweltm\u00fcll, die dieses Unternehmen produziert. Kisten mit unzerbrechlichen Gegenst\u00e4nden wie Kissen und Bettw\u00e4sche, die bis zum Rand mit nagelneuen Papierverpackungen gef\u00fcllt sind. <\/em>Carl Lyon \u00fcber <a href=\"http:\/\/www.reviewcentre.com\/Removal-Companies\/Cadogan-Tate-www-cadogantate-com-review_3349791\" target=\"_blank\" rel=\"noopener\">\u00dcberpr\u00fcfung Zentrum<\/a>\n<\/li>\n<li> \"<em>Wir haben Cadogan Tate f\u00fcr einen Umzug von London zur\u00fcck in die <a href=\"https:\/\/moverdb.com\/de\/moving-to-the-united-states\/\" data-internallinksmanager029f6b8e52c=\"94\" title=\"Umzug in die Vereinigten Staaten? 2026 Lebenshaltungskosten &amp; Umzugstipps\">US<\/a>. Die Umzugshelfer waren sehr professionell und freundlich. Allerdings hat das Backoffice ernsthafte Probleme. <\/em> D J Skillman \u00fcber <a href=\"http:\/\/www.removalreviews.co.uk\/movers\/cadogan-tate-311\" target=\"_blank\" rel=\"noopener\">Umzugsgutachten<\/a>\n<\/li>\n<\/ul>\n<div itemprop=\"review\" itemscope itemtype=\"http:\/\/schema.org\/Review\">\n<span itemprop=\"author\" itemscope=\"\" itemtype=\"http:\/\/schema.org\/Organization\"><span itemprop=\"name\">MoverDB.com<\/span><\/span> Online Website \u00dcberpr\u00fcfung f\u00fcr <span itemprop=\"itemreviewed\" itemscope=\"\" itemtype=\"http:\/\/schema.org\/Brand\"><span itemprop=\"name\">Cadogan Tate<\/span><\/span>:<\/p>\n<ol>\n<li> Klare Kontaktangaben auf der Website (einschlie\u00dflich Telefonnummer): <strong>Ja<\/strong><\/li>\n<li> Leicht zu bekommen <a href=\"https:\/\/moverdb.com\/de\/zitate\/\">Angebote f\u00fcr internationale Umz\u00fcge<\/a>? (Online-Formular f\u00fcr Kostenvoranschl\u00e4ge): <strong>Ja<\/strong><\/li>\n<li> Klare Informationen auf der Website: <strong>Teilweise.<\/strong> Die Website enth\u00e4lt nicht viele detaillierte Informationen. Sie wird erst in der Planungsphase bereitgestellt.<\/li>\n<li> Mitgliedschaft in international anerkannten Umzugsorganisationen: <strong>Ja<\/strong>, siehe oben.<\/li>\n<li> Liste der Kunden und\/oder Zeugnisse von fr\u00fcheren Kunden: <strong>Teilweise.<\/strong> Die Website enth\u00e4lt Fallstudien, in denen verschiedene Umz\u00fcge beschrieben werden, aber keine Kundennamen oder Erfahrungsberichte.<\/li>\n<\/ol>\n<div itemprop=\"reviewRating\" itemscope itemtype=\"http:\/\/schema.org\/Rating\"><meta itemprop=\"worstRating\" content = \"0\" \/><meta itemprop=\"bestRating\" content=\"5\" \/><meta itemprop=\"ratingValue\" content=\"4\"><\/div>\n<p><strong>Gesamtbewertung: 4\/5<\/strong><br \/>\n<strong>Datum der \u00dcberpr\u00fcfung:<\/strong> <span itemprop=\"datePublished\" content=\"2016-05-01\">01\/05\/2016<\/span>\n<\/div>\n<p>Mehr \u00fcber <a href=\"https:\/\/moverdb.com\/de\/internationale-umzuge\/\">UK Umzugsunternehmen<\/a> und unsere <a href=\"https:\/\/moverdb.com\/de\/bewertungen\/\">\u00dcberpr\u00fcfungsprozess erkl\u00e4rt<\/a>.<\/p>\n<p><strong>Website:<\/strong> <a href=\"https:\/\/www.cadogantate.com\/en\" target=\"_blank\" rel=\"noopener\">https:\/\/www.cadogantate.com\/en<\/a><\/p>","protected":false},"excerpt":{"rendered":"<p>Cadogan Tate offer their clients the following for their move abroad. This information is followed by a company profile and reviews from various clients. Personal and Corporate Moves Move Management Services Move management plan Packing and unpacking Transportation and shipping Customs clearance Storage &#8211; Global coverage Art Services and Fair Services Fine art storage, shipping [&hellip;]<\/p>\n","protected":false},"author":1,"featured_media":0,"parent":0,"menu_order":0,"comment_status":"closed","ping_status":"closed","template":"","meta":{"_genesis_hide_title":false,"_genesis_hide_breadcrumbs":false,"_genesis_hide_singular_image":false,"_genesis_hide_footer_widgets":false,"_genesis_custom_body_class":"","_genesis_custom_post_class":"","_genesis_layout":"","footnotes":""},"class_list":{"0":"post-265","1":"page","2":"type-page","3":"status-publish","5":"entry"},"_links":{"self":[{"href":"https:\/\/moverdb.com\/de\/wp-json\/wp\/v2\/pages\/265","targetHints":{"allow":["GET"]}}],"collection":[{"href":"https:\/\/moverdb.com\/de\/wp-json\/wp\/v2\/pages"}],"about":[{"href":"https:\/\/moverdb.com\/de\/wp-json\/wp\/v2\/types\/page"}],"author":[{"embeddable":true,"href":"https:\/\/moverdb.com\/de\/wp-json\/wp\/v2\/users\/1"}],"replies":[{"embeddable":true,"href":"https:\/\/moverdb.com\/de\/wp-json\/wp\/v2\/comments?post=265"}],"version-history":[{"count":17,"href":"https:\/\/moverdb.com\/de\/wp-json\/wp\/v2\/pages\/265\/revisions"}],"predecessor-version":[{"id":6190,"href":"https:\/\/moverdb.com\/de\/wp-json\/wp\/v2\/pages\/265\/revisions\/6190"}],"wp:attachment":[{"href":"https:\/\/moverdb.com\/de\/wp-json\/wp\/v2\/media?parent=265"}],"curies":[{"name":"wp","href":"https:\/\/api.w.org\/{rel}","templated":true}]}}