{"id":246,"date":"2016-04-21T14:54:42","date_gmt":"2016-04-21T14:54:42","guid":{"rendered":"http:\/\/moverdb.com\/?page_id=246"},"modified":"2026-01-08T14:47:37","modified_gmt":"2026-01-08T14:47:37","slug":"atlas-van-lines-international","status":"publish","type":"page","link":"https:\/\/moverdb.com\/de\/atlas-van-lines-international\/","title":{"rendered":"Atlas Van Lines International: Umzugsdienstleistungen &amp; Bewertungen"},"content":{"rendered":"<p>Atlas Van Lines International bietet die folgenden Dienstleistungen f\u00fcr Auslandsumz\u00fcge an. Sie k\u00f6nnen auch ein Unternehmensprofil ansehen und Bewertungen lesen:<\/p>\n<p><strong>Pers\u00f6nliche und gesch\u00e4ftliche Umz\u00fcge:<\/strong><\/p>\n<p>Transportdienstleistungen<\/p>\n<ul>\n<li> Globaler Haus-zu-Haus-Transport von Haushaltswaren<\/li>\n<li> <a href=\"https:\/\/moverdb.com\/de\/spediteur\/\">See- und Luftfracht<\/a><\/li>\n<li> Kraftfahrzeuge und Boote<\/li>\n<li> Projektfracht (Exponate und Displays)<\/li>\n<\/ul>\n<p>Umzugsdienste<\/p>\n<ul>\n<li> Programmverwaltung und -unterst\u00fctzung<\/li>\n<li> Entwicklung der Politik<\/li>\n<li> Beratung<\/li>\n<li> Unterkunft des \u00dcbernehmers<\/li>\n<li> Dienstleistungen am Zielort<\/li>\n<li> Wertschutz-Service<\/li>\n<\/ul>\n<p>Reiseleistungen<\/p>\n<ul>\n<li> Full-Service-Gesch\u00e4ftsreiseb\u00fcro<\/li>\n<li> Programmverwaltung und Berichterstattung<\/li>\n<\/ul>\n<p>Langfristige Verwaltung der Lagerung<\/p>\n<p><strong>Regierung und Milit\u00e4r bewegen sich:<\/strong><\/p>\n<ul>\n<li> Unterst\u00fctzung des Defense Personal Property Program (DP3)<\/li>\n<li> Verwaltung von internationalen Umz\u00fcgen von Haushaltswaren (Codes 4, 5 und T)<\/li>\n<li> Umzugsmanagement f\u00fcr Haushaltswaren (Codes 1 und 2)<\/li>\n<li> Internationale Gep\u00e4cksendungen (Code J)<\/li>\n<li> OTO-Lieferungen<\/li>\n<li> Ein engagiertes Kundendienstteam bietet pers\u00f6nliche VIP-Betreuung f\u00fcr Service-Mitglieder<\/li>\n<li> GSA-Kundenteam, das sich ausschlie\u00dflich der Verwaltung internationaler Umz\u00fcge f\u00fcr <a href=\"https:\/\/moverdb.com\/de\/moving-to-the-united-states\/\" data-internallinksmanager029f6b8e52c=\"94\" title=\"Umzug in die Vereinigten Staaten? 2026 Lebenshaltungskosten &amp; Umzugstipps\">US<\/a> staatliche Stellen<\/li>\n<li> I-CHAMP-Teilnehmer<\/li>\n<\/ul>\n<p><strong>Exponate &amp; Fracht:<\/strong><\/p>\n<ul>\n<li> Exponate<\/li>\n<li> Messedisplays<\/li>\n<li> Ladeneinbauten<\/li>\n<li> Sonderprojekte in \u00dcbersee<\/li>\n<\/ul>\n<h2>Atlas Van Lines International Unternehmensprofil<\/h2>\n<p>Atlas International ist eine Tochtergesellschaft der in Privatbesitz befindlichen Atlas Van Lines und geh\u00f6rt zur Atlas World Group. Das Unternehmen f\u00fchrt seit \u00fcber 50 Jahren Umz\u00fcge ins Ausland durch. Sie konzentrieren sich in erster Linie auf Unternehmensumz\u00fcge, die 85% ihrer 7.000 Umz\u00fcge pro Jahr ausmachen. <\/p>\n<p>Es werden jedoch auch einzelne Berufst\u00e4tige, Regierungsangestellte und Mitglieder des US-Milit\u00e4rs (und ihre Familien) umgesiedelt.<\/p>\n<p>Das Unternehmen behauptet, sich f\u00fcr Integrit\u00e4t, Qualit\u00e4t und L\u00f6sungen zu engagieren. Das Unternehmen ist Mitglied in den folgenden Organisationen:<\/p>\n<ul>\n<li> C-TPAT-Zertifizierung bei US Customs &amp; Border Patrol<\/li>\n<li> ISO 9001 registriert<\/li>\n<li> <a href=\"https:\/\/moverdb.com\/de\/rim-promover\/\">RIM\u00ae - Registrierter internationaler Spediteur<\/a><\/li>\n<li> <a href=\"https:\/\/moverdb.com\/de\/amsa\/\">Amerikanische Vereinigung f\u00fcr Umzug und Lagerung<\/a> (<a href=\"https:\/\/moverdb.com\/de\/amsa\/\" data-internallinksmanager029f6b8e52c=\"5\" title=\"American Moving &amp; Storage Association (AMSA) erkl\u00e4rt\">AMSA<\/a>)<\/li>\n<li> <a href=\"https:\/\/moverdb.com\/de\/hgfaa\/\">Amerikanischer Verband der HHG-Spediteure<\/a> (HHGFAA)<\/li>\n<li> <a href=\"https:\/\/moverdb.com\/de\/lacma\/\">Lateinamerikanische und karibische Umzugsvereinigung<\/a> (<a href=\"https:\/\/moverdb.com\/de\/lacma\/\" data-internallinksmanager029f6b8e52c=\"28\" title=\"Verband lateinamerikanischer und karibischer internationaler Spediteure (LACMA)\">LACMA<\/a>)<\/li>\n<li> <a href=\"https:\/\/moverdb.com\/de\/iata\/\">Internationaler Luftverkehrsverband<\/a> (<a href=\"https:\/\/moverdb.com\/de\/iata\/\" data-internallinksmanager029f6b8e52c=\"22\" title=\"International Air Transport Association (IATA) erkl\u00e4rt\">IATA<\/a>)<\/li>\n<li> <a href=\"https:\/\/moverdb.com\/de\/euromovers\/\">Europ\u00e4ische Mobilit\u00e4tspartnerschaft<\/a><\/li>\n<li> <a href=\"https:\/\/moverdb.com\/de\/arbeitnehmer-umzug-rat\/\">Rat f\u00fcr Betriebsverlagerungen<\/a> (Weltweit <a href=\"https:\/\/moverdb.com\/de\/employee-relocation-council\/\" data-internallinksmanager029f6b8e52c=\"83\" title=\"Der Weltweite Rat f\u00fcr Arbeitnehmerentsendung (ERC) erkl\u00e4rt\">ERC<\/a>)<\/li>\n<li> Zugelassen von der Federal Maritime Commission als <a href=\"https:\/\/moverdb.com\/de\/freight-forwarder\/\" data-internallinksmanager029f6b8e52c=\"17\" title=\"Leitfaden f\u00fcr internationale Kosten und Unternehmen f\u00fcr Spediteure und NVOCC\">NVOCC<\/a>Lizenz # 79NF<\/li>\n<li> Teilnehmender ITGBL-Carrier am CHAMP-Programm f\u00fcr US-Beh\u00f6rden<\/li>\n<li> Teilnehmender ITGBL-Tr\u00e4ger f\u00fcr das US-Verteidigungsministerium <\/li>\n<\/ul>\n<p>Sie haben die folgenden globalen Agenturen:<\/p>\n<ul>\n<li> Hochqualifizierte Atlas-Agenturen in allen 50 Bundesstaaten der USA.<\/li>\n<li> \u00dcber 130 Agenten in ganz <a href=\"https:\/\/moverdb.com\/de\/moving-to-canada\/\" data-internallinksmanager029f6b8e52c=\"265\" title=\"Umzug nach Kanada? 2026 Lebenshaltungskosten &amp; Umzugstipps\">Kanada<\/a>.<\/li>\n<li> Mehr als 300 von Atlas bevorzugte Agenten arbeiten in jedem Land der Welt.<\/li>\n<\/ul>\n<p>Sie behaupten auch, dass die Umzugsexperten, die Sie sehen und mit denen Sie zu tun haben - an beiden Enden Ihres Umzugs - vorqualifiziert sind.<\/p>\n<h2>Atlas Van Lines International Bewertungen<\/h2>\n<p><em><strong>Bitte beachten:<\/strong> enth\u00e4lt Bewertungen sowohl f\u00fcr Atlas Van Lines als auch f\u00fcr Atlas International<\/em><\/p>\n<p><strong>Positiv<\/strong><\/p>\n<ul>\n<li> <em>\"Ich war nicht nur sehr beeindruckt davon, wie hart sie gearbeitet haben, sondern auch von der Sorgfalt, mit der sie mit meinen Sachen umgegangen sind.<\/em> - Laurie \u00fcber <a href=\"http:\/\/www.atlasvanlines.com\/moving-company-reviews\/\" target=\"_blank\" rel=\"noopener\">Atlas Van Lines Bewertungsseite<\/a><\/li>\n<li> <em>\"Atlas war eine gute Wahl. Ich empfehle sie jedem, der einen Fernumzug vor sich hat und sich nicht sicher ist, ob Fremde sein Hab und Gut mitnehmen.\"<\/em> - Kate \u00fcber <a href=\"http:\/\/www.mymovingreviews.com\/movingreviews\/great-movers-9968\" target=\"_blank\" rel=\"noopener\">MyMovingReviews<\/a><\/li>\n<li> <em>\"BBB hat festgestellt, dass Atlas Van Lines International die BBB-Akkreditierungsstandards erf\u00fcllt, zu denen auch die Verpflichtung geh\u00f6rt, sich nach Treu und Glauben zu bem\u00fchen, alle Verbraucherbeschwerden zu l\u00f6sen.<\/em> <a href=\"http:\/\/www.bbb.org\/western-washington\/business-reviews\/movers\/atlas-van-lines-international-in-seattle-wa-27030248\" target=\"_blank\" rel=\"noopener\">Better Business Bureau<\/a><\/li>\n<li> <em>\"Ich wollte mich nur kurz melden, nachdem wir so gute Erfahrungen mit Atlas Van Lines gemacht haben.\"<\/em> - Shahram \u00fcber <a href=\"https:\/\/www.consumeraffairs.com\/movers\/atlas.html\" target=\"_blank\" rel=\"noopener\">Verbraucherangelegenheiten<\/a><\/li>\n<li> <em>\"Ich k\u00f6nnte nicht zufriedener sein mit den Dienstleistungen, die Atlas Van Lines bei meinem Umzug nach <a href=\"https:\/\/moverdb.com\/de\/umzug-nach-houston\/\">Houston<\/a>. Trotz des miserablen Wetters kamen meine M\u00f6bel p\u00fcnktlich an.<\/em> Katelyn \u00fcber <a href=\"http:\/\/www.yelp.co.uk\/biz\/atlas-van-lines-evansville-2?hrid=zrPxDQ8O1DE0pKFgOYoQzA&#038;utm_campaign=www_review_share_popup&#038;utm_medium=copy_link&#038;utm_source=(direct)\" target=\"_blank\" rel=\"noopener\">Yelp<\/a><\/li>\n<\/ul>\n<p><strong>Negativ<\/strong><\/p>\n<ul>\n<li> <em>\"Das Babyalbum unserer kleinen M\u00e4dchen ist weg, unersetzlich.\"<\/em> - Ruth \u00fcber <a href=\"http:\/\/www.atlasvanlines.com\/moving-company-reviews\/\" target=\"_blank\" rel=\"noopener\">Atlas Van Lines Bewertungsseite<\/a><\/li>\n<li> <em>\"Atlas ist das Schlimmste. Wir sind derzeit mitten in einem milit\u00e4rischen Umzug mit ihnen, so dass wir nicht bekommen, um zu w\u00e4hlen. Nachdem ich schreckliche Kritiken \u00fcber das Unternehmen gelesen hatte, war ich besorgt, dachte aber, dass sie als Milit\u00e4rfamilie ihr Bestes tun w\u00fcrden, um sich um diejenigen zu k\u00fcmmern, die ihrem Land geopfert und gedient haben. Das war nicht der Fall.\"<\/em> - Chrstine \u00fcber <a href=\"http:\/\/moving-companies.credio.com\/l\/6\/Atlas-Van-Lines-Inc#review\/532419\" target=\"_blank\" rel=\"noopener\">Credio<\/a><\/li>\n<li> <em>\"Ich wollte Atlas und ihren kanadischen Vertreter AMJ Campbell wirklich m\u00f6gen.  Sie lagen in der Mitte der mir unterbreiteten Angebote, nicht zu hoch und nicht zu niedrig. Sie wurden mir von einem Freund empfohlen, der vor einem Jahr einen \u00e4hnlichen internationalen Umzug durchgef\u00fchrt hat. Aber sie haben in einer Reihe von F\u00e4llen kl\u00e4glich versagt.<\/em>- Irene A. \u00fcber <a href=\"http:\/\/www.yelp.co.uk\/biz\/atlas-van-lines-evansville-2?hrid=bDSbnk9dU-dvtTPUKtGOyA&#038;utm_campaign=www_review_share_popup&#038;utm_medium=copy_link&#038;utm_source=(direct)\" target=\"_blank\" rel=\"noopener\">Yelp<\/a><\/li>\n<li> <em>\"Die Umzugsfirma hat meine Sachen 21 Tage zu sp\u00e4t geliefert.<\/em> - James \u00fcber <a href=\"http:\/\/www.mymovingreviews.com\/movingreviews\/another-victim-49405\" target=\"_blank\" rel=\"noopener\">MyMovingReviews<\/a><\/li>\n<li> <em>\"Wir haben vor kurzem mit ATLAS Van Lines zusammengearbeitet und k\u00f6nnen dieses Unternehmen niemandem empfehlen. Uns wurden weniger als $7.000 f\u00fcr unseren kleinen Umzug und den Lieferservice angeboten. Am Ende haben wir \u00fcber $12.000 bezahlt und bekamen dann einen DROP-OFF-Service.\"<\/em> Noreen \u00fcber <a href=\"https:\/\/www.consumeraffairs.com\/movers\/atlas.html\" target=\"_blank\" rel=\"noopener\">Verbraucherangelegenheiten<\/a><\/li>\n<\/ul>\n<div itemprop=\"review\" itemscope itemtype=\"http:\/\/schema.org\/Review\">\n<span itemprop=\"author\" itemscope=\"\" itemtype=\"http:\/\/schema.org\/Organization\"><span itemprop=\"name\">MoverDB.com<\/span><\/span> Online Website \u00dcberpr\u00fcfung f\u00fcr <span itemprop=\"itemreviewed\" itemscope=\"\" itemtype=\"http:\/\/schema.org\/Brand\"><span itemprop=\"name\">Atlas International<\/span><\/span>:<\/p>\n<ol>\n<li> Klare Kontaktangaben auf der Website (einschlie\u00dflich Telefonnummer): <strong>Ja<\/strong><\/li>\n<li> Leicht zu bekommen <a href=\"https:\/\/moverdb.com\/de\/zitate\/\">Angebote f\u00fcr internationale Umz\u00fcge<\/a>? (Online-Formular f\u00fcr Kostenvoranschl\u00e4ge): <strong>Ja<\/strong><\/li>\n<li> Klare Informationen auf der Website: <strong>Teilweise.<\/strong> Die Website enth\u00e4lt zwar viele n\u00fctzliche Informationen, ist aber nicht besonders \u00fcbersichtlich. Au\u00dferdem ist sie auf dem Handy nicht vollst\u00e4ndig responsive.<\/li>\n<li> Mitgliedschaft in international anerkannten Umzugsorganisationen: <strong>Ja<\/strong>12 (siehe oben)<\/li>\n<li> Liste der Kunden und\/oder Zeugnisse von fr\u00fcheren Kunden: <strong>Teilweise.<\/strong> Auf der Website sind zwar einige Erfahrungsberichte verstreut, aber es gibt keine Stelle, an der man sie alle einsehen kann. Au\u00dferdem gibt es zwar einen Kundenbereich unter \"Unternehmensumz\u00fcge\", aber es werden keine Kunden namentlich erw\u00e4hnt.<\/li>\n<\/ol>\n<div itemprop=\"reviewRating\" itemscope itemtype=\"http:\/\/schema.org\/Rating\"><meta itemprop=\"worstRating\" content = \"0\" \/><meta itemprop=\"bestRating\" content=\"5\" \/><meta itemprop=\"ratingValue\" content=\"4\"><\/div>\n<p><strong>Gesamtbewertung: 4\/5<\/strong><br \/>\n<strong>Datum der \u00dcberpr\u00fcfung:<\/strong> <span itemprop=\"datePublished\" content=\"2016-04-21\">21\/04\/2016<\/span>\n<\/div>\n<p>Lesen Sie mehr \u00fcber <a href=\"https:\/\/moverdb.com\/de\/umzugsunternehmen\/\">internationale Umzugsunternehmen<\/a>, <a href=\"https:\/\/moverdb.com\/de\/us-kanada-umzuge\/\">Umzugsunternehmen in den USA<\/a> und unsere <a href=\"https:\/\/moverdb.com\/de\/bewertungen\/\">\u00dcberpr\u00fcfungsprozess erkl\u00e4rt<\/a>.<\/p>\n<p><strong>Website:<\/strong> <a href=\"https:\/\/www.atlasvanlines.com\/international-movers\" target=\"_blank\" rel=\"noopener\">https:\/\/www.atlasvanlines.com\/international-movers<\/a><\/p>","protected":false},"excerpt":{"rendered":"<p>Atlas Van Lines International offers the following services for people moving abroad. You can also view a company profile and read reviews below: Personal and Corporate moves: Transportation Services Global door-to-door household goods transportation Ocean &#038; air freight Automobiles and boats Project freight (exhibits and displays) Relocation Services Program administration &#038; support Policy development Consulting [&hellip;]<\/p>\n","protected":false},"author":1,"featured_media":0,"parent":0,"menu_order":0,"comment_status":"closed","ping_status":"closed","template":"","meta":{"_genesis_hide_title":false,"_genesis_hide_breadcrumbs":false,"_genesis_hide_singular_image":false,"_genesis_hide_footer_widgets":false,"_genesis_custom_body_class":"","_genesis_custom_post_class":"","_genesis_layout":"","footnotes":""},"class_list":{"0":"post-246","1":"page","2":"type-page","3":"status-publish","5":"entry"},"_links":{"self":[{"href":"https:\/\/moverdb.com\/de\/wp-json\/wp\/v2\/pages\/246","targetHints":{"allow":["GET"]}}],"collection":[{"href":"https:\/\/moverdb.com\/de\/wp-json\/wp\/v2\/pages"}],"about":[{"href":"https:\/\/moverdb.com\/de\/wp-json\/wp\/v2\/types\/page"}],"author":[{"embeddable":true,"href":"https:\/\/moverdb.com\/de\/wp-json\/wp\/v2\/users\/1"}],"replies":[{"embeddable":true,"href":"https:\/\/moverdb.com\/de\/wp-json\/wp\/v2\/comments?post=246"}],"version-history":[{"count":29,"href":"https:\/\/moverdb.com\/de\/wp-json\/wp\/v2\/pages\/246\/revisions"}],"predecessor-version":[{"id":6178,"href":"https:\/\/moverdb.com\/de\/wp-json\/wp\/v2\/pages\/246\/revisions\/6178"}],"wp:attachment":[{"href":"https:\/\/moverdb.com\/de\/wp-json\/wp\/v2\/media?parent=246"}],"curies":[{"name":"wp","href":"https:\/\/api.w.org\/{rel}","templated":true}]}}