{"id":225,"date":"2016-03-28T16:58:52","date_gmt":"2016-03-28T16:58:52","guid":{"rendered":"http:\/\/moverdb.com\/?page_id=225"},"modified":"2026-01-08T14:47:25","modified_gmt":"2026-01-08T14:47:25","slug":"uber","status":"publish","type":"page","link":"https:\/\/moverdb.com\/de\/about\/","title":{"rendered":"\u00dcber"},"content":{"rendered":"<p>MoverDB.com wurde eingerichtet, um Ihnen unvoreingenommene Informationen \u00fcber <a href=\"https:\/\/moverdb.com\/de\/moving-companies\/\" data-internallinksmanager029f6b8e52c=\"79\" title=\"Top 25 Internationale Umzugsunternehmen Online\">internationale Umzugsunternehmen<\/a> und die mit einem Umzug ins Ausland verbundenen Kosten. <\/p>\n<p>Um Ihnen zu helfen, haben wir einige praktische Leitf\u00e4den erstellt, die Ihnen den Einstieg erleichtern. Sie k\u00f6nnen sich \u00fcber Folgendes informieren:<\/p>\n<ul>\n<li> <a href=\"https:\/\/moverdb.com\/de\/containerschifffahrt\/\">Preise f\u00fcr den internationalen Containerverkehr<\/a><\/li>\n<li> <a href=\"https:\/\/moverdb.com\/de\/umzugsunternehmen\/\">Top 25 Internationale Umzugsunternehmen Online<\/a><\/li>\n<li> <a href=\"https:\/\/moverdb.com\/de\/reedereien\/\">Top 20 Internationale Schifffahrtsunternehmen<\/a><\/li>\n<li> <a href=\"https:\/\/moverdb.com\/de\/internationale-umzuge\/\">Internationale Umz\u00fcge: Die 12 besten Unternehmen in Gro\u00dfbritannien<\/a><\/li>\n<li> <a href=\"https:\/\/moverdb.com\/de\/umzugskosten\/\">Internationale Umzugskosten: 9 Dinge, die Sie nicht ignorieren d\u00fcrfen<\/a><\/li>\n<li> <a href=\"https:\/\/moverdb.com\/de\/spediteur\/\">Leitfaden f\u00fcr internationale Kosten und Unternehmen f\u00fcr Spediteure und NVOCC<\/a><\/li>\n<li> <a href=\"https:\/\/moverdb.com\/de\/zitate\/\">Internationale Umzugskostenvoranschl\u00e4ge: 12 Wege zum Vergleich Ihres Umzugsunternehmens<\/a><\/li>\n<\/ul>\n<p>Sie k\u00f6nnen auch das Formular oben auf der Seite verwenden, um ein Angebot von bis zu 6 internationalen Umzugsunternehmen anzufordern. Wir haben eine Partnerschaft mit <a href=\"https:\/\/moverdb.com\/de\/international-removals\/\" data-internallinksmanager029f6b8e52c=\"27\" title=\"36 Beste internationale Umzugsunternehmen in Gro\u00dfbritannien\">Internationale Umz\u00fcge<\/a> Direct, um sicherzustellen, dass Sie mit einigen der besten Unternehmen der Welt zusammengebracht werden. <\/p>\n<p>Wenn Sie etwas auf unserer Website sehen m\u00f6chten, wenden Sie sich bitte an <a href=\"https:\/\/moverdb.com\/de\/kontakt-uns\/\">Kontaktieren Sie uns<\/a>.<\/p>","protected":false},"excerpt":{"rendered":"<p>MoverDB.com was set-up to give you unbiased information about international moving companies and the costs associated with moving overseas. To help you we&#8217;ve created some handy guides to get you started. You can find out about: International Container Shipping Rates Top 25 International Moving Companies Online Top 20 International Shipping Companies International Removals: Top 12 [&hellip;]<\/p>\n","protected":false},"author":1,"featured_media":0,"parent":0,"menu_order":0,"comment_status":"closed","ping_status":"closed","template":"","meta":{"_genesis_hide_title":false,"_genesis_hide_breadcrumbs":false,"_genesis_hide_singular_image":false,"_genesis_hide_footer_widgets":false,"_genesis_custom_body_class":"","_genesis_custom_post_class":"","_genesis_layout":"","footnotes":""},"class_list":{"0":"post-225","1":"page","2":"type-page","3":"status-publish","5":"entry"},"_links":{"self":[{"href":"https:\/\/moverdb.com\/de\/wp-json\/wp\/v2\/pages\/225","targetHints":{"allow":["GET"]}}],"collection":[{"href":"https:\/\/moverdb.com\/de\/wp-json\/wp\/v2\/pages"}],"about":[{"href":"https:\/\/moverdb.com\/de\/wp-json\/wp\/v2\/types\/page"}],"author":[{"embeddable":true,"href":"https:\/\/moverdb.com\/de\/wp-json\/wp\/v2\/users\/1"}],"replies":[{"embeddable":true,"href":"https:\/\/moverdb.com\/de\/wp-json\/wp\/v2\/comments?post=225"}],"version-history":[{"count":4,"href":"https:\/\/moverdb.com\/de\/wp-json\/wp\/v2\/pages\/225\/revisions"}],"predecessor-version":[{"id":5337,"href":"https:\/\/moverdb.com\/de\/wp-json\/wp\/v2\/pages\/225\/revisions\/5337"}],"wp:attachment":[{"href":"https:\/\/moverdb.com\/de\/wp-json\/wp\/v2\/media?parent=225"}],"curies":[{"name":"wp","href":"https:\/\/api.w.org\/{rel}","templated":true}]}}