{"id":17400,"date":"2024-07-03T09:12:02","date_gmt":"2024-07-03T09:12:02","guid":{"rendered":"https:\/\/moverdb.com\/?page_id=17400"},"modified":"2026-05-15T14:59:06","modified_gmt":"2026-05-15T14:59:06","slug":"ubox-cost","status":"publish","type":"page","link":"https:\/\/moverdb.com\/de\/ubox-cost\/","title":{"rendered":"Wie viel kostet die Ubox? 2024 Leitfaden zum Sparen"},"content":{"rendered":"<figure class=\"wp-block-image size-full\"><img loading=\"lazy\" decoding=\"async\" width=\"1000\" height=\"667\" class=\"wp-image-11037\" src=\"https:\/\/moverdb.com\/wp-content\/uploads\/u-box-moving-1.jpg\" alt=\"\" srcset=\"https:\/\/moverdb.com\/wp-content\/uploads\/u-box-moving-1.jpg 1000w, https:\/\/moverdb.com\/wp-content\/uploads\/u-box-moving-1-300x200.jpg 300w, https:\/\/moverdb.com\/wp-content\/uploads\/u-box-moving-1-18x12.jpg 18w, https:\/\/moverdb.com\/wp-content\/uploads\/u-box-moving-1-600x400.jpg 600w\" sizes=\"auto, (max-width: 1000px) 100vw, 1000px\" \/><\/figure>\r\n\r\n\r\n\r\n<p>U-Box ist die vielseitige und bequeme Lagerl\u00f6sung von U-Haul, die Ihren Umzugs- und Lagerungsbedarf vereinfacht. Mit U-Box erhalten Sie die Flexibilit\u00e4t, Ihr Hab und Gut zu lagern auf <em>Ihr<\/em> ob Sie umziehen, entr\u00fcmpeln oder einfach nur eine vor\u00fcbergehende Lagerung ben\u00f6tigen.\u00a0<\/p>\r\n\r\n\r\n\r\n\r\n\r\n<p>Unser Leitfaden behandelt folgende Themen:<\/p>\r\n\r\n\r\n\r\n<ul class=\"wp-block-list\">\r\n<li>Wie viel U-Box kostet<\/li>\r\n\r\n\r\n\r\n<li>Was die Kosten der U-Box beeinflusst<\/li>\r\n\r\n\r\n\r\n<li>Wie Sie bei U-Box Geld sparen k\u00f6nnen<\/li>\r\n\r\n\r\n\r\n<li>Was ist bei der Verwendung von U-Box zu beachten?<\/li>\r\n\r\n\r\n\r\n<li>Wie Sie wissen, ob die U-Box die beste Wahl f\u00fcr Sie ist<\/li>\r\n\r\n\r\n\r\n<li>Wie Sie U-Box finden und einstellen<\/li>\r\n<\/ul>\r\n\r\n\r\n\r\n<p>Die U-Box-Container sind tragbar, sicher und werden direkt an Ihre Haust\u00fcr geliefert, so dass der Umzug und die Lagerung Ihrer Gegenst\u00e4nde problemlos vonstatten gehen. Wenn Sie glauben, dass U-Box die L\u00f6sung f\u00fcr Sie sein k\u00f6nnte, lesen Sie weiter, um unsere Top-Tipps zu erfahren, mit denen Sie bei Ihrem Umzug Geld sparen k\u00f6nnen.<\/p>\r\n\r\n\r\n\r\n<div id=\"ez-toc-container\" class=\"ez-toc-v2_0_83 ez-toc-wrap-left counter-hierarchy ez-toc-counter ez-toc-transparent ez-toc-container-direction\">\n<div class=\"ez-toc-title-container\">\n<p class=\"ez-toc-title\" style=\"cursor:inherit\">Rubriken<\/p>\n<span class=\"ez-toc-title-toggle\"><a href=\"#\" class=\"ez-toc-pull-right ez-toc-btn ez-toc-btn-xs ez-toc-btn-default ez-toc-toggle\" aria-label=\"Inhaltsverzeichnis umschalten\"><span class=\"ez-toc-js-icon-con\"><span class=\"\"><span class=\"eztoc-hide\" style=\"display:none;\">Umschalten auf<\/span><span class=\"ez-toc-icon-toggle-span\"><svg style=\"fill: #999;color:#999\" xmlns=\"http:\/\/www.w3.org\/2000\/svg\" class=\"list-377408\" width=\"20px\" height=\"20px\" viewbox=\"0 0 24 24\" fill=\"none\"><path d=\"M6 6H4v2h2V6zm14 0H8v2h12V6zM4 11h2v2H4v-2zm16 0H8v2h12v-2zM4 16h2v2H4v-2zm16 0H8v2h12v-2z\" fill=\"currentColor\"><\/path><\/svg><svg style=\"fill: #999;color:#999\" class=\"arrow-unsorted-368013\" xmlns=\"http:\/\/www.w3.org\/2000\/svg\" width=\"10px\" height=\"10px\" viewbox=\"0 0 24 24\" version=\"1.2\" baseprofile=\"tiny\"><path d=\"M18.2 9.3l-6.2-6.3-6.2 6.3c-.2.2-.3.4-.3.7s.1.5.3.7c.2.2.4.3.7.3h11c.3 0 .5-.1.7-.3.2-.2.3-.5.3-.7s-.1-.5-.3-.7zM5.8 14.7l6.2 6.3 6.2-6.3c.2-.2.3-.5.3-.7s-.1-.5-.3-.7c-.2-.2-.4-.3-.7-.3h-11c-.3 0-.5.1-.7.3-.2.2-.3.5-.3.7s.1.5.3.7z\"\/><\/svg><\/span><\/span><\/span><\/a><\/span><\/div>\n<nav><ul class='ez-toc-list ez-toc-list-level-1 eztoc-toggle-hide-by-default' ><li class='ez-toc-page-1 ez-toc-heading-level-2'><a class=\"ez-toc-link ez-toc-heading-1\" href=\"https:\/\/moverdb.com\/de\/ubox-cost\/#How_Much_Does_U-Box_Cost\" >Wie viel kostet die U-Box?<\/a><\/li><li class='ez-toc-page-1 ez-toc-heading-level-2'><a class=\"ez-toc-link ez-toc-heading-2\" href=\"https:\/\/moverdb.com\/de\/ubox-cost\/#What_Affects_the_Cost_of_U-Box\" >Was wirkt sich auf die Kosten der U-Box aus?<\/a><\/li><li class='ez-toc-page-1 ez-toc-heading-level-2'><a class=\"ez-toc-link ez-toc-heading-3\" href=\"https:\/\/moverdb.com\/de\/ubox-cost\/#How_Can_I_Save_Money_on_U-Box\" >Wie kann ich bei U-Box Geld sparen?<\/a><\/li><li class='ez-toc-page-1 ez-toc-heading-level-2'><a class=\"ez-toc-link ez-toc-heading-4\" href=\"https:\/\/moverdb.com\/de\/ubox-cost\/#Whats_Involved_in_Hiring_U-Box\" >Was ist bei der Einstellung von U-Box zu beachten?<\/a><\/li><li class='ez-toc-page-1 ez-toc-heading-level-2'><a class=\"ez-toc-link ez-toc-heading-5\" href=\"https:\/\/moverdb.com\/de\/ubox-cost\/#Is_U-Box_the_Best_Choice_for_Me\" >Ist die U-Box die beste Wahl f\u00fcr mich?<\/a><\/li><li class='ez-toc-page-1 ez-toc-heading-level-2'><a class=\"ez-toc-link ez-toc-heading-6\" href=\"https:\/\/moverdb.com\/de\/ubox-cost\/#How_Do_I_Find_and_Hire_a_U-Box\" >Wie finde und engagiere ich eine U-Box?<\/a><\/li><li class='ez-toc-page-1 ez-toc-heading-level-2'><a class=\"ez-toc-link ez-toc-heading-7\" href=\"https:\/\/moverdb.com\/de\/ubox-cost\/#Final_Checklist\" >Abschlie\u00dfende Checkliste<\/a><\/li><li class='ez-toc-page-1 ez-toc-heading-level-2'><a class=\"ez-toc-link ez-toc-heading-8\" href=\"https:\/\/moverdb.com\/de\/ubox-cost\/#Frequently_Asked_Questions\" >H\u00e4ufig gestellte Fragen<\/a><ul class='ez-toc-list-level-3' ><li class='ez-toc-heading-level-3'><a class=\"ez-toc-link ez-toc-heading-9\" href=\"https:\/\/moverdb.com\/de\/ubox-cost\/#What_is_U-Box_and_How_Does_It_Work\" >Was ist die U-Box und wie funktioniert sie?<\/a><\/li><li class='ez-toc-page-1 ez-toc-heading-level-3'><a class=\"ez-toc-link ez-toc-heading-10\" href=\"https:\/\/moverdb.com\/de\/ubox-cost\/#How_Do_I_Reserve_a_U-Box_Container\" >Wie kann ich einen U-Box-Container reservieren?<\/a><\/li><li class='ez-toc-page-1 ez-toc-heading-level-3'><a class=\"ez-toc-link ez-toc-heading-11\" href=\"https:\/\/moverdb.com\/de\/ubox-cost\/#Can_U-Box_Containers_Be_Used_for_Long-Distance_Moves\" >K\u00f6nnen U-Box-Container f\u00fcr Langstreckenumz\u00fcge verwendet werden?<\/a><\/li><li class='ez-toc-page-1 ez-toc-heading-level-3'><a class=\"ez-toc-link ez-toc-heading-12\" href=\"https:\/\/moverdb.com\/de\/ubox-cost\/#Can_I_Access_My_U-Box_While_Its_in_Storage\" >Kann ich auf meine U-Box zugreifen, w\u00e4hrend sie eingelagert ist?<\/a><\/li><li class='ez-toc-page-1 ez-toc-heading-level-3'><a class=\"ez-toc-link ez-toc-heading-13\" href=\"https:\/\/moverdb.com\/de\/ubox-cost\/#Can_U-Haul_Help_with_Loading_and_Unloading_My_U-Box\" >Kann U-Haul beim Be- und Entladen meiner U-Box helfen?<\/a><\/li><\/ul><\/li><\/ul><\/nav><\/div>\n<h2 class=\"wp-block-heading\"><span class=\"ez-toc-section\" id=\"How_Much_Does_U-Box_Cost\"><\/span><b>Wie viel kostet die U-Box?<\/b><span class=\"ez-toc-section-end\"><\/span><\/h2>\r\n\r\n\r\n\r\n<p>U-Box spricht Kunden an, die eine All-in-One-L\u00f6sung sch\u00e4tzen und bereit sind, in Komfort zu investieren.<\/p>\r\n\r\n\r\n\r\n<p>U-Box bietet ein umfassendes Paket mit einem durchschnittlichen Containerpreis von $3.700+, der nicht nur den Container, sondern auch die Fahrzeugmiete und die Box selbst umfasst. Die Einbeziehung dieser Elemente tr\u00e4gt zu dem h\u00f6heren Preis bei.<\/p>\r\n\r\n\r\n\n<table id=\"tablepress-361\" class=\"tablepress tablepress-id-361\">\n<thead>\n<tr class=\"row-1\">\n\t<th class=\"column-1\">Dienst<\/th><th class=\"column-2\">Gesch\u00e4tzte Kosten<\/th>\n<\/tr>\n<\/thead>\n<tbody class=\"row-striping row-hover\">\n<tr class=\"row-2\">\n\t<td class=\"column-1\">Preis pro Box\/Container<\/td><td class=\"column-2\">$100<\/td>\n<\/tr>\n<tr class=\"row-3\">\n\t<td class=\"column-1\">Lieferkosten pro Box\/Container<\/td><td class=\"column-2\">$99<\/td>\n<\/tr>\n<tr class=\"row-4\">\n\t<td class=\"column-1\">Hilfe beim Umzug<\/td><td class=\"column-2\">$40<\/td>\n<\/tr>\n<tr class=\"row-5\">\n\t<td class=\"column-1\">Versicherungsschutz<\/td><td class=\"column-2\">$20<\/td>\n<\/tr>\n<\/tbody>\n<\/table>\n<!-- #tablepress-361 from cache -->\n\r\n\r\n\r\n<p>Die Grundkosten pro Karton betragen $100, die Lieferkosten pro Karton\/Container $99. Wenn Sie Hilfe beim Umzug - also beim Packen und Verladen - w\u00fcnschen, kann dies $40 kosten, und eine Versicherung f\u00fcr Ihr Hab und Gut w\u00e4hrend der Einlagerung kostet $20.<\/p>\r\n\r\n\r\n\r\n<p>In unserem Kostenvergleich werden wir die Preise verschiedener Anbieter von Baumarktfahrzeugen und Lagerr\u00e4umen vergleichen, um Ihnen eine umfassende Vorstellung davon zu vermitteln, welche Kosten auf Sie zukommen, wenn Sie Umzugsdienstleistungen in Anspruch nehmen m\u00f6chten.<\/p>\r\n\r\n\r\n\r\n\n<table id=\"tablepress-359\" class=\"tablepress tablepress-id-359\">\n<thead>\n<tr class=\"row-1\">\n\t<th class=\"column-1\">Dienstanbieter<\/th><th class=\"column-2\">Durchschnittlicher Container-\/Fahrzeugmietpreis<\/th>\n<\/tr>\n<\/thead>\n<tbody class=\"row-striping row-hover\">\n<tr class=\"row-2\">\n\t<td class=\"column-1\">PODS<\/td><td class=\"column-2\">$6,100+<\/td>\n<\/tr>\n<tr class=\"row-3\">\n\t<td class=\"column-1\">U-Pack<\/td><td class=\"column-2\">$3,000+<\/td>\n<\/tr>\n<tr class=\"row-4\">\n\t<td class=\"column-1\">1-800-PACK-RATTE<\/td><td class=\"column-2\">$3,000+<\/td>\n<\/tr>\n<tr class=\"row-5\">\n\t<td class=\"column-1\">zippyshell<\/td><td class=\"column-2\">$2,900+<\/td>\n<\/tr>\n<tr class=\"row-6\">\n\t<td class=\"column-1\">U-Haul<\/td><td class=\"column-2\">$3,500+<\/td>\n<\/tr>\n<tr class=\"row-7\">\n\t<td class=\"column-1\">SMARTBOX<\/td><td class=\"column-2\">$3,100+<\/td>\n<\/tr>\n<tr class=\"row-8\">\n\t<td class=\"column-1\">U-Box<\/td><td class=\"column-2\">$3,700+ (einschlie\u00dflich Fahrzeugmiete und Box)<\/td>\n<\/tr>\n<\/tbody>\n<\/table>\n<!-- #tablepress-359 from cache -->\r\n\r\n\r\n\r\n<p>Die Preisspanne bei anderen Anbietern liegt zwischen $2.900 am unteren und $6.100+ am oberen Ende des Spektrums.<\/p>\r\n\r\n\r\n\r\n<h2 class=\"wp-block-heading\"><span class=\"ez-toc-section\" id=\"What_Affects_the_Cost_of_U-Box\"><\/span><b>Was wirkt sich auf die Kosten der U-Box aus?<\/b><span class=\"ez-toc-section-end\"><\/span><\/h2>\r\n\r\n\r\n\r\n<p>Es gibt vier Hauptfaktoren, die sich auf die Kosten der U-Box-Lagerung auswirken k\u00f6nnen - sehen wir uns das genauer an:<\/p>\r\n\r\n\r\n\r\n<p><strong><a href=\"https:\/\/moverdb.com\/de\/shipping-container-sizes-and-dimensions\/\" data-internallinksmanager029f6b8e52c=\"247\" title=\"Der ultimative Leitfaden f\u00fcr Gr\u00f6\u00dfen und Abmessungen von Schiffscontainern\">Container Gr\u00f6\u00dfe<\/a><\/strong><\/p>\r\n\r\n\r\n\r\n<p>Die Gr\u00f6\u00dfe des U-Box-Containers, f\u00fcr den Sie sich entscheiden, wirkt sich direkt auf die Kosten aus. Gr\u00f6\u00dfere Container bieten mehr Platz und Lagerkapazit\u00e4t, k\u00f6nnen aber im Vergleich zu kleineren Optionen teurer sein.<\/p>\r\n\r\n\r\n\r\n<p>Um ein optimales Preis-Leistungs-Verh\u00e4ltnis zu erzielen, sollten Sie die Containergr\u00f6\u00dfe w\u00e4hlen, die am besten zu Ihrem Hab und Gut passt.<\/p>\r\n\r\n\r\n\r\n<p><strong>Lagerung Dauer<\/strong><\/p>\r\n\r\n\r\n\r\n<p>Der Zeitraum, den Sie planen, die U-Box zu nutzen, kann die Kosten beeinflussen, da f\u00fcr l\u00e4ngere Lagerzeiten h\u00f6here Geb\u00fchren anfallen als f\u00fcr kurzfristige Anmietungen. Um das Beste daraus zu machen, w\u00e4hlen Sie einen Plan, der zu Ihrem Zeitplan passt - aber seien Sie nicht zu optimistisch, da zus\u00e4tzliche Zeitr\u00e4ume teuer sein k\u00f6nnen.<\/p>\r\n\r\n\r\n\r\n<p><strong>Lieferort<\/strong><\/p>\r\n\r\n\r\n\r\n<p>Die Entfernung zwischen dem U-Box-Lager und Ihrem Lieferort kann die Kosten beeinflussen, und je nach Entfernung k\u00f6nnen die Liefergeb\u00fchren variieren. Wenn Sie die Gesamtkosten f\u00fcr Ihre Miete berechnen, sollten Sie den Standort der U-Box-Anlage im Vergleich zu Ihrem endg\u00fcltigen Zielort ber\u00fccksichtigen.\u00a0<\/p>\r\n\r\n\r\n\r\n<p><strong>Zus\u00e4tzliche Dienstleistungen<\/strong><\/p>\r\n\r\n\r\n\r\n<p>U-Box bietet verschiedene Zusatzleistungen an, wie z. B. professionelle Unterst\u00fctzung beim Be- und Entladen, klimatisierte Lagerung und Versicherungsschutz. Die Inanspruchnahme dieser Leistungen kann sich auf die Gesamtkosten Ihrer U-Box-Erfahrung auswirken. Daher ist es am besten, wenn Sie abw\u00e4gen, welche Leistungen f\u00fcr Ihre Bed\u00fcrfnisse wichtig sind und Ihr Budget entsprechend anpassen.<\/p>\r\n\r\n\r\n\r\n\r\n\r\n<h2 class=\"wp-block-heading\"><span class=\"ez-toc-section\" id=\"How_Can_I_Save_Money_on_U-Box\"><\/span><strong>Wie kann ich bei U-Box Geld sparen?<\/strong><span class=\"ez-toc-section-end\"><\/span><\/h2>\r\n\r\n\r\n\r\n<figure class=\"wp-block-image size-full\"><img loading=\"lazy\" decoding=\"async\" width=\"1000\" height=\"667\" class=\"wp-image-11038\" src=\"https:\/\/moverdb.com\/wp-content\/uploads\/u-box-moving-2.jpg\" alt=\"\" srcset=\"https:\/\/moverdb.com\/wp-content\/uploads\/u-box-moving-2.jpg 1000w, https:\/\/moverdb.com\/wp-content\/uploads\/u-box-moving-2-300x200.jpg 300w, https:\/\/moverdb.com\/wp-content\/uploads\/u-box-moving-2-18x12.jpg 18w, https:\/\/moverdb.com\/wp-content\/uploads\/u-box-moving-2-600x400.jpg 600w\" sizes=\"auto, (max-width: 1000px) 100vw, 1000px\" \/><\/figure>\r\n\r\n\r\n\r\n<p>Wenn Sie bei Ihrer Wahl strategisch vorgehen und Ihre U-Box an Ihre spezifischen Anforderungen anpassen, k\u00f6nnen Sie Geld sparen. Schauen wir uns das mal genauer an.<\/p>\r\n\r\n\r\n\r\n<p>Der wichtigste Faktor, der Ihnen hilft, Geld zu sparen, ist die Auswahl einer U-Box-Containergr\u00f6\u00dfe, die Ihrem Lagerbedarf entspricht. Das hei\u00dft, Sie sollten es vermeiden, einen gr\u00f6\u00dferen Container als n\u00f6tig zu mieten, da dies zu unn\u00f6tigen Kosten f\u00fchren kann.\u00a0<\/p>\r\n\r\n\r\n\r\n<p>W\u00e4hlen Sie nach M\u00f6glichkeit eine m\u00f6glichst kurze Lagerdauer, da Sie durch k\u00fcrzere Lagerzeiten zus\u00e4tzliche Kosten f\u00fcr l\u00e4ngere Anmietungen vermeiden k\u00f6nnen. Planen Sie im Voraus und sch\u00e4tzen Sie ab, wie lange Sie die Lagerung ben\u00f6tigen, um Kosten zu sparen - aber \u00fcbersch\u00e4tzen Sie Ihre Effizienz nicht, denn zus\u00e4tzliche Miettage k\u00f6nnen sich schnell summieren.<\/p>\r\n\r\n\r\n\r\n<p>Wenn m\u00f6glich, w\u00e4hlen Sie ein U-Box-Lager, das g\u00fcnstig gelegen ist, um die Lieferkosten zu reduzieren. Die Wahl einer Einrichtung in der N\u00e4he Ihres Wohnorts oder Zielorts kann die Transportkosten minimieren und die Lagerung insgesamt kosteng\u00fcnstiger machen.<\/p>\r\n\r\n\r\n\r\n<p>Auch wenn U-Box verschiedene Zusatzleistungen anbietet, sollten Sie sorgf\u00e4ltig abw\u00e4gen, welche davon f\u00fcr Ihre Situation notwendig sind. Wenn Sie sich nur f\u00fcr die Leistungen entscheiden, die Sie wirklich brauchen, k\u00f6nnen Sie unn\u00f6tige Ausgaben vermeiden und Ihre Gesamtkosten in Grenzen halten.<\/p>\r\n\r\n\r\n\r\n<h2 class=\"wp-block-heading\"><span class=\"ez-toc-section\" id=\"Whats_Involved_in_Hiring_U-Box\"><\/span><strong>Was ist bei der Einstellung von U-Box zu beachten?<\/strong><span class=\"ez-toc-section-end\"><\/span><\/h2>\r\n\r\n\r\n\r\n<p>Zun\u00e4chst w\u00e4hlen Sie die U-Box-Containergr\u00f6\u00dfe aus, die Ihrem Lagerbedarf entspricht, und reservieren sie entweder online oder per Telefon. Sobald Ihre Reservierung best\u00e4tigt ist, liefert U-Haul den U-Box-Container direkt an Ihren Standort.\u00a0<\/p>\r\n\r\n\r\n\r\n<p>Sobald die U-Box bei Ihnen zu Hause angekommen ist, k\u00f6nnen Sie Ihr Hab und Gut in aller Ruhe in den Container laden. Nachdem Sie die U-Box beladen haben, holt U-Haul sie ab und transportiert sie zu der von Ihnen gew\u00e4hlten Lagereinrichtung oder dem von Ihnen angegebenen Zielort.\u00a0<\/p>\r\n\r\n\r\n\r\n<p>Wenn Sie Hilfe beim Be- und Entladen ben\u00f6tigen, bietet U-Haul professionelle Arbeitsdienste an, um einen reibungslosen Ablauf zu gew\u00e4hrleisten. W\u00e4hrend der gesamten Reise bleiben Ihre Sachen im U-Box-Container sicher.\u00a0<\/p>\r\n\r\n\r\n\r\n<h2 class=\"wp-block-heading\"><span class=\"ez-toc-section\" id=\"Is_U-Box_the_Best_Choice_for_Me\"><\/span><strong>Ist die U-Box die beste Wahl f\u00fcr mich?<\/strong><span class=\"ez-toc-section-end\"><\/span><\/h2>\r\n\r\n\r\n\r\n<p>Es gibt so viele M\u00f6glichkeiten auf dem Markt, wenn es um Umzugs- und Lagerungsl\u00f6sungen geht, dass es schwierig sein kann, die richtige f\u00fcr Sie zu finden. Schauen wir uns die wichtigsten Vor- und Nachteile an, wenn Sie eine U-Box mieten m\u00f6chten.<\/p>\r\n\r\n\r\n\n<table id=\"tablepress-345\" class=\"tablepress tablepress-id-345\">\n<thead>\n<tr class=\"row-1\">\n\t<th class=\"column-1\">Vorteile der U-Box<\/th><th class=\"column-2\">Nachteile der U-Box<\/th>\n<\/tr>\n<\/thead>\n<tbody class=\"row-striping row-hover\">\n<tr class=\"row-2\">\n\t<td class=\"column-1\">Flexibilit\u00e4t bei Umzugszeiten und Zeitplan<\/td><td class=\"column-2\">Arbeitsintensiv - Sie m\u00fcssen selbst be- und entladen, es sei denn, Sie f\u00fcgen einen Arbeitszusatz hinzu<\/td>\n<\/tr>\n<tr class=\"row-3\">\n\t<td class=\"column-1\">G\u00fcnstiger als herk\u00f6mmliche Umzugsoptionen mit vollem Serviceangebot<\/td><td class=\"column-2\">Verf\u00fcgbarkeit - in Sto\u00dfzeiten kann es zu einer geringeren Verf\u00fcgbarkeit kommen <\/td>\n<\/tr>\n<tr class=\"row-4\">\n\t<td class=\"column-1\">Sie k\u00f6nnen Ihr Hab und Gut w\u00e4hrend des Umzugs im Auge behalten<\/td><td class=\"column-2\">L\u00e4ngere Mietzeiten k\u00f6nnen teuer werden<\/td>\n<\/tr>\n<\/tbody>\n<\/table>\n<!-- #tablepress-345 from cache -->\n\r\n\r\n\r\n<p>Der Hauptvorteil ist die Bequemlichkeit, die sie Ihnen bietet - bei herk\u00f6mmlichen Umzugsunternehmen m\u00fcssen Sie am selben Tag ein- und ausladen, w\u00e4hrend U-Box Ihnen die Flexibilit\u00e4t gibt, in Ihrem eigenen Tempo ein- und auszupacken.<\/p>\r\n\r\n\r\n\r\n<p>Je nachdem, wie weit Ihre Standorte voneinander entfernt sind, k\u00f6nnen jedoch zus\u00e4tzliche Geb\u00fchren anfallen, und l\u00e4ngere Lagerzeiten k\u00f6nnen sich schnell zu weitaus h\u00f6heren Kosten summieren, als vielleicht zun\u00e4chst angenommen.<\/p>\r\n\r\n\r\n\r\n<h2 class=\"wp-block-heading\"><span class=\"ez-toc-section\" id=\"How_Do_I_Find_and_Hire_a_U-Box\"><\/span><strong>Wie finde und engagiere ich eine U-Box?<\/strong><span class=\"ez-toc-section-end\"><\/span><\/h2>\r\n\r\n\r\n\r\n<figure class=\"wp-block-image size-full\"><img loading=\"lazy\" decoding=\"async\" width=\"1000\" height=\"562\" class=\"wp-image-11039\" src=\"https:\/\/moverdb.com\/wp-content\/uploads\/u-box-moving-3.jpg\" alt=\"\" srcset=\"https:\/\/moverdb.com\/wp-content\/uploads\/u-box-moving-3.jpg 1000w, https:\/\/moverdb.com\/wp-content\/uploads\/u-box-moving-3-300x169.jpg 300w, https:\/\/moverdb.com\/wp-content\/uploads\/u-box-moving-3-18x10.jpg 18w, https:\/\/moverdb.com\/wp-content\/uploads\/u-box-moving-3-600x337.jpg 600w\" sizes=\"auto, (max-width: 1000px) 100vw, 1000px\" \/><\/figure>\r\n\r\n\r\n\r\n<p>Besuchen Sie die U-Haul-Website, um nach U-Box-Standorten in Ihrer N\u00e4he zu suchen. Geben Sie Ihren Standort und das gew\u00fcnschte Lagerdatum ein, um die verf\u00fcgbaren Optionen anzuzeigen. Alternativ k\u00f6nnen Sie den U-Haul-Kundendienst anrufen, um sich \u00fcber die Verf\u00fcgbarkeit von U-Boxen zu erkundigen und eine Reservierung per Telefon vorzunehmen.<\/p>\r\n\r\n\r\n\r\n<p>Nachdem Sie einen U-Box-Standort ausgew\u00e4hlt und die Verf\u00fcgbarkeit best\u00e4tigt haben, m\u00fcssen Sie nun die Containergr\u00f6\u00dfe ausw\u00e4hlen, die Ihrem Lagerbedarf entspricht. Schlie\u00dfen Sie den Reservierungsprozess ab, indem Sie Ihre Kontaktdaten, die Zahlungsdetails und die von Ihnen gew\u00fcnschten Zusatzleistungen angeben.<\/p>\r\n\r\n\r\n\r\n<p>Danach erhalten Sie von U-Haul eine Best\u00e4tigung mit den Einzelheiten Ihrer U-Box-Reservierung, und am geplanten Liefertag liefert U-Haul den U-Box-Container an den von Ihnen angegebenen Ort. Sie k\u00f6nnen dann Ihr Hab und Gut nach Belieben einladen.\u00a0<\/p>\r\n\r\n\r\n\r\n<p>Sobald Sie mit dem Beladen fertig sind, holt U-Haul die U-Box ab und transportiert sie zu der vorgesehenen Lagereinrichtung oder zu Ihrem neuen Zielort.<\/p>\r\n\r\n\r\n\r\n<h2 class=\"wp-block-heading\"><span class=\"ez-toc-section\" id=\"Final_Checklist\"><\/span><strong>Abschlie\u00dfende Checkliste<\/strong><span class=\"ez-toc-section-end\"><\/span><\/h2>\r\n\r\n\r\n\r\n<p>Wenn Sie glauben, dass U-Box die richtige Wahl ist, sollten Sie unsere abschlie\u00dfende Checkliste verwenden, um sicherzustellen, dass Sie nichts auf Ihrer To-Do-Liste vergessen, wenn der gro\u00dfe Tag kommt.<\/p>\r\n\r\n\r\n\r\n<ul class=\"wp-block-list\">\r\n<li>W\u00e4gen Sie die Vor- und Nachteile der U-Box ab - ist der Komfort die m\u00f6gliche Unflexibilit\u00e4t bei den verf\u00fcgbaren Terminen wert?<\/li>\r\n\r\n\r\n\r\n<li>Werfen Sie einen Blick auf die Zusatzleistungen und entscheiden Sie, ob diese f\u00fcr Sie geeignet sind. M\u00f6chten Sie Hilfe bei der manuellen Arbeit und beim Be- und Entladen?<\/li>\r\n\r\n\r\n\r\n<li>Pr\u00fcfen Sie, ob f\u00fcr Ihre beiden Standorte zus\u00e4tzliche Kosten anfallen<\/li>\r\n\r\n\r\n\r\n<li>W\u00e4hlen Sie einen Container, der die richtige Gr\u00f6\u00dfe f\u00fcr Ihr Hab und Gut hat<\/li>\r\n\r\n\r\n\r\n<li>Buchen Sie und bereiten Sie alles f\u00fcr Ihren gro\u00dfen Tag vor!<\/li>\r\n<\/ul>\r\n\r\n\r\n\r\n<h2 class=\"wp-block-heading\"><span class=\"ez-toc-section\" id=\"Frequently_Asked_Questions\"><\/span><strong>H\u00e4ufig gestellte Fragen<\/strong><span class=\"ez-toc-section-end\"><\/span><\/h2>\r\n\r\n\r\n<div id=\"rank-math-faq\" class=\"rank-math-block\">\n<div class=\"rank-math-list\">\n<div id=\"faq-question-1692269790738\" class=\"rank-math-list-item\">\n<h3 class=\"rank-math-question\"><span class=\"ez-toc-section\" id=\"What_is_U-Box_and_How_Does_It_Work\"><\/span><strong>Was ist die U-Box und wie funktioniert sie?<\/strong><span class=\"ez-toc-section-end\"><\/span><\/h3>\n<div class=\"rank-math-answer\">\n\n<p>U-Box ist eine mobile Lagerl\u00f6sung, die den Komfort von gelieferten Lagercontainern bietet. Sie w\u00e4hlen die Gr\u00f6\u00dfe des Containers, U-Haul liefert ihn an Ihren Standort, und Sie laden Ihre Sachen ein. <\/p>\n<p>U-Haul holt den Container dann zur Lagerung oder zum Transport ab.<\/p>\n\n<\/div>\n<\/div>\n<div id=\"faq-question-1692269827309\" class=\"rank-math-list-item\">\n<h3 class=\"rank-math-question\"><span class=\"ez-toc-section\" id=\"How_Do_I_Reserve_a_U-Box_Container\"><\/span><strong>Wie kann ich einen U-Box-Container reservieren?<\/strong><span class=\"ez-toc-section-end\"><\/span><\/h3>\n<div class=\"rank-math-answer\">\n\n<p>Sie k\u00f6nnen dies online \u00fcber die U-Haul-Website oder -App tun, indem Sie Ihren Standort und die gew\u00fcnschten Daten eingeben. Alternativ k\u00f6nnen Sie auch den U-Haul-Kundendienst anrufen, um eine Reservierung per Telefon vorzunehmen.<\/p>\n\n<\/div>\n<\/div>\n<div id=\"faq-question-1692269843670\" class=\"rank-math-list-item\">\n<h3 class=\"rank-math-question\"><span class=\"ez-toc-section\" id=\"Can_U-Box_Containers_Be_Used_for_Long-Distance_Moves\"><\/span><strong>K\u00f6nnen U-Box-Container f\u00fcr Langstreckenumz\u00fcge verwendet werden?<\/strong><span class=\"ez-toc-section-end\"><\/span><\/h3>\n<div class=\"rank-math-answer\">\n\n<p>Ja, U-Box-Container sind sowohl f\u00fcr lokale als auch f\u00fcr Langstreckenumz\u00fcge geeignet. Sie k\u00f6nnen Ihr Hab und Gut an Ihrem derzeitigen Standort in die U-Box laden, und U-Haul transportiert es an Ihren Bestimmungsort, egal ob dieser am anderen Ende der Stadt oder im ganzen Land liegt.<\/p>\n\n<\/div>\n<\/div>\n<div id=\"faq-question-1692269860435\" class=\"rank-math-list-item\">\n<h3 class=\"rank-math-question\"><span class=\"ez-toc-section\" id=\"Can_I_Access_My_U-Box_While_Its_in_Storage\"><\/span><strong>Kann ich auf meine U-Box zugreifen, w\u00e4hrend sie eingelagert ist?<\/strong><span class=\"ez-toc-section-end\"><\/span><\/h3>\n<div class=\"rank-math-answer\">\n\n<p>Ja, Sie k\u00f6nnen auf Ihre U-Box zugreifen, w\u00e4hrend sie eingelagert ist. Kontaktieren Sie einfach die U-Box-Einrichtung, um den Zugang zu vereinbaren. <\/p>\n<p>Denken Sie daran, dass f\u00fcr den Zugang zu Ihrem Container w\u00e4hrend der Lagerung bestimmte Verfahren und Geb\u00fchren anfallen k\u00f6nnen.<\/p>\n\n<\/div>\n<\/div>\n<div id=\"faq-question-1692269875232\" class=\"rank-math-list-item\">\n<h3 class=\"rank-math-question\"><span class=\"ez-toc-section\" id=\"Can_U-Haul_Help_with_Loading_and_Unloading_My_U-Box\"><\/span><strong>Kann U-Haul beim Be- und Entladen meiner U-Box helfen?<\/strong><span class=\"ez-toc-section-end\"><\/span><\/h3>\n<div class=\"rank-math-answer\">\n\n<p>Ja, U-Haul bietet einen Be- und Entladeservice f\u00fcr U-Box-Container an. Wenn Sie Hilfe beim schweren Heben oder Packen ben\u00f6tigen, k\u00f6nnen Sie \u00fcber U-Haul professionelle Mitarbeiter anheuern, um den Prozess reibungsloser zu gestalten.<\/p>\n\n<\/div>\n<\/div>\n<\/div>\n<\/div>","protected":false},"excerpt":{"rendered":"<p>U-Box is U-Haul&#8217;s versatile and convenient storage solution designed to simplify your moving and storage needs. With U-Box, you get the flexibility to store your belongings on your terms, whether you&#8217;re relocating, decluttering, or simply in need of temporary storage.\u00a0 Our guide will cover the following: U-Box containers are portable, secure, and delivered right to [&hellip;]<\/p>\n","protected":false},"author":1,"featured_media":0,"parent":0,"menu_order":0,"comment_status":"closed","ping_status":"closed","template":"","meta":{"_genesis_hide_title":false,"_genesis_hide_breadcrumbs":false,"_genesis_hide_singular_image":false,"_genesis_hide_footer_widgets":false,"_genesis_custom_body_class":"","_genesis_custom_post_class":"","_genesis_layout":"","footnotes":""},"class_list":{"0":"post-17400","1":"page","2":"type-page","3":"status-publish","5":"entry"},"_links":{"self":[{"href":"https:\/\/moverdb.com\/de\/wp-json\/wp\/v2\/pages\/17400","targetHints":{"allow":["GET"]}}],"collection":[{"href":"https:\/\/moverdb.com\/de\/wp-json\/wp\/v2\/pages"}],"about":[{"href":"https:\/\/moverdb.com\/de\/wp-json\/wp\/v2\/types\/page"}],"author":[{"embeddable":true,"href":"https:\/\/moverdb.com\/de\/wp-json\/wp\/v2\/users\/1"}],"replies":[{"embeddable":true,"href":"https:\/\/moverdb.com\/de\/wp-json\/wp\/v2\/comments?post=17400"}],"version-history":[{"count":1,"href":"https:\/\/moverdb.com\/de\/wp-json\/wp\/v2\/pages\/17400\/revisions"}],"predecessor-version":[{"id":17401,"href":"https:\/\/moverdb.com\/de\/wp-json\/wp\/v2\/pages\/17400\/revisions\/17401"}],"wp:attachment":[{"href":"https:\/\/moverdb.com\/de\/wp-json\/wp\/v2\/media?parent=17400"}],"curies":[{"name":"wp","href":"https:\/\/api.w.org\/{rel}","templated":true}]}}