{"id":17398,"date":"2024-07-03T09:10:49","date_gmt":"2024-07-03T09:10:49","guid":{"rendered":"https:\/\/moverdb.com\/?page_id=17398"},"modified":"2026-01-08T13:18:45","modified_gmt":"2026-01-08T13:18:45","slug":"u-haul-cost","status":"publish","type":"page","link":"https:\/\/moverdb.com\/de\/u-haul-cost\/","title":{"rendered":"Wie viel kostet U-Haul? Leitfaden f\u00fcr 2024 Einsparungen"},"content":{"rendered":"<figure class=\"wp-block-image size-full\"><img loading=\"lazy\" decoding=\"async\" width=\"1000\" height=\"667\" src=\"https:\/\/moverdb.com\/wp-content\/uploads\/u-haul-moving-1.jpg\" alt=\"\" class=\"wp-image-11040\" srcset=\"https:\/\/moverdb.com\/wp-content\/uploads\/u-haul-moving-1.jpg 1000w, https:\/\/moverdb.com\/wp-content\/uploads\/u-haul-moving-1-300x200.jpg 300w, https:\/\/moverdb.com\/wp-content\/uploads\/u-haul-moving-1-18x12.jpg 18w, https:\/\/moverdb.com\/wp-content\/uploads\/u-haul-moving-1-600x400.jpg 600w\" sizes=\"auto, (max-width: 1000px) 100vw, 1000px\" \/><\/figure>\r\n\r\n\r\n\r\n<p>U-Haul ist nach wie vor eine beliebte Wahl unter Heimwerkern, aber wie viel kostet das eigentlich? In diesem Artikel nehmen wir die Preismodelle von U-Haul unter die Lupe und betrachten die verschiedenen Faktoren, die zu den Gesamtkosten beitragen - und geben Ihnen wichtige, kosteng\u00fcnstige Umzugstipps.<\/p>\r\n\r\n\r\n\r\n<p>Unser Leitfaden behandelt folgende Themen:<\/p>\r\n\r\n\r\n\r\n<ul class=\"wp-block-list\">\r\n<li>Wie viel U-Haul kostet<\/li>\r\n\r\n\r\n\r\n<li>Was beeinflusst die Kosten von U-Haul<\/li>\r\n\r\n\r\n\r\n<li>Wie Sie bei U-Haul Geld sparen k\u00f6nnen<\/li>\r\n\r\n\r\n\r\n<li>Was ist bei der Nutzung von U-Haul zu beachten?<\/li>\r\n\r\n\r\n\r\n<li>Wie Sie wissen, ob U-Haul die beste Wahl f\u00fcr Sie ist<\/li>\r\n\r\n\r\n\r\n<li>Wie Sie U-Haul finden und mieten<\/li>\r\n<\/ul>\r\n\r\n\r\n\r\n<p>Wenn Sie die Kosten niedrig halten und Ihren Umzug selbst durchf\u00fchren m\u00f6chten, kann die Verwendung von U-Haul ein gro\u00dfartiger Trick sein. Legen wir los.<\/p>\r\n\r\n\r\n\r\n<div id=\"ez-toc-container\" class=\"ez-toc-v2_0_82_2 ez-toc-wrap-left counter-hierarchy ez-toc-counter ez-toc-transparent ez-toc-container-direction\">\n<div class=\"ez-toc-title-container\">\n<p class=\"ez-toc-title\" style=\"cursor:inherit\">Rubriken<\/p>\n<span class=\"ez-toc-title-toggle\"><a href=\"#\" class=\"ez-toc-pull-right ez-toc-btn ez-toc-btn-xs ez-toc-btn-default ez-toc-toggle\" aria-label=\"Inhaltsverzeichnis umschalten\"><span class=\"ez-toc-js-icon-con\"><span class=\"\"><span class=\"eztoc-hide\" style=\"display:none;\">Umschalten auf<\/span><span class=\"ez-toc-icon-toggle-span\"><svg style=\"fill: #999;color:#999\" xmlns=\"http:\/\/www.w3.org\/2000\/svg\" class=\"list-377408\" width=\"20px\" height=\"20px\" viewbox=\"0 0 24 24\" fill=\"none\"><path d=\"M6 6H4v2h2V6zm14 0H8v2h12V6zM4 11h2v2H4v-2zm16 0H8v2h12v-2zM4 16h2v2H4v-2zm16 0H8v2h12v-2z\" fill=\"currentColor\"><\/path><\/svg><svg style=\"fill: #999;color:#999\" class=\"arrow-unsorted-368013\" xmlns=\"http:\/\/www.w3.org\/2000\/svg\" width=\"10px\" height=\"10px\" viewbox=\"0 0 24 24\" version=\"1.2\" baseprofile=\"tiny\"><path d=\"M18.2 9.3l-6.2-6.3-6.2 6.3c-.2.2-.3.4-.3.7s.1.5.3.7c.2.2.4.3.7.3h11c.3 0 .5-.1.7-.3.2-.2.3-.5.3-.7s-.1-.5-.3-.7zM5.8 14.7l6.2 6.3 6.2-6.3c.2-.2.3-.5.3-.7s-.1-.5-.3-.7c-.2-.2-.4-.3-.7-.3h-11c-.3 0-.5.1-.7.3-.2.2-.3.5-.3.7s.1.5.3.7z\"\/><\/svg><\/span><\/span><\/span><\/a><\/span><\/div>\n<nav><ul class='ez-toc-list ez-toc-list-level-1 eztoc-toggle-hide-by-default' ><li class='ez-toc-page-1 ez-toc-heading-level-2'><a class=\"ez-toc-link ez-toc-heading-1\" href=\"https:\/\/moverdb.com\/de\/u-haul-cost\/#How_Much_Does_U-Haul_Cost\" >Wie viel kostet U-Haul?<\/a><\/li><li class='ez-toc-page-1 ez-toc-heading-level-2'><a class=\"ez-toc-link ez-toc-heading-2\" href=\"https:\/\/moverdb.com\/de\/u-haul-cost\/#What_Affects_the_Cost_of_U-Haul\" >Was wirkt sich auf die Kosten von U-Haul aus?<\/a><\/li><li class='ez-toc-page-1 ez-toc-heading-level-2'><a class=\"ez-toc-link ez-toc-heading-3\" href=\"https:\/\/moverdb.com\/de\/u-haul-cost\/#How_Can_I_Save_Money_on_U-Haul\" >Wie kann ich bei U-Haul Geld sparen?<\/a><\/li><li class='ez-toc-page-1 ez-toc-heading-level-2'><a class=\"ez-toc-link ez-toc-heading-4\" href=\"https:\/\/moverdb.com\/de\/u-haul-cost\/#Whats_Involved_in_Hiring_a_U-Haul\" >Was ist bei der Anmietung eines U-Haul zu beachten?<\/a><\/li><li class='ez-toc-page-1 ez-toc-heading-level-2'><a class=\"ez-toc-link ez-toc-heading-5\" href=\"https:\/\/moverdb.com\/de\/u-haul-cost\/#Is_a_U-Haul_the_Best_Choice_for_Me\" >Ist ein U-Haul die beste Wahl f\u00fcr mich?<\/a><\/li><li class='ez-toc-page-1 ez-toc-heading-level-2'><a class=\"ez-toc-link ez-toc-heading-6\" href=\"https:\/\/moverdb.com\/de\/u-haul-cost\/#Final_Checklist\" >Abschlie\u00dfende Checkliste<\/a><\/li><li class='ez-toc-page-1 ez-toc-heading-level-2'><a class=\"ez-toc-link ez-toc-heading-7\" href=\"https:\/\/moverdb.com\/de\/u-haul-cost\/#Frequently_Asked_Questions\" >H\u00e4ufig gestellte Fragen<\/a><ul class='ez-toc-list-level-3' ><li class='ez-toc-heading-level-3'><a class=\"ez-toc-link ez-toc-heading-8\" href=\"https:\/\/moverdb.com\/de\/u-haul-cost\/#How_Do_I_Reserve_a_U-Haul_Truck\" >Wie reserviere ich einen U-Haul Truck?<\/a><\/li><li class='ez-toc-page-1 ez-toc-heading-level-3'><a class=\"ez-toc-link ez-toc-heading-9\" href=\"https:\/\/moverdb.com\/de\/u-haul-cost\/#What_Do_I_Need_to_Bring_for_Pickup\" >Was muss ich zur Abholung mitbringen?<\/a><\/li><li class='ez-toc-page-1 ez-toc-heading-level-3'><a class=\"ez-toc-link ez-toc-heading-10\" href=\"https:\/\/moverdb.com\/de\/u-haul-cost\/#Can_I_Extend_My_Rental_Period\" >Kann ich meine Mietdauer verl\u00e4ngern?<\/a><\/li><li class='ez-toc-page-1 ez-toc-heading-level-3'><a class=\"ez-toc-link ez-toc-heading-11\" href=\"https:\/\/moverdb.com\/de\/u-haul-cost\/#What_Should_I_Do_if_I_Encounter_Issues_During_the_Rental\" >Was sollte ich tun, wenn ich w\u00e4hrend der Anmietung auf Probleme sto\u00dfe?<\/a><\/li><\/ul><\/li><\/ul><\/nav><\/div>\n<h2 class=\"wp-block-heading\"><span class=\"ez-toc-section\" id=\"How_Much_Does_U-Haul_Cost\"><\/span><strong>Wie viel kostet U-Haul?<\/strong><span class=\"ez-toc-section-end\"><\/span><\/h2>\r\n\r\n\r\n\r\n<p>U-Haul, ein bekannter Name in der Umzugsbranche, bietet neben der Fahrzeugvermietung auch Container-Umzugsdienste an. Auch wenn U-Haul mit der traditionellen LKW-Vermietung in Verbindung gebracht wird, bietet sein Containerdienst eine alternative L\u00f6sung f\u00fcr den Umzug.<\/p>\r\n\r\n\r\n\r\n<p>Der Bekanntheitsgrad der Marke U-Haul und die landesweite Verf\u00fcgbarkeit tragen dazu bei, dass die Preise im Vergleich zu denen der Wettbewerber h\u00f6her sind. Werfen wir zun\u00e4chst einen Blick auf die durchschnittlichen Kosten einer U-Haul-Miete.<\/p>\r\n\r\n\r\n\n<table id=\"tablepress-360\" class=\"tablepress tablepress-id-360\">\n<thead>\n<tr class=\"row-1\">\n\t<th class=\"column-1\">Entfernung<\/th><th class=\"column-2\">Gesch\u00e4tzte Kosten<\/th>\n<\/tr>\n<\/thead>\n<tbody class=\"row-striping row-hover\">\n<tr class=\"row-2\">\n\t<td class=\"column-1\">50 Meilen<\/td><td class=\"column-2\">$25 + $0,99 pro Meile<\/td>\n<\/tr>\n<tr class=\"row-3\">\n\t<td class=\"column-1\">450 Meilen<\/td><td class=\"column-2\">$600+<\/td>\n<\/tr>\n<tr class=\"row-4\">\n\t<td class=\"column-1\">1.000+ Meilen<\/td><td class=\"column-2\">$1.600 bis $2.300+<\/td>\n<\/tr>\n<\/tbody>\n<\/table>\n<!-- #tablepress-360 from cache -->\n\r\n\r\n\r\n<p>F\u00fcr eine kurze Strecke von 50 Meilen betragen die Kosten etwa $25 f\u00fcr die Miete und $0,99 pro Meile. Bei gr\u00f6\u00dferen Fahrten von mehr als 1.000 Meilen k\u00f6nnen die Kosten je nach Gesamtstrecke zwischen $1.600 und $2.300 liegen.<\/p>\r\n\r\n\r\n\r\n<p>In unserem Kostenvergleich werden wir die Preise verschiedener Anbieter von Baumarktfahrzeugen und Lagerr\u00e4umen vergleichen, um Ihnen eine umfassende Vorstellung davon zu vermitteln, welche Kosten auf Sie zukommen, wenn Sie Umzugsdienstleistungen in Anspruch nehmen m\u00f6chten.<\/p>\r\n\r\n\r\n\n<table id=\"tablepress-359\" class=\"tablepress tablepress-id-359\">\n<thead>\n<tr class=\"row-1\">\n\t<th class=\"column-1\">Dienstanbieter<\/th><th class=\"column-2\">Durchschnittlicher Container-\/Fahrzeugmietpreis<\/th>\n<\/tr>\n<\/thead>\n<tbody class=\"row-striping row-hover\">\n<tr class=\"row-2\">\n\t<td class=\"column-1\">PODS<\/td><td class=\"column-2\">$6,100+<\/td>\n<\/tr>\n<tr class=\"row-3\">\n\t<td class=\"column-1\">U-Pack<\/td><td class=\"column-2\">$3,000+<\/td>\n<\/tr>\n<tr class=\"row-4\">\n\t<td class=\"column-1\">1-800-PACK-RATTE<\/td><td class=\"column-2\">$3,000+<\/td>\n<\/tr>\n<tr class=\"row-5\">\n\t<td class=\"column-1\">zippyshell<\/td><td class=\"column-2\">$2,900+<\/td>\n<\/tr>\n<tr class=\"row-6\">\n\t<td class=\"column-1\">U-Haul<\/td><td class=\"column-2\">$3,500+<\/td>\n<\/tr>\n<tr class=\"row-7\">\n\t<td class=\"column-1\">SMARTBOX<\/td><td class=\"column-2\">$3,100+<\/td>\n<\/tr>\n<tr class=\"row-8\">\n\t<td class=\"column-1\">U-Box<\/td><td class=\"column-2\">$3,700+ (einschlie\u00dflich Fahrzeugmiete und Box)<\/td>\n<\/tr>\n<\/tbody>\n<\/table>\n\n\r\n\r\n\r\n<p>Die Preisspanne bei den anderen Anbietern liegt zwischen $2.900 am niedrigsten und $6.100+ am oberen Ende des Spektrums.<\/p>\r\n\r\n\r\n\r\n<h2 class=\"wp-block-heading\"><span class=\"ez-toc-section\" id=\"What_Affects_the_Cost_of_U-Haul\"><\/span><strong>Was wirkt sich auf die Kosten von U-Haul aus?<\/strong><span class=\"ez-toc-section-end\"><\/span><\/h2>\r\n\r\n\r\n\r\n<p>Jetzt kennen wir einige der Preise, die mit der Anmietung von U-Haul verbunden sind. Lassen Sie uns einen Blick auf die M\u00f6glichkeiten werfen, wie Sie die Kosten beeinflussen k\u00f6nnen, damit Sie sich \u00fcber die Fakten im Klaren sind, bevor Sie loslegen.<\/p>\r\n\r\n\r\n\r\n<p><strong>Entfernung des Umzugs<\/strong><\/p>\r\n\r\n\r\n\r\n<p>Wie zu erwarten, hat die Entfernung, die Sie mit dem gemieteten U-Haul-Lkw zur\u00fccklegen wollen, einen erheblichen Einfluss auf die Kosten. L\u00e4ngere Entfernungen f\u00fchren in der Regel zu h\u00f6heren Mietpreisen aufgrund des erh\u00f6hten Benzinverbrauchs und der Abnutzung des Fahrzeugs.<\/p>\r\n\r\n\r\n\r\n<p><strong>Lkw-Gr\u00f6\u00dfe und -Typ<\/strong><\/p>\r\n\r\n\r\n\r\n<p>Die Gr\u00f6\u00dfe und der Typ des U-Haul-Trucks, den Sie w\u00e4hlen, wirkt sich auf die Mietkosten aus. Gr\u00f6\u00dfere Lkw mit mehr Laderaum haben in der Regel einen h\u00f6heren Mietpreis im Vergleich zu kleineren Optionen.<\/p>\r\n\r\n\r\n\r\n<p><strong>Dauer der Anmietung<\/strong><\/p>\r\n\r\n\r\n\r\n<p>Die Dauer, f\u00fcr die Sie den U-Haul-LKW ben\u00f6tigen, spielt eine Rolle bei den damit verbundenen Kosten, da eine l\u00e4ngere Mietdauer zu h\u00f6heren Gesamtkosten f\u00fchrt. U-Haul bietet Mietoptionen f\u00fcr verschiedene Zeitr\u00e4ume an, von wenigen Stunden bis zu mehreren Tagen, damit Sie einen Service finden, der Ihrer individuellen Situation entspricht.<\/p>\r\n\r\n\r\n\r\n<p><strong>Umzugszubeh\u00f6r und Add-Ons<\/strong><\/p>\r\n\r\n\r\n\r\n<p>Wenn Sie zus\u00e4tzliche Dienstleistungen und Umzugszubeh\u00f6r wie Verpackungsmaterial, Rollwagen und M\u00f6belpolster w\u00e4hlen, k\u00f6nnen sich die Mietkosten erh\u00f6hen. Diese Extras k\u00f6nnen dazu beitragen, Ihren Umzug zu rationalisieren, k\u00f6nnen aber auch zu h\u00f6heren Kosten f\u00fchren.<\/p>\r\n\r\n\r\n\r\n<p><strong>Abhol- und Abgabestellen<\/strong><\/p>\r\n\r\n\r\n\r\n<p>Die Abhol- und R\u00fcckgabeorte f\u00fcr die U-Haul-Miete beeinflussen die Kosten, da die Mietpreise je nach Nachfrage und Verf\u00fcgbarkeit von Lastwagen an bestimmten Orten variieren k\u00f6nnen. Die Tarife k\u00f6nnen sich auch zwischen Einweg- und Ortsmieten unterscheiden, was wichtig zu beachten ist.<\/p>\r\n\r\n\r\n\r\n<h2 class=\"wp-block-heading\"><span class=\"ez-toc-section\" id=\"How_Can_I_Save_Money_on_U-Haul\"><\/span><strong>Wie kann ich bei U-Haul Geld sparen?<\/strong><span class=\"ez-toc-section-end\"><\/span><\/h2>\r\n\r\n\r\n\r\n<figure class=\"wp-block-image size-full\"><img loading=\"lazy\" decoding=\"async\" width=\"1000\" height=\"667\" src=\"https:\/\/moverdb.com\/wp-content\/uploads\/u-haul-moving-2.jpg\" alt=\"\" class=\"wp-image-11041\" srcset=\"https:\/\/moverdb.com\/wp-content\/uploads\/u-haul-moving-2.jpg 1000w, https:\/\/moverdb.com\/wp-content\/uploads\/u-haul-moving-2-300x200.jpg 300w, https:\/\/moverdb.com\/wp-content\/uploads\/u-haul-moving-2-18x12.jpg 18w, https:\/\/moverdb.com\/wp-content\/uploads\/u-haul-moving-2-600x400.jpg 600w\" sizes=\"auto, (max-width: 1000px) 100vw, 1000px\" \/><\/figure>\r\n\r\n\r\n\r\n<p>Wir wissen jetzt, auf welche Weise U-Hauls teurer werden k\u00f6nnen - also lassen Sie uns dem mit ein paar cleveren Tricks entgegentreten, um Ihre Ausgaben in Grenzen zu halten.<\/p>\r\n\r\n\r\n\r\n<p>Entscheiden Sie sich nach M\u00f6glichkeit f\u00fcr einen kleineren Lkw, denn die Wahl einer Lkw-Gr\u00f6\u00dfe, die f\u00fcr Ihr Hab und Gut geeignet ist und nicht zu viel Platz ben\u00f6tigt, kann zu niedrigeren Mietkosten f\u00fchren. Kleinere Lkw werden in der Regel zu g\u00fcnstigeren Mietpreisen angeboten.<\/p>\r\n\r\n\r\n\r\n<p>Wenn Sie auf der Grundlage von Kilometern mieten, planen Sie die effizienteste Route zu Ihrem Ziel, um die zur\u00fcckgelegte Entfernung zu minimieren. Vermeiden Sie Umwege und unn\u00f6tige Kilometer, um die Kosten in Grenzen zu halten.<\/p>\r\n\r\n\r\n\r\n<p>W\u00e4hlen Sie auch die f\u00fcr Ihre Bed\u00fcrfnisse geeignete Mietdauer. Wenn Sie Ihren Umzug innerhalb eines k\u00fcrzeren Zeitraums abschlie\u00dfen k\u00f6nnen, zahlen Sie weniger an Mietkosten - aber achten Sie auf Ihren Zeitplan und \u00fcberm\u00e4\u00dfigen Optimismus, denn Versp\u00e4tungszuschl\u00e4ge k\u00f6nnen sich ebenso nachteilig auswirken wie eine l\u00e4ngere Mietdauer.<\/p>\r\n\r\n\r\n\r\n<p>Ein Umzug in der Nebensaison oder an Wochentagen kann zu niedrigeren Mietpreisen f\u00fchren. Vermeiden Sie nach M\u00f6glichkeit Wochenenden und Hauptumzugsmonate wie die Sommerzeit, um in den Genuss m\u00f6glicher Preisnachl\u00e4sse zu kommen.<\/p>\r\n\r\n\r\n\r\n<p>Und schlie\u00dflich bietet U-Haul zwar verschiedene Umzugszubeh\u00f6rteile und -zus\u00e4tze an, aber w\u00e4hlen Sie nur, was Sie <em>wirklich<\/em> brauchen. Wenn Sie auf unn\u00f6tige Extras wie Spezialger\u00e4te verzichten, k\u00f6nnen Sie Ihre Gesamtkosten senken.<\/p>\r\n\r\n\r\n\r\n<h2 class=\"wp-block-heading\"><span class=\"ez-toc-section\" id=\"Whats_Involved_in_Hiring_a_U-Haul\"><\/span><strong>Was geh\u00f6rt dazu<\/strong> Einen U-Haul mieten?<span class=\"ez-toc-section-end\"><\/span><\/h2>\r\n\r\n\r\n\r\n<figure class=\"wp-block-image size-full\"><img loading=\"lazy\" decoding=\"async\" width=\"1000\" height=\"654\" src=\"https:\/\/moverdb.com\/wp-content\/uploads\/u-haul-moving-3.jpg\" alt=\"\" class=\"wp-image-11042\" srcset=\"https:\/\/moverdb.com\/wp-content\/uploads\/u-haul-moving-3.jpg 1000w, https:\/\/moverdb.com\/wp-content\/uploads\/u-haul-moving-3-300x196.jpg 300w, https:\/\/moverdb.com\/wp-content\/uploads\/u-haul-moving-3-18x12.jpg 18w, https:\/\/moverdb.com\/wp-content\/uploads\/u-haul-moving-3-600x392.jpg 600w\" sizes=\"auto, (max-width: 1000px) 100vw, 1000px\" \/><\/figure>\r\n\r\n\r\n\r\n<p>Der erste Schritt bei der Anmietung eines U-Haul ist vielleicht der schwierigste - Sie m\u00fcssen die geeignete Lkw-Gr\u00f6\u00dfe f\u00fcr Ihr Hab und Gut bestimmen und die Entfernung berechnen, die Sie zur\u00fccklegen werden.<\/p>\r\n\r\n\r\n\r\n<p>Sobald Sie Ihren Lkw ausgew\u00e4hlt haben, k\u00f6nnen Sie den U-Haul-Lkw online oder telefonisch reservieren und dabei den Abholort, die Mietdauer und den R\u00fcckgabeort angeben.<\/p>\r\n\r\n\r\n\r\n<p>Am geplanten Abholtag begeben Sie sich zum gew\u00e4hlten U-Haul-Standort, um den Miet-LKW abzuholen. Bringen Sie dazu einen g\u00fcltigen F\u00fchrerschein und die Zahlungsmethode mit, die Sie bei der Reservierung verwendet haben. Nachdem Sie den Papierkram erledigt haben, erhalten Sie die Schl\u00fcssel zu Ihrem U-Haul-LKW.<\/p>\r\n\r\n\r\n\r\n<p>Von dort aus k\u00f6nnen Sie Ihr Hab und Gut einladen, zu Ihrem Zielort fahren und dann nach Belieben ausladen. Wenn Sie den Lkw nicht mehr ben\u00f6tigen, geben Sie ihn einfach innerhalb der vereinbarten Mietdauer an der vorgesehenen R\u00fcckgabestelle ab.<\/p>\r\n\r\n\r\n\r\n<h2 class=\"wp-block-heading\"><span class=\"ez-toc-section\" id=\"Is_a_U-Haul_the_Best_Choice_for_Me\"><\/span><strong>Ist ein U-Haul die beste Wahl f\u00fcr mich?<\/strong><span class=\"ez-toc-section-end\"><\/span><\/h2>\r\n\r\n\r\n\r\n<p>Es kann verlockend sein, einen Umzug mit allem Drum und Dran zu machen, um das schwere Heben und die Fahrten zum und vom neuen und alten Haus zu vermeiden - aber wenn Sie lieber selbst Hand anlegen m\u00f6chten, kann die Anmietung eines U-Haul eine gute Option f\u00fcr Sie sein.<\/p>\r\n\r\n\r\n\n<table id=\"tablepress-344\" class=\"tablepress tablepress-id-344\">\n<thead>\n<tr class=\"row-1\">\n\t<th class=\"column-1\">Vorteile von U-Haul<\/th><th class=\"column-2\">Nachteile von U-Haul<\/th>\n<\/tr>\n<\/thead>\n<tbody class=\"row-striping row-hover\">\n<tr class=\"row-2\">\n\t<td class=\"column-1\">Flexibilit\u00e4t bei Umzugszeiten und Zeitplan<\/td><td class=\"column-2\">Arbeitsintensiv - Sie m\u00fcssen selbst fahren, be- und entladen<\/td>\n<\/tr>\n<tr class=\"row-3\">\n\t<td class=\"column-1\">G\u00fcnstiger als herk\u00f6mmliche Umzugsoptionen mit vollem Serviceangebot<\/td><td class=\"column-2\">Sie sind f\u00fcr die Versicherung w\u00e4hrend der Reise verantwortlich<\/td>\n<\/tr>\n<tr class=\"row-4\">\n\t<td class=\"column-1\">Sie k\u00f6nnen Ihr Hab und Gut w\u00e4hrend des Umzugs im Auge behalten<\/td><td class=\"column-2\">W\u00e4hrend des Umzugs k\u00f6nnen Sch\u00e4den am Fahrzeug entstehen, die Sie reparieren m\u00fcssen.<\/td>\n<\/tr>\n<\/tbody>\n<\/table>\n<!-- #tablepress-344 from cache -->\n\r\n\r\n\r\n<p>Der gr\u00f6\u00dfte Vorteil der U-Haul-Miete ist einfach die gr\u00f6\u00dfere Kontrolle \u00fcber Ihre Ausgaben. Sie k\u00f6nnen die f\u00fcr Ihr Hab und Gut passende Lkw-Gr\u00f6\u00dfe w\u00e4hlen, die Mietdauer bestimmen und entscheiden, ob Sie zus\u00e4tzliche Dienstleistungen oder Zubeh\u00f6rteile hinzuf\u00fcgen m\u00f6chten.<\/p>\r\n\r\n\r\n\r\n<p>Das Auf- und Abladen schwerer M\u00f6bel und Gegenst\u00e4nde kann jedoch k\u00f6rperlich anstrengend sein. Wenn Sie sich mit dem Heben und Tragen nicht wohlf\u00fchlen oder wenn Sie professionelle Hilfe ben\u00f6tigen, m\u00fcssen Sie m\u00f6glicherweise zus\u00e4tzliche Hilfe einstellen.<\/p>\r\n\r\n\r\n\r\n<h2 class=\"wp-block-heading\"><span class=\"ez-toc-section\" id=\"Final_Checklist\"><\/span><strong>Abschlie\u00dfende Checkliste<\/strong><span class=\"ez-toc-section-end\"><\/span><\/h2>\r\n\r\n\r\n\r\n<p>Wenn Sie denken, dass Sie es selbst machen und ein U-Haul die beste L\u00f6sung ist, sollten Sie unsere abschlie\u00dfende Checkliste beachten, um sicherzustellen, dass alles in Ordnung ist, wenn es zu Ihrem gro\u00dfen Umzug kommt.<\/p>\r\n\r\n\r\n\r\n<ul class=\"wp-block-list\">\r\n<li>\u00dcberlegen Sie, ob Sie die Hilfe eines Umzugsteams mit umfassendem Service in Anspruch nehmen m\u00f6chten oder ob Sie stattdessen lieber selbst Hand anlegen m\u00f6chten.<\/li>\r\n\r\n\r\n\r\n<li>Schauen Sie sich Ihr Hab und Gut an - k\u00f6nnen Sie es verkleinern, bevor Sie Ihren U-Haul buchen, um Geld zu sparen?<\/li>\r\n\r\n\r\n\r\n<li>Informieren Sie sich \u00fcber das Fahrzeugangebot und w\u00e4hlen Sie das f\u00fcr Ihr Ladevolumen und Ihre Bed\u00fcrfnisse geeignete Fahrzeug aus<\/li>\r\n\r\n\r\n\r\n<li>Ben\u00f6tigen Sie zus\u00e4tzliche Dienstleistungen? Denken Sie daran, diese vor der Buchung hinzuzuf\u00fcgen<\/li>\r\n\r\n\r\n\r\n<li>\u00dcberpr\u00fcfen Sie Ihre Daten und buchen Sie Ihren Umzug!<\/li>\r\n<\/ul>\r\n\r\n\r\n\r\n<h2 class=\"wp-block-heading\"><span class=\"ez-toc-section\" id=\"Frequently_Asked_Questions\"><\/span><strong>H\u00e4ufig gestellte Fragen<\/strong><span class=\"ez-toc-section-end\"><\/span><\/h2>\r\n\r\n\r\n<div id=\"rank-math-faq\" class=\"rank-math-block\">\n<div class=\"rank-math-list\">\n<div id=\"faq-question-1692200957678\" class=\"rank-math-list-item\">\n<h3 class=\"rank-math-question\"><span class=\"ez-toc-section\" id=\"How_Do_I_Reserve_a_U-Haul_Truck\"><\/span><strong>Wie reserviere ich einen U-Haul Truck?<\/strong><span class=\"ez-toc-section-end\"><\/span><\/h3>\n<div class=\"rank-math-answer\">\n\n<p>Sie k\u00f6nnen einen U-Haul-Lkw ganz einfach online reservieren, indem Sie die U-Haul-Website besuchen oder die U-Haul-App verwenden. Geben Sie einfach Ihren Standort, das Mietdatum und die gew\u00fcnschte Lkw-Gr\u00f6\u00dfe ein, um loszulegen. <\/p>\n<p>Alternativ k\u00f6nnen Sie auch den Kundendienst von U-Haul anrufen, um eine telefonische Reservierung vorzunehmen und alle Einzelheiten der Buchung zu besprechen.<\/p>\n\n<\/div>\n<\/div>\n<div id=\"faq-question-1692201036551\" class=\"rank-math-list-item\">\n<h3 class=\"rank-math-question\"><span class=\"ez-toc-section\" id=\"What_Do_I_Need_to_Bring_for_Pickup\"><\/span><strong>Was muss ich zur Abholung mitbringen?<\/strong><span class=\"ez-toc-section-end\"><\/span><\/h3>\n<div class=\"rank-math-answer\">\n\n<p>Bringen Sie bei der Abholung Ihres U-Haul-LKWs einen g\u00fcltigen F\u00fchrerschein und die f\u00fcr die Reservierung verwendete Zahlungsmethode mit. Ihre Mieteinheit kann einen zus\u00e4tzlichen Ausweis verlangen, daher ist es am besten, dies von Fall zu Fall mit Ihrem Anbieter zu kl\u00e4ren.<\/p>\n\n<\/div>\n<\/div>\n<div id=\"faq-question-1692201050762\" class=\"rank-math-list-item\">\n<h3 class=\"rank-math-question\"><span class=\"ez-toc-section\" id=\"Can_I_Extend_My_Rental_Period\"><\/span><strong>Kann ich meine Mietdauer verl\u00e4ngern?<\/strong><span class=\"ez-toc-section-end\"><\/span><\/h3>\n<div class=\"rank-math-answer\">\n\n<p>Ja, Sie k\u00f6nnen Ihre Mietdauer bei Bedarf verl\u00e4ngern. Wenden Sie sich an den U-Haul-Kundendienst oder besuchen Sie eine Mietstation vor Ort, um die Verl\u00e4ngerung zu besprechen und die notwendigen Vorkehrungen zu treffen. <\/p>\n<p>Beachten Sie, dass f\u00fcr den verl\u00e4ngerten Zeitraum zus\u00e4tzliche Mietgeb\u00fchren anfallen k\u00f6nnen.<\/p>\n\n<\/div>\n<\/div>\n<div id=\"faq-question-1692201063702\" class=\"rank-math-list-item\">\n<h3 class=\"rank-math-question\"><span class=\"ez-toc-section\" id=\"What_Should_I_Do_if_I_Encounter_Issues_During_the_Rental\"><\/span><strong>Was sollte ich tun, wenn ich w\u00e4hrend der Anmietung auf Probleme sto\u00dfe?<\/strong><span class=\"ez-toc-section-end\"><\/span><\/h3>\n<div class=\"rank-math-answer\">\n\n<p>Wenn Sie w\u00e4hrend der Anmietung Probleme mit Ihrem U-Haul-LKW haben, z. B. mechanische Probleme oder Fragen zur Ausr\u00fcstung, wenden Sie sich an den Pannendienst oder den Kundendienst von U-Haul, um Rat und Unterst\u00fctzung zu erhalten.<\/p>\n<p>Sie helfen Ihnen bei der L\u00f6sung von Problemen, die Sie bei der Nutzung des Mietfahrzeugs haben.<\/p>\n\n<\/div>\n<\/div>\n<\/div>\n<\/div>","protected":false},"excerpt":{"rendered":"<p>U-Haul remains a popular choice among DIY movers, but how much does it actually cost? In this article, we\u2019ll dissect the pricing models of U-Haul, looking at the various factors that contribute to the overall cost &#8211; and leave you with all-important, cost-effective moving tips. Our guide will cover the following: If you fancy keeping [&hellip;]<\/p>\n","protected":false},"author":1,"featured_media":0,"parent":0,"menu_order":0,"comment_status":"closed","ping_status":"closed","template":"","meta":{"_genesis_hide_title":false,"_genesis_hide_breadcrumbs":false,"_genesis_hide_singular_image":false,"_genesis_hide_footer_widgets":false,"_genesis_custom_body_class":"","_genesis_custom_post_class":"","_genesis_layout":"","footnotes":""},"class_list":{"0":"post-17398","1":"page","2":"type-page","3":"status-publish","5":"entry"},"_links":{"self":[{"href":"https:\/\/moverdb.com\/de\/wp-json\/wp\/v2\/pages\/17398","targetHints":{"allow":["GET"]}}],"collection":[{"href":"https:\/\/moverdb.com\/de\/wp-json\/wp\/v2\/pages"}],"about":[{"href":"https:\/\/moverdb.com\/de\/wp-json\/wp\/v2\/types\/page"}],"author":[{"embeddable":true,"href":"https:\/\/moverdb.com\/de\/wp-json\/wp\/v2\/users\/1"}],"replies":[{"embeddable":true,"href":"https:\/\/moverdb.com\/de\/wp-json\/wp\/v2\/comments?post=17398"}],"version-history":[{"count":1,"href":"https:\/\/moverdb.com\/de\/wp-json\/wp\/v2\/pages\/17398\/revisions"}],"predecessor-version":[{"id":17399,"href":"https:\/\/moverdb.com\/de\/wp-json\/wp\/v2\/pages\/17398\/revisions\/17399"}],"wp:attachment":[{"href":"https:\/\/moverdb.com\/de\/wp-json\/wp\/v2\/media?parent=17398"}],"curies":[{"name":"wp","href":"https:\/\/api.w.org\/{rel}","templated":true}]}}