{"id":1684,"date":"2017-02-23T19:16:05","date_gmt":"2017-02-23T19:16:05","guid":{"rendered":"http:\/\/moverdb.com\/?page_id=1684"},"modified":"2026-01-08T14:45:54","modified_gmt":"2026-01-08T14:45:54","slug":"1-800-pack-rat","status":"publish","type":"page","link":"https:\/\/moverdb.com\/de\/1-800-pack-rat\/","title":{"rendered":"1-800-Pack-Rat - Internationale Umzugsbewertungen"},"content":{"rendered":"<p>1-800-Pack-Rat bietet seinen Kunden eine einfache M\u00f6glichkeit f\u00fcr den Umzug. Die Details sind unten aufgef\u00fchrt, zusammen mit einem Unternehmensprofil und Bewertungen.<\/p>\n<p><strong>Langstrecken- und Ortsumz\u00fcge<\/strong><\/p>\n<ul>\n<li> Liefern Sie den Container mindestens 30 Tage vor dem Umzug<\/li>\n<li> Container selbst packen oder professionelle Packer beauftragen<\/li>\n<li> Kostenloses, schnittfestes Containerschloss<\/li>\n<li> Kostenloser Schutz f\u00fcr $10.000 Inhalte<\/li>\n<li> Lange und kurze Lagerung m\u00f6glich<\/li>\n<li> Abholung des Containers und Lieferung an den Bestimmungsort<\/li>\n<\/ul>\n<p><strong>Milit\u00e4rische Umz\u00fcge<\/strong><\/p>\n<ul>\n<li> Milit\u00e4rangeh\u00f6rige k\u00f6nnen einen pers\u00f6nlich beschafften Umzug (PPM) w\u00e4hlen<\/li>\n<li> Die Regierung erstattet 95% der professionellen <a href=\"https:\/\/moverdb.com\/de\/umzugskosten\/\">Umzugskosten<\/a><\/li>\n<li> Container an die Haust\u00fcr geliefert<\/li>\n<li> 30 Tage oder mehr zum Verpacken<\/li>\n<li> <a href=\"https:\/\/moverdb.com\/de\/containerschifffahrt\/\">Containerschifffahrt<\/a> zum neuen Standort<\/li>\n<\/ul>\n<p><strong>Lagerung<\/strong><\/p>\n<ul>\n<li> 24\/7 Video\u00fcberwachung<\/li>\n<li> Automatisierte Sprinkleranlagen<\/li>\n<li> Klimatisiert<\/li>\n<li> Einfacher Zugang vor Ort<\/li>\n<li> Unkomplizierte Lieferung<\/li>\n<\/ul>\n<p><strong>Verwendung von Containern<\/strong><\/p>\n<ul>\n<li> Wiederherstellung und Sanierung<\/li>\n<li> Dienstleistungen von Auftragnehmern<\/li>\n<li> Saisonale Lagerung<\/li>\n<li> Dienstleistungen im Immobilienbereich<\/li>\n<li> Katastrophenhilfe<\/li>\n<li> Speicherung von Ereignissen<\/li>\n<li> Einzelhandel und gewerbliche Lagerung<\/li>\n<li> Versicherungsgesellschaften<\/li>\n<li> Verlegung von Unternehmen oder Milit\u00e4r<\/li>\n<li> Fracht- und Logistikl\u00f6sungen<\/li>\n<\/ul>\n<h2>1-800-Pack-Rat Unternehmensprofil<\/h2>\n<p>1-800-Pack-Rat verf\u00fcgt \u00fcber zahlreiche Einrichtungen in den <a href=\"https:\/\/moverdb.com\/de\/moving-to-the-united-states\/\" data-internallinksmanager029f6b8e52c=\"94\" title=\"Umzug in die Vereinigten Staaten? 2026 Lebenshaltungskosten &amp; Umzugstipps\">Vereinigte Staaten<\/a> und <a href=\"https:\/\/moverdb.com\/de\/moving-to-canada\/\" data-internallinksmanager029f6b8e52c=\"265\" title=\"Umzug nach Kanada? 2026 Lebenshaltungskosten &amp; Umzugstipps\">Kanada<\/a>. Das Unternehmen verf\u00fcgt \u00fcber mehr als 10 Jahre Erfahrung mit der Lagerung und dem Umzug von Personen und Unternehmen im Nah- und Fernverkehr.<\/p>\n<p>1-800-Pack-Rat hat die folgenden Akkreditierungen und Mitgliedschaften:<\/p>\n<ul>\n<li> Keine auf der Website angegeben, obwohl die <a href=\"https:\/\/moverdb.com\/de\/ich-bin\/\" target=\"_blank\" rel=\"noopener\">Internationaler Verband der M\u00f6belspediteure<\/a> listet sie in ihrem Mitgliederverzeichnis auf.<\/li>\n<\/ul>\n<h2>1-800-Pack-Rat Bewertungen<\/h2>\n<p><strong>Positiv:<\/strong><\/p>\n<ul>\n<li> <em>\"Es war wunderbar, sich um diesen Aspekt unseres Umzugs nicht k\u00fcmmern zu m\u00fcssen. Die gesamte Erfahrung, von meinem ersten Anruf, \u00fcber das Einholen von wettbewerbsf\u00e4higen Angeboten, bis hin zur Online-Planung, zur automatischen Bezahlung und dem Umgang mit dem sachkundigen und freundlichen Personal, wenn ich Fragen hatte, war stressfrei. Ich habe das Auspacken noch nicht abgeschlossen, aber so weit, so gut, dass meine Sachen sicher und gesund angekommen sind.\"<\/em> - Heather \u00fcber <a href=\"https:\/\/www.1800packrat.com\/reviews\" target=\"_blank\" rel=\"noopener\">Kundenreferenz<\/a><\/li>\n<li> <em>\"Wir haben unser gesamtes Hab und Gut mit 1-800-PACK-RAT transportiert und es war eine tolle Erfahrung. Sie waren f\u00fcr Fragen erreichbar, sogar nachts, und waren h\u00f6flich und freundlich. Sie hielten jeden Termin ein, erlaubten uns, unsere eigenen Sachen ein paar Tage lang zu packen und brachten sie dann innerhalb von 10 Tagen an unseren neuen Standort.<\/em> - \u00fcber <a href=\"https:\/\/uk.trustpilot.com\/reviews\/58acb46d883cc60a283ce37e\" target=\"_blank\" rel=\"noopener\">VertrauensPilot<\/a><\/li>\n<li> <em>\"Ich habe vor kurzem einen Fernumzug von <a href=\"https:\/\/moverdb.com\/de\/moving-to-the-united-states\/moving-to-california\/\" data-internallinksmanager029f6b8e52c=\"330\" title=\"Umzug nach Kalifornien? 2026 Lebenshaltungskosten &amp; Umzugstipps\">Kalifornien<\/a> zu <a href=\"https:\/\/moverdb.com\/de\/moving-to-the-united-states\/moving-to-florida\/\" data-internallinksmanager029f6b8e52c=\"331\" title=\"Umzug nach Florida? 2026 Lebenshaltungskosten &amp; Umzugstipps\">Florida<\/a> mit Pack Rat Lagerung. Und ich werde sie wieder verwenden, sie waren p\u00fcnktlich von der \u00dcbergabe bis zur Lieferung und Pack Rat waren billiger als PODS.\"<\/em> - Paul \u00fcber <a href=\"https:\/\/www.yelp.co.uk\/biz\/1-800-pack-rat-tampa?hrid=sQKUV3MPkChipe8OJiZIcQ&#038;utm_campaign=www_review_share_popup&#038;utm_medium=copy_link&#038;utm_source=(direct)\" target=\"_blank\" rel=\"noopener\">Yelp<\/a><\/li>\n<\/ul>\n<p><strong>Negativ:<\/strong><\/p>\n<ul>\n<li> <em>\"Sie sind ein Albtraum. Keiner wei\u00df dort, was der andere tut.\"<\/em> - Mia \u00fcber <a href=\"https:\/\/www.yelp.com\/biz\/1-800-pack-rat-fremont?hrid=YhOaE8BWuhGeu6UpKuLVVQ&#038;utm_campaign=www_review_share_popup&#038;utm_medium=copy_link&#038;utm_source=(direct)\" target=\"_blank\" rel=\"noopener\">Yelp<\/a><\/li>\n<li> <em>\"Sie waren nicht in der Lage oder eher nicht gewillt, die Kapsel \u00fcberhaupt zu mir nach Hause zu liefern. Der Fahrer hat nichts gemessen. Er war nur 2 Minuten da und fuhr wieder weg. Als ich den Kundendienst anrief, waren sie so unglaublich unh\u00f6flich!\"<\/em> - Leila \u00fcber <a href=\"https:\/\/www.bbb.org\/boston\/business-reviews\/storage-units-household-and-commercial\/1-800-pack-rat-in-foxboro-ma-116673\/reviews-and-complaints\" target=\"_blank\" rel=\"noopener\">BBB.org<\/a><\/li>\n<li> <em>\"So ver\u00e4rgert \u00fcber 1-800-PackRat\"<\/em> - \u00fcber <a href=\"https:\/\/www.pissedconsumer.com\/company\/1800-pack-rat\/so-angry-with-1-800-packrat-20161024942159.html\" target=\"_blank\" rel=\"noopener\">Ver\u00e4rgerter Verbraucher<\/a><\/li>\n<\/ul>\n<div itemprop=\"review\" itemscope itemtype=\"http:\/\/schema.org\/Review\">\n<span itemprop=\"author\" itemscope=\"\" itemtype=\"http:\/\/schema.org\/Organization\"><span itemprop=\"name\">MoverDB.com<\/span><\/span> Online Website \u00dcberpr\u00fcfung f\u00fcr <span itemprop=\"itemreviewed\" itemscope=\"\" itemtype=\"http:\/\/schema.org\/Brand\"><span itemprop=\"name\">1-800-Pack-Rat<\/span><\/span>:<\/p>\n<ol>\n<li> Klare Kontaktangaben auf der Website (einschlie\u00dflich Telefonnummer): <strong>Ja<\/strong><\/li>\n<li> Leicht zu bekommen <a href=\"https:\/\/moverdb.com\/de\/zitate\/\">Umzugskostenvoranschl\u00e4ge<\/a>? (Online-Formular f\u00fcr Kostenvoranschl\u00e4ge): <strong>Ja<\/strong><\/li>\n<li> Klare Informationen auf der Website: <strong>Ja,<\/strong> Die Website gibt einen klaren \u00dcberblick \u00fcber alle Dienstleistungen, die das Unternehmen anbietet.<\/li>\n<li> Mitgliedschaft in international anerkannten Umzugsorganisationen: <strong>Ja<\/strong>, aber nicht auf der Website aufgef\u00fchrt.<\/li>\n<li> Liste der Kunden und\/oder Zeugnisse von fr\u00fcheren Kunden: <strong>Ja,<\/strong> aber die Kritiken aus dem Rest des Internets sind sehr gemischt.<\/li>\n<\/ol>\n<div itemprop=\"reviewRating\" itemscope itemtype=\"http:\/\/schema.org\/Rating\"><meta itemprop=\"worstRating\" content = \"0\" \/><meta itemprop=\"bestRating\" content=\"5\" \/><meta itemprop=\"ratingValue\" content=\"4\"><\/div>\n<p><strong>Gesamtbewertung: 4\/5<\/strong><br \/>\n<strong>Datum der \u00dcberpr\u00fcfung:<\/strong> <span itemprop=\"datePublished\" content=\"2017-02-23\">23\/02\/2017<\/span>\n<\/div>\n<p>Lesen Sie mehr \u00fcber <a href=\"https:\/\/moverdb.com\/de\/umzugsunternehmen\/\">internationale Umzugsunternehmen<\/a> und unsere <a href=\"https:\/\/moverdb.com\/de\/bewertungen\/\">\u00dcberpr\u00fcfungsprozess<\/a>.<\/p>\n<p><strong>Website:<\/strong> <a href=\"https:\/\/www.1800packrat.com\/\" target=\"_blank\" rel=\"noopener\">https:\/\/www.1800packrat.com\/<\/a><\/p>","protected":false},"excerpt":{"rendered":"<p>1-800-Pack-Rat offers its customers an easy option when it comes to moving. The details are listed below, together with a company profile and reviews. Long Distance and Local Moves Deliver container at least 30 days prior to moving Self-pack container or employ professional packers Complimentary no-cut container lock Complimentary $10,000 contents protection Long and short [&hellip;]<\/p>\n","protected":false},"author":1,"featured_media":0,"parent":0,"menu_order":0,"comment_status":"closed","ping_status":"closed","template":"","meta":{"_genesis_hide_title":false,"_genesis_hide_breadcrumbs":false,"_genesis_hide_singular_image":false,"_genesis_hide_footer_widgets":false,"_genesis_custom_body_class":"","_genesis_custom_post_class":"","_genesis_layout":"","footnotes":""},"class_list":{"0":"post-1684","1":"page","2":"type-page","3":"status-publish","5":"entry"},"_links":{"self":[{"href":"https:\/\/moverdb.com\/de\/wp-json\/wp\/v2\/pages\/1684","targetHints":{"allow":["GET"]}}],"collection":[{"href":"https:\/\/moverdb.com\/de\/wp-json\/wp\/v2\/pages"}],"about":[{"href":"https:\/\/moverdb.com\/de\/wp-json\/wp\/v2\/types\/page"}],"author":[{"embeddable":true,"href":"https:\/\/moverdb.com\/de\/wp-json\/wp\/v2\/users\/1"}],"replies":[{"embeddable":true,"href":"https:\/\/moverdb.com\/de\/wp-json\/wp\/v2\/comments?post=1684"}],"version-history":[{"count":3,"href":"https:\/\/moverdb.com\/de\/wp-json\/wp\/v2\/pages\/1684\/revisions"}],"predecessor-version":[{"id":6165,"href":"https:\/\/moverdb.com\/de\/wp-json\/wp\/v2\/pages\/1684\/revisions\/6165"}],"wp:attachment":[{"href":"https:\/\/moverdb.com\/de\/wp-json\/wp\/v2\/media?parent=1684"}],"curies":[{"name":"wp","href":"https:\/\/api.w.org\/{rel}","templated":true}]}}