{"id":1680,"date":"2017-01-25T11:25:11","date_gmt":"2017-01-25T11:25:11","guid":{"rendered":"http:\/\/moverdb.com\/?page_id=1680"},"modified":"2026-01-08T14:47:26","modified_gmt":"2026-01-08T14:47:26","slug":"beweglichkeit","status":"publish","type":"page","link":"https:\/\/moverdb.com\/de\/agility\/","title":{"rendered":"Agilit\u00e4t - Internationaler Umzug &amp; Versand Bewertungen"},"content":{"rendered":"<p>Agility ist das gr\u00f6\u00dfte Logistik- und <a href=\"https:\/\/moverdb.com\/de\/moving-companies\/\" data-internallinksmanager029f6b8e52c=\"79\" title=\"Top 25 Internationale Umzugsunternehmen Online\">Umzugsunternehmen<\/a> im Nahen Osten. Es bietet seinen Kunden eine breite Palette von Dienstleistungen, die im Folgenden zusammen mit einem Unternehmensprofil und Bewertungen aufgef\u00fchrt sind. <strong>Beachten Sie, dass Agility keine Haushaltswaren oder pers\u00f6nliche Gegenst\u00e4nde f\u00fcr Privatpersonen transportiert.<\/strong>.<\/p>\n<p><strong>Internationale Umz\u00fcge<\/strong><\/p>\n<ul>\n<li> Dienst von T\u00fcr zu T\u00fcr<\/li>\n<li> Seefracht oder Luftfracht<\/li>\n<li> Fachkundiger Verpackungsdienst<\/li>\n<li> Fachkundiger Auspackservice<\/li>\n<li> Beseitigung von Tr\u00fcmmern<\/li>\n<li> Erledigung von Zollabfertigungsangelegenheiten<\/li>\n<li> Vor-Ort-\u00dcberwachung der Beladung von Spezialcontainern<\/li>\n<li> Lang- und kurzfristige Lagerung<\/li>\n<li> Versicherung<\/li>\n<li> Spezialisierte Verpackungen<\/li>\n<li> Wartung von Haushaltsger\u00e4ten<\/li>\n<li> Heimwerker-Service<\/li>\n<li> Elektriker<\/li>\n<li> Demontage und Wiedermontage von M\u00f6beln und Waren<\/li>\n<li> Besondere Handhabung von gro\u00dfen und\/oder zerbrechlichen Gegenst\u00e4nden<\/li>\n<\/ul>\n<p><strong>Lagerhaltung und Vertrieb<\/strong><\/p>\n<ul>\n<li> Vollst\u00e4ndige Verwaltung<\/li>\n<li> Stra\u00dfen-, Luft- und Seefracht<\/li>\n<li> Flexibilit\u00e4t bei Gr\u00f6\u00dfe und Art der Einrichtung<\/li>\n<li> Verwaltung einer durchg\u00e4ngigen Bestandsplanung und -auff\u00fcllung<\/li>\n<\/ul>\n<p><strong>L\u00f6sungen f\u00fcr die Industrie<\/strong><\/p>\n<ul>\n<li> Automotive bewegt sich<\/li>\n<li> Sichere, zuverl\u00e4ssige Umz\u00fcge mit Chemikalien<\/li>\n<li> Konsumg\u00fcter<\/li>\n<li> Internationale Organisationen, Regierungen, Hilfsorganisationen und Milit\u00e4rs bewegen<\/li>\n<li> Industrielle Umz\u00fcge<\/li>\n<li> Logistische L\u00f6sungen f\u00fcr \u00d6l und Gas<\/li>\n<li> Lieferkette Pharma und Biowissenschaften<\/li>\n<li> Technologie<\/li>\n<li> Messen und Veranstaltungen bewegen<\/li>\n<\/ul>\n<h2>Agilit\u00e4t Unternehmensprofil<\/h2>\n<p>Agility ist ein globales Logistikunternehmen mit Sitz in Sulaibiya, <a href=\"https:\/\/moverdb.com\/de\/moving-to-kuwait\/\" data-internallinksmanager029f6b8e52c=\"354\" title=\"Umzug nach Kuwait? 2026 Lebenshaltungskosten &amp; Umzugstipps\">Kuwait<\/a>. Agility bietet Unternehmen, Regierungen, Hilfsorganisationen, dem Milit\u00e4r und internationalen Organisationen Transport- und Lagerdienstleistungen an, <a href=\"https:\/\/moverdb.com\/de\/spediteur\/\">Spedition<\/a> und logistische L\u00f6sungen. Das Unternehmen besch\u00e4ftigt \u00fcber 22.000 Mitarbeiter und verf\u00fcgt \u00fcber 500 Niederlassungen in 100 L\u00e4ndern.<\/p>\n<p>Agility begann 1979 als kuwaitisches Staatsunternehmen - Public Warehousing Co. 1997 wurde das Unternehmen privatisiert und Tarek Sultan Al Essa wurde Vorstandsvorsitzender. Agility beschloss, in unerschlossene M\u00e4rkte wie Afrika, Asien, den Nahen Osten und Lateinamerika vorzusto\u00dfen. Das Unternehmen expandierte rasch und kaufte \u00fcber 40 Logistikunternehmen und -anlagen in der ganzen Welt auf. <\/p>\n<p>Im Jahr 2004 war Agility der gr\u00f6\u00dfte Logistikanbieter im Nahen Osten. Erst 2006 wurde PWC als Agility bekannt, mit dem neuen Slogan \"A New Logistics Leader\".<\/p>\n<p>Agility hat zwei Gesch\u00e4ftszweige - Agility Global Integrated Logistics und Agility Infrastructure. Ersterer bietet seinen Kunden Lieferkettenl\u00f6sungen an. Agility hat 2,14 Millionen Sendungen durchgef\u00fchrt und dabei 60 500 Kunden bedient. Das Unternehmen hat 372.700 Tonnen Luftfracht und 513.100 TEUs Luftfracht bewegt. Agility Infrastructure unterst\u00fctzt Schwellenl\u00e4nder bei logistischen Problemen.<\/p>\n<p>Agility gibt etwas zur\u00fcck, indem es bei humanit\u00e4ren Katastrophen pro bono logistische Unterst\u00fctzung leistet. Seine Mitarbeiter unterst\u00fctzen auch lokale Gemeinschaften<br \/>\n.<br \/>\nAgility verf\u00fcgt \u00fcber die folgenden Mitgliedschaften und Akkreditierungen:<\/p>\n<ul>\n<li> Nicht auf der Website aufgef\u00fchrt<\/li>\n<\/ul>\n<h2>Agilit\u00e4t Beweglichkeit Bewertungen<\/h2>\n<p><em>Bitte beachten Sie, dass wir zum Zeitpunkt der Erstellung dieses Berichts keine Online-Bewertungen f\u00fcr die Umzugsdienste von Agility finden konnten.<\/em> <\/p>\n<div itemprop=\"review\" itemscope itemtype=\"http:\/\/schema.org\/Review\">\n<span itemprop=\"author\" itemscope=\"\" itemtype=\"http:\/\/schema.org\/Organization\"><span itemprop=\"name\">MoverDB.com<\/span><\/span> Online Website \u00dcberpr\u00fcfung f\u00fcr <span itemprop=\"itemreviewed\" itemscope=\"\" itemtype=\"http:\/\/schema.org\/Brand\"><span itemprop=\"name\">Agilit\u00e4t Umz\u00fcge<\/span><\/span>:<\/p>\n<ol>\n<li> Klare Kontaktangaben auf der Website (einschlie\u00dflich Telefonnummer): <strong>Ja<\/strong><\/li>\n<li> Leicht zu bekommen <a href=\"https:\/\/moverdb.com\/de\/zitate\/\">Angebote f\u00fcr internationale Umz\u00fcge<\/a>? (Online-Formular f\u00fcr Kostenvoranschl\u00e4ge): <strong>Ja<\/strong><\/li>\n<li> Klare Informationen auf der Website: <strong>Ja,<\/strong> Hier werden die angebotenen Dienstleistungen aufgelistet.<\/li>\n<li> Mitgliedschaft in international anerkannten Umzugsorganisationen: <strong>Nicht auf der Website aufgef\u00fchrt<\/strong><\/li>\n<li> Liste der Kunden und\/oder Zeugnisse von fr\u00fcheren Kunden. <strong>Ja,<\/strong> Auf der Website finden Sie ausf\u00fchrliche Berichte \u00fcber verschiedene spezielle Umz\u00fcge.<\/li>\n<\/ol>\n<div itemprop=\"reviewRating\" itemscope itemtype=\"http:\/\/schema.org\/Rating\"><meta itemprop=\"worstRating\" content = \"0\" \/><meta itemprop=\"bestRating\" content=\"5\" \/><meta itemprop=\"ratingValue\" content=\"4\"><\/div>\n<p><strong>Gesamtbewertung: 4\/5<\/strong><br \/>\n<strong>Datum der \u00dcberpr\u00fcfung:<\/strong> <span itemprop=\"datePublished\" content=\"2017-01-25\">25\/01\/2017<\/span>\n<\/div>\n<p>Lesen Sie mehr \u00fcber <a href=\"https:\/\/moverdb.com\/de\/umzugsunternehmen\/\">Top internationale Umzugsunternehmen<\/a> und unsere <a href=\"https:\/\/moverdb.com\/de\/bewertungen\/\">\u00dcberpr\u00fcfungsprozess<\/a>.<\/p>\n<p><strong>Websites:<\/strong> <a href=\"http:\/\/www.agility.com\/EN\/products-and-services\/Pages\/Household-Goods-Movement.aspx\" target=\"_blank\" rel=\"noopener\">Agilit\u00e4t Haushaltwarenbewegung<\/a><\/p>","protected":false},"excerpt":{"rendered":"<p>Agility is the largest logistics and moving company in the Middle East. It offers its customers a wide range of services which are listed below, together with a company profile and reviews. Note that Agility does not move household goods or personal effects for individuals. International Moves Door to door service Sea freight or airfreight [&hellip;]<\/p>\n","protected":false},"author":1,"featured_media":0,"parent":0,"menu_order":0,"comment_status":"closed","ping_status":"closed","template":"","meta":{"_genesis_hide_title":false,"_genesis_hide_breadcrumbs":false,"_genesis_hide_singular_image":false,"_genesis_hide_footer_widgets":false,"_genesis_custom_body_class":"","_genesis_custom_post_class":"","_genesis_layout":"","footnotes":""},"class_list":{"0":"post-1680","1":"page","2":"type-page","3":"status-publish","5":"entry"},"_links":{"self":[{"href":"https:\/\/moverdb.com\/de\/wp-json\/wp\/v2\/pages\/1680","targetHints":{"allow":["GET"]}}],"collection":[{"href":"https:\/\/moverdb.com\/de\/wp-json\/wp\/v2\/pages"}],"about":[{"href":"https:\/\/moverdb.com\/de\/wp-json\/wp\/v2\/types\/page"}],"author":[{"embeddable":true,"href":"https:\/\/moverdb.com\/de\/wp-json\/wp\/v2\/users\/1"}],"replies":[{"embeddable":true,"href":"https:\/\/moverdb.com\/de\/wp-json\/wp\/v2\/comments?post=1680"}],"version-history":[{"count":3,"href":"https:\/\/moverdb.com\/de\/wp-json\/wp\/v2\/pages\/1680\/revisions"}],"predecessor-version":[{"id":6167,"href":"https:\/\/moverdb.com\/de\/wp-json\/wp\/v2\/pages\/1680\/revisions\/6167"}],"wp:attachment":[{"href":"https:\/\/moverdb.com\/de\/wp-json\/wp\/v2\/media?parent=1680"}],"curies":[{"name":"wp","href":"https:\/\/api.w.org\/{rel}","templated":true}]}}