{"id":1678,"date":"2017-01-25T12:00:23","date_gmt":"2017-01-25T12:00:23","guid":{"rendered":"http:\/\/moverdb.com\/?page_id=1678"},"modified":"2026-01-08T14:47:27","modified_gmt":"2026-01-08T14:47:27","slug":"luft","status":"publish","type":"page","link":"https:\/\/moverdb.com\/de\/aires\/","title":{"rendered":"Aires - Internationale Umz\u00fcge und Umzugsbewertungen"},"content":{"rendered":"<p>Aires bietet seinen Kunden, sowohl Privatpersonen als auch Unternehmen, eine Vielzahl von Umzugsdienstleistungen an. Diese sind im Folgenden zusammen mit einem Unternehmensprofil und Bewertungen aufgef\u00fchrt.<\/p>\n<p><strong>Internationale Umz\u00fcge<\/strong><\/p>\n<ul>\n<li> Vollst\u00e4ndiges Verpacken und Einpacken des gesamten Hausrats und der pers\u00f6nlichen Gegenst\u00e4nde<\/li>\n<li> Von T\u00fcr zu T\u00fcr<\/li>\n<li> Direkte Verladung des Hausrats in den entsprechenden Container oder Transporter<\/li>\n<li> Erstellung der gesamten Dokumentation<\/li>\n<li> Normale, direkte Zustellung des Wohnsitzes und Beseitigung von Schutt<\/li>\n<li> R\u00fcckgabe der leeren Container am internationalen Bestimmungsort<\/li>\n<li> Vollst\u00e4ndige Verfolgung und Kommunikation des Sendungsstatus<\/li>\n<li> Automobile<\/li>\n<li> Lang- und kurzfristige Lagerung<\/li>\n<li> Umsiedlung von Haustieren<\/li>\n<\/ul>\n<p><strong>Bestimmungsort und Ansiedlungsservice<\/strong><\/p>\n<ul>\n<li> Treffen und Begr\u00fc\u00dfung<\/li>\n<li> Bereich Orientierung<\/li>\n<li> Schulsuche und Anmeldung<\/li>\n<li> Hilfe bei der Suche nach einer Mietwohnung<\/li>\n<li> Unterst\u00fctzung bei der Mietvertragsverhandlung<\/li>\n<li> Eingliederungsdienste<\/li>\n<li> Unterst\u00fctzung f\u00fcr Ehegatten\/Partner<\/li>\n<li> Vor\u00fcbergehender Wohnungsservice<\/li>\n<li> Unterst\u00fctzung bei Visa, Reisep\u00e4ssen und Einwanderung<\/li>\n<li> Kulturelle und sprachliche Bildungsangebote<\/li>\n<li> Unterst\u00fctzung bei der Repatriierung<\/li>\n<\/ul>\n<p><strong>Dienstleistungen f\u00fcr Unternehmen<\/strong><\/p>\n<ul>\n<li> Umzugsmanagement-Dienstleistungen<\/li>\n<li> Verwaltung des Umsiedlungsprogramms<\/li>\n<li> ReloNet Web Services Website - Unternehmens-Tools<\/li>\n<li> \u00dcberpr\u00fcfung und Weiterentwicklung der Politik<\/li>\n<li> Dienstleistungen im Immobilienbereich<\/li>\n<li> Verwaltung von Immobilien und Mietverh\u00e4ltnissen<\/li>\n<li> Inspektionsdienste<\/li>\n<li> Projektionen der Lebenshaltungskosten<\/li>\n<li> Verwaltung der Ausgaben<\/li>\n<li> Versicherung und Risikomanagement<\/li>\n<li> Umzugsdienste f\u00fcr Gruppen<\/li>\n<li> Internationale Entsch\u00e4digungs- und Datenerhebungsdienste<\/li>\n<li> Management der Lieferkette<\/li>\n<\/ul>\n<h2>Aires Unternehmensprofil<\/h2>\n<p>Aires, oder American International Relocation Solutions LLC, wurde 1981 von Jim Putt gegr\u00fcndet. Der Schwerpunkt des Unternehmens lag auf internationalen Umz\u00fcgen und der Lagerung f\u00fcr Unternehmen und deren Mitarbeiter. Inzwischen ist daraus ein umfassender Relocation-Service geworden, der den Mitarbeitern hilft, sich schnell in ihrer neuen Umgebung einzuleben. Aires ist nach wie vor ein familiengef\u00fchrtes Privatunternehmen.<\/p>\n<p>Aires nimmt seine Verantwortung f\u00fcr die Umwelt sehr ernst und \"geht den Umweltschutz von allen Seiten an\". Ihre vollautomatischen Systeme reduzieren den Papierkram erheblich, und alle ihre B\u00fcros und Standorte sind energiesparend und umweltfreundlich.<\/p>\n<p>Aires verf\u00fcgt \u00fcber die folgenden Akkreditierungen und Mitgliedschaften:<\/p>\n<ul>\n<li> <a href=\"https:\/\/moverdb.com\/de\/arbeitnehmer-umzug-rat\/\">Weltweiter ERC<\/a><\/li>\n<li> CERC (Kanadischer Rat f\u00fcr Arbeitnehmerentsendung)<\/li>\n<li> SHRM (Gesellschaft f\u00fcr Human Resource Management)<\/li>\n<li> <a href=\"https:\/\/moverdb.com\/de\/ich-bin\/\">IAM<\/a> (<a href=\"https:\/\/moverdb.com\/de\/iam\/\" data-internallinksmanager029f6b8e52c=\"23\" title=\"International Association of Movers (IAM) erkl\u00e4rt\">Internationaler Verband der M\u00f6belspediteure<\/a>)<\/li>\n<li> OSA (Overseas Shippers Association)<\/li>\n<li> <a href=\"https:\/\/moverdb.com\/de\/fidi-faim\/\">FIDI<\/a> (Verband der internationalen M\u00f6belspediteure)<\/li>\n<li> <a href=\"https:\/\/moverdb.com\/de\/eura\/\">EuRA<\/a> (<a href=\"https:\/\/moverdb.com\/de\/eura\/\" data-internallinksmanager029f6b8e52c=\"13\" title=\"Die Europ\u00e4ische Relocation Association (EuRA) erkl\u00e4rt\">EuRA<\/a> Verlagerung)<\/li>\n<li> PAIMA (Pan American International Movers Association)<\/li>\n<li> <a href=\"https:\/\/moverdb.com\/de\/lacma\/\">LACMA<\/a> (Verband lateinamerikanischer und karibischer Spediteure)<\/li>\n<li> OMNI (Overseas Moving Network International)<\/li>\n<\/ul>\n<h2>Aires Bewertungen<\/h2>\n<p><em>Zum Zeitpunkt der Erstellung dieses Berichts konnten wir keine Bewertungen f\u00fcr Aires online finden.<\/em><\/p>\n<div itemprop=\"review\" itemscope itemtype=\"http:\/\/schema.org\/Review\">\n<span itemprop=\"author\" itemscope=\"\" itemtype=\"http:\/\/schema.org\/Organization\"><span itemprop=\"name\">MoverDB.com<\/span><\/span> Online Website \u00dcberpr\u00fcfung f\u00fcr <span itemprop=\"itemreviewed\" itemscope=\"\" itemtype=\"http:\/\/schema.org\/Brand\"><span itemprop=\"name\">Aires<\/span><\/span>:<\/p>\n<ol>\n<li> Klare Kontaktangaben auf der Website (einschlie\u00dflich Telefonnummer): <strong>Ja<\/strong><\/li>\n<li> Leicht zu bekommen <a href=\"https:\/\/moverdb.com\/de\/zitate\/\">Angebote f\u00fcr internationale Umz\u00fcge<\/a>? (Online-Formular f\u00fcr Kostenvoranschl\u00e4ge): <strong>Ja<\/strong><\/li>\n<li> Klare Informationen auf der Website: <strong>Ja,<\/strong> enth\u00e4lt viele sehr detaillierte Informationen \u00fcber die Dienstleistungen, die das Unternehmen anbietet.<\/li>\n<li> Mitgliedschaft in international anerkannten Umzugsorganisationen: <strong>Ja<\/strong>(siehe oben)<\/li>\n<li> Liste der Kunden und\/oder Zeugnisse von fr\u00fcheren Kunden. <strong>Nein,<\/strong> obwohl sie eine Rubrik f\u00fcr Auszeichnungen haben.<\/li>\n<\/ol>\n<div itemprop=\"reviewRating\" itemscope itemtype=\"http:\/\/schema.org\/Rating\"><meta itemprop=\"worstRating\" content = \"0\" \/><meta itemprop=\"bestRating\" content=\"5\" \/><meta itemprop=\"ratingValue\" content=\"4\"><\/div>\n<p><strong>Gesamtbewertung: 4\/5<\/strong><br \/>\n<strong>Datum der \u00dcberpr\u00fcfung:<\/strong> <span itemprop=\"datePublished\" content=\"2017-01-25\">25\/01\/2017<\/span>\n<\/div>\n<p>Lesen Sie mehr \u00fcber <a href=\"https:\/\/moverdb.com\/de\/umzugsunternehmen\/\">internationale Umzugsunternehmen<\/a> und unsere <a href=\"https:\/\/moverdb.com\/de\/bewertungen\/\">\u00dcberpr\u00fcfungsprozess<\/a>.<\/p>\n<p><strong>Websites:<\/strong> <a href=\"https:\/\/www.aires.com\/\" target=\"_blank\" rel=\"noopener\">https:\/\/www.aires.com\/<\/a><\/p>","protected":false},"excerpt":{"rendered":"<p>Aires offers its clients, both individual and corporate, a variety of moving services. These are listed below together with a company profile and reviews. International Moves Complete packing and wrapping of all household goods and personal effects Door to door Direct loading of household goods into appropriate container or van Preparation of all documentation Normal, [&hellip;]<\/p>\n","protected":false},"author":1,"featured_media":0,"parent":0,"menu_order":0,"comment_status":"closed","ping_status":"closed","template":"","meta":{"_genesis_hide_title":false,"_genesis_hide_breadcrumbs":false,"_genesis_hide_singular_image":false,"_genesis_hide_footer_widgets":false,"_genesis_custom_body_class":"","_genesis_custom_post_class":"","_genesis_layout":"","footnotes":""},"class_list":{"0":"post-1678","1":"page","2":"type-page","3":"status-publish","5":"entry"},"_links":{"self":[{"href":"https:\/\/moverdb.com\/de\/wp-json\/wp\/v2\/pages\/1678","targetHints":{"allow":["GET"]}}],"collection":[{"href":"https:\/\/moverdb.com\/de\/wp-json\/wp\/v2\/pages"}],"about":[{"href":"https:\/\/moverdb.com\/de\/wp-json\/wp\/v2\/types\/page"}],"author":[{"embeddable":true,"href":"https:\/\/moverdb.com\/de\/wp-json\/wp\/v2\/users\/1"}],"replies":[{"embeddable":true,"href":"https:\/\/moverdb.com\/de\/wp-json\/wp\/v2\/comments?post=1678"}],"version-history":[{"count":3,"href":"https:\/\/moverdb.com\/de\/wp-json\/wp\/v2\/pages\/1678\/revisions"}],"predecessor-version":[{"id":6168,"href":"https:\/\/moverdb.com\/de\/wp-json\/wp\/v2\/pages\/1678\/revisions\/6168"}],"wp:attachment":[{"href":"https:\/\/moverdb.com\/de\/wp-json\/wp\/v2\/media?parent=1678"}],"curies":[{"name":"wp","href":"https:\/\/api.w.org\/{rel}","templated":true}]}}