{"id":1662,"date":"2017-02-23T10:26:07","date_gmt":"2017-02-23T10:26:07","guid":{"rendered":"http:\/\/moverdb.com\/?page_id=1662"},"modified":"2026-01-08T14:47:48","modified_gmt":"2026-01-08T14:47:48","slug":"bolliger","status":"publish","type":"page","link":"https:\/\/moverdb.com\/de\/bolliger\/","title":{"rendered":"Bolliger - Internationale Umz\u00fcge &amp; Umzugsbewertungen"},"content":{"rendered":"<p>Bolliger bietet seinen Kunden eine breite Palette von Umzugsdienstleistungen an. Diese sind im Folgenden zusammen mit einem Firmenprofil und Bewertungen aufgef\u00fchrt.<\/p>\n<p><strong>Internationaler Umzug<\/strong><\/p>\n<ul>\n<li> Weltweites Netzwerk von Umzugsressourcen<\/li>\n<li> Von T\u00fcr zu T\u00fcr<\/li>\n<li> Move Manager mit mindestens 5 Jahren Erfahrung<\/li>\n<li> Verfolgen Sie Ihre Sendung 24\/7<\/li>\n<li> Hausbesichtigung zur Ermittlung des Verpackungsbedarfs usw.<\/li>\n<li> Versicherung abgeschlossen<\/li>\n<li> Der pers\u00f6nliche Koordinator hilft bei der Erstellung der erforderlichen Unterlagen<\/li>\n<li> Verpacken und Verladen<\/li>\n<li> Zollabfertigung<\/li>\n<li> Lieferung und Auspacken<\/li>\n<li> Alle Gegenst\u00e4nde werden sorgf\u00e4ltig ausgeladen, mit Ihrer Inventarliste abgeglichen und in die richtigen R\u00e4ume gebracht.<\/li>\n<li> Zerbrechliche Gegenst\u00e4nde, wie Glas und <a href=\"https:\/\/moverdb.com\/de\/moving-to-china\/\" data-internallinksmanager029f6b8e52c=\"357\" title=\"Umzug nach China? 2026 Lebenshaltungskosten &amp; Umzugstipps\">china<\/a>wird auf ebenen Fl\u00e4chen ausgepackt<\/li>\n<li> Alle Verpackungsmaterialien und Abf\u00e4lle werden schnell aus Ihrer Wohnung entfernt<\/li>\n<\/ul>\n<p><strong>Umzugsdienste f\u00fcr Unternehmen<\/strong><\/p>\n<ul>\n<li> Dienstleistungen zur Eingew\u00f6hnung<\/li>\n<li> Schule und Wohnungssuche<\/li>\n<li> Kulturelle Informationen<\/li>\n<li> Unterst\u00fctzung des Partners\/Ehegatten<\/li>\n<li> Kurzfristige Unterkunft<\/li>\n<li> Vermietung von M\u00f6beln<\/li>\n<\/ul>\n<p><strong>Umzugsdienste<\/strong><\/p>\n<ul>\n<li> Bereitstellung von Verpackungsmaterial<\/li>\n<li> Komplette Verpackungsdienstleistungen<\/li>\n<li> Spezialisierte Verpackung<\/li>\n<li> Ma\u00dfgeschneiderte Kisten<\/li>\n<li> Umgang mit Klavieren und Tresoren<\/li>\n<li> Motorisierte Leitern<\/li>\n<li> Versand \u00fcber Stra\u00dfe, Luft und See<\/li>\n<li> Zollvorg\u00e4nge<\/li>\n<li> Agenten in der ganzen Welt.<\/li>\n<\/ul>\n<p><strong>B\u00fcroumzug<\/strong><\/p>\n<ul>\n<li> Entwerfen und Planen von Umz\u00fcgen<\/li>\n<li> Spezialisiertes Personal und Ausr\u00fcstung<\/li>\n<li> Motorisierte Leitern und Kr\u00e4ne<\/li>\n<li> Einrichtung von B\u00fcros<\/li>\n<li> Abfallverwertung und -entsorgung<\/li>\n<li> Tag- und Nachtbetrieb<\/li>\n<\/ul>\n<p><strong>Bildende Kunst<\/strong><\/p>\n<ul>\n<li> Entwurf und Konstruktion von Kisten und Verschl\u00e4gen nach Ma\u00df<\/li>\n<li> Formalit\u00e4ten f\u00fcr den Import\/Export von modernen und antiken Kunstwerken<\/li>\n<li> Versand per Stra\u00dfe \/ See \/ Luft<\/li>\n<li> Spezialisierte Agenten in aller Welt<\/li>\n<li> Einrichtung von Ausstellungsr\u00e4umen<\/li>\n<\/ul>\n<p><strong>Lagerung<\/strong><\/p>\n<ul>\n<li> Kurz- und Langzeitlagerung<\/li>\n<li> Metallbeh\u00e4lter, Kisten oder Paletten<\/li>\n<li> 24\/7 Sicherheit<\/li>\n<li> Rauchwarnmelder<\/li>\n<li> Kontrollierte Temperatur und Luftfeuchtigkeit<\/li>\n<li> Archiv der Dokumente<\/li>\n<\/ul>\n<h2>Bolliger Firmenprofil<\/h2>\n<p>Arthur Bolliger er\u00f6ffnete 1909 das erste Bolliger-B\u00fcro in Rom. Das Unternehmen wird heute in vierter Generation gef\u00fchrt und hat Niederlassungen in Mailand, Lugano und Florenz sowie <a href=\"https:\/\/moverdb.com\/de\/moving-to-switzerland\/\" data-internallinksmanager029f6b8e52c=\"327\" title=\"Umzug in die Schweiz? 2026 Lebenshaltungskosten &amp; Umzugstipps\">Schweiz<\/a>die <a href=\"https:\/\/moverdb.com\/de\/moving-to-the-uk\/\" data-internallinksmanager029f6b8e52c=\"93\" title=\"Umzug in das Vereinigte K\u00f6nigreich? 2026 Lebenshaltungskosten &amp; Umzugstipps\">UK<\/a>die <a href=\"https:\/\/moverdb.com\/de\/moving-to-the-united-states\/\" data-internallinksmanager029f6b8e52c=\"94\" title=\"Umzug in die Vereinigten Staaten? 2026 Lebenshaltungskosten &amp; Umzugstipps\">USA<\/a> und <a href=\"https:\/\/moverdb.com\/de\/moving-to-spain\/\" data-internallinksmanager029f6b8e52c=\"266\" title=\"Umzug nach Spanien? 2026 Lebenshaltungskosten &amp; Umzugstipps\">Spanien<\/a>.<\/p>\n<p>Die ersten Lastwagen des Unternehmens wurden 1919 gekauft und im Ersten Weltkrieg eingesetzt. Heute betreibt das Unternehmen eine Flotte von \u00fcber 200 Umzugsfahrzeugen und transportiert G\u00fcter f\u00fcr Privatpersonen und Unternehmen in der ganzen Welt. Bolliger geh\u00f6rte zu den Gr\u00fcndungsmitgliedern der <a href=\"https:\/\/moverdb.com\/de\/fidi-faim\/\" data-internallinksmanager029f6b8e52c=\"16\" title=\"FIDI &amp; FAIM (FIDI Accredited International Mover) Erl\u00e4utert\">FIDI<\/a>. Heute ist die FIDI mit 600 Vertretern in 100 L\u00e4ndern der gr\u00f6\u00dfte Verband seiner Art in der Welt. <\/p>\n<p>1982 wurde Bolliger der einzige italienische Vertreter von Allied International.<\/p>\n<p>1985 wurde Bolliger eines der Gr\u00fcndungsmitglieder des Overseas Moving Network International (OMNI). Im Jahr 2002 wurde die Kompetenz des Unternehmens mit der ISO 9001-Zertifizierung belohnt - die erste <a href=\"https:\/\/moverdb.com\/de\/moving-companies\/\" data-internallinksmanager029f6b8e52c=\"79\" title=\"Top 25 Internationale Umzugsunternehmen Online\">Umzugsunternehmen<\/a> in <a href=\"https:\/\/moverdb.com\/de\/moving-to-italy\/\" data-internallinksmanager029f6b8e52c=\"346\" title=\"Umzug nach Italien? 2026 Lebenshaltungskosten &amp; Umzugstipps\">Italien<\/a> um sie zu erreichen.<\/p>\n<p>Bollinger ist stets bem\u00fcht, die Auswirkungen des Unternehmens auf die Umwelt zu verringern, indem es besonders auf das verwendete Verpackungsmaterial und die verwendeten Fahrzeuge achtet und versucht, so viel wie m\u00f6glich zu recyceln. Das Unternehmen f\u00fchrt auch Wohlt\u00e4tigkeitsprogramme in unterentwickelten L\u00e4ndern in S\u00fcdamerika und Afrika durch.<\/p>\n<p>Bolliger verf\u00fcgt \u00fcber die folgenden Akkreditierungen und Zugeh\u00f6rigkeiten:<\/p>\n<ul>\n<li> <a href=\"https:\/\/moverdb.com\/de\/allied-van-lines\/\">Verb\u00fcndete International<\/a><\/li>\n<li> ISO 9001<\/li>\n<li> <a href=\"https:\/\/moverdb.com\/de\/fidi-faim\/\">Verband der internationalen Spediteure<\/a> (FIDI)<\/li>\n<li> Internationales Netzwerk f\u00fcr Umz\u00fcge nach \u00dcbersee (OMNI)<\/li>\n<li> <a href=\"https:\/\/moverdb.com\/de\/fidi-faim\/\">FIDI-akkreditierter internationaler Spediteur<\/a> (FAIM)<\/li>\n<li> <a href=\"https:\/\/moverdb.com\/de\/ich-bin\/\">Internationaler Verband der M\u00f6belspediteure<\/a> (<a href=\"https:\/\/moverdb.com\/de\/iam\/\" data-internallinksmanager029f6b8e52c=\"23\" title=\"International Association of Movers (IAM) erkl\u00e4rt\">IAM<\/a>)<\/li>\n<li> <a href=\"https:\/\/moverdb.com\/de\/iata\/\">Internationaler Luftverkehrsverband<\/a> (<a href=\"https:\/\/moverdb.com\/de\/iata\/\" data-internallinksmanager029f6b8e52c=\"22\" title=\"International Air Transport Association (IATA) erkl\u00e4rt\">IATA<\/a>)<\/li>\n<li> <a href=\"https:\/\/moverdb.com\/de\/fedemac\/\">F\u00f6deration der europ\u00e4ischen Spediteure<\/a> (<a href=\"https:\/\/moverdb.com\/de\/fedemac\/\" data-internallinksmanager029f6b8e52c=\"15\" title=\"F\u00f6deration der europ\u00e4ischen Spediteure (FEDEMAC) erkl\u00e4rt\">FEDEMAC<\/a>)<\/li>\n<\/ul>\n<h2>Bolliger Bewertungen<\/h2>\n<p><strong>Positiv:<\/strong><\/p>\n<ul>\n<li> \"Unsere Koordinatorin war \u00e4u\u00dferst professionell und hilfsbereit. Sie beantwortete alle unsere Fragen und machte unseren Umzug von Rom nach <a href=\"https:\/\/moverdb.com\/de\/moving-to-london\/\">London<\/a> leicht und sicher f\u00fchlen. Sie hat sich um absolut alles gek\u00fcmmert. Wir werden bei unserem n\u00e4chsten Umzug auf jeden Fall wieder zu Bolliger gehen und k\u00f6nnen sie jedem empfehlen.\" - Bolliger-Kunde <a href=\"http:\/\/www.bolliger.co.uk\/testimonials.html\" target=\"_blank\" rel=\"noopener\">Zeugnis<\/a><\/li>\n<li> <em>\"Insgesamt bin ich sehr zufrieden mit dieser bewegenden Erfahrung. Es handelte sich um Schlagzeug und Becken, also ziemlich empfindliche Sachen. Alles kam sicher und p\u00fcnktlich an. Die Kontakte und die Kommunikation waren einwandfrei und p\u00fcnktlich.\"<\/em> - Andrea \u00fcber <a href=\"http:\/\/www.removalreviews.co.uk\/movers\/bolliger-352#2761  Read more: http:\/\/www.removalreviews.co.uk\/movers\/bolliger-352\" target=\"_blank\" rel=\"noopener\">Umzugsgutachten<\/a><\/li>\n<li> <em>\"Ich schreibe nicht oft diese Art von Empfehlungen oder Bewertungen, aber ich musste mir einfach ein paar Minuten Zeit nehmen, um Bolliger f\u00fcr die gro\u00dfartige Arbeit zu danken, mit der sie mich k\u00fcrzlich von London nach Berlin gebracht haben.\"<\/em> - davelucas \u00fcber <a href=\"https:\/\/www.yell.com\/biz\/bolliger-uk-ltd-west-drayton-7150125\/\" target=\"_blank\" rel=\"noopener\">Schrei<\/a><\/li>\n<\/ul>\n<p><strong>Negativ:<\/strong><\/p>\n<ul>\n<li> <em>\"Lassen Sie sich nicht vom Bolliger-Verkaufsprospekt und den Behauptungen \u00fcber hervorragende Leistungen t\u00e4uschen...\"<\/em> - Herr D. Bruce \u00fcber <a href=\"http:\/\/www.removalreviews.co.uk\/movers\/bolliger-352#10617  Read more: http:\/\/www.removalreviews.co.uk\/movers\/bolliger-352\" target=\"_blank\" rel=\"noopener\">Umzugsgutachten<\/a><\/li>\n<li> <em>\"Bolliger UK war absolut schrecklich...... unerfahrene, schlecht gelaunte Agentur-Crew kam zu sp\u00e4t und ohne Umzugsausr\u00fcstung an, obwohl unser gebuchter Umzug unseren Fl\u00fcgel beinhaltete.\"<\/em> - Don.Br \u00fcber <a href=\"http:\/\/www.reviewcentre.com\/Removal-Companies\/Bolliger-www-bolliger-co-uk-reviews_2387554\" target=\"_blank\" rel=\"noopener\">\u00dcberpr\u00fcfung Zentrum<\/a><\/li>\n<\/ul>\n<div itemprop=\"review\" itemscope itemtype=\"http:\/\/schema.org\/Review\">\n<span itemprop=\"author\" itemscope=\"\" itemtype=\"http:\/\/schema.org\/Organization\"><span itemprop=\"name\">MoverDB.com<\/span><\/span> Online Website \u00dcberpr\u00fcfung f\u00fcr <span itemprop=\"itemreviewed\" itemscope=\"\" itemtype=\"http:\/\/schema.org\/Brand\"><span itemprop=\"name\">Bolliger<\/span><\/span>:<\/p>\n<ol>\n<li> Klare Kontaktangaben auf der Website (einschlie\u00dflich Telefonnummer): <strong>Ja<\/strong><\/li>\n<li> Leicht zu bekommen <a href=\"https:\/\/moverdb.com\/de\/zitate\/\">Angebote f\u00fcr internationale Umz\u00fcge<\/a>? (Online-Formular f\u00fcr Kostenvoranschl\u00e4ge): <strong>Ja<\/strong><\/li>\n<li> Klare Informationen auf der Website: <strong>Ja,<\/strong> aber nicht immer sehr detailliert.<\/li>\n<li> Mitgliedschaft in international anerkannten Umzugsorganisationen: <strong>Ja<\/strong>(siehe oben)<\/li>\n<li> Liste der Kunden und\/oder Zeugnisse von fr\u00fcheren Kunden: <strong>Ja,<\/strong> viele positive Kundenstimmen und allgemein gute Bewertungen im Internet.<\/li>\n<\/ol>\n<div itemprop=\"reviewRating\" itemscope itemtype=\"http:\/\/schema.org\/Rating\"><meta itemprop=\"worstRating\" content = \"0\" \/><meta itemprop=\"bestRating\" content=\"5\" \/><meta itemprop=\"ratingValue\" content=\"4.5\"><\/div>\n<p><strong>Gesamtbewertung: 4.5\/5<\/strong><br \/>\n<strong>Datum der \u00dcberpr\u00fcfung:<\/strong> <span itemprop=\"datePublished\" content=\"2017-02-23\">23\/02\/2017<\/span>\n<\/div>\n<p>Lesen Sie mehr \u00fcber <a href=\"https:\/\/moverdb.com\/de\/umzugsunternehmen\/\">internationale Umzugsunternehmen<\/a> und unsere <a href=\"https:\/\/moverdb.com\/de\/bewertungen\/\">\u00dcberpr\u00fcfungsprozess<\/a>.<\/p>\n<p><strong>Websites:<\/strong> IT: <a href=\"http:\/\/www.bolliger.it\/\" target=\"_blank\" rel=\"noopener\">http:\/\/www.bolliger.it\/<\/a> UK: <a href=\"http:\/\/www.bolliger.co.uk\/\" target=\"_blank\" rel=\"noopener\">http:\/\/www.bolliger.co.uk\/<\/a><\/p>","protected":false},"excerpt":{"rendered":"<p>Bolliger offers its customers a wide variety of moving services. These are listed below together with a company profile and reviews. International Moving Worldwide network of moving resources Door to door Move Manager with at least 5 years&#8217; experience Track your shipment 24\/7 House survey to ascertain packing requirements etc Insurance arranged Personal coordinator will [&hellip;]<\/p>\n","protected":false},"author":1,"featured_media":0,"parent":0,"menu_order":0,"comment_status":"closed","ping_status":"closed","template":"","meta":{"_genesis_hide_title":false,"_genesis_hide_breadcrumbs":false,"_genesis_hide_singular_image":false,"_genesis_hide_footer_widgets":false,"_genesis_custom_body_class":"","_genesis_custom_post_class":"","_genesis_layout":"","footnotes":""},"class_list":{"0":"post-1662","1":"page","2":"type-page","3":"status-publish","5":"entry"},"_links":{"self":[{"href":"https:\/\/moverdb.com\/de\/wp-json\/wp\/v2\/pages\/1662","targetHints":{"allow":["GET"]}}],"collection":[{"href":"https:\/\/moverdb.com\/de\/wp-json\/wp\/v2\/pages"}],"about":[{"href":"https:\/\/moverdb.com\/de\/wp-json\/wp\/v2\/types\/page"}],"author":[{"embeddable":true,"href":"https:\/\/moverdb.com\/de\/wp-json\/wp\/v2\/users\/1"}],"replies":[{"embeddable":true,"href":"https:\/\/moverdb.com\/de\/wp-json\/wp\/v2\/comments?post=1662"}],"version-history":[{"count":5,"href":"https:\/\/moverdb.com\/de\/wp-json\/wp\/v2\/pages\/1662\/revisions"}],"predecessor-version":[{"id":6184,"href":"https:\/\/moverdb.com\/de\/wp-json\/wp\/v2\/pages\/1662\/revisions\/6184"}],"wp:attachment":[{"href":"https:\/\/moverdb.com\/de\/wp-json\/wp\/v2\/media?parent=1662"}],"curies":[{"name":"wp","href":"https:\/\/api.w.org\/{rel}","templated":true}]}}