{"id":1656,"date":"2017-01-25T11:08:16","date_gmt":"2017-01-25T11:08:16","guid":{"rendered":"http:\/\/moverdb.com\/?page_id=1656"},"modified":"2026-01-08T14:48:11","modified_gmt":"2026-01-08T14:48:11","slug":"db-schenker","status":"publish","type":"page","link":"https:\/\/moverdb.com\/de\/db-schenker\/","title":{"rendered":"DB Schenker - Internationale Umz\u00fcge und Umzugsbewertungen"},"content":{"rendered":"<p>DB Schenker ist ein weltweit t\u00e4tiges Logistikunternehmen mit Hauptsitz in <a href=\"https:\/\/moverdb.com\/de\/moving-to-germany\/\" data-internallinksmanager029f6b8e52c=\"321\" title=\"Umzug nach Deutschland? 2026 Lebenshaltungskosten &amp; Umzugstipps\">Deutschland<\/a>. Sie bietet ihren Kunden eine breite Palette von Umzugsdienstleistungen an, die im Folgenden zusammen mit einem Unternehmensprofil aufgef\u00fchrt sind.<\/p>\n<p><strong>Internationale Umz\u00fcge<\/strong><\/p>\n<ul>\n<li> Pers\u00f6nlicher Berater<\/li>\n<li> Dienst von T\u00fcr zu T\u00fcr<\/li>\n<li> Professionelles Einpacken und Auspacken<\/li>\n<li> Ma\u00dfgeschneiderte Verpackungen<\/li>\n<li> Umweltfreundliches Verpackungsmaterial<\/li>\n<li> Seefracht und Luftfracht<\/li>\n<li> Lang- und kurzfristige Lagerung<\/li>\n<li> Zollabfertigung<\/li>\n<li> Umfangreiches Angebot an Ausr\u00fcstung<\/li>\n<li> \u00c4u\u00dfere Aufz\u00fcge<\/li>\n<li> Eigener Fuhrpark<\/li>\n<\/ul>\n<p><strong>Lokale und europ\u00e4ische Umz\u00fcge<\/strong><\/p>\n<ul>\n<li> Pers\u00f6nlicher Berater<\/li>\n<li> Von T\u00fcr zu T\u00fcr<\/li>\n<li> Kompletter Verpackungsdienst angeboten<\/li>\n<li> Lang- und kurzfristige Lagerung<\/li>\n<li> Auspackservice<\/li>\n<\/ul>\n<p><strong>Unternehmensverlagerungen<\/strong><\/p>\n<ul>\n<li> Bewertung der aktuellen Situation<\/li>\n<li> Analyse des neuen Standorts<\/li>\n<li> Erfahrene Projektleitung<\/li>\n<li> Gesamtplan, der auf die spezifischen Bed\u00fcrfnisse des Kunden zugeschnitten ist<\/li>\n<li> Demontage und Wiedermontage<\/li>\n<li> Individuelle Verpackung<\/li>\n<li> Lagerung<\/li>\n<li> Minimale St\u00f6rung des Arbeitsablaufs<\/li>\n<\/ul>\n<p><strong>Spezialisierte Umz\u00fcge<\/strong><\/p>\n<ul>\n<li> Ma\u00dfgeschneiderte Ausstellungslogistik f\u00fcr Messen<\/li>\n<li> Leistungsstarke Logistik<\/li>\n<li> Schwer- und Spezialtransporte<\/li>\n<li> Lagerung schwerer G\u00fcter<\/li>\n<li> Sport- und Veranstaltungslogistik<\/li>\n<li> Transport von Kunst und Antiquit\u00e4ten<\/li>\n<li> Museen<\/li>\n<\/ul>\n<h2>DB Schenker Unternehmensprofil<\/h2>\n<p>DB Schenker ist ein globaler Anbieter von integrierten Logistikdienstleistungen, der weltweit Menschen und G\u00fcter per Schiff, Flugzeug und Bahn bewegt.<\/p>\n<p>Die Anf\u00e4nge von DB Schenker liegen in Wien im Jahr 1872. Das Unternehmen wurde von Gottfried Schenker gegr\u00fcndet und der erste Eisenbahntransport erfolgte von <a href=\"https:\/\/moverdb.com\/de\/moving-to-france\/moving-to-paris\/\" data-internallinksmanager029f6b8e52c=\"407\" title=\"Umzug nach Paris? 2026 Lebenshaltungskosten &amp; Umzugstipps\">Paris<\/a> nach Wien im Jahr 1873. Das Unternehmen expandiert rasch und er\u00f6ffnet Niederlassungen in Bukarest, Budapest und Prag.<\/p>\n<p>Im Jahr 1895 gr\u00fcndete Schenker die Austro-Americana <a href=\"https:\/\/moverdb.com\/de\/shipping-companies\/\" data-internallinksmanager029f6b8e52c=\"4\" title=\"Top 10 der internationalen Containerschifffahrtsunternehmen\">Schifffahrtsgesellschaft<\/a>. 1922 f\u00fchrte Schenker die ersten Luftfrachttransporte in Deutschland durch. Die Deutsche Bahn AG kaufte Schenker 1931 und f\u00fchrte die erste Seefracht ein. <a href=\"https:\/\/moverdb.com\/de\/containerschifffahrt\/\">Containerverladungen<\/a>. Im Laufe der Jahrzehnte wuchs das Unternehmen sprunghaft an. 1991 kaufte die Stinnes AG die Mehrheit der Anteile von der Deutschen Bahn und spaltete das Unternehmen in zwei Teile auf - Schenker International und Schenker Eurocargo.<\/p>\n<p>1997 trennte sich Schenker von seinem Massengutgesch\u00e4ft und konzentrierte sich auf Logistik und Umz\u00fcge. Seit Dezember 2007 ist DB Schenker die G\u00fcterlogistiktochter der Deutschen Bahn. Das Unternehmen besch\u00e4ftigt \u00fcber 66.600 Mitarbeiter an 2.000 Standorten weltweit.<\/p>\n<p>DB Schenker verf\u00fcgt \u00fcber die folgenden Zugeh\u00f6rigkeiten und Akkreditierungen:<\/p>\n<ul>\n<li> DIN EN ISO 9001:2008<\/li>\n<\/ul>\n<h2>DB Schenker Moving Reviews<\/h2>\n<p><em>Zum Zeitpunkt der Erstellung dieses Berichts konnten wir online keine Bewertungen speziell f\u00fcr die Umzugs-, Relocation- oder Relocation-Dienstleistungen von DB Schenker finden.<\/em> <\/p>\n<div itemprop=\"review\" itemscope itemtype=\"http:\/\/schema.org\/Review\">\n<span itemprop=\"author\" itemscope=\"\" itemtype=\"http:\/\/schema.org\/Organization\"><span itemprop=\"name\">MoverDB.com<\/span><\/span> Online Website \u00dcberpr\u00fcfung f\u00fcr <span itemprop=\"itemreviewed\" itemscope=\"\" itemtype=\"http:\/\/schema.org\/Brand\"><span itemprop=\"name\">DB Schenker<\/span><\/span>:<\/p>\n<ol>\n<li> Klare Kontaktangaben auf der Website (einschlie\u00dflich Telefonnummer): <strong>Ja<\/strong><\/li>\n<li> Leicht zu bekommen <a href=\"https:\/\/moverdb.com\/de\/zitate\/\">Angebote f\u00fcr internationale Umz\u00fcge<\/a>? (Online-Formular f\u00fcr Kostenvoranschl\u00e4ge): <strong>Ja<\/strong><\/li>\n<li> Klare Informationen auf der Website: <strong>Ja,<\/strong> Auf der Website werden alle von der Firma angebotenen Dienstleistungen klar dargestellt<\/li>\n<li> Mitgliedschaft in international anerkannten Umzugsorganisationen: <strong>Ja<\/strong>aber nicht viele sind auf ihrer Website aufgef\u00fchrt.<\/li>\n<li> Liste der Kunden und\/oder Zeugnisse von fr\u00fcheren Kunden. <strong>Nein,<\/strong> auf ihrer Website sind keine aufgef\u00fchrt.<\/li>\n<\/ol>\n<div itemprop=\"reviewRating\" itemscope itemtype=\"http:\/\/schema.org\/Rating\"><meta itemprop=\"worstRating\" content = \"0\" \/><meta itemprop=\"bestRating\" content=\"5\" \/><meta itemprop=\"ratingValue\" content=\"4\"><\/div>\n<p><strong>Gesamtbewertung: 4\/5<\/strong><br \/>\n<strong>Datum der \u00dcberpr\u00fcfung:<\/strong> <span itemprop=\"datePublished\" content=\"2017-01-25\">25\/01\/2017<\/span>\n<\/div>\n<p>Lesen Sie mehr \u00fcber <a href=\"https:\/\/moverdb.com\/de\/umzugsunternehmen\/\">internationale Umzugsunternehmen<\/a> und unsere <a href=\"https:\/\/moverdb.com\/de\/bewertungen\/\">\u00dcberpr\u00fcfungsprozess<\/a>.<\/p>\n<p><strong>Websites:<\/strong> <a href=\"http:\/\/www.dbschenker.com\/ho-en\/products_services\/special_products\/removals\/\" target=\"_blank\" rel=\"noopener\">http:\/\/www.dbschenker.com\/ho-en\/products_services\/special_products\/removals\/ <\/a><\/p>","protected":false},"excerpt":{"rendered":"<p>DB Schenker is a worldwide logistics company with its head office in Germany. It offers its customers a wide range of moving and relocation services which are listed below together with a company profile. International Moves Personal consultant Door to door service Professional packing and unpacking Tailor made packaging Eco friendly packing material Sea freight [&hellip;]<\/p>\n","protected":false},"author":1,"featured_media":0,"parent":0,"menu_order":0,"comment_status":"closed","ping_status":"closed","template":"","meta":{"_genesis_hide_title":false,"_genesis_hide_breadcrumbs":false,"_genesis_hide_singular_image":false,"_genesis_hide_footer_widgets":false,"_genesis_custom_body_class":"","_genesis_custom_post_class":"","_genesis_layout":"","footnotes":""},"class_list":{"0":"post-1656","1":"page","2":"type-page","3":"status-publish","5":"entry"},"_links":{"self":[{"href":"https:\/\/moverdb.com\/de\/wp-json\/wp\/v2\/pages\/1656","targetHints":{"allow":["GET"]}}],"collection":[{"href":"https:\/\/moverdb.com\/de\/wp-json\/wp\/v2\/pages"}],"about":[{"href":"https:\/\/moverdb.com\/de\/wp-json\/wp\/v2\/types\/page"}],"author":[{"embeddable":true,"href":"https:\/\/moverdb.com\/de\/wp-json\/wp\/v2\/users\/1"}],"replies":[{"embeddable":true,"href":"https:\/\/moverdb.com\/de\/wp-json\/wp\/v2\/comments?post=1656"}],"version-history":[{"count":4,"href":"https:\/\/moverdb.com\/de\/wp-json\/wp\/v2\/pages\/1656\/revisions"}],"predecessor-version":[{"id":6200,"href":"https:\/\/moverdb.com\/de\/wp-json\/wp\/v2\/pages\/1656\/revisions\/6200"}],"wp:attachment":[{"href":"https:\/\/moverdb.com\/de\/wp-json\/wp\/v2\/media?parent=1656"}],"curies":[{"name":"wp","href":"https:\/\/api.w.org\/{rel}","templated":true}]}}