{"id":1650,"date":"2017-04-24T10:40:56","date_gmt":"2017-04-24T10:40:56","guid":{"rendered":"http:\/\/moverdb.com\/?page_id=1650"},"modified":"2026-01-08T14:48:05","modified_gmt":"2026-01-08T14:48:05","slug":"cosco-versand","status":"publish","type":"page","link":"https:\/\/moverdb.com\/de\/cosco-shipping\/","title":{"rendered":"COSCO Shipping Lines - Internationale Dienstleistungen &amp; Bewertungen"},"content":{"rendered":"<p>COSCO Shipping Lines (<a href=\"https:\/\/moverdb.com\/de\/moving-to-china\/\" data-internallinksmanager029f6b8e52c=\"357\" title=\"Umzug nach China? 2026 Lebenshaltungskosten &amp; Umzugstipps\">China<\/a> Ocean Shipping (Group) Company) bietet seinen Kunden eine breite Palette von Dienstleistungen an. Diese sind im Folgenden zusammen mit einem Unternehmensprofil und Bewertungen aufgef\u00fchrt.<\/p>\n<p><strong><a href=\"https:\/\/moverdb.com\/de\/container-shipping\/\" data-internallinksmanager029f6b8e52c=\"3\" title=\"Chart der internationalen Containerschifffahrtsraten: April 2026\">Containerschifffahrt<\/a><\/strong><\/p>\n<ul>\n<li> Schiffsflotte - 170 moderne Containerschiffe<\/li>\n<li> Service-Routen - 84 internationale Schifffahrtsrouten und 23 nationale Routen<\/li>\n<li> Globales Netzwerk<\/li>\n<li> 22.000 K\u00fchlcontainer<\/li>\n<\/ul>\n<p><strong>Sch\u00fcttgutverfrachtung<\/strong><\/p>\n<ul>\n<li> Schiffsflotte - 380 Schiffe, Tragf\u00e4higkeit 34 Millionen DWTs<\/li>\n<li> Eisenerze<\/li>\n<li> Kohle<\/li>\n<li> Getreide<\/li>\n<li> Stahl<\/li>\n<li> Andere Sch\u00fcttgutladungen<\/li>\n<li> 1,000 <a href=\"https:\/\/moverdb.com\/de\/top-49-container-ports\/\" data-internallinksmanager029f6b8e52c=\"80\" title=\"Top 49 der gr\u00f6\u00dften und verkehrsreichsten Containerh\u00e4fen im Jahr 2025\">H\u00e4fen<\/a> in \u00fcber 100 L\u00e4ndern<\/li>\n<li> Schiff-Land-Synchronisationssystem<\/li>\n<\/ul>\n<p><strong>\u00d6l- und Gasschifffahrt<\/strong><\/p>\n<ul>\n<li> Verschiffung in \u00fcber 300 H\u00e4fen weltweit<\/li>\n<li> Roh\u00f6l<\/li>\n<li> Produkt \u00d6l<\/li>\n<li> LPG und LNG<\/li>\n<\/ul>\n<p><strong>Spezialisierte und allgemeine Frachttransporte<\/strong><\/p>\n<ul>\n<li> Mehrzweck-Schwergutfrachter<\/li>\n<li> Halbtauchende Schiffe<\/li>\n<li> Schiffe aus Asphalt<\/li>\n<li> Holztr\u00e4ger<\/li>\n<li> Autotransporter<\/li>\n<\/ul>\n<p><strong>Schiffsfinanzierungssektor<\/strong><\/p>\n<ul>\n<li> Vercharterung von Schiffen<\/li>\n<li> Container-Leasing<\/li>\n<li> Endlagereinrichtungen<\/li>\n<li> Transportversicherung<\/li>\n<\/ul>\n<p><strong>Passagier-Liniendienste<\/strong><\/p>\n<ul>\n<li> Chinesische Inlandsk\u00fcste<\/li>\n<li> China - <a href=\"https:\/\/moverdb.com\/de\/moving-to-japan\/\" data-internallinksmanager029f6b8e52c=\"342\" title=\"Umzug nach Japan? 2026 Lebenshaltungskosten &amp; Umzugstipps\">Japan<\/a><\/li>\n<li> China - Korea<\/li>\n<li> Festland Taiwan<\/li>\n<\/ul>\n<h2>COSCO Shipping Lines Unternehmensprofil<\/h2>\n<p>Die China Ocean Shipping (Group) Company befindet sich im Besitz der chinesischen Regierung und hat ihren Hauptsitz in Shanghai. COSCO ist der gr\u00f6\u00dfte Massengutfrachter in China und z\u00e4hlt zu den gr\u00f6\u00dften weltweit. Das Unternehmen verf\u00fcgt \u00fcber insgesamt 1.114 Schiffe mit einer Kapazit\u00e4t von 85,32 Millionen DWT. Au\u00dferdem besitzt das Unternehmen weltweit 46 Containerterminals mit 190 Liegepl\u00e4tzen.<\/p>\n<p>Im Februar 2016 fusionierte die COSCO-Gruppe mit der China Shipping Group und bildete so die China COSCO Shipping Corporation. Sie ist ein vielseitiges Unternehmen, das Dienstleistungen in den Bereichen Schifffahrt, Schiffsbau und -reparatur, Terminalbetrieb und Containerherstellung anbietet, um nur einige seiner Interessen zu nennen.<\/p>\n<p>China COSCO Shipping Corporation Ltd hat die folgenden Akkreditierungen und Zugeh\u00f6rigkeiten:<\/p>\n<ul>\n<li> Internationales Zeugnis \u00fcber die Gefahrenabwehr f\u00fcr Schiffe<\/li>\n<li> Zertifikat Sicherheitsmanagement<\/li>\n<li> Zertifikat zur Akkreditierung des Managementsystems<\/li>\n<li> Akkreditierung von Umweltmanagementsystemen<\/li>\n<li> Akkreditierung des Managementsystems f\u00fcr Sicherheit und Gesundheitsschutz am Arbeitsplatz<\/li>\n<li> Zertifikat f\u00fcr Energieeffizienzmanagement im Unternehmen<\/li>\n<\/ul>\n<h2>COSCO Shipping Lines Bewertungen<\/h2>\n<p>Zum Zeitpunkt der Ver\u00f6ffentlichung konnten wir weder positive noch negative Bewertungen der Dienstleistungen von COSCO Shipping Lines finden.<\/p>\n<div itemprop=\"review\" itemscope itemtype=\"http:\/\/schema.org\/Review\">\n<strong><span itemprop=\"author\" itemscope=\"\" itemtype=\"http:\/\/schema.org\/Organization\"><span itemprop=\"name\">MoverDB.com<\/span><\/span> Online Website \u00dcberpr\u00fcfung f\u00fcr <span itemprop=\"itemreviewed\" itemscope=\"\" itemtype=\"http:\/\/schema.org\/Brand\"><span itemprop=\"name\">COSCO Shipping Lines<\/span><\/span>:<\/strong><\/p>\n<ol>\n<li> Klare Kontaktangaben auf der Website (einschlie\u00dflich Telefonnummer): <strong>Ja<\/strong><\/li>\n<li> Einfaches Einholen von Kostenvoranschl\u00e4gen f\u00fcr den internationalen Versand? (Online-Formular f\u00fcr Kostenvoranschl\u00e4ge): <strong>Ja<\/strong>Sie bieten einen Online-Angebotsdienst und einen E-Business-Dienst zur Verfolgung Ihrer Sendungen.<\/li>\n<li> Klare Informationen auf der Website: <strong>Teilweise,<\/strong> Die Website enth\u00e4lt viele Informationen, ist aber nicht besonders benutzerfreundlich.<\/li>\n<li> Mitgliedschaft in international anerkannten Schifffahrtsorganisationen: <strong>Ja<\/strong><\/li>\n<li> Liste der Kunden und\/oder Zeugnisse von fr\u00fcheren Kunden. <strong>Nein,<\/strong> konnten wir zum Zeitpunkt der Ver\u00f6ffentlichung nicht finden.<\/li>\n<\/ol>\n<div itemprop=\"reviewRating\" itemscope itemtype=\"http:\/\/schema.org\/Rating\"><meta itemprop=\"worstRating\" content = \"0\" \/><meta itemprop=\"bestRating\" content=\"5\" \/><meta itemprop=\"ratingValue\" content=\"3.5\"><\/div>\n<p><strong>Gesamtbewertung: 3.5\/5<\/strong><br \/>\n<strong>Datum der \u00dcberpr\u00fcfung:<\/strong> <span itemprop=\"datePublished\" content=\"2017-04-24\">24\/04\/2017<\/span>\n<\/div>\n<p>Mehr \u00fcber andere <a href=\"https:\/\/moverdb.com\/de\/reedereien\/\">internationale Reedereien<\/a>, <a href=\"https:\/\/moverdb.com\/de\/containerschifffahrt\/\">Containerfrachtraten<\/a> und unsere <a href=\"https:\/\/moverdb.com\/de\/bewertungen\/\">\u00dcberpr\u00fcfungsprozess<\/a>.<\/p>\n<p><strong>Website:<\/strong> <a href=\"http:\/\/lines.coscoshipping.com\/home.do\" target=\"_blank\" rel=\"noopener\">http:\/\/lines.coscoshipping.com\/home.do<\/a><\/p>","protected":false},"excerpt":{"rendered":"<p>COSCO Shipping Lines (China Ocean Shipping (Group) Company) offers its clients a wide array of services. These are listed below together with a company profile and reviews. Container Shipping Vessel fleet &#8211; 170 modern container vessels Service routes &#8211; 84 international shipping routes and 23 domestic Global network 22,000 refrigerated containers Dry Bulk Cargo Shipping [&hellip;]<\/p>\n","protected":false},"author":1,"featured_media":0,"parent":0,"menu_order":0,"comment_status":"closed","ping_status":"closed","template":"","meta":{"_genesis_hide_title":false,"_genesis_hide_breadcrumbs":false,"_genesis_hide_singular_image":false,"_genesis_hide_footer_widgets":false,"_genesis_custom_body_class":"","_genesis_custom_post_class":"","_genesis_layout":"","footnotes":""},"class_list":{"0":"post-1650","1":"page","2":"type-page","3":"status-publish","5":"entry"},"_links":{"self":[{"href":"https:\/\/moverdb.com\/de\/wp-json\/wp\/v2\/pages\/1650","targetHints":{"allow":["GET"]}}],"collection":[{"href":"https:\/\/moverdb.com\/de\/wp-json\/wp\/v2\/pages"}],"about":[{"href":"https:\/\/moverdb.com\/de\/wp-json\/wp\/v2\/types\/page"}],"author":[{"embeddable":true,"href":"https:\/\/moverdb.com\/de\/wp-json\/wp\/v2\/users\/1"}],"replies":[{"embeddable":true,"href":"https:\/\/moverdb.com\/de\/wp-json\/wp\/v2\/comments?post=1650"}],"version-history":[{"count":3,"href":"https:\/\/moverdb.com\/de\/wp-json\/wp\/v2\/pages\/1650\/revisions"}],"predecessor-version":[{"id":6196,"href":"https:\/\/moverdb.com\/de\/wp-json\/wp\/v2\/pages\/1650\/revisions\/6196"}],"wp:attachment":[{"href":"https:\/\/moverdb.com\/de\/wp-json\/wp\/v2\/media?parent=1650"}],"curies":[{"name":"wp","href":"https:\/\/api.w.org\/{rel}","templated":true}]}}