{"id":1648,"date":"2017-04-21T14:26:25","date_gmt":"2017-04-21T14:26:25","guid":{"rendered":"http:\/\/moverdb.com\/?page_id=1648"},"modified":"2026-01-08T14:47:58","modified_gmt":"2026-01-08T14:47:58","slug":"cma-cgm","status":"publish","type":"page","link":"https:\/\/moverdb.com\/de\/cma-cgm\/","title":{"rendered":"CMA CGM Gruppe - Internationale Schifffahrtsdienste &amp; Bewertungen"},"content":{"rendered":"<p>Die CMA CGM-Gruppe bietet ihren Kunden eine breite Palette von Schifffahrts- und Logistikl\u00f6sungen an. Diese sind im Folgenden zusammen mit einem Unternehmensprofil und Bewertungen aufgef\u00fchrt.<\/p>\n<h3>Internationaler Versand<\/h3>\n<p><strong>Trockene Beh\u00e4ltnisse<\/strong><\/p>\n<ul>\n<li> Container f\u00fcr den allgemeinen Gebrauch (20'\/40'\/40\u2032 HC\/45\u2032 HC);<\/li>\n<li> Palettenbreite Container (40\u2032 HC PW\/45\u2032 HC PW);<\/li>\n<li> Spezialcontainer (Flat-rack, Open-Top, Open-Side, Plattform, Tank usw.)<\/li>\n<li> Pers\u00f6nlicher Service<\/li>\n<\/ul>\n<p><strong>Reefer-Container<\/strong><\/p>\n<ul>\n<li> 20\u2032 RE\/40\u2032 RH Reefer-Container,<\/li>\n<li> Die gr\u00f6\u00dfte Flotte von 45\u2032 RH-Palettencontainern auf dem Markt, die f\u00fcr den innereurop\u00e4ischen Handel bestimmt ist.<\/li>\n<li> Engagierte Abteilung<\/li>\n<\/ul>\n<p><strong>XXL Fracht<\/strong><\/p>\n<ul>\n<li> Verschiffung von G\u00fctern mit nicht standardisierten Abmessungen und Gewichten<\/li>\n<li> Luxusautos<\/li>\n<li> Hubschrauber<\/li>\n<li> Gro\u00dfe Maschinen<\/li>\n<li> Eisenbahnwaggons<\/li>\n<li> \u00dcberdimensionierte Turbinen und Generatoren<\/li>\n<li> Fachwissen \u00fcber den Transport von St\u00fcckg\u00fctern<\/li>\n<\/ul>\n<p><strong>Inland - Intermodale Dienste - Alle Kontinente<\/strong><\/p>\n<ul>\n<li> Umfassender Haus-zu-Haus-Service<\/li>\n<li> Ma\u00dfgeschneiderte L\u00f6sungen f\u00fcr die Binnenschifffahrt - (Schiene, Stra\u00dfe und Fluss)<\/li>\n<li> Optimieren Sie die Lieferkette mit kostensparenden T\u00fcr-zu-T\u00fcr-M\u00f6glichkeiten<\/li>\n<li> Attraktive spezifische Detention &amp; Demurrage<\/li>\n<li> Genaue \u00dcberwachung f\u00fcr rechtzeitige Lieferungen<\/li>\n<li> Einfache Buchung und Nachverfolgung \u00fcber ein<a>E-Business-Plattform<\/a><\/li>\n<\/ul>\n<p><strong>AQUAVIVA - Versand von lebenden Hummern<\/strong><\/p>\n<ul>\n<li> Haus-zu-Haus-Dienst<\/li>\n<li> Neue Alternative zum Einfrieren und zur kostspieligen Luftfracht<\/li>\n<li> Erh\u00e4lt den nat\u00fcrlichen Lebensraum des Hummers<\/li>\n<li> Garantiert Frische und Qualit\u00e4t vom ersten Tag an, auch bei langfristiger Aufbewahrung<\/li>\n<li> R\u00fccksicht auf die Umwelt<\/li>\n<\/ul>\n<p><strong>RORO (Roll on Roll off)<\/strong><\/p>\n<ul>\n<li> <strong><a href=\"https:\/\/moverdb.com\/de\/moving-companies\/algeria\/\" data-internallinksmanager029f6b8e52c=\"166\" title=\"Die 3 besten internationalen Umzugsunternehmen in Algerien\">Algerien<\/a><\/strong>eine Verbindung nach Mostaganem und Oran sowie eine Verbindung nach B\u00e9ja<\/li>\n<li> <strong><a href=\"https:\/\/moverdb.com\/de\/moving-companies\/moving-companies-morocco\/\" data-internallinksmanager029f6b8e52c=\"287\" title=\"Die 4 besten internationalen Umzugsunternehmen in Marokko\">Marokko<\/a><\/strong>eine Verbindung nach Casablanca<\/li>\n<li> <strong>Tunesien<\/strong>: ein Dienst nach Rades und La Goulette<\/li>\n<\/ul>\n<p><strong>Fracht-Kreuzfahrten<\/strong><\/p>\n<ul>\n<li> Den Alltag mit der Crew teilen<\/li>\n<li> 170 Schifffahrtslinien, 450 <a href=\"https:\/\/moverdb.com\/de\/top-49-container-ports\/\" data-internallinksmanager029f6b8e52c=\"80\" title=\"Top 49 der gr\u00f6\u00dften und verkehrsreichsten Containerh\u00e4fen im Jahr 2025\">H\u00e4fen<\/a> und 150 L\u00e4nder<\/li>\n<li> Buchen Sie f\u00fcr ein paar Tage oder ein paar Monate<\/li>\n<li> Gehen Sie f\u00fcr einen Tag oder eine Woche an Land und nehmen Sie das n\u00e4chste Schiff<\/li>\n<\/ul>\n<h2>CMA CGM Gruppe Unternehmensprofil<\/h2>\n<p>Die CMA CGM-Gruppe wurde 1978 in Marseille von Jacques R. Saad\u00e9 gegr\u00fcndet, der die Compagnie Maritime d'Affr\u00e8tement (CMA) ins Leben rief. CMA hatte ein Schiff und vier Mitarbeiter, die eine Schifffahrtslinie zwischen Beirut, Lattakia, Marseille und Livorno bedienten. <\/p>\n<p>1980 verf\u00fcgt CMA \u00fcber zwei Schiffe, 65 Mitarbeiter und er\u00f6ffnete B\u00fcros in Europa. 1983 begann CMA mit einem multimodalen Dienst, der es erm\u00f6glichte, Waren von T\u00fcr zu T\u00fcr zu bef\u00f6rdern.<\/p>\n<p>Im Jahr 1999 fusionierten CGM und CMA und machten das Unternehmen zur Nummer 12 in der Welt. Bis 2003 war das Unternehmen auf Platz 5 aufgestiegen.<sup>th<\/sup> Position. 2006 wurde CMA CGM die Nummer 3 der Welt<sup>rd<\/sup> gr\u00f6\u00dfte <a href=\"https:\/\/moverdb.com\/de\/reedereien\/\" target=\"_blank\" rel=\"noopener\">Containerschifffahrts- und Transportunternehmen<\/a>und das ist sie bis heute geblieben.<\/p>\n<p>Heute besch\u00e4ftigt die CMA CGM-Gruppe weltweit fast 25.000 Mitarbeiter und verf\u00fcgt \u00fcber 64 B\u00fcros und Agenturen rund um den Globus. Das Unternehmen hat zwei Hauptsitze, einen in Marseille und einen in Norfolk, <a href=\"https:\/\/moverdb.com\/de\/moving-to-the-united-states\/moving-to-virginia\/\" data-internallinksmanager029f6b8e52c=\"442\" title=\"Umzug nach Virginia? 2026 Lebenshaltungskosten und Umzugstipps\">Virginia<\/a>. Das Unternehmen ist auf 170 Schifffahrtslinien t\u00e4tig und l\u00e4uft 450 H\u00e4fen in 150 L\u00e4ndern an. Sie ist heute die drittgr\u00f6\u00dfte <a href=\"https:\/\/moverdb.com\/de\/shipping-companies\/\" data-internallinksmanager029f6b8e52c=\"4\" title=\"Top 10 der internationalen Containerschifffahrtsunternehmen\">Schifffahrtsgesellschaft<\/a> der Welt und verf\u00fcgt \u00fcber eine Flotte von 428 Schiffen.<\/p>\n<p>CMA CGM verf\u00fcgt \u00fcber die folgenden Akkreditierungen und Mitgliedschaften:<\/p>\n<ul>\n<li> Internationales Zeugnis \u00fcber die Gefahrenabwehr f\u00fcr Schiffe (ISSC)<\/li>\n<li> Sicherheitsmanagement-Zertifikat (SMC)<\/li>\n<li> Seearbeits\u00fcbereinkommen (MLC)<\/li>\n<li> <a href=\"https:\/\/moverdb.com\/de\/weltschifffahrtsrat\/\">Weltschifffahrtsrat<\/a> (<a href=\"https:\/\/moverdb.com\/de\/world-shipping-council\/\" data-internallinksmanager029f6b8e52c=\"82\" title=\"Der Weltschifffahrtsrat (WSC) erkl\u00e4rt\">WSC<\/a>)<\/li>\n<\/ul>\n<h2>CMA CGM Gruppe Bewertungen<\/h2>\n<p><em>Zum Zeitpunkt der Erstellung dieses Berichts konnten wir keine Bewertungen f\u00fcr die Schifffahrtsdienste der CMA CGM Group online finden.<\/em><\/p>\n<div itemprop=\"review\" itemscope itemtype=\"http:\/\/schema.org\/Review\">\n<strong><span itemprop=\"author\" itemscope=\"\" itemtype=\"http:\/\/schema.org\/Organization\"><span itemprop=\"name\">MoverDB.com<\/span><\/span> Online Website \u00dcberpr\u00fcfung f\u00fcr <span itemprop=\"itemreviewed\" itemscope=\"\" itemtype=\"http:\/\/schema.org\/Brand\"><span itemprop=\"name\">CMA CGM-Gruppe<\/span><\/span>:<\/strong><\/p>\n<ol>\n<li> Klare Kontaktangaben auf der Website (einschlie\u00dflich Telefonnummer): <strong>Ja<\/strong><\/li>\n<li> Leicht zu bekommen <a href=\"https:\/\/moverdb.com\/de\/container-shipping\/\" data-internallinksmanager029f6b8e52c=\"3\" title=\"Chart der internationalen Containerschifffahrtsraten: April 2026\">internationaler Versand<\/a> Kostenvoranschl\u00e4ge? (Online-Formular f\u00fcr Kostenvoranschl\u00e4ge): <strong>Nein<\/strong>Es scheint, dass man sich registrieren muss, um Angebote zu erhalten.<\/li>\n<li> Klare Informationen auf der Website: <strong>Ja,<\/strong> Die Website enth\u00e4lt ausf\u00fchrliche Informationen \u00fcber alle Dienstleistungen.<\/li>\n<li> Mitgliedschaft in international anerkannten Schifffahrtsorganisationen: <strong>Ja<\/strong><\/li>\n<li> Liste der Kunden und\/oder Zeugnisse von fr\u00fcheren Kunden. <strong>Nein,<\/strong> auf ihrer Website sind keine aufgef\u00fchrt.<\/li>\n<\/ol>\n<div itemprop=\"reviewRating\" itemscope itemtype=\"http:\/\/schema.org\/Rating\"><meta itemprop=\"worstRating\" content = \"0\" \/><meta itemprop=\"bestRating\" content=\"5\" \/><meta itemprop=\"ratingValue\" content=\"3.5\"><\/div>\n<p><strong>Gesamtbewertung: 3.5\/5<\/strong><br \/>\n<strong>Datum der \u00dcberpr\u00fcfung:<\/strong> <span itemprop=\"datePublished\" content=\"2017-04-21\">21\/04\/2017<\/span>\n<\/div>\n<p>Mehr \u00fcber andere <a href=\"https:\/\/moverdb.com\/de\/reedereien\/\">internationale Reedereien<\/a>, <a href=\"https:\/\/moverdb.com\/de\/containerschifffahrt\/\">Containerfrachtraten<\/a> und unsere <a href=\"https:\/\/moverdb.com\/de\/bewertungen\/\">\u00dcberpr\u00fcfungsprozess<\/a>.<\/p>\n<p><strong>Website:<\/strong> <a href=\"http:\/\/www.cma-cgm.com\/\" target=\"_blank\" rel=\"noopener\">http:\/\/www.cma-cgm.com\/<\/a><\/p>","protected":false},"excerpt":{"rendered":"<p>CMA CGM Group offers its clients a wide range of shipping and logistics solutions. These are listed below together with a company profile and reviews. International Shipping Dry Containers General-use containers (20&#8217;\/40&#8217;\/40&#8242; HC\/45&#8242; HC); Pallet wide containers (40&#8242; HC PW\/45&#8242; HC PW); Specialised containers (flat-rack, open-top, open-side, platform, tank, etc.) Personalised service Reefer Containers 20&#8242; [&hellip;]<\/p>\n","protected":false},"author":1,"featured_media":0,"parent":0,"menu_order":0,"comment_status":"closed","ping_status":"closed","template":"","meta":{"_genesis_hide_title":false,"_genesis_hide_breadcrumbs":false,"_genesis_hide_singular_image":false,"_genesis_hide_footer_widgets":false,"_genesis_custom_body_class":"","_genesis_custom_post_class":"","_genesis_layout":"","footnotes":""},"class_list":{"0":"post-1648","1":"page","2":"type-page","3":"status-publish","5":"entry"},"_links":{"self":[{"href":"https:\/\/moverdb.com\/de\/wp-json\/wp\/v2\/pages\/1648","targetHints":{"allow":["GET"]}}],"collection":[{"href":"https:\/\/moverdb.com\/de\/wp-json\/wp\/v2\/pages"}],"about":[{"href":"https:\/\/moverdb.com\/de\/wp-json\/wp\/v2\/types\/page"}],"author":[{"embeddable":true,"href":"https:\/\/moverdb.com\/de\/wp-json\/wp\/v2\/users\/1"}],"replies":[{"embeddable":true,"href":"https:\/\/moverdb.com\/de\/wp-json\/wp\/v2\/comments?post=1648"}],"version-history":[{"count":5,"href":"https:\/\/moverdb.com\/de\/wp-json\/wp\/v2\/pages\/1648\/revisions"}],"predecessor-version":[{"id":6192,"href":"https:\/\/moverdb.com\/de\/wp-json\/wp\/v2\/pages\/1648\/revisions\/6192"}],"wp:attachment":[{"href":"https:\/\/moverdb.com\/de\/wp-json\/wp\/v2\/media?parent=1648"}],"curies":[{"name":"wp","href":"https:\/\/api.w.org\/{rel}","templated":true}]}}