{"id":1644,"date":"2017-02-23T09:28:26","date_gmt":"2017-02-23T09:28:26","guid":{"rendered":"http:\/\/moverdb.com\/?page_id=1644"},"modified":"2026-01-08T14:48:02","modified_gmt":"2026-01-08T14:48:02","slug":"conroy-umzuge","status":"publish","type":"page","link":"https:\/\/moverdb.com\/de\/conroy-removals\/","title":{"rendered":"Conroy Umz\u00fcge - Internationale Umz\u00fcge Bewertungen"},"content":{"rendered":"<p>Conroy Removals bietet seinen Kunden eine breite Palette von Umzugsdienstleistungen in beiden <a href=\"https:\/\/moverdb.com\/de\/moving-to-australia\/living-in-australia\/\" data-internallinksmanager029f6b8e52c=\"240\" title=\"21 Geheimnisse \u00fcber das Leben in Australien, die man vor dem Umzug kennen sollte\">Australien<\/a> und <a href=\"https:\/\/moverdb.com\/de\/moving-to-new-zealand\/\" data-internallinksmanager029f6b8e52c=\"324\" title=\"Umzug nach Neuseeland? 2026 Lebenshaltungskosten &amp; Umzugstipps\">Neuseeland<\/a>. Diese sind unten aufgef\u00fchrt, zusammen mit einem Unternehmensprofil und Bewertungen.<\/p>\n<p><strong><a href=\"https:\/\/moverdb.com\/de\/international-removals\/\" data-internallinksmanager029f6b8e52c=\"27\" title=\"36 Beste internationale Umzugsunternehmen in Gro\u00dfbritannien\">Internationale Umz\u00fcge<\/a><\/strong><\/p>\n<ul>\n<li> Pers\u00f6nlicher Umzugskoordinator<\/li>\n<li> Von T\u00fcr zu T\u00fcr<\/li>\n<li> Full-Service-Verpackung, Teilverpackung und DIY-Verpackung<\/li>\n<li> Demontage und Wiedermontage von M\u00f6beln<\/li>\n<li> <a href=\"https:\/\/moverdb.com\/de\/auto-transport-versand\/\">Verschiffung von Autos<\/a>Motorr\u00e4dern, Booten und Anh\u00e4ngern<\/li>\n<li> Seefracht - <a href=\"https:\/\/moverdb.com\/de\/containerschifffahrt\/\">FCL\/LCL Containerschifffahrt<\/a><\/li>\n<li> Luftfracht<\/li>\n<li> Lang- und kurzfristige Lagerung m\u00f6glich<\/li>\n<li> Vollst\u00e4ndiger Auspackservice verf\u00fcgbar<\/li>\n<li> Beseitigung von Tr\u00fcmmern<\/li>\n<li> Zollabfertigung und Unterst\u00fctzung bei den erforderlichen Unterlagen<\/li>\n<li> Versicherung organisiert<\/li>\n<li> Devisendienstleistungen<\/li>\n<\/ul>\n<p><strong>Interstate, Langstrecken- und Ortsumz\u00fcge<\/strong><\/p>\n<ul>\n<li> Engagierter Umzugsexperte<\/li>\n<li> Von T\u00fcr zu T\u00fcr<\/li>\n<li> Eine Vielzahl von Paketen verf\u00fcgbar<\/li>\n<li> Kompletter Verpackungsservice, zerbrechliche Gegenst\u00e4nde oder DIY-Verpackung<\/li>\n<li> Demontage und Wiedermontage von M\u00f6beln<\/li>\n<li> Lang- und kurzfristige Lagerung m\u00f6glich<\/li>\n<li> Auspackservice verf\u00fcgbar<\/li>\n<li> Versicherung abgeschlossen<\/li>\n<\/ul>\n<p><strong>Unternehmensverlagerungen<\/strong><\/p>\n<ul>\n<li> Umzug von Hausrat<\/li>\n<li> Suche zu Hause<\/li>\n<li> Schule suchen<\/li>\n<li> Orientierung<\/li>\n<li> Sprachausbildung<\/li>\n<li> Kurzfristige Unterkunft<\/li>\n<li> <a href=\"https:\/\/moverdb.com\/de\/auto-transport-versand\/\">Transport und Versand von Kraftfahrzeugen<\/a><\/li>\n<li> Transport von Haustieren<\/li>\n<li> Hausreinigung<\/li>\n<li> Valet Auspacken<\/li>\n<li> Devisenhandel<\/li>\n<\/ul>\n<h2>Conroy Umz\u00fcge Unternehmensprofil<\/h2>\n<p>Conroy Removals of Australia and New Zealand, wurde 1972 gegr\u00fcndet. Das Unternehmen hat Niederlassungen in ganz Australien und Neuseeland und sieht sich selbst als das f\u00fchrende Umzugsunternehmen in der Region. Conroy verf\u00fcgt \u00fcber ein umfangreiches Netzwerk von nationalen und internationalen Partnern und Tochtergesellschaften, wodurch das Unternehmen Zugang zu \u00fcber 350 internationalen Partnern hat.<\/p>\n<p>Das Unternehmen ist bestrebt, seinen \u00f6kologischen Fu\u00dfabdruck durch Reduzierung, Wiederverwendung und Recycling zu verringern. Es ist auch zuversichtlich, dass seine Mitarbeiter gut ausgebildet sind und auf ihre F\u00e4higkeit vertrauen, bei allem, was sie tun, einen hervorragenden Service zu bieten.<\/p>\n<p>Conroy Removals (Australien und Neuseeland) verf\u00fcgt \u00fcber die folgenden Akkreditierungen und Mitgliedschaften:<\/p>\n<ul>\n<li> <a href=\"https:\/\/moverdb.com\/de\/ich-bin\/\">Internationaler Verband der Umzugsunternehmen<\/a> (<a href=\"https:\/\/moverdb.com\/de\/iam\/\" data-internallinksmanager029f6b8e52c=\"23\" title=\"International Association of Movers (IAM) erkl\u00e4rt\">IAM<\/a>)<\/li>\n<li> <a href=\"https:\/\/moverdb.com\/de\/britische-vereinigung-der-entferner\/\">Britischer Verband der M\u00f6belpacker<\/a> (<a href=\"https:\/\/moverdb.com\/de\/british-association-of-removers\/\" data-internallinksmanager029f6b8e52c=\"9\" title=\"British Association of Removers (BAR) erkl\u00e4rt\">BAR<\/a>)<\/li>\n<li> <a href=\"https:\/\/moverdb.com\/de\/afra\/\">Australischer Verband der M\u00f6belspediteure<\/a> (<a href=\"https:\/\/moverdb.com\/de\/afra\/\" data-internallinksmanager029f6b8e52c=\"7\" title=\"Australian Furniture Removers Association (AFRA) erkl\u00e4rt\">AFRA<\/a>)<\/li>\n<li> <a href=\"https:\/\/moverdb.com\/de\/aima\/\">Australischer Verband internationaler Spediteure<\/a> (<a href=\"https:\/\/moverdb.com\/de\/aima\/\" data-internallinksmanager029f6b8e52c=\"8\" title=\"Australian International Movers Association (AIMA) erkl\u00e4rt\">AIMA<\/a>)<\/li>\n<li> S\u00fcdafrikanischer Verband internationaler Spediteure (SAIMA)<\/li>\n<li> Pan American International Movers Association (PAIMA)<\/li>\n<li> Neuseel\u00e4ndische Vereinigung f\u00fcr \u00dcberseeumz\u00fcge (NZOMA)<\/li>\n<li> <a href=\"https:\/\/moverdb.com\/de\/fidi-faim\/\">FIDI Globale Allianz<\/a><\/li>\n<\/ul>\n<p>Sie haben australische B\u00fcros in:<\/p>\n<ul>\n<li> <a href=\"https:\/\/moverdb.com\/de\/moving-to-brisbane\/\" data-internallinksmanager029f6b8e52c=\"255\" title=\"Umzug nach Brisbane? 2026 Lebenshaltungskosten &amp; Umzugstipps\">Brisbane<\/a><\/li>\n<li> <a href=\"https:\/\/moverdb.com\/de\/umziehen-nach-sydney\/\">Sydney<\/a><\/li>\n<li> Melbourne<\/li>\n<li> Perth<\/li>\n<li> Townsville<\/li>\n<\/ul>\n<p>Neuseel\u00e4ndische B\u00fcros in:<\/p>\n<ul>\n<li> Napier<\/li>\n<li> Auckland<\/li>\n<li> Tauranga<\/li>\n<li> Wellington<\/li>\n<li> Christchurch<\/li>\n<li> Nelson<\/li>\n<\/ul>\n<h2>Conroy Umz\u00fcge Bewertungen<\/h2>\n<p><strong>Positiv:<\/strong><\/p>\n<ul>\n<li> <em>\"Das Einpacken meines Hauses wurde brillant und mit gro\u00dfer Sorgfalt in einem sehr effizienten Zeitrahmen erledigt. Alles wurde klar katalogisiert und das Auspacken war einfach, da alle Gegenst\u00e4nde leicht zu finden waren und die Kartons f\u00fcr jeden Raum gut benannt waren. Alle Abf\u00e4lle wurden entfernt und sogar einige alte Kartons wurden f\u00fcr mich mitgenommen, was eine gro\u00dfe Hilfe beim Ausr\u00e4umen des leeren Hauses war.\"<\/em> - Zeugnis eines Kunden <a href=\"https:\/\/www.conroy.co.nz\/customer-reviews\/nz-to-overseas\" target=\"_blank\" rel=\"noopener\">\u00fcber die NZ-Website<\/a><\/li>\n<li> <em>\"Ausgezeichnete Kommunikation vor der Lieferung und die beiden M\u00e4nner, die unsere Waren geliefert haben, waren h\u00f6flich, freundlich, schnell und sehr effizient.\"<\/em> - Kundenbewertung \u00fcber <a href=\"https:\/\/www.conroyremovals.com.au\/customer-reviews\/overseas-to-australia\" target=\"_blank\" rel=\"noopener\">AU-Website<\/a><\/li>\n<li> <em>\"Ich bin schon 25 Mal umgezogen und dies war bei weitem die beste Erfahrung. Danke, Conroys!\"<\/em> - Jackie \u00fcber <a href=\"http:\/\/www.productreview.com.au\/p\/conroy-removals.html?rating=5#reviews\" target=\"_blank\" rel=\"noopener\">Produktbewertung<\/a><\/li>\n<li> <em>\"Gro\u00dfe Gegenst\u00e4nde in Neuseeland und Australien zu transportieren kann schwierig sein, aber diese Jungs haben es wirklich einfach gemacht.\"<\/em> - Dave \u00fcber <a href=\"https:\/\/yellow.co.nz\/y\/conroy-removals-airpark-drive#detailsRatingsReviews\" target=\"_blank\" rel=\"noopener\">Gelb<\/a><\/li>\n<\/ul>\n<p><strong>Negativ:<\/strong><\/p>\n<ul>\n<li> <em>\"Trotz mehrerer Anrufe (alle gingen auf die Voicemail) und E-Mails habe ich zwei Wochen lang nichts geh\u00f6rt, nachdem meine Waren den Zoll passiert hatten und die Zusteller angerufen hatten.<\/em> - Kundenbewertung \u00fcber <a href=\"https:\/\/www.conroy.co.nz\/customer-reviews\/overseas-to-nz\" target=\"_blank\" rel=\"noopener\">NZ-Website<\/a><\/li>\n<li> <em>\"Die Waren wurden vor 2 Wochen verzollt. Au\u00dfer einer Aufforderung zur Zahlung von GST + Zoll (was ich am n\u00e4chsten Tag tat), habe ich nichts dar\u00fcber geh\u00f6rt, wann meine Artikel geliefert werden. Ich habe Sprachnachrichten und E-Mails hinterlassen und immer noch nichts. Ich habe mich so ziemlich damit abgefunden, dass ich meine Waren nicht wiedersehen werde.\"<\/em> - Kundenbewertung \u00fcber <a href=\"https:\/\/www.conroyremovals.com.au\/customer-reviews\/australia-to-overseas\" target=\"_blank\" rel=\"noopener\">AU-Website<\/a><\/li>\n<li> <em>\"Leider hatten wir mit unserem Umzug kein Gl\u00fcck, die Ware wurde durch unsachgem\u00e4\u00dfe Verpackung besch\u00e4digt und Conroy will keine Verantwortung daf\u00fcr \u00fcbernehmen.\"<\/em> - Karen \u00fcber <a href=\"https:\/\/www.mymovingreviews.com\/movers\/conroy-removals-1807#58945\" target=\"_blank\" rel=\"noopener\">Meine Umzugsberichte<\/a><\/li>\n<li> <em>\"Sehr sp\u00e4t, war entt\u00e4uscht dar\u00fcber, aber sie blieben in Kontakt, was ich ihnen hoch anrechne. Auch preisg\u00fcnstig.\"<\/em> - Jon \u00fcber <a href=\"https:\/\/www.nocowboys.co.nz\/businesses\/conroy-removals-\" target=\"_blank\" rel=\"noopener\">NoCowboys<\/a><\/li>\n<\/ul>\n<div itemprop=\"review\" itemscope itemtype=\"http:\/\/schema.org\/Review\">\n<span itemprop=\"author\" itemscope=\"\" itemtype=\"http:\/\/schema.org\/Organization\"><span itemprop=\"name\">MoverDB.com<\/span><\/span> Online Website \u00dcberpr\u00fcfung f\u00fcr <span itemprop=\"itemreviewed\" itemscope=\"\" itemtype=\"http:\/\/schema.org\/Brand\"><span itemprop=\"name\">Conroy Umz\u00fcge<\/span><\/span>:<\/p>\n<ol>\n<li> Klare Kontaktangaben auf der Website (einschlie\u00dflich Telefonnummer): <strong>Ja<\/strong><\/li>\n<li> Leicht zu bekommen <a href=\"https:\/\/moverdb.com\/de\/zitate\/\">Angebote f\u00fcr internationale Umz\u00fcge<\/a>? (Online-Formular f\u00fcr Kostenvoranschl\u00e4ge): <strong>Ja<\/strong><\/li>\n<li> Klare Informationen auf der Website: <strong>Ja,<\/strong> die Website enth\u00e4lt viele sehr detaillierte Informationen.<\/li>\n<li> Mitgliedschaft in international anerkannten Umzugsorganisationen: <strong>Ja<\/strong>, (viele, siehe oben)<\/li>\n<li> Liste der Kunden und\/oder Zeugnisse von fr\u00fcheren Kunden: <strong>Ja,<\/strong> Auf der Website des Unternehmens finden Sie sowohl positive als auch negative Kundenstimmen, die Sie nach Sternchenbewertung und Umzugsart sortieren k\u00f6nnen.<\/li>\n<\/ol>\n<div itemprop=\"reviewRating\" itemscope itemtype=\"http:\/\/schema.org\/Rating\"><meta itemprop=\"worstRating\" content = \"0\" \/><meta itemprop=\"bestRating\" content=\"5\" \/><meta itemprop=\"ratingValue\" content=\"5\"><\/div>\n<p><strong>Gesamtbewertung: 5\/5<\/strong><br \/>\n<strong>Datum der \u00dcberpr\u00fcfung:<\/strong> <span itemprop=\"datePublished\" content=\"2017-02-23\">23\/02\/2017<\/span>\n<\/div>\n<p>Lesen Sie mehr \u00fcber <a href=\"https:\/\/moverdb.com\/de\/umzugsunternehmen\/\">internationale Umzugsunternehmen<\/a> und unsere <a href=\"https:\/\/moverdb.com\/de\/bewertungen\/\">\u00dcberpr\u00fcfungsprozess<\/a>.<\/p>\n<p><strong>Websites:<\/strong> AU: <a href=\"https:\/\/www.conroyremovals.com.au\/\" target=\"_blank\" rel=\"noopener\">https:\/\/www.conroyremovals.com.au\/<\/a>, NZ: <a href=\"https:\/\/www.conroy.co.nz\/\" target=\"_blank\" rel=\"noopener\">https:\/\/www.conroy.co.nz\/<\/a><\/p>","protected":false},"excerpt":{"rendered":"<p>Conroy Removals offers its customers a wide variety of removal services in both Australia and New Zealand. These are listed below, together with a company profile and reviews. International Removals Personal moving coordinator Door to door Full service packing, partial packing and DIY packing Dismantling and reassembly of furniture Shipping of cars, motorbikes, boats and [&hellip;]<\/p>\n","protected":false},"author":1,"featured_media":0,"parent":0,"menu_order":0,"comment_status":"closed","ping_status":"closed","template":"","meta":{"_genesis_hide_title":false,"_genesis_hide_breadcrumbs":false,"_genesis_hide_singular_image":false,"_genesis_hide_footer_widgets":false,"_genesis_custom_body_class":"","_genesis_custom_post_class":"","_genesis_layout":"","footnotes":""},"class_list":{"0":"post-1644","1":"page","2":"type-page","3":"status-publish","5":"entry"},"_links":{"self":[{"href":"https:\/\/moverdb.com\/de\/wp-json\/wp\/v2\/pages\/1644","targetHints":{"allow":["GET"]}}],"collection":[{"href":"https:\/\/moverdb.com\/de\/wp-json\/wp\/v2\/pages"}],"about":[{"href":"https:\/\/moverdb.com\/de\/wp-json\/wp\/v2\/types\/page"}],"author":[{"embeddable":true,"href":"https:\/\/moverdb.com\/de\/wp-json\/wp\/v2\/users\/1"}],"replies":[{"embeddable":true,"href":"https:\/\/moverdb.com\/de\/wp-json\/wp\/v2\/comments?post=1644"}],"version-history":[{"count":10,"href":"https:\/\/moverdb.com\/de\/wp-json\/wp\/v2\/pages\/1644\/revisions"}],"predecessor-version":[{"id":6194,"href":"https:\/\/moverdb.com\/de\/wp-json\/wp\/v2\/pages\/1644\/revisions\/6194"}],"wp:attachment":[{"href":"https:\/\/moverdb.com\/de\/wp-json\/wp\/v2\/media?parent=1644"}],"curies":[{"name":"wp","href":"https:\/\/api.w.org\/{rel}","templated":true}]}}