{"id":1642,"date":"2017-07-04T10:17:22","date_gmt":"2017-07-04T10:17:22","guid":{"rendered":"http:\/\/moverdb.com\/?page_id=1642"},"modified":"2026-01-08T14:48:07","modified_gmt":"2026-01-08T14:48:07","slug":"kronenverschiebung","status":"publish","type":"page","link":"https:\/\/moverdb.com\/de\/crown-moving\/","title":{"rendered":"Crown Moving Co Inc - Internationaler Umzug Bewertungen"},"content":{"rendered":"<p>Crown Moving Co Inc. war ans\u00e4ssig in <a href=\"https:\/\/moverdb.com\/de\/umziehen-nach-attle\/\">Seattle<\/a> und bot seinen Kunden eine Vielzahl von Dienstleistungen an. Diese sind im Folgenden zusammen mit einem Unternehmensprofil und Bewertungen aufgef\u00fchrt.<\/p>\n<p><strong>Internationale Umz\u00fcge<\/strong><\/p>\n<p>Dienstleistungen vor der Zuweisung<\/p>\n<ul>\n<li> Visa- und Einwanderungsdienste<\/li>\n<li> Vorschau auf die Reise und Orientierung im Gebiet<\/li>\n<li> Informationen zu Land und Kultur<\/li>\n<\/ul>\n<p>Umzugsdienste<\/p>\n<ul>\n<li> Planung vor dem Umzug<\/li>\n<li> Transport von Hab und Gut<\/li>\n<li> Management des Umzugs<\/li>\n<li> Sendungsverfolgung<\/li>\n<\/ul>\n<p>Dienstleistungen f\u00fcr internationale Reiseziele<\/p>\n<ul>\n<li> Kulturelle und sprachliche Ausbildung<\/li>\n<li> Schulische Unterst\u00fctzung<\/li>\n<li> Unterst\u00fctzung des Partners\/Ehepartners<\/li>\n<li> Eingew\u00f6hnung in den Dienst<\/li>\n<li> Unterst\u00fctzung bei der Abreise<\/li>\n<\/ul>\n<p>Schutzdienste<\/p>\n<ul>\n<li> Gewichtsmultiplikator<\/li>\n<li> Hochwertige Best\u00e4nde<\/li>\n<li> Aufgeschl\u00fcsseltes bewertetes Inventar<\/li>\n<\/ul>\n<p>Hilfe beim Wohnen<\/p>\n<ul>\n<li> Dienstleistungen zur Wohnungssuche<\/li>\n<li> Vor\u00fcbergehende Unterbringung<\/li>\n<li> Verwaltung von Immobilien und Mietverh\u00e4ltnissen<\/li>\n<\/ul>\n<p><strong>Lokale und Langstreckenumz\u00fcge<\/strong><\/p>\n<ul>\n<li> Pers\u00f6nlicher Umzugsmanager<\/li>\n<li> Dienst von T\u00fcr zu T\u00fcr<\/li>\n<li> Full-Service-Verpackung, zerbrechliche Verpackung oder Selbstverpackung<\/li>\n<li> Demontage und Wiedermontage von M\u00f6beln<\/li>\n<li> Auspackservice<\/li>\n<li> Versicherung abgeschlossen<\/li>\n<li> Kurz- und Langzeitlagerung<\/li>\n<\/ul>\n<p><strong>B\u00fcro, Industrie und Fachmessen<\/strong><\/p>\n<ul>\n<li> Pers\u00f6nlicher Berater f\u00fcr Umz\u00fcge<\/li>\n<li> Pr\u00e4zise Planung<\/li>\n<li> Von T\u00fcr zu T\u00fcr<\/li>\n<li> Verpacken<\/li>\n<li> Umz\u00fcge nach Feierabend und am Wochenende<\/li>\n<li> Demontage und Wiedermontage von M\u00f6beln<\/li>\n<li> Auspacken<\/li>\n<li> IT-Umzug und -Installation<\/li>\n<li> Lang- und kurzfristige Lagerung<\/li>\n<\/ul>\n<p><strong>Lagerung<\/strong><\/p>\n<ul>\n<li> Lang- und Kurzfristig<\/li>\n<li> Temperaturgesteuerte Lagerung von Unterlagen<\/li>\n<li> 24\/7 CCTV<\/li>\n<li> Feuerschutz<\/li>\n<\/ul>\n<h2>Crown Moving Co Inc Unternehmensprofil<\/h2>\n<p><em><strong>Bitte beachten Sie<\/strong>: Crown Moving Co Inc hat jetzt geschlossen. Sie empfehlen ihren Kunden die Nutzung von: <a href=\"https:\/\/moverdb.com\/de\/bekins-van-lines\/\">Bekins Nordwest<\/a> stattdessen.<\/em><\/p>\n<p>Crown Moving Co Inc wurde 1967 gegr\u00fcndet und hatte seinen Sitz in <a href=\"https:\/\/moverdb.com\/de\/moving-to-seattle\/\" data-internallinksmanager029f6b8e52c=\"65\" title=\"Umzug nach Seattle? 2026 Lebenshaltungskosten &amp; Umzugstipps\">Seattle<\/a>Washington. Im Jahr 1978 wurde das Unternehmen aufgekauft und neue B\u00fcros in Moses Lake und Spokane er\u00f6ffnet. <\/p>\n<p>Crown Moving wurde Vertreter f\u00fcr <a href=\"https:\/\/moverdb.com\/de\/mayflower-transit\/\">Mayflower<\/a> Die Firma wurde 1982 gegr\u00fcndet und kann daher auf das gesamte Fachwissen von Mayflower sowie auf ihr eigenes zur\u00fcckgreifen. Das Unternehmen war der gr\u00f6\u00dfte Vertreter von Mayflower in Washington.<\/p>\n<p>Crown Moving Co Inc hatte die folgenden Akkreditierungen und Zugeh\u00f6rigkeiten:<\/p>\n<ul>\n<li> <a href=\"https:\/\/moverdb.com\/de\/amsa\/\">Amerikanischer Verband der Spediteure<\/a> (<a href=\"https:\/\/moverdb.com\/de\/amsa\/\" data-internallinksmanager029f6b8e52c=\"5\" title=\"American Moving &amp; Storage Association (AMSA) erkl\u00e4rt\">AMSA<\/a>)<\/li>\n<li> Better Business Bureau (BBB)<\/li>\n<\/ul>\n<p><strong>Crown Moving Co Inc Bewertungen<\/strong><\/p>\n<p><strong>Positiv:<\/strong><\/p>\n<ul>\n<li> <em>\"Er kam p\u00fcnktlich, hatte eine wunderbare Pers\u00f6nlichkeit und wir sprachen sofort \u00fcber wichtige Gegenst\u00e4nde, die ich mit besonderer Sorgfalt transportieren lassen wollte.\"<\/em> Jackie R \u00fcber <a href=\"https:\/\/www.yelp.com\/biz\/crown-moving-co-seattle-2?hrid=jSdhPA7gxsSt8Syf1zSn4w&#038;utm_campaign=www_review_share_popup&#038;utm_medium=copy_link&#038;utm_source=(direct)\" target=\"_blank\" rel=\"noopener\">Yelp<\/a><\/li>\n<li> <em>\"Crown hat meinen milit\u00e4risch angeordneten Stationswechsel abgeschlossen.\" <\/em> Timothy M. \u00fcber <a href=\"https:\/\/www.bbb.org\/\" target=\"_blank\" rel=\"noopener\">BBB<\/a><\/li>\n<\/ul>\n<p><strong>Negativ:<\/strong><\/p>\n<ul>\n<li> <em>\"Meine Erfahrung mit Crown Moving war eine, die ich hoffentlich bald vergessen werde.\"<\/em> - Rob D. \u00fcber <a href=\"https:\/\/www.yelp.com\/biz\/crown-moving-co-seattle-2?hrid=i13sBXhBe0pzOXO2FJYCQQ&#038;utm_campaign=www_review_share_popup&#038;utm_medium=copy_link&#038;utm_source=(direct)\" target=\"_blank\" rel=\"noopener\">Yelp<\/a><\/li>\n<\/ul>\n<div itemprop=\"review\" itemscope itemtype=\"http:\/\/schema.org\/Review\">\n<span itemprop=\"author\" itemscope=\"\" itemtype=\"http:\/\/schema.org\/Organization\"><span itemprop=\"name\">MoverDB.com<\/span><\/span> Online Website \u00dcberpr\u00fcfung f\u00fcr <span itemprop=\"itemreviewed\" itemscope=\"\" itemtype=\"http:\/\/schema.org\/Brand\"><span itemprop=\"name\">Crown Moving Co Inc<\/span><\/span>:<\/p>\n<ol>\n<li> Klare Kontaktangaben auf der Website (einschlie\u00dflich Telefonnummer): <strong>Ja<\/strong><\/li>\n<li> Leicht zu bekommen <a href=\"https:\/\/moverdb.com\/de\/zitate\/\">Angebote f\u00fcr internationale Umz\u00fcge<\/a>? (Online-Formular f\u00fcr Kostenvoranschl\u00e4ge): <strong>Ja<\/strong><\/li>\n<li> Klare Informationen auf der Website: <strong>Nein<\/strong><\/li>\n<li> Mitgliedschaft in international anerkannten Umzugsorganisationen: <strong>Ja<\/strong>(siehe oben)<\/li>\n<li> Liste der Kunden und\/oder Zeugnisse von fr\u00fcheren Kunden. <strong>Nicht relevant,<\/strong> da das Unternehmen nicht mehr im Gesch\u00e4ft ist.<\/li>\n<\/ol>\n<div itemprop=\"reviewRating\" itemscope itemtype=\"http:\/\/schema.org\/Rating\"><meta itemprop=\"worstRating\" content = \"0\" \/><meta itemprop=\"bestRating\" content=\"5\" \/><meta itemprop=\"ratingValue\" content=\"4\"><\/div>\n<p><strong>Gesamtbewertung: 4\/5<\/strong><br \/>\n<strong>Datum der \u00dcberpr\u00fcfung:<\/strong> <span itemprop=\"datePublished\" content=\"2017-07-04\">04\/07\/2017<\/span>\n<\/div>\n<p>Lesen Sie mehr \u00fcber <a href=\"https:\/\/moverdb.com\/de\/umzugsunternehmen\/\">internationale Umzugsunternehmen<\/a>, <a href=\"https:\/\/moverdb.com\/de\/us-kanada-umzuge\/\">nationale Umzugsunternehmen<\/a> und unsere <a href=\"https:\/\/moverdb.com\/de\/bewertungen\/\">\u00dcberpr\u00fcfungsprozess erkl\u00e4rt<\/a>.<\/p>\n<p><strong>Website:<\/strong> <a href=\"http:\/\/www.crownmoving.com\/\" target=\"_blank\" rel=\"noopener\">http:\/\/www.crownmoving.com\/<\/a><\/p>","protected":false},"excerpt":{"rendered":"<p>Crown Moving Co Inc was based in Seattle and offered its customers a variety of services. These are listed below together with a company profile and reviews. International Moves Pre-assignment Services Visa and immigration services Preview trip and area orientation Country and culture information Moving Services Pre-move planning Transportation of belongings Managing the move Shipment [&hellip;]<\/p>\n","protected":false},"author":1,"featured_media":0,"parent":0,"menu_order":0,"comment_status":"closed","ping_status":"closed","template":"","meta":{"_genesis_hide_title":false,"_genesis_hide_breadcrumbs":false,"_genesis_hide_singular_image":false,"_genesis_hide_footer_widgets":false,"_genesis_custom_body_class":"","_genesis_custom_post_class":"","_genesis_layout":"","footnotes":""},"class_list":{"0":"post-1642","1":"page","2":"type-page","3":"status-publish","5":"entry"},"_links":{"self":[{"href":"https:\/\/moverdb.com\/de\/wp-json\/wp\/v2\/pages\/1642","targetHints":{"allow":["GET"]}}],"collection":[{"href":"https:\/\/moverdb.com\/de\/wp-json\/wp\/v2\/pages"}],"about":[{"href":"https:\/\/moverdb.com\/de\/wp-json\/wp\/v2\/types\/page"}],"author":[{"embeddable":true,"href":"https:\/\/moverdb.com\/de\/wp-json\/wp\/v2\/users\/1"}],"replies":[{"embeddable":true,"href":"https:\/\/moverdb.com\/de\/wp-json\/wp\/v2\/comments?post=1642"}],"version-history":[{"count":5,"href":"https:\/\/moverdb.com\/de\/wp-json\/wp\/v2\/pages\/1642\/revisions"}],"predecessor-version":[{"id":6198,"href":"https:\/\/moverdb.com\/de\/wp-json\/wp\/v2\/pages\/1642\/revisions\/6198"}],"wp:attachment":[{"href":"https:\/\/moverdb.com\/de\/wp-json\/wp\/v2\/media?parent=1642"}],"curies":[{"name":"wp","href":"https:\/\/api.w.org\/{rel}","templated":true}]}}