{"id":1640,"date":"2017-02-01T15:26:12","date_gmt":"2017-02-01T15:26:12","guid":{"rendered":"http:\/\/moverdb.com\/?page_id=1640"},"modified":"2026-01-08T14:48:08","modified_gmt":"2026-01-08T14:48:08","slug":"kronenverschiebungen","status":"publish","type":"page","link":"https:\/\/moverdb.com\/de\/crown-relocations\/","title":{"rendered":"Crown Relocations - Internationale Umz\u00fcge Bewertungen"},"content":{"rendered":"<p>Crown Relocations hat seinen Hauptsitz in <a href=\"https:\/\/moverdb.com\/de\/moving-to-hong-kong\/\" data-internallinksmanager029f6b8e52c=\"350\" title=\"Umzug nach Hongkong? 2026 Lebenshaltungskosten &amp; Umzugstipps\">Hongkong<\/a>. Es bietet seinen Kunden eine Reihe von Umzugs- und Umzugsdienstleistungen an, die im Folgenden zusammen mit einem Unternehmensprofil und Bewertungen aufgef\u00fchrt sind.<\/p>\n<p><strong>Internationale Umsiedlung<\/strong><\/p>\n<ul>\n<li> Pers\u00f6nlicher Service<\/li>\n<li> Dienst von T\u00fcr zu T\u00fcr<\/li>\n<li> Verpacken - Do-it-yourself, ausgew\u00e4hlte Artikel oder Komplettservice<\/li>\n<li> Lagerung - kurz- und langfristig<\/li>\n<li> Online-Verfolgungsinstrumente<\/li>\n<li> Umsiedlung von Haustieren<\/li>\n<li> Einwanderungsdienste<\/li>\n<li> Interkulturelles Training<\/li>\n<li> Sprachausbildung<\/li>\n<li> Dienstleistungen beim Hausverkauf<\/li>\n<li> Verwaltung von Immobilien<\/li>\n<li> Vorschau der Reiseleistungen<\/li>\n<li> Hilfe bei der Wohnungssuche<\/li>\n<li> Schule suchen<\/li>\n<li> Orientierung nach der Ankunft<\/li>\n<li> Unterst\u00fctzung der Karriere von Partnern<\/li>\n<li> Handwerker- und Haushaltshilfsdienste<\/li>\n<li> Vermietung von M\u00f6beln<\/li>\n<li> Unterst\u00fctzung bei der Beauftragung<\/li>\n<\/ul>\n<p><strong>Lokale und Fernumz\u00fcge<\/strong><\/p>\n<ul>\n<li> Pers\u00f6nlicher Service<\/li>\n<li> Dienst von T\u00fcr zu T\u00fcr<\/li>\n<li> Full-Service-Verpackung, zerbrechliche Gegenst\u00e4nde oder DIY-Verpackung<\/li>\n<li> Auspackservice<\/li>\n<li> Entsorgung von Schutt<\/li>\n<li> Umsiedlung von Haustieren<\/li>\n<li> Lang- und kurzfristige Lagerung arrangiert<\/li>\n<li> Versicherung<\/li>\n<\/ul>\n<h2>Crown Relocations Unternehmensprofil<\/h2>\n<p>Crown Relocations ist Teil der Crown Worldwide Group, die ihren Hauptsitz in Hongkong hat. James E. Thompson gr\u00fcndete die Gruppe 1965, als er in Yokohama lebte, <a href=\"https:\/\/moverdb.com\/de\/moving-to-japan\/\" data-internallinksmanager029f6b8e52c=\"342\" title=\"Umzug nach Japan? 2026 Lebenshaltungskosten &amp; Umzugstipps\">Japan<\/a>. Er begann mit $1.000 und erhielt einen Vertrag mit der <a href=\"https:\/\/moverdb.com\/de\/moving-to-the-united-states\/\" data-internallinksmanager029f6b8e52c=\"94\" title=\"Umzug in die Vereinigten Staaten? 2026 Lebenshaltungskosten &amp; Umzugstipps\">US<\/a> Milit\u00e4rs, um Personal nach und aus Japan zu verlegen. <\/p>\n<p>Thompson ist nach wie vor CEO der Gruppe und verlegte sich und den Hauptsitz des Unternehmens 1978 nach Hongkong. Das Unternehmen verf\u00fcgt heute \u00fcber 265 Niederlassungen in 58 L\u00e4ndern rund um den Globus und besch\u00e4ftigt \u00fcber 3.100 Mitarbeiter aus 70 verschiedenen L\u00e4ndern. Crown Relocations f\u00fchrt im Durchschnitt 120.000 Umz\u00fcge pro Jahr durch und verf\u00fcgt \u00fcber rund 3,4 Millionen Quadratmeter Lagerfl\u00e4che.<\/p>\n<p>Crown Relocations nutzt die umfassende Erfahrung der Crown-Gruppe und zieht Menschen rund um den Globus um, wobei sie ihnen bei jedem Schritt zur Seite steht. Die Idee ist, die Umw\u00e4lzungen so gering wie m\u00f6glich zu halten, damit sich die Mitarbeiter von Unternehmen und Einzelpersonen schnell an ihr neues Leben anpassen k\u00f6nnen.<\/p>\n<p>Crown Relocation Services verf\u00fcgt \u00fcber die folgenden Akkreditierungen und Mitgliedschaften: -<\/p>\n<ul>\n<li> ISO 9001:2008<\/li>\n<li> <a href=\"https:\/\/moverdb.com\/de\/ich-bin\/\">Internationaler Verband der M\u00f6belspediteure<\/a> (<a href=\"https:\/\/moverdb.com\/de\/iam\/\" data-internallinksmanager029f6b8e52c=\"23\" title=\"International Association of Movers (IAM) erkl\u00e4rt\">IAM<\/a>)<\/li>\n<\/ul>\n<h2>Crown Relocations Bewertungen<\/h2>\n<p><strong>Positiv:<\/strong><\/p>\n<ul>\n<li> <em>\"Wir sind total \u00fcberw\u00e4ltigt von der professionellen, freundlichen und kompetenten Art und Weise, wie der gesamte Prozess f\u00fcr uns gelaufen ist, absolut super von Anfang bis Ende!\"<\/em> - Mr. G. &amp; Ms. J. Webb \u00fcber <a href=\"https:\/\/www.crownrelo.com\/intl\/en-gb\/page\/testimonials\" target=\"_blank\" rel=\"noopener\">Seite mit Firmenzeugnissen<\/a><\/li>\n<li> <em>\"Wir sind mit den Dienstleistungen von Crown sehr zufrieden und w\u00fcrden sie jedem empfehlen.<\/em> - Phuc Do \u00fcber <a href=\"http:\/\/www.productreview.com.au\/p\/crown-relocations-australia.html?rating=5#reviews\" target=\"_blank\" rel=\"noopener\">ProduktBewertung.com.au<\/a><\/li>\n<li> <em>\"Ein Freund hat uns Crown f\u00fcr unseren Umzug von Doha empfohlen, der Service war hervorragend.\"<\/em> - Hilary \u00fcber <a href=\"https:\/\/www.facebook.com\/pg\/CrownRelocations\/reviews\/\" target=\"_blank\" rel=\"noopener\">Facebook-Seite<\/a><\/li>\n<li> <em>\"Diese Jungs waren gro\u00dfartig. Sie kamen p\u00fcnktlich und ich war erstaunt, wie schnell sie waren.\"<\/em> - Yana \u00fcber <a href=\"https:\/\/www.yelp.com\/biz\/crown-relocations-mililani?hrid=gPhaBuTV20YimRwN7q4Wyw&#038;utm_campaign=www_review_share_popup&#038;utm_medium=copy_link&#038;utm_source=(direct)\" target=\"_blank\" rel=\"noopener\">Yelp<\/a><\/li>\n<\/ul>\n<p><strong>Negativ:<\/strong><\/p>\n<ul>\n<li> <em>\"Die schlechteste Firma, mit der ich je zu tun hatte. Sie haben keine Integrit\u00e4t und \u00fcbernehmen keine Verantwortung f\u00fcr die Sch\u00e4den, die sie an meinem Haus verursacht haben.\"<\/em> - Benjamin \u00fcber <a href=\"https:\/\/www.yelp.com\/biz\/crown-relocations-mililani?hrid=R9s-xC375R-HSBYSZZI_ag&#038;utm_campaign=www_review_share_popup&#038;utm_medium=copy_link&#038;utm_source=(direct)\" target=\"_blank\" rel=\"noopener\">Yelp<\/a><\/li>\n<li> <em>\"Wir hatten einen massiven Schaden, der durch unvorsichtiges Verpacken verursacht wurde. Es hat mehrere Wochen gedauert, bis sie auf unsere zahlreichen E-Mails geantwortet haben, und sie haben zugegeben, dass der Schaden durch unsorgf\u00e4ltiges Verpacken verursacht wurde.<\/em> - Elisabeth \u00fcber <a href=\"https:\/\/www.facebook.com\/pg\/CrownRelocations\/reviews\/\" target=\"_blank\" rel=\"noopener\">Facebook-Seite<\/a><\/li>\n<li> \"Schrecklich. Teuer und nachl\u00e4ssig. Personal reagiert nicht prompt auf Anfragen\" - LillithQ via <a href=\"http:\/\/www.productreview.com.au\/p\/crown-relocations-australia.html?rating=1#reviews\" target=\"_blank\" rel=\"noopener\">ProduktBewertung.com.au<\/a><\/li>\n<\/ul>\n<div itemprop=\"review\" itemscope itemtype=\"http:\/\/schema.org\/Review\">\n<span itemprop=\"author\" itemscope=\"\" itemtype=\"http:\/\/schema.org\/Organization\"><span itemprop=\"name\">MoverDB.com<\/span><\/span> Online Website \u00dcberpr\u00fcfung f\u00fcr <span itemprop=\"itemreviewed\" itemscope=\"\" itemtype=\"http:\/\/schema.org\/Brand\"><span itemprop=\"name\">Kronen-Umz\u00fcge<\/span><\/span>:<\/p>\n<ol>\n<li> Klare Kontaktangaben auf der Website (einschlie\u00dflich Telefonnummer): <strong>Ja<\/strong><\/li>\n<li> Leicht zu bekommen <a href=\"https:\/\/moverdb.com\/de\/zitate\/\">Angebote f\u00fcr internationale Umz\u00fcge<\/a>? (Online-Formular f\u00fcr Kostenvoranschl\u00e4ge): <strong>Ja<\/strong><\/li>\n<li> Klare Informationen auf der Website: <strong>Ja.<\/strong> Die Website gibt einen klaren \u00dcberblick \u00fcber alle angebotenen Dienstleistungen und enth\u00e4lt Reisef\u00fchrer.<\/li>\n<li> Mitgliedschaft in international anerkannten Umzugsorganisationen: <strong>Ja<\/strong>(siehe oben)<\/li>\n<li> Liste der Kunden und\/oder Zeugnisse von fr\u00fcheren Kunden. <strong>Ja,<\/strong> Sie haben eine Seite mit Erfahrungsberichten, und die Bewertungen im Internet scheinen im Allgemeinen positiv zu sein.<\/li>\n<\/ol>\n<div itemprop=\"reviewRating\" itemscope itemtype=\"http:\/\/schema.org\/Rating\"><meta itemprop=\"worstRating\" content = \"0\" \/><meta itemprop=\"bestRating\" content=\"5\" \/><meta itemprop=\"ratingValue\" content=\"5\"><\/div>\n<p><strong>Gesamtbewertung: 5\/5<\/strong><br \/>\n<strong>Datum der \u00dcberpr\u00fcfung:<\/strong> <span itemprop=\"datePublished\" content=\"2017-02-01\">01\/02\/2017<\/span>\n<\/div>\n<p>Lesen Sie mehr \u00fcber <a href=\"https:\/\/moverdb.com\/de\/umzugsunternehmen\/\">internationale Umzugsunternehmen<\/a> und unsere <a href=\"https:\/\/moverdb.com\/de\/bewertungen\/\">\u00dcberpr\u00fcfungsprozess<\/a>.<\/p>\n<p><strong>Websites:<\/strong> <a href=\"https:\/\/www.crownrelo.com\/\" target=\"_blank\" rel=\"noopener\">https:\/\/www.crownrelo.com\/<\/a>US: <a href=\"https:\/\/www.crownworldwide.com\/en-us\" rel=\"noopener\" target=\"_blank\">https:\/\/www.crownworldwide.com\/en-us<\/a><\/p>","protected":false},"excerpt":{"rendered":"<p>Crown Relocations has its headquarters in Hong Kong. It offers its customers a range of relocation and moving services and these are listed below, together with a company profile and reviews. International Relocation Personalised service Door to door service Packing &#8211; do it yourself, selected items or full service Storage &#8211; short and long term [&hellip;]<\/p>\n","protected":false},"author":1,"featured_media":0,"parent":0,"menu_order":0,"comment_status":"closed","ping_status":"closed","template":"","meta":{"_genesis_hide_title":false,"_genesis_hide_breadcrumbs":false,"_genesis_hide_singular_image":false,"_genesis_hide_footer_widgets":false,"_genesis_custom_body_class":"","_genesis_custom_post_class":"","_genesis_layout":"","footnotes":""},"class_list":{"0":"post-1640","1":"page","2":"type-page","3":"status-publish","5":"entry"},"_links":{"self":[{"href":"https:\/\/moverdb.com\/de\/wp-json\/wp\/v2\/pages\/1640","targetHints":{"allow":["GET"]}}],"collection":[{"href":"https:\/\/moverdb.com\/de\/wp-json\/wp\/v2\/pages"}],"about":[{"href":"https:\/\/moverdb.com\/de\/wp-json\/wp\/v2\/types\/page"}],"author":[{"embeddable":true,"href":"https:\/\/moverdb.com\/de\/wp-json\/wp\/v2\/users\/1"}],"replies":[{"embeddable":true,"href":"https:\/\/moverdb.com\/de\/wp-json\/wp\/v2\/comments?post=1640"}],"version-history":[{"count":6,"href":"https:\/\/moverdb.com\/de\/wp-json\/wp\/v2\/pages\/1640\/revisions"}],"predecessor-version":[{"id":6199,"href":"https:\/\/moverdb.com\/de\/wp-json\/wp\/v2\/pages\/1640\/revisions\/6199"}],"wp:attachment":[{"href":"https:\/\/moverdb.com\/de\/wp-json\/wp\/v2\/media?parent=1640"}],"curies":[{"name":"wp","href":"https:\/\/api.w.org\/{rel}","templated":true}]}}