{"id":1628,"date":"2017-04-24T11:01:52","date_gmt":"2017-04-24T11:01:52","guid":{"rendered":"http:\/\/moverdb.com\/?page_id=1628"},"modified":"2026-01-08T14:48:18","modified_gmt":"2026-01-08T14:48:18","slug":"immergrun-marine","status":"publish","type":"page","link":"https:\/\/moverdb.com\/de\/evergreen-marine\/","title":{"rendered":"Evergreen Marine (Linie) - Internationale Schifffahrtsdienste &amp; Bewertungen"},"content":{"rendered":"<p>Evergreen Marine, auch bekannt als Evergreen Line, ist ein taiwanesisches Container-Transport- und <a href=\"https:\/\/moverdb.com\/de\/shipping-companies\/\" data-internallinksmanager029f6b8e52c=\"4\" title=\"Top 10 der internationalen Containerschifffahrtsunternehmen\">Schifffahrtsgesellschaft<\/a>. Es bietet seinen Kunden eine breite Palette von Dienstleistungen an. Diese sind im Folgenden zusammen mit einem Unternehmensprofil und Bewertungen aufgef\u00fchrt.<\/p>\n<h3>Internationaler Versand<\/h3>\n<p><strong>All-in-one-Dienstleistung<\/strong><\/p>\n<ul>\n<li> \u00dcbersicht der Sendungen<\/li>\n<li> Buchung<\/li>\n<li> B\/L-Anweisung<\/li>\n<li> Korrekturlesen von B\/L<\/li>\n<li> <a href=\"https:\/\/moverdb.com\/de\/moving-to-the-united-states\/\" data-internallinksmanager029f6b8e52c=\"94\" title=\"Umzug in die Vereinigten Staaten? 2026 Lebenshaltungskosten &amp; Umzugstipps\">US<\/a> Sicherheitsleistung des Einf\u00fchrers (ISF)<\/li>\n<\/ul>\n<p><strong>Intermodale Dienstleistungen<\/strong><\/p>\n<ul>\n<li> Lieferung von T\u00fcr zu T\u00fcr<\/li>\n<li> Meer, Fluss, Stra\u00dfe und Schiene<\/li>\n<\/ul>\n<p><strong>Trockenfracht-Container<\/strong><\/p>\n<ul>\n<li> Speziell zugewiesene Verkaufsperson<\/li>\n<li> 20\u2032 Stahl-Trockengut-Container<\/li>\n<li> 40\u2032 Stahl-Trockengut-Container<\/li>\n<li> 40\u2032 Hi-Cube-Trockengut-Container<\/li>\n<li> 45\u2032 Hi-Cube-Trockengut-Container<\/li>\n<\/ul>\n<p><strong>Reefer-Container<\/strong><\/p>\n<ul>\n<li> 20\u2032 MGSS-K\u00fchlcontainer<\/li>\n<li> 20\u2032 Aluminium-K\u00fchlcontainer<\/li>\n<li> 40\u2032 Hi-Cube-K\u00fchlcontainer<\/li>\n<li> 40\u2032 Hi-Cube Aluminium-K\u00fchlcontainer<\/li>\n<\/ul>\n<p><strong>Spezial-Container<\/strong><\/p>\n<ul>\n<li> 20\u2032 Beh\u00e4lter mit offener Oberseite und voller H\u00f6he<\/li>\n<li> 20\u2032 flacher Regalcontainer mit vier freistehenden Pfosten<\/li>\n<li> 20\u2032 Flachregalbeh\u00e4lter mit klappbarem Ende<\/li>\n<li> 40\u2032 Flat Rack Container mit vier freistehenden Pfosten<\/li>\n<li> 40\u2032 Flachregalcontainer mit klappbarem Ende<\/li>\n<li> 40\u2032 Beh\u00e4lter mit offener Oberseite und voller H\u00f6he<\/li>\n<li> 40\u2032 Hi-Cube-Hangar-Container<\/li>\n<\/ul>\n<h2>Evergreen Marine Unternehmensprofil<\/h2>\n<p>Das erste Unternehmen der Evergreen-Gruppe, die Evergreen Marine Corporation, wurde am 1. Januar in Taiwan gegr\u00fcndet.<sup>st<\/sup> September 1968 von Dr. Yung-Fa Chang mit einem Frachtschiff aus zweiter Hand. Evergreen begann <a href=\"https:\/\/moverdb.com\/de\/container-shipping\/\" data-internallinksmanager029f6b8e52c=\"3\" title=\"Chart der internationalen Containerschifffahrtsraten: April 2026\">Containerschifffahrt<\/a> Das Unternehmen wurde 1975 gegr\u00fcndet und entwickelte sich bis 1985 zum weltgr\u00f6\u00dften Containerschifffahrtsunternehmen.<\/p>\n<p>Sie firmiert jetzt unter dem Markennamen \"Evergreen Line\", zusammen mit Evergreen Marine Corp. (Taiwan) Ltd. und Evergreen Marine (<a href=\"https:\/\/moverdb.com\/de\/moving-to-the-uk\/\" data-internallinksmanager029f6b8e52c=\"93\" title=\"Umzug in das Vereinigte K\u00f6nigreich? 2026 Lebenshaltungskosten &amp; Umzugstipps\">UK<\/a>) Ltd. und Evergreen Marine (<a href=\"https:\/\/moverdb.com\/de\/moving-to-hong-kong\/\" data-internallinksmanager029f6b8e52c=\"350\" title=\"Umzug nach Hongkong? 2026 Lebenshaltungskosten &amp; Umzugstipps\">Hongkong<\/a>) Ltd., Italia Marittima S.p.A. und Evergreen Marine (<a href=\"https:\/\/moverdb.com\/de\/moving-to-singapore\/\" data-internallinksmanager029f6b8e52c=\"68\" title=\"Umzug nach Singapur? 2026 Lebenshaltungskosten &amp; Umzugstipps\">Singapur<\/a>) Pte Ltd.<\/p>\n<p>Evergreen macht seinem Namen alle Ehre. Die gr\u00f6\u00dften Schiffe sind die 7024-TEU-Schiffe der S-Serie, die speziell daf\u00fcr entwickelt wurden, die Umwelt so wenig wie m\u00f6glich zu belasten.<\/p>\n<p>Evergreen Marine verf\u00fcgt \u00fcber die folgenden Akkreditierungen und Mitgliedschaften:<\/p>\n<ul>\n<li> ISO 9001 2000<\/li>\n<li> ISO 9002<\/li>\n<li> Internationales Sicherheitsmanagement (ISM)<\/li>\n<li> SOLAS<\/li>\n<li> OPA90<\/li>\n<li> IMDG<\/li>\n<li> <a href=\"https:\/\/moverdb.com\/de\/weltschifffahrtsrat\/\">Weltschifffahrtsrat<\/a> (<a href=\"https:\/\/moverdb.com\/de\/world-shipping-council\/\" data-internallinksmanager029f6b8e52c=\"82\" title=\"Der Weltschifffahrtsrat (WSC) erkl\u00e4rt\">WSC<\/a>)<\/li>\n<li> Pazifische Treibhausgasmessung (PGGM)<\/li>\n<\/ul>\n<h2>Evergreen Marine Bewertungen<\/h2>\n<p>Zum Zeitpunkt der Ver\u00f6ffentlichung konnten wir keine positiven oder negativen Bewertungen f\u00fcr Evergreen Marine oder Evergreen Lines online finden.<\/p>\n<div itemprop=\"review\" itemscope itemtype=\"http:\/\/schema.org\/Review\">\n<strong><span itemprop=\"author\" itemscope=\"\" itemtype=\"http:\/\/schema.org\/Organization\"><span itemprop=\"name\">MoverDB.com<\/span><\/span> Online Website \u00dcberpr\u00fcfung f\u00fcr <span itemprop=\"itemreviewed\" itemscope=\"\" itemtype=\"http:\/\/schema.org\/Brand\"><span itemprop=\"name\">Evergreen Marine<\/span><\/span>:<\/strong><\/p>\n<ol>\n<li> Klare Kontaktangaben auf der Website (einschlie\u00dflich Telefonnummer): <strong>Ja<\/strong><\/li>\n<li> Einfaches Einholen von Kostenvoranschl\u00e4gen f\u00fcr den internationalen Versand? (Online-Formular f\u00fcr Kostenvoranschl\u00e4ge): <strong>Ja<\/strong>kann \u00fcber das Kontaktformular angefordert werden.<\/li>\n<li> Klare Informationen auf der Website: <strong>Ja,<\/strong> Die Website enth\u00e4lt ausf\u00fchrliche Informationen \u00fcber alle Dienstleistungen.<\/li>\n<li> Mitgliedschaft in international anerkannten Schifffahrtsorganisationen: <strong>Ja<\/strong><\/li>\n<li> Liste der Kunden und\/oder Zeugnisse von fr\u00fcheren Kunden. <strong>Nein,<\/strong> auf ihrer Website sind keine aufgef\u00fchrt.<\/li>\n<\/ol>\n<div itemprop=\"reviewRating\" itemscope itemtype=\"http:\/\/schema.org\/Rating\"><meta itemprop=\"worstRating\" content = \"0\" \/><meta itemprop=\"bestRating\" content=\"5\" \/><meta itemprop=\"ratingValue\" content=\"4\"><\/div>\n<p><strong>Gesamtbewertung: 4\/5<\/strong><br \/>\n<strong>Datum der \u00dcberpr\u00fcfung:<\/strong> <span itemprop=\"datePublished\" content=\"2017-04-24\">24\/04\/2017<\/span>\n<\/div>\n<p>Mehr \u00fcber andere <a href=\"https:\/\/moverdb.com\/de\/reedereien\/\">Containerschifffahrtsunternehmen<\/a>, <a href=\"https:\/\/moverdb.com\/de\/containerschifffahrt\/\">Kosten der internationalen Containerschifffahrt<\/a> und unsere <a href=\"https:\/\/moverdb.com\/de\/bewertungen\/\">\u00dcberpr\u00fcfungsprozess<\/a>.<\/p>\n<p><strong>Websites:<\/strong> <\/p>\n<ul>\n<li> <a href=\"http:\/\/www.evergreen-line.com\/\" target=\"_blank\" rel=\"noopener\">http:\/\/www.evergreen-line.com\/<\/a><\/li>\n<li> <a href=\"http:\/\/www.evergreen-marine.co.uk\/\" target=\"_blank\" rel=\"noopener\">http:\/\/www.evergreen-marine.co.uk\/<\/a><\/li>\n<li> <a href=\"http:\/\/www.evergreen-marine.com\/\" target=\"_blank\" rel=\"noopener\">http:\/\/www.evergreen-marine.com\/<\/a><\/li>\n<li> <a href=\"http:\/\/www.evergreen-marine.com.hk\/\" target=\"_blank\" rel=\"noopener\">http:\/\/www.evergreen-marine.com.hk\/<\/a><\/li>\n<li> <a href=\"http:\/\/www.evergreen-marine.com.sg\/\" target=\"_blank\" rel=\"noopener\">http:\/\/www.evergreen-marine.com.sg\/<\/a><\/li>\n<li> <a href=\"http:\/\/www.italiamarittima.it\/\" target=\"_blank\" rel=\"noopener\">http:\/\/www.italiamarittima.it\/<\/a><\/li>\n<\/ul>","protected":false},"excerpt":{"rendered":"<p>Evergreen Marine, also known as Evergreen Line, is a Taiwanese container transportation and shipping company. It offers its clients a wide array of services. These are listed below together with a company profile and reviews. International Shipping All-in-one Service Shipment overview Booking B\/L instruction B\/L proofreading US importer security filing (ISF) Intermodal Services Door to [&hellip;]<\/p>\n","protected":false},"author":1,"featured_media":0,"parent":0,"menu_order":0,"comment_status":"closed","ping_status":"closed","template":"","meta":{"_genesis_hide_title":false,"_genesis_hide_breadcrumbs":false,"_genesis_hide_singular_image":false,"_genesis_hide_footer_widgets":false,"_genesis_custom_body_class":"","_genesis_custom_post_class":"","_genesis_layout":"","footnotes":""},"class_list":{"0":"post-1628","1":"page","2":"type-page","3":"status-publish","5":"entry"},"_links":{"self":[{"href":"https:\/\/moverdb.com\/de\/wp-json\/wp\/v2\/pages\/1628","targetHints":{"allow":["GET"]}}],"collection":[{"href":"https:\/\/moverdb.com\/de\/wp-json\/wp\/v2\/pages"}],"about":[{"href":"https:\/\/moverdb.com\/de\/wp-json\/wp\/v2\/types\/page"}],"author":[{"embeddable":true,"href":"https:\/\/moverdb.com\/de\/wp-json\/wp\/v2\/users\/1"}],"replies":[{"embeddable":true,"href":"https:\/\/moverdb.com\/de\/wp-json\/wp\/v2\/comments?post=1628"}],"version-history":[{"count":3,"href":"https:\/\/moverdb.com\/de\/wp-json\/wp\/v2\/pages\/1628\/revisions"}],"predecessor-version":[{"id":6206,"href":"https:\/\/moverdb.com\/de\/wp-json\/wp\/v2\/pages\/1628\/revisions\/6206"}],"wp:attachment":[{"href":"https:\/\/moverdb.com\/de\/wp-json\/wp\/v2\/media?parent=1628"}],"curies":[{"name":"wp","href":"https:\/\/api.w.org\/{rel}","templated":true}]}}