{"id":1624,"date":"2017-02-24T09:47:42","date_gmt":"2017-02-24T09:47:42","guid":{"rendered":"http:\/\/moverdb.com\/?page_id=1624"},"modified":"2026-01-08T13:18:22","modified_gmt":"2026-01-08T13:18:22","slug":"gil-stauffer","status":"publish","type":"page","link":"https:\/\/moverdb.com\/de\/gil-stauffer\/","title":{"rendered":"Gil Stauffer - Internationale Umz\u00fcge &amp; Umzugsbewertungen"},"content":{"rendered":"<p>Gil Stauffer ist ein spanischer <a href=\"https:\/\/moverdb.com\/de\/international-removals\/\" data-internallinksmanager029f6b8e52c=\"27\" title=\"36 Beste internationale Umzugsunternehmen in Gro\u00dfbritannien\">Umzugsunternehmen<\/a> mit Hauptsitz in <a href=\"https:\/\/moverdb.com\/de\/moving-to-spain\/moving-to-madrid\/\" data-internallinksmanager029f6b8e52c=\"413\" title=\"Umzug nach Madrid? 2026 Lebenshaltungskosten &amp; Umzugstipps\">Madrid<\/a>. Das Unternehmen bietet seinen Kunden zahlreiche Dienstleistungen an, die im Folgenden zusammen mit einem Unternehmensprofil und Bewertungen aufgef\u00fchrt sind.<\/p>\n<p><strong>Internationale Umz\u00fcge<\/strong><\/p>\n<ul>\n<li> Personalisierter Umzugsplan<\/li>\n<li> Von T\u00fcr zu T\u00fcr<\/li>\n<li> Seefracht oder Luftfracht<\/li>\n<li> Vollst\u00e4ndiger Verpackungsservice, Teilverpackung oder Selbstverpackung<\/li>\n<li> Demontage und Wiedermontage von M\u00f6beln<\/li>\n<li> Auspackservice verf\u00fcgbar<\/li>\n<li> Zollabfertigung und Unterst\u00fctzung bei der Dokumentation<\/li>\n<li> Versicherung abgeschlossen<\/li>\n<li> Kurz- und Langzeitlagerung m\u00f6glich<\/li>\n<\/ul>\n<p><strong>Nationale und lokale Umz\u00fcge<\/strong><\/p>\n<ul>\n<li> Personalisierter Umzugsplan<\/li>\n<li> Von T\u00fcr zu T\u00fcr<\/li>\n<li> Vollst\u00e4ndiger Verpackungsservice, Teilverpackung oder Selbstverpackung<\/li>\n<li> Auspackservice verf\u00fcgbar<\/li>\n<li> Demontage und Wiedermontage von M\u00f6beln<\/li>\n<li> R\u00e4umung von Tr\u00fcmmern<\/li>\n<li> Versicherung abgeschlossen<\/li>\n<li> Kurz- und Langzeitlagerung m\u00f6glich<\/li>\n<\/ul>\n<p><strong>Kommerzielle Umz\u00fcge<\/strong><\/p>\n<ul>\n<li> Logistischer Plan<\/li>\n<li> Umzug nach Feierabend<\/li>\n<li> Von T\u00fcr zu T\u00fcr<\/li>\n<li> Demontage und Wiedermontage aller M\u00f6bel<\/li>\n<li> Entfernung und Neuinstallation von Computern<\/li>\n<li> R\u00e4umung von Tr\u00fcmmern<\/li>\n<li> Personalverlagerung<\/li>\n<\/ul>\n<p><strong>Mitarbeiterumzug<\/strong><\/p>\n<ul>\n<li> Arbeitserlaubnis<\/li>\n<li> Wohnungssuche<\/li>\n<li> Sprachunterricht<\/li>\n<li> Vor\u00fcbergehende Unterbringung<\/li>\n<li> M\u00f6bel mieten<\/li>\n<li> Schule suchen<\/li>\n<li> Hotel Reservierungen<\/li>\n<li> Bankkonten<\/li>\n<li> Leasing- und Mietvertr\u00e4ge<\/li>\n<li> Vereinbarungen \u00fcber wesentliche Dienstleistungen<\/li>\n<li> Kurse in Kultur und Brauchtum<\/li>\n<\/ul>\n<p><strong>Container und Lagerung<\/strong><\/p>\n<ul>\n<li> In hermetisch verschlossenen Holzbeh\u00e4ltern gelagerte Waren<\/li>\n<li> 24\/7 Sicherheit<\/li>\n<li> Klimatisiert<\/li>\n<li> Zur Sch\u00e4dlingsbek\u00e4mpfung behandelte Beh\u00e4ltnisse<\/li>\n<li> Getroffene Brandschutzvorkehrungen<\/li>\n<\/ul>\n<p><strong>Abteilung Dokumente<\/strong><\/p>\n<ul>\n<li> Archiv der Dokumente<\/li>\n<li> Ablage f\u00fcr vertrauliche Unterlagen<\/li>\n<li> Elektronische Speicherung von Archiven verf\u00fcgbar<\/li>\n<li> Sicherheit auf hohem Niveau<\/li>\n<li> Klimatisiert<\/li>\n<\/ul>\n<p><strong>Transport von Kunstwerken<\/strong><\/p>\n<ul>\n<li> Bewegliche Ausstellungen<\/li>\n<li> Hohes Ma\u00df an technischem Fachwissen<\/li>\n<li> Besondere Handhabungstechniken<\/li>\n<li> Umzugsfahrzeuge sind klimatisiert<\/li>\n<\/ul>\n<p><strong>Kurierdienst<\/strong><\/p>\n<ul>\n<li> Lokal und international<\/li>\n<li> Pakete oder Dokumente<\/li>\n<li> Online verfolgen<\/li>\n<li> Keine Gewichtsbeschr\u00e4nkung<\/li>\n<li> Luftfracht, Seefracht oder Landverkehr<\/li>\n<\/ul>\n<h2>Gil Stauffer Unternehmensprofil<\/h2>\n<p>Gil Stauffer ist ein spanisches Umzugsunternehmen, das im Jahr 1905 gegr\u00fcndet wurde. Der Hauptsitz befindet sich in Madrid, die 33 Niederlassungen sind \u00fcber ganz Spanien verteilt. <a href=\"https:\/\/moverdb.com\/de\/moving-to-spain\/\" data-internallinksmanager029f6b8e52c=\"266\" title=\"Umzug nach Spanien? 2026 Lebenshaltungskosten &amp; Umzugstipps\">Spanien<\/a> und die Balearen. Das Unternehmen r\u00fchmt sich damit, dass es seine Kunden an jedem Tag des Jahres \u00fcberall hinbringen kann. Das Unternehmen hat B\u00fcros in Europa, den <a href=\"https:\/\/moverdb.com\/de\/moving-to-the-united-states\/\" data-internallinksmanager029f6b8e52c=\"94\" title=\"Umzug in die Vereinigten Staaten? 2026 Lebenshaltungskosten &amp; Umzugstipps\">Vereinigte Staaten<\/a>Ozeanien, Asien und Afrika.<\/p>\n<p>Gil Stauffer ist stolz auf seinen Pioniergeist. In den 1950er Jahren konstruierte das Unternehmen den einzigen Lkw in Spanien, der Einzellasten von bis zu 200 Tonnen transportieren konnte. Au\u00dferdem war es eines der ersten Unternehmen, das vor \u00fcber 70 Jahren das Container-Express-Zugsystem (TECO) einsetzte.<\/p>\n<p>Das Unternehmen verf\u00fcgt \u00fcber spezielle Schulungsprogramme und besteht darauf, dass die Mitarbeiter seiner internationalen Abteilung ausgezeichnetes Englisch und auch andere Sprachen sprechen. Es verf\u00fcgt \u00fcber einen beeindruckenden Fuhrpark, der alle m\u00f6glichen Kundenbed\u00fcrfnisse abdeckt.<\/p>\n<p>Das Unternehmen bietet seinen Kunden internationale und nationale Umz\u00fcge sowie Firmen- und B\u00fcroumz\u00fcge und Mitarbeiterumz\u00fcge an.<br \/>\nGil Stauffer verf\u00fcgt \u00fcber die folgenden Akkreditierungen und Mitgliedschaften:<\/p>\n<ul>\n<li> <a href=\"https:\/\/moverdb.com\/de\/fidi-faim\/\">FIDI<\/a><\/li>\n<li> <a href=\"https:\/\/moverdb.com\/de\/ich-bin\/\">IAM<\/a><\/li>\n<li> <a href=\"https:\/\/moverdb.com\/de\/amsa\/\">AMSA<\/a><\/li>\n<li> <a href=\"https:\/\/moverdb.com\/de\/fedemac\/\">FEDEMAC<\/a><\/li>\n<li> <a href=\"https:\/\/moverdb.com\/de\/lacma\/\">LACMA<\/a><\/li>\n<li> PAIMA<\/li>\n<\/ul>\n<h2>Gil Stauffer Unternehmen Bewertungen<\/h2>\n<p><strong>Positiv:<\/strong><\/p>\n<ul>\n<li> Keine verf\u00fcgbar und es konnten keine Erfahrungsberichte vor Ort gefunden werden<\/li>\n<\/ul>\n<p><strong>Negativ:<\/strong><\/p>\n<ul>\n<li> <em>\"Nehmen Sie Gil Stauffer nicht f\u00fcr den Umzug Ihrer Sachen. Sie werden es bereuen.\"<\/em> - Craig Bugden \u00fcber <a href=\"https:\/\/uk.trustpilot.com\/reviews\/56ec28640000ff00094734c0\" target=\"_blank\" rel=\"noopener\">Trustpilot<\/a><\/li>\n<\/ul>\n<div itemprop=\"review\" itemscope itemtype=\"http:\/\/schema.org\/Review\">\n<span itemprop=\"author\" itemscope=\"\" itemtype=\"http:\/\/schema.org\/Organization\"><span itemprop=\"name\">MoverDB.com<\/span><\/span> Online Website \u00dcberpr\u00fcfung f\u00fcr <span itemprop=\"itemreviewed\" itemscope=\"\" itemtype=\"http:\/\/schema.org\/Brand\"><span itemprop=\"name\">Gil Stauffer<\/span><\/span>:<\/p>\n<ol>\n<li> Klare Kontaktangaben auf der Website (einschlie\u00dflich Telefonnummer): <strong>Ja<\/strong><\/li>\n<li> Leicht zu bekommen <a href=\"https:\/\/moverdb.com\/de\/zitate\/\">Angebote f\u00fcr internationale Umz\u00fcge<\/a>? (Online-Formular f\u00fcr Kostenvoranschl\u00e4ge): <strong>Ja<\/strong>aber nur per E-Mail (kein Formular)<\/li>\n<li> Klare Informationen auf der Website: <strong>Einige,<\/strong> Die Website enth\u00e4lt eine angemessene Menge an Informationen \u00fcber ihre Dienstleistungen, geht aber nicht sehr ins Detail.<\/li>\n<li> Mitgliedschaft in international anerkannten Umzugsorganisationen: <strong>Ja<\/strong>Diese sind jedoch nicht auf ihrer Website aufgef\u00fchrt.<\/li>\n<li> Liste der Kunden und\/oder Zeugnisse von fr\u00fcheren Kunden: <strong>Nein,<\/strong> und die einzige englischsprachige Bewertung, die wir \u00fcber sie finden konnten, war negativ.<\/li>\n<\/ol>\n<div itemprop=\"reviewRating\" itemscope itemtype=\"http:\/\/schema.org\/Rating\"><meta itemprop=\"worstRating\" content = \"0\" \/><meta itemprop=\"bestRating\" content=\"5\" \/><meta itemprop=\"ratingValue\" content=\"3.5\"><\/div>\n<p><strong>Gesamtbewertung: 3.5\/5<\/strong><br \/>\n<strong>Datum der \u00dcberpr\u00fcfung:<\/strong> <span itemprop=\"datePublished\" content=\"2017-02-24\">24\/02\/2017<\/span>\n<\/div>\n<p>Lesen Sie mehr \u00fcber <a href=\"https:\/\/moverdb.com\/de\/umzugsunternehmen\/\">internationale Umzugsunternehmen<\/a> und unsere <a href=\"https:\/\/moverdb.com\/de\/bewertungen\/\">\u00dcberpr\u00fcfungsprozess<\/a>.<\/p>\n<p><strong>Website:<\/strong> <a href=\"http:\/\/www.gil-stauffer.com\/?lang=en\" target=\"_blank\" rel=\"noopener\">http:\/\/www.gil-stauffer.com\/<\/a><\/p>","protected":false},"excerpt":{"rendered":"<p>Gil Stauffer is a Spanish removal company with its headquarters in Madrid. The company has many services to offer its customers and these are listed below together with a company profile and reviews. International Moves Personalised moving plan Door to door Sea freight or air freight Full packing service, partial packing or self-packing Disassembly and [&hellip;]<\/p>\n","protected":false},"author":1,"featured_media":0,"parent":0,"menu_order":0,"comment_status":"closed","ping_status":"closed","template":"","meta":{"_genesis_hide_title":false,"_genesis_hide_breadcrumbs":false,"_genesis_hide_singular_image":false,"_genesis_hide_footer_widgets":false,"_genesis_custom_body_class":"","_genesis_custom_post_class":"","_genesis_layout":"","footnotes":""},"class_list":{"0":"post-1624","1":"page","2":"type-page","3":"status-publish","5":"entry"},"_links":{"self":[{"href":"https:\/\/moverdb.com\/de\/wp-json\/wp\/v2\/pages\/1624","targetHints":{"allow":["GET"]}}],"collection":[{"href":"https:\/\/moverdb.com\/de\/wp-json\/wp\/v2\/pages"}],"about":[{"href":"https:\/\/moverdb.com\/de\/wp-json\/wp\/v2\/types\/page"}],"author":[{"embeddable":true,"href":"https:\/\/moverdb.com\/de\/wp-json\/wp\/v2\/users\/1"}],"replies":[{"embeddable":true,"href":"https:\/\/moverdb.com\/de\/wp-json\/wp\/v2\/comments?post=1624"}],"version-history":[{"count":3,"href":"https:\/\/moverdb.com\/de\/wp-json\/wp\/v2\/pages\/1624\/revisions"}],"predecessor-version":[{"id":6215,"href":"https:\/\/moverdb.com\/de\/wp-json\/wp\/v2\/pages\/1624\/revisions\/6215"}],"wp:attachment":[{"href":"https:\/\/moverdb.com\/de\/wp-json\/wp\/v2\/media?parent=1624"}],"curies":[{"name":"wp","href":"https:\/\/api.w.org\/{rel}","templated":true}]}}