{"id":1614,"date":"2017-04-27T14:28:26","date_gmt":"2017-04-27T14:28:26","guid":{"rendered":"http:\/\/moverdb.com\/?page_id=1614"},"modified":"2026-01-08T13:18:27","modified_gmt":"2026-01-08T13:18:27","slug":"hamburg-sud","status":"publish","type":"page","link":"https:\/\/moverdb.com\/de\/hamburg-sud\/","title":{"rendered":"Hamburg S\u00fcd-Gruppe - Internationale Schifffahrtsdienste &amp; Bewertungen"},"content":{"rendered":"<p>Hamburg S\u00fcd ist eine deutsche <a href=\"https:\/\/moverdb.com\/de\/shipping-companies\/\" data-internallinksmanager029f6b8e52c=\"4\" title=\"Top 10 der internationalen Containerschifffahrtsunternehmen\">Schifffahrtsgesellschaft<\/a> das seinen Kunden eine Reihe von Dienstleistungen anbietet. Diese sind im Folgenden zusammen mit einem Unternehmensprofil und Bewertungen aufgef\u00fchrt. (<em><strong>Anmerkung:<\/strong> <a href=\"https:\/\/moverdb.com\/de\/maersk\/\" target=\"_blank\" rel=\"noopener\">Maersk-Linie<\/a> ist gerade dabei, das Unternehmen zu kaufen<\/em>).<\/p>\n<h3>Internationale Containerschifffahrt<\/h3>\n<ul>\n<li> Planung durch Experten<\/li>\n<li> Von T\u00fcr zu T\u00fcr<\/li>\n<li> Intermodale Dienste verf\u00fcgbar<\/li>\n<\/ul>\n<p><strong>Trockenfracht<\/strong><\/p>\n<p><strong>Gef\u00e4hrliche Fracht<\/strong><\/p>\n<ul>\n<li> Jeder Antrag wird von Experten gepr\u00fcft<\/li>\n<li> Muss die gesetzlichen Vorschriften einhalten<\/li>\n<li> Zertifizierter Berater f\u00fcr Gefahrgutsicherheit (DGSA) ber\u00e4t bei allen Sendungen<\/li>\n<li> Moderne Schiffe f\u00fcr den Transport gef\u00e4hrlicher G\u00fcter<\/li>\n<li> Strenge Beachtung der Stauvorschriften<\/li>\n<\/ul>\n<p><strong>K\u00fchltransporte<\/strong><\/p>\n<ul>\n<li> Obst, Gem\u00fcse, Blumen, Pflanzen<\/li>\n<li> Fleisch, Fisch und Meeresfr\u00fcchte<\/li>\n<li> Pharmazeutika, fotografisches Material und Chemikalien<\/li>\n<li> Molkereiprodukte und S\u00e4fte<\/li>\n<li> <a href=\"https:\/\/moverdb.com\/de\/containerschifffahrt\/\">20\u2032- und 40\u2032-Beh\u00e4lter<\/a><\/li>\n<li> Ununterbrochene kalte Lieferkette<\/li>\n<li> Atmosph\u00e4renmanagement f\u00fcr geerntetes Obst und Gem\u00fcse<\/li>\n<li> Multi-Temperatur-Modus<\/li>\n<li> Gl\u00fchbirnen-Modus<\/li>\n<\/ul>\n<p><strong>Besondere Fracht<\/strong><\/p>\n<ul>\n<li> Bruchmasse<\/li>\n<li> Au\u00dferhalb der Spurweite<\/li>\n<li> Hohe Packungsdichte<\/li>\n<\/ul>\n<p><strong>Andere Versanddienstleistungen<\/strong><\/p>\n<ul>\n<li> Bearbeitung aller relevanten Import- und Exportdokumente<\/li>\n<li> Vor\u00fcbergehende Lagerung<\/li>\n<li> Aufteilung gr\u00f6\u00dferer Sendungen in einzelne Sendungen<\/li>\n<li> Kennzeichnung<\/li>\n<li> Zollabfertigung f\u00fcr Einfuhren und Ausfuhren<\/li>\n<\/ul>\n<p><strong>Gef\u00e4\u00dfe<\/strong><\/p>\n<ul>\n<li> Moderne Flotte<\/li>\n<li> <a href=\"https:\/\/moverdb.com\/de\/reedereien\/\">Containerschiffe<\/a><\/li>\n<li> Massengutfrachter<\/li>\n<li> Produktentanker<\/li>\n<\/ul>\n<p><strong>Verkauf gebrauchter Container<\/strong><\/p>\n<ul>\n<li> Gro\u00dfe Auswahl an verschiedenen Arten von Beh\u00e4ltern<\/li>\n<li> Zugang zu gebrauchten Containern auf der ganzen Welt<\/li>\n<li> Hochwertige Container<\/li>\n<li> Erfahrenes Personal<\/li>\n<li> Unterst\u00fctzung lokaler Sprachen<\/li>\n<\/ul>\n<p><strong>eCommerce<\/strong><\/p>\n<ul>\n<li> Minutengenaue Zeitpl\u00e4ne<\/li>\n<li> Track &amp; Trace (Containerverfolgung)<\/li>\n<li> Buchungs\u00fcbersichten<\/li>\n<li> Wiederholung von Buchungen<\/li>\n<li> \u00dcbersicht der Versandanweisungen<\/li>\n<li> Einreichung neuer Versandanweisungen<\/li>\n<li> Pr\u00fcfung von B\/L-Wechseln<\/li>\n<li> Erstellung standardisierter Berichte f\u00fcr eine Sendung<\/li>\n<li> Track &amp; Trace Fracht<\/li>\n<\/ul>\n<h2>Hamburg S\u00fcd Unternehmensprofil<\/h2>\n<p>Die Hamburg S\u00fcd wurde 1871 von Vertretern elf Hamburger Handelsh\u00e4user gegr\u00fcndet und hie\u00df damals Hamburg S\u00fcdamerikanische Dampfschifffahrts-Gesellschaft. Bis 1914 verf\u00fcgte das Unternehmen \u00fcber 50 Dampfschiffe, die alle im Ersten Weltkrieg zerst\u00f6rt wurden. <\/p>\n<p>Das Unternehmen beginnt 1920 mit dem Wiederaufbau und gr\u00fcndet eine Kreuzfahrtgesellschaft. 1939 verf\u00fcgt die Hamburg S\u00fcd mit insgesamt 52 Schiffen \u00fcber die gr\u00f6\u00dfte Flotte der Welt.<\/p>\n<p>Der Zweite Weltkrieg bedeutete erneut den Totalverlust der Flotte des Unternehmens. Langsam nahm die Hamburg S\u00fcd das Kreuzfahrtgesch\u00e4ft wieder auf und diversifizierte in die Trampschifffahrt. Sie begann mit der Tanker- und K\u00fchlschifffahrt und stieg 1971 in die <a href=\"https:\/\/moverdb.com\/de\/container-shipping\/\" data-internallinksmanager029f6b8e52c=\"3\" title=\"Chart der internationalen Containerschifffahrtsraten: Mai 2026\">Containerschifffahrt<\/a>.<\/p>\n<p>Das Unternehmen geh\u00f6rt heute zu den zehn gr\u00f6\u00dften Containerschifffahrtsunternehmen der Welt. Es hat 127 <a href=\"https:\/\/moverdb.com\/de\/top-10-largest-container-ships-in-2022\/\" data-internallinksmanager029f6b8e52c=\"84\" title=\"Top 10 der gr\u00f6\u00dften Containerschiffe im Jahr 2026\">Containerschiffe<\/a> mit einer Stellplatzkapazit\u00e4t von \u00fcber 600.000 TEU und 50 Liniendiensten. Die Hamburg S\u00fcd besch\u00e4ftigt \u00fcber 6.000 Mitarbeiter in 250 B\u00fcros weltweit.<\/p>\n<p>Die Hamburg S\u00fcd verf\u00fcgt \u00fcber die folgenden Akkreditierungen und Zugeh\u00f6rigkeiten:<\/p>\n<ul>\n<li> <a href=\"https:\/\/moverdb.com\/de\/weltschifffahrtsrat\/\">Weltschifffahrtsrat<\/a> (<a href=\"https:\/\/moverdb.com\/de\/world-shipping-council\/\" data-internallinksmanager029f6b8e52c=\"82\" title=\"Der Weltschifffahrtsrat (WSC) erkl\u00e4rt\">WSC<\/a>)<\/li>\n<li> Arbeitsgruppe f\u00fcr saubere Ladung (CCWG)<\/li>\n<li> <a href=\"https:\/\/moverdb.com\/de\/moving-to-the-united-states\/\" data-internallinksmanager029f6b8e52c=\"94\" title=\"Umzug in die Vereinigten Staaten? 2026 Lebenshaltungskosten &amp; Umzugstipps\">US<\/a> Umweltschutzbeh\u00f6rde (EPA)<\/li>\n<li> Verband Deutscher Reeder (VDR)<\/li>\n<li> Sicherheitszertifikat f\u00fcr den internationalen Versand (ISSC)<\/li>\n<li> Beirat f\u00fcr EIPP-Standards<\/li>\n<\/ul>\n<p><strong>Hamburg S\u00fcd-Gruppe Bewertungen<\/strong><\/p>\n<p><em>Zum Zeitpunkt der Erstellung dieses Berichts konnten wir weder positive noch negative Bewertungen f\u00fcr die Schifffahrtsdienste der Hamburg S\u00fcd online finden.<\/em><\/p>\n<p><strong><\/p>\n<div itemprop=\"review\" itemscope itemtype=\"http:\/\/schema.org\/Review\">\n<span itemprop=\"author\" itemscope=\"\" itemtype=\"http:\/\/schema.org\/Organization\"><span itemprop=\"name\">MoverDB.com<\/span><\/span> Online Website \u00dcberpr\u00fcfung f\u00fcr <span itemprop=\"itemreviewed\" itemscope=\"\" itemtype=\"http:\/\/schema.org\/Brand\"><span itemprop=\"name\">Hamburg S\u00fcd<\/span><\/span>:<\/strong><\/p>\n<ol>\n<li> Klare Kontaktangaben auf der Website (einschlie\u00dflich Telefonnummer): <strong>Ja<\/strong><\/li>\n<li> Einfaches Einholen von Kostenvoranschl\u00e4gen f\u00fcr den internationalen Versand? (Online-Formular f\u00fcr Kostenvoranschl\u00e4ge): <strong>Irgendwie<\/strong>m\u00fcssen Sie sich registrieren, um eine neue Buchung vorzunehmen.<\/li>\n<li> Klare Informationen auf der Website: <strong>Ja,<\/strong> Auf der Website werden alle von der Firma angebotenen Dienstleistungen klar dargestellt.<\/li>\n<li> Mitgliedschaft in international anerkannten Schifffahrtsorganisationen: <strong>Ja<\/strong>, siehe oben.<\/li>\n<li> Liste der Kunden und\/oder Zeugnisse von fr\u00fcheren Kunden. <strong>Nein,<\/strong> aber sie f\u00fchren die vielen Auszeichnungen auf, die sie gewonnen haben.<\/li>\n<\/ol>\n<div itemprop=\"reviewRating\" itemscope itemtype=\"http:\/\/schema.org\/Rating\"><meta itemprop=\"worstRating\" content = \"0\" \/><meta itemprop=\"bestRating\" content=\"5\" \/><meta itemprop=\"ratingValue\" content=\"4\"><\/div>\n<p><strong>Gesamtbewertung: 4\/5<\/strong><br \/>\n<strong>Datum der \u00dcberpr\u00fcfung:<\/strong> <span itemprop=\"datePublished\" content=\"2017-04-27\">27\/04\/2017<\/span>\n<\/div>\n<p>Mehr \u00fcber andere <a href=\"https:\/\/moverdb.com\/de\/reedereien\/\">internationale Reedereien<\/a>, <a href=\"https:\/\/moverdb.com\/de\/containerschifffahrt\/\">Containerfrachtraten<\/a> und unsere <a href=\"https:\/\/moverdb.com\/de\/bewertungen\/\">\u00dcberpr\u00fcfungsprozess<\/a>.<\/p>\n<p><strong>Website:<\/strong> <a href=\"http:\/\/www.hamburgsud.com\" target=\"_blank\" rel=\"noopener\">http:\/\/www.hamburgsud.com<\/a><\/p>","protected":false},"excerpt":{"rendered":"<p>Hamburg S\u00fcd is a German shipping company which offers its customers a range of services. These are listed below together with a company profile and reviews. (Note: Maersk Line is in the process of buying the company). International Container Shipping Planning by experts Door to door Intermodal services available Dry Cargo Hazardous Cargo Each request [&hellip;]<\/p>\n","protected":false},"author":1,"featured_media":0,"parent":0,"menu_order":0,"comment_status":"closed","ping_status":"closed","template":"","meta":{"_genesis_hide_title":false,"_genesis_hide_breadcrumbs":false,"_genesis_hide_singular_image":false,"_genesis_hide_footer_widgets":false,"_genesis_custom_body_class":"","_genesis_custom_post_class":"","_genesis_layout":"","footnotes":""},"class_list":{"0":"post-1614","1":"page","2":"type-page","3":"status-publish","5":"entry"},"_links":{"self":[{"href":"https:\/\/moverdb.com\/de\/wp-json\/wp\/v2\/pages\/1614","targetHints":{"allow":["GET"]}}],"collection":[{"href":"https:\/\/moverdb.com\/de\/wp-json\/wp\/v2\/pages"}],"about":[{"href":"https:\/\/moverdb.com\/de\/wp-json\/wp\/v2\/types\/page"}],"author":[{"embeddable":true,"href":"https:\/\/moverdb.com\/de\/wp-json\/wp\/v2\/users\/1"}],"replies":[{"embeddable":true,"href":"https:\/\/moverdb.com\/de\/wp-json\/wp\/v2\/comments?post=1614"}],"version-history":[{"count":4,"href":"https:\/\/moverdb.com\/de\/wp-json\/wp\/v2\/pages\/1614\/revisions"}],"predecessor-version":[{"id":6217,"href":"https:\/\/moverdb.com\/de\/wp-json\/wp\/v2\/pages\/1614\/revisions\/6217"}],"wp:attachment":[{"href":"https:\/\/moverdb.com\/de\/wp-json\/wp\/v2\/media?parent=1614"}],"curies":[{"name":"wp","href":"https:\/\/api.w.org\/{rel}","templated":true}]}}