{"id":1610,"date":"2017-04-24T11:17:52","date_gmt":"2017-04-24T11:17:52","guid":{"rendered":"http:\/\/moverdb.com\/?page_id=1610"},"modified":"2026-01-08T13:18:28","modified_gmt":"2026-01-08T13:18:28","slug":"hapag-lloyd","status":"publish","type":"page","link":"https:\/\/moverdb.com\/de\/hapag-lloyd\/","title":{"rendered":"Hapag-Lloyd - Internationale Schifffahrtsdienste &amp; Bewertungen"},"content":{"rendered":"<p>Hapag-Lloyd ist ein weltweites <a href=\"https:\/\/moverdb.com\/de\/shipping-companies\/\" data-internallinksmanager029f6b8e52c=\"4\" title=\"Top 10 der internationalen Containerschifffahrtsunternehmen\">Schifffahrtsgesellschaft<\/a> mit Hauptsitz in Hamburg, <a href=\"https:\/\/moverdb.com\/de\/moving-to-germany\/\" data-internallinksmanager029f6b8e52c=\"321\" title=\"Umzug nach Deutschland? 2026 Lebenshaltungskosten &amp; Umzugstipps\">Deutschland<\/a>. Es bietet seinen Kunden eine breite Palette von Versand- und Logistikl\u00f6sungen. Diese sind im Folgenden zusammen mit einem Unternehmensprofil und Bewertungen aufgef\u00fchrt.<\/p>\n<h3>Internationaler Versand<\/h3>\n<p><strong>Trockenfracht<\/strong><\/p>\n<ul>\n<li> Breite Palette an Containerl\u00f6sungen<\/li>\n<li> Schnelle Transitzeiten<\/li>\n<li> Termintreue auf den Punkt<\/li>\n<li> Service von T\u00fcr zu T\u00fcr angeboten<\/li>\n<li> Chemikalientransporte, Einhaltung der Vorschriften<\/li>\n<\/ul>\n<p><strong>K\u00fchltransporte<\/strong><\/p>\n<ul>\n<li> Obst, Gem\u00fcse, Fleisch, Fisch, Blumen<\/li>\n<li> Hochwertige pharmazeutische Produkte<\/li>\n<li> Kontrollierte Atmosph\u00e4re<\/li>\n<li> ExtraFresh- und EverFresh-Technologie zur Reduzierung der Kondensation<\/li>\n<li> Professionelle Abfertiger<\/li>\n<\/ul>\n<p><strong>Gef\u00e4hrliche G\u00fcter<\/strong><\/p>\n<ul>\n<li> Personalisierte L\u00f6sungen f\u00fcr jeden komplexen Gefahrguttransport<\/li>\n<li> 24\/7-Unterst\u00fctzung durch Gefahrgutexperten in allen regionalen Hauptb\u00fcros (Hamburg, Valparaiso, Piscataway und <a href=\"https:\/\/moverdb.com\/de\/moving-to-singapore\/\" data-internallinksmanager029f6b8e52c=\"68\" title=\"Umzug nach Singapur? 2026 Lebenshaltungskosten &amp; Umzugstipps\">Singapur<\/a>)<\/li>\n<li> Mehrere Gefahrgutexperten auf Abruf an den Wochenenden<\/li>\n<li> Schnelle und zuverl\u00e4ssige Buchungspr\u00fcfung zur Sicherstellung internationaler rechtlicher Anforderungen und eines reibungslosen Warentransports<\/li>\n<li> Ordnungsgem\u00e4\u00dfe Stauung und Trennung an Bord zur Gew\u00e4hrleistung einer sicheren Seereise f\u00fcr die gesamte Ladung<\/li>\n<li> Gegebenenfalls Anwendung von Ma\u00dfnahmen zur sicheren Bef\u00f6rderung, die \u00fcber die Anforderungen des IMDG-Codes hinausgehen<\/li>\n<\/ul>\n<p><strong>Besondere Fracht<\/strong><\/p>\n<ul>\n<li> Spezialisiertes Team<\/li>\n<li> Breakbulk - Experten planen \u00fcberdimensionale Projekte<\/li>\n<\/ul>\n<p><strong>Beh\u00e4ltnisse<\/strong><\/p>\n<ul>\n<li> ISO-Anforderungen erf\u00fcllen<\/li>\n<li> Trockenfracht - Standard, Standard High Cube, Standard Hardtop, Standard High Cube Hardtop<\/li>\n<li> Reefer Cargo - Temperaturerhaltung von -35\u00b0C bis +30\u00b0C<\/li>\n<li> Geringes Eigengewicht = hohe Nutzlast<\/li>\n<li> Special Cargo - Flatrack\/Plattform, Flatrack High Cube, Open Top\/Hardtop, Open Top High Cube, Hardtop High Cube.<\/li>\n<\/ul>\n<p><strong>Kreuzfahrten<\/strong><\/p>\n<ul>\n<li> 125 Jahre Erfahrung<\/li>\n<li> Weltweite Kreuzfahrten<\/li>\n<\/ul>\n<h2>Hapag-Lloyd Unternehmensprofil<\/h2>\n<p>Hapag-Lloyd wurde 1970 durch den Zusammenschluss der Hamburg-Amerikanischen Packetfahrt-Actien-Gesellschaft (Hapag) und des Norddeutschen Lloyd gegr\u00fcndet. Beide Unternehmen begannen Mitte des neunzehnten Jahrhunderts mit der Auswanderung aus Europa in die <a href=\"https:\/\/moverdb.com\/de\/moving-to-the-united-states\/\" data-internallinksmanager029f6b8e52c=\"94\" title=\"Umzug in die Vereinigten Staaten? 2026 Lebenshaltungskosten &amp; Umzugstipps\">Vereinigte Staaten<\/a> ernsthaft begonnen.<\/p>\n<p>Heute bedient Hapag-Lloyd M\u00e4rkte und Kunden auf der ganzen Welt und verf\u00fcgt \u00fcber ein umfangreiches Liniennetz, das die ganze Welt miteinander verbindet. Das Unternehmen verf\u00fcgt \u00fcber 190 Schiffe, die durchschnittlich 7,4 TEU pro Jahr transportieren. Das Unternehmen besch\u00e4ftigt rund 9 300 Mitarbeiter und verf\u00fcgt \u00fcber 600 Niederlassungen in 120 L\u00e4ndern weltweit. <\/p>\n<p>Die Hapag-Lloyd-Flotte hat eine Gesamtkapazit\u00e4t von 955.000 TEU und einen Containerbestand von 1,5 Millionen TEU. Sie verf\u00fcgt \u00fcber eine der gr\u00f6\u00dften und modernsten K\u00fchlcontainerflotten der Welt.<\/p>\n<p>Hapag-Lloyd hat die folgenden Akkreditierungen und Mitgliedschaften:<\/p>\n<ul>\n<li> Internationales Zeugnis \u00fcber die Gefahrenabwehr f\u00fcr Schiffe (ISSC)<\/li>\n<li> Sicherheitsmanagement-Zertifikat (SMC)<\/li>\n<li> Seearbeits\u00fcbereinkommen (MLC)<\/li>\n<li> <a href=\"https:\/\/moverdb.com\/de\/weltschifffahrtsrat\/\">Weltschifffahrtsrat<\/a> (<a href=\"https:\/\/moverdb.com\/de\/world-shipping-council\/\" data-internallinksmanager029f6b8e52c=\"82\" title=\"Der Weltschifffahrtsrat (WSC) erkl\u00e4rt\">WSC<\/a>)<\/li>\n<\/ul>\n<h2>Hapag-Lloyd Schifffahrt Bewertungen<\/h2>\n<p><em>Zum Zeitpunkt der Erstellung dieses Berichts konnten wir keine Bewertungen f\u00fcr die Schifffahrtsdienste von Hapag-Lloyd online finden.<\/em>  <\/p>\n<p><strong><\/p>\n<div itemprop=\"review\" itemscope itemtype=\"http:\/\/schema.org\/Review\">\n<span itemprop=\"author\" itemscope=\"\" itemtype=\"http:\/\/schema.org\/Organization\"><span itemprop=\"name\">MoverDB.com<\/span><\/span> Online Website \u00dcberpr\u00fcfung f\u00fcr <span itemprop=\"itemreviewed\" itemscope=\"\" itemtype=\"http:\/\/schema.org\/Brand\"><span itemprop=\"name\">Hapag-Lloyd<\/span><\/span>:<\/strong><\/p>\n<ol>\n<li> Klare Kontaktangaben auf der Website (einschlie\u00dflich Telefonnummer): <strong>Ja<\/strong><\/li>\n<li> Leicht zu bekommen <a href=\"https:\/\/moverdb.com\/de\/container-shipping\/\" data-internallinksmanager029f6b8e52c=\"3\" title=\"Chart der internationalen Containerschifffahrtsraten: Mai 2026\">internationaler Versand<\/a> Kostenvoranschl\u00e4ge? (Online-Formular f\u00fcr Kostenvoranschl\u00e4ge): <strong>Ja<\/strong><\/li>\n<li> Klare Informationen auf der Website: <strong>Ja,<\/strong> Die Website ist sehr detailliert und gut gestaltet.<\/li>\n<li> Mitgliedschaft in international anerkannten Schifffahrtsorganisationen: <strong>Ja<\/strong>(siehe oben).<\/li>\n<li> Liste der Kunden und\/oder Zeugnisse von fr\u00fcheren Kunden. <strong>Nein,<\/strong> aber sie f\u00fchren Auszeichnungen und Zertifizierungen auf.<\/li>\n<\/ol>\n<div itemprop=\"reviewRating\" itemscope itemtype=\"http:\/\/schema.org\/Rating\"><meta itemprop=\"worstRating\" content = \"0\" \/><meta itemprop=\"bestRating\" content=\"5\" \/><meta itemprop=\"ratingValue\" content=\"4.5\"><\/div>\n<p><strong>Gesamtbewertung: 4.5\/5<\/strong><br \/>\n<strong>Datum der \u00dcberpr\u00fcfung:<\/strong> <span itemprop=\"datePublished\" content=\"2017-04-24\">24\/04\/2017<\/span>\n<\/div>\n<p>Mehr \u00fcber andere <a href=\"https:\/\/moverdb.com\/de\/reedereien\/\">internationale Reedereien<\/a>, <a href=\"https:\/\/moverdb.com\/de\/containerschifffahrt\/\">Kosten der Containerschifffahrt<\/a> und unsere <a href=\"https:\/\/moverdb.com\/de\/bewertungen\/\">\u00dcberpr\u00fcfungsprozess<\/a>.<\/p>\n<p><strong>Website:<\/strong> <a href=\"https:\/\/www.hapag-lloyd.com\/en\/home.html\" target=\"_blank\" rel=\"noopener\">https:\/\/www.hapag-lloyd.com\/en\/home.html<\/a><\/p>","protected":false},"excerpt":{"rendered":"<p>Hapag-Lloyd is a global shipping company with its head office in Hamburg, Germany. It offers its clients a wide range of shipping and logistics solutions. These are listed below together with a company profile and reviews. International Shipping Dry Cargo Broad range of container solutions Fast transit times On point schedule reliability Door to door [&hellip;]<\/p>\n","protected":false},"author":1,"featured_media":0,"parent":0,"menu_order":0,"comment_status":"closed","ping_status":"closed","template":"","meta":{"_genesis_hide_title":false,"_genesis_hide_breadcrumbs":false,"_genesis_hide_singular_image":false,"_genesis_hide_footer_widgets":false,"_genesis_custom_body_class":"","_genesis_custom_post_class":"","_genesis_layout":"","footnotes":""},"class_list":{"0":"post-1610","1":"page","2":"type-page","3":"status-publish","5":"entry"},"_links":{"self":[{"href":"https:\/\/moverdb.com\/de\/wp-json\/wp\/v2\/pages\/1610","targetHints":{"allow":["GET"]}}],"collection":[{"href":"https:\/\/moverdb.com\/de\/wp-json\/wp\/v2\/pages"}],"about":[{"href":"https:\/\/moverdb.com\/de\/wp-json\/wp\/v2\/types\/page"}],"author":[{"embeddable":true,"href":"https:\/\/moverdb.com\/de\/wp-json\/wp\/v2\/users\/1"}],"replies":[{"embeddable":true,"href":"https:\/\/moverdb.com\/de\/wp-json\/wp\/v2\/comments?post=1610"}],"version-history":[{"count":3,"href":"https:\/\/moverdb.com\/de\/wp-json\/wp\/v2\/pages\/1610\/revisions"}],"predecessor-version":[{"id":6218,"href":"https:\/\/moverdb.com\/de\/wp-json\/wp\/v2\/pages\/1610\/revisions\/6218"}],"wp:attachment":[{"href":"https:\/\/moverdb.com\/de\/wp-json\/wp\/v2\/media?parent=1610"}],"curies":[{"name":"wp","href":"https:\/\/api.w.org\/{rel}","templated":true}]}}