{"id":1592,"date":"2017-04-21T13:39:38","date_gmt":"2017-04-21T13:39:38","guid":{"rendered":"http:\/\/moverdb.com\/?page_id=1592"},"modified":"2026-01-08T14:40:07","modified_gmt":"2026-01-08T14:40:07","slug":"maersk","status":"publish","type":"page","link":"https:\/\/moverdb.com\/de\/maersk\/","title":{"rendered":"Maersk Line - Internationale Schifffahrtsdienste &amp; Bewertungen"},"content":{"rendered":"<p>Maersk Line ist Teil der A.P. Moller-Maersk Gruppe, einem weltweiten <a href=\"https:\/\/moverdb.com\/de\/shipping-companies\/\" data-internallinksmanager029f6b8e52c=\"4\" title=\"Top 10 der internationalen Containerschifffahrtsunternehmen\">Schifffahrtsgesellschaft<\/a> mit Sitz in Kopenhagen, <a href=\"https:\/\/moverdb.com\/de\/moving-to-denmark\/\" data-internallinksmanager029f6b8e52c=\"335\" title=\"Umzug nach D\u00e4nemark? 2026 Lebenshaltungskosten &amp; Umzugstipps\">D\u00e4nemark<\/a>. Es bietet seinen Kunden eine breite Palette von Dienstleistungen, die im Folgenden zusammen mit einem Unternehmensprofil und Bewertungen aufgef\u00fchrt sind.<\/p>\n<p><strong>Internationale Fracht- und Versanddienstleistungen<\/strong><\/p>\n<ul>\n<li> Trockenfracht<\/li>\n<li> Von T\u00fcr zu T\u00fcr<\/li>\n<li> 20\u2032 Container mit einer Nutzlast von bis zu 28,2 Tonnen<\/li>\n<li> 40\u2032 8\u2032 6\u2033 Container mit einer Nutzlast von bis zu 28,8 Tonnen<\/li>\n<li> 45\u2032 9\u2032 6\u2033 hoch mit einer Gesamtkapazit\u00e4t von 85 Kubikmetern<\/li>\n<li> B\u00fcgeltr\u00e4ger, die den Transport von Kleidungsst\u00fccken auf B\u00fcgeln ohne weitere Verpackung erm\u00f6glichen<\/li>\n<li> Zurrstangen und Zurrringe zur zus\u00e4tzlichen Sicherung Ihrer Ladung<\/li>\n<li> Lagerung verf\u00fcgbar<\/li>\n<li> Zollabfertigung<\/li>\n<\/ul>\n<p><strong>K\u00fchltransporte<\/strong><\/p>\n<ul>\n<li> Gek\u00fchlte Versandbeh\u00e4lter<\/li>\n<li> Von T\u00fcr zu T\u00fcr<\/li>\n<li> Sorgf\u00e4ltiger G\u00fcterumschlag zur Gew\u00e4hrleistung der Frische der Erzeugnisse<\/li>\n<li> Einzigartiges Containerdesign gew\u00e4hrleistet maximale Nutzlast<\/li>\n<li> Reduzierte CO2-Emissionen<\/li>\n<li> Optimale Produkttemperatur<\/li>\n<li> Geringerer Energieverbrauch<\/li>\n<li> 3 Typen von K\u00fchlcontainern mit einem Laderaum von 27 bis 67 CBM<\/li>\n<li> Zollabfertigung<\/li>\n<\/ul>\n<p><strong>Besondere Fracht<\/strong><\/p>\n<ul>\n<li> Termingerechte Lieferung von Out of Gauge, In Gauge und Break Bulk Fracht<\/li>\n<li> P\u00fcnktliche Lieferung Ihrer Spezialfracht rund um den Globus<\/li>\n<li> Spezialfrachtexperten in allen Zeitzonen f\u00fcr Ihre sofortige Reaktion und Unterst\u00fctzung<\/li>\n<li> Eine hochmoderne Flotte von Flat Racks und Open Tops, die jederzeit und \u00fcberall verf\u00fcgbar sind<\/li>\n<li> Von T\u00fcr zu T\u00fcr<\/li>\n<li> Lagerung verf\u00fcgbar<\/li>\n<li> Zollabfertigung<\/li>\n<\/ul>\n<p><strong>Inlandstransportdienste<\/strong><\/p>\n<ul>\n<li> Full-Service-Transportl\u00f6sung<\/li>\n<li> Von T\u00fcr zu T\u00fcr<\/li>\n<li> P\u00fcnktliche Abholung und Zustellung<\/li>\n<li> Gro\u00dfes Netz von Qualit\u00e4ts-Transportanbietern<\/li>\n<li> One-Stop-Shopping f\u00fcr Ihren Land- und Seetransportbedarf<\/li>\n<li> St\u00e4ndige \u00dcberwachung und Qualit\u00e4tssicherung<\/li>\n<li> Versicherung abgeschlossen<\/li>\n<\/ul>\n<p><strong>Verkauf von gebrauchten Containern<\/strong><\/p>\n<ul>\n<li> Verwendung als Lager, B\u00fcro, Haus, sogar als Schwimmbad<\/li>\n<li> Zugang zu den Best\u00e4nden, die Ihren Bed\u00fcrfnissen entsprechen<\/li>\n<li> Ein ausgedehntes Netz von Gebrauchtcontainern<\/li>\n<li> Einfache Systeme zur Einhaltung Ihres Abholplans<\/li>\n<li> Garantierte Containerqualit\u00e4t<\/li>\n<\/ul>\n<h2>Maersk-Linie<\/h2>\n<p>Maersk Line wurde im Jahr 1928 gegr\u00fcndet. Maersk Line ist im Besitz der A.P. Moller-Maersk Gruppe und eines der weltweit gr\u00f6\u00dften <a href=\"https:\/\/moverdb.com\/de\/reedereien\/\">gr\u00f6\u00dfte Containerschifffahrtsgesellschaft<\/a>bekannt f\u00fcr seine Flexibilit\u00e4t, Zuverl\u00e4ssigkeit und \u00f6koeffizienten Dienstleistungen. <\/p>\n<p>Der Hauptsitz des Unternehmens befindet sich in Kopenhagen, D\u00e4nemark. Das Unternehmen verf\u00fcgt \u00fcber 630 Schiffe mit einer Kapazit\u00e4t von 3,3 Millionen TEU, die 59.000 Kunden weltweit bedienen.<\/p>\n<p>Im vergangenen Jahr verschiffte Maersk etwa 12 Millionen Container rund um den Globus und lief 46.000 H\u00e4fen in 343 L\u00e4ndern an. <a href=\"https:\/\/moverdb.com\/de\/top-49-container-ports\/\" data-internallinksmanager029f6b8e52c=\"80\" title=\"Top 49 der gr\u00f6\u00dften und verkehrsreichsten Containerh\u00e4fen im Jahr 2025\">H\u00e4fen<\/a> in 121 L\u00e4ndern. Maersk bietet t\u00e4glich mehrere Abfahrten auf allen wichtigen Schifffahrtsrouten an. Damit alles reibungslos funktioniert, besch\u00e4ftigt das Unternehmen 7.000 Seeleute und 25.000 Mitarbeiter an Land in 374 B\u00fcros auf der ganzen Welt.<\/p>\n<p>Maersk engagiert sich f\u00fcr die Gemeinschaft und unterst\u00fctzt weltweit Projekte, die unter drei globale Programme fallen: Katastrophenhilfe und -vorsorge, Umweltschutz und F\u00f6rderung des Unternehmertums in unterprivilegierten Gemeinden.<\/p>\n<p>Maersk Line verf\u00fcgt \u00fcber die folgenden Akkreditierungen und Zugeh\u00f6rigkeiten:<\/p>\n<ul>\n<li> Internationale Vereinigung f\u00fcr Luft- und Schifffahrt (IASA)<\/li>\n<li> <a href=\"https:\/\/moverdb.com\/de\/internationale-kammer-schifffahrt\/\">Die Internationale Schifffahrtskammer<\/a> (<a href=\"https:\/\/moverdb.com\/de\/international-chamber-shipping\/\" data-internallinksmanager029f6b8e52c=\"78\" title=\"Die International Chamber of Shipping (ICS) erkl\u00e4rt\">ICS<\/a>)<\/li>\n<li> Globale Allianz der WTO f\u00fcr Handelserleichterungen<\/li>\n<li> Schutz des menschlichen Lebens auf See (SOLAS)<\/li>\n<li> Die F\u00f6deration der nationalen Verb\u00e4nde der Schiffsmakler und -agenten (FONASBA)<\/li>\n<\/ul>\n<h2>Maersk Line Company Bewertungen<\/h2>\n<p><em>Zum Zeitpunkt der Erstellung dieses Berichts konnten wir keine Online-Bewertungen f\u00fcr die Schifffahrtsdienste von Maersk Line finden.<\/em><\/p>\n<p><strong><\/p>\n<div itemprop=\"review\" itemscope itemtype=\"http:\/\/schema.org\/Review\">\n<span itemprop=\"author\" itemscope=\"\" itemtype=\"http:\/\/schema.org\/Organization\"><span itemprop=\"name\">MoverDB.com<\/span><\/span> Online Website \u00dcberpr\u00fcfung f\u00fcr <span itemprop=\"itemreviewed\" itemscope=\"\" itemtype=\"http:\/\/schema.org\/Brand\"><span itemprop=\"name\">Maersk-Linie<\/span><\/span>:<\/strong><\/p>\n<ol>\n<li> Klare Kontaktangaben auf der Website (einschlie\u00dflich Telefonnummer): <strong>Ja<\/strong><\/li>\n<li> Leicht zu bekommen <a href=\"https:\/\/moverdb.com\/de\/container-shipping\/\" data-internallinksmanager029f6b8e52c=\"3\" title=\"Chart der internationalen Containerschifffahrtsraten: April 2026\">internationaler Versand<\/a> Kostenvoranschl\u00e4ge? (Online-Formular f\u00fcr Kostenvoranschl\u00e4ge): <strong>Ja<\/strong><\/li>\n<li> Klare Informationen auf der Website: <strong>Ja,<\/strong> Auf der Website werden alle von der Firma angebotenen Dienstleistungen klar dargestellt<\/li>\n<li> Mitgliedschaft in international anerkannten Schifffahrtsorganisationen: <strong>Ja<\/strong>aber nicht viele sind auf ihrer Website aufgef\u00fchrt.<\/li>\n<li> Liste der Kunden und\/oder Zeugnisse von fr\u00fcheren Kunden. <strong>Nein,<\/strong> auf ihrer Website sind keine aufgef\u00fchrt.<\/li>\n<\/ol>\n<div itemprop=\"reviewRating\" itemscope itemtype=\"http:\/\/schema.org\/Rating\"><meta itemprop=\"worstRating\" content = \"0\" \/><meta itemprop=\"bestRating\" content=\"5\" \/><meta itemprop=\"ratingValue\" content=\"4\"><\/div>\n<p><strong>Gesamtbewertung: 4\/5<\/strong><br \/>\n<strong>Datum der \u00dcberpr\u00fcfung:<\/strong> <span itemprop=\"datePublished\" content=\"2017-04-21\">21\/04\/2017<\/span>\n<\/div>\n<p>Mehr \u00fcber andere <a href=\"https:\/\/moverdb.com\/de\/reedereien\/\">internationale Reedereien<\/a>, <a href=\"https:\/\/moverdb.com\/de\/containerschifffahrt\/\">Containerfrachtraten<\/a> und unsere <a href=\"https:\/\/moverdb.com\/de\/bewertungen\/\">\u00dcberpr\u00fcfungsprozess<\/a>.<\/p>\n<p><strong>Website:<\/strong> <a href=\"https:\/\/www2.maerskline.com\/\" target=\"_blank\" rel=\"noopener\">https:\/\/www2.maerskline.com\/<\/a><\/p>","protected":false},"excerpt":{"rendered":"<p>Maersk Line, is part of A.P. Moller\u2013Maersk Group, a worldwide shipping company based in Copenhagen, Denmark. It offers its customers a wide range of services which are listed below, together with a company profile and reviews. International Freight and Shipping Services Dry Cargo Door to door 20&#8242; containers with payload up to 28.2 metric tons [&hellip;]<\/p>\n","protected":false},"author":1,"featured_media":0,"parent":0,"menu_order":0,"comment_status":"closed","ping_status":"closed","template":"","meta":{"_genesis_hide_title":false,"_genesis_hide_breadcrumbs":false,"_genesis_hide_singular_image":false,"_genesis_hide_footer_widgets":false,"_genesis_custom_body_class":"","_genesis_custom_post_class":"","_genesis_layout":"","footnotes":""},"class_list":{"0":"post-1592","1":"page","2":"type-page","3":"status-publish","5":"entry"},"_links":{"self":[{"href":"https:\/\/moverdb.com\/de\/wp-json\/wp\/v2\/pages\/1592","targetHints":{"allow":["GET"]}}],"collection":[{"href":"https:\/\/moverdb.com\/de\/wp-json\/wp\/v2\/pages"}],"about":[{"href":"https:\/\/moverdb.com\/de\/wp-json\/wp\/v2\/types\/page"}],"author":[{"embeddable":true,"href":"https:\/\/moverdb.com\/de\/wp-json\/wp\/v2\/users\/1"}],"replies":[{"embeddable":true,"href":"https:\/\/moverdb.com\/de\/wp-json\/wp\/v2\/comments?post=1592"}],"version-history":[{"count":7,"href":"https:\/\/moverdb.com\/de\/wp-json\/wp\/v2\/pages\/1592\/revisions"}],"predecessor-version":[{"id":13172,"href":"https:\/\/moverdb.com\/de\/wp-json\/wp\/v2\/pages\/1592\/revisions\/13172"}],"wp:attachment":[{"href":"https:\/\/moverdb.com\/de\/wp-json\/wp\/v2\/media?parent=1592"}],"curies":[{"name":"wp","href":"https:\/\/api.w.org\/{rel}","templated":true}]}}