{"id":1590,"date":"2017-01-25T12:24:31","date_gmt":"2017-01-25T12:24:31","guid":{"rendered":"http:\/\/moverdb.com\/?page_id=1590"},"modified":"2026-01-08T15:20:28","modified_gmt":"2026-01-08T15:20:28","slug":"nippon-express","status":"publish","type":"page","link":"https:\/\/moverdb.com\/de\/nippon-express\/","title":{"rendered":"Nippon Express - Internationale Umz\u00fcge und Umzugsbewertungen"},"content":{"rendered":"<p>Nippon Express hat seinen Sitz in Tokio, <a href=\"https:\/\/moverdb.com\/de\/moving-to-japan\/\" data-internallinksmanager029f6b8e52c=\"342\" title=\"Umzug nach Japan? 2026 Lebenshaltungskosten &amp; Umzugstipps\">Japan<\/a>. Es bietet seinen Kunden eine Vielzahl von Umzugsdienstleistungen an. Diese sind im Folgenden zusammen mit einem Unternehmensprofil und Bewertungen aufgef\u00fchrt.<\/p>\n<p><strong>Internationale Umz\u00fcge<\/strong><\/p>\n<ul>\n<li> Pers\u00f6nlicher Umzugsmanager<\/li>\n<li> Dienst von T\u00fcr zu T\u00fcr<\/li>\n<li> Unterst\u00fctzung bei Zoll und Dokumentation<\/li>\n<li> Kompletter Verpackungsservice, nur zerbrechliche Gegenst\u00e4nde oder Do-it-yourself-Verpackung<\/li>\n<li> Demontage und Wiedermontage von M\u00f6beln<\/li>\n<li> Auspackservice<\/li>\n<li> Beseitigung von Tr\u00fcmmern<\/li>\n<li> Lang- und kurzfristige Lagerung<\/li>\n<li> Umzug mit dem Auto<\/li>\n<li> Motorr\u00e4der<\/li>\n<li> Klaviere<\/li>\n<\/ul>\n<p><strong>Umzugsdienste - Nach Japan<\/strong><\/p>\n<ul>\n<li> Umzugsberatung<\/li>\n<li> Orientierung'<\/li>\n<li> Suche zu Hause<\/li>\n<li> Internationaler Umzug im Inland<\/li>\n<li> Schule suchen<\/li>\n<li> Auszugsservice, d. h. Beendigung des Mietverh\u00e4ltnisses, Abmeldung von Telefon und Strom, Nachsendung der Post<\/li>\n<\/ul>\n<p><strong>Inlandsumz\u00fcge - innerhalb Japans<\/strong><\/p>\n<ul>\n<li> Dienst von T\u00fcr zu T\u00fcr<\/li>\n<li> Vollverpackung, Teilverpackung oder DIY-Verpackung<\/li>\n<li> Demontage und Wiedermontage von M\u00f6beln<\/li>\n<li> Auspackservice<\/li>\n<li> Beseitigung von Tr\u00fcmmern<\/li>\n<li> Lang- und kurzfristige Lagerung m\u00f6glich<\/li>\n<li> Versicherung abgeschlossen<\/li>\n<\/ul>\n<p><strong>Frachttransport<\/strong><\/p>\n<ul>\n<li> Allgemeine G\u00fcter und Komponenten<\/li>\n<li> Sch\u00f6ne Kunst und Antiquit\u00e4ten<\/li>\n<li> Fachmessen und Ausstellungen<\/li>\n<\/ul>\n<h2>Nippon Express Unternehmensprofil<\/h2>\n<p>Nippon Express ist einer der f\u00fchrenden <a href=\"https:\/\/moverdb.com\/de\/moving-companies\/\" data-internallinksmanager029f6b8e52c=\"79\" title=\"Top 25 Internationale Umzugsunternehmen Online\">Umzugsunternehmen<\/a> f\u00fcr Umz\u00fcge von Einzelpersonen und Unternehmen in und um Japan. Das Unternehmen ist spezialisiert auf Firmen- und Regierungsumz\u00fcge f\u00fcr Angestellte und deren Familien, die in Japan ein- und ausreisen. Nippon Express ist auch bekannt f\u00fcr seine globalen <a href=\"https:\/\/moverdb.com\/de\/spediteur\/\">Spedition<\/a> Know-how, Waren in die ganze Welt zu transportieren.<\/p>\n<p>Nippon Express wurde 1937 als staatliches Unternehmen 53% gegr\u00fcndet. Nach dem Zweiten Weltkrieg wurde das Unternehmen privatisiert. Im Jahr 1949 begann das Unternehmen mit der internationalen Spedition und agierte als Agent f\u00fcr verschiedene internationale Fluggesellschaften. Im Jahr 1958 er\u00f6ffnete Nippon Express sein erstes \u00dcberseeb\u00fcro in <a href=\"https:\/\/moverdb.com\/de\/umzug-nach-nyc\/\">New York<\/a>Im Jahr 1991 gab es 97 B\u00fcros in der <a href=\"https:\/\/moverdb.com\/de\/moving-to-the-united-states\/\" data-internallinksmanager029f6b8e52c=\"94\" title=\"Umzug in die Vereinigten Staaten? 2026 Lebenshaltungskosten &amp; Umzugstipps\">Vereinigte Staaten<\/a>. <\/p>\n<p>Im Jahr 1973 kaufte das Unternehmen sein erstes <a href=\"https:\/\/moverdb.com\/de\/reedereien\/\">Containerschiff<\/a> und nahm einen Frachtdienst zwischen Tokio und Tomakomai auf.<\/p>\n<p>Heute hat Nippon Express Niederlassungen und Einrichtungen in 260 St\u00e4dten in 42 L\u00e4ndern und besch\u00e4ftigt 36.700 Mitarbeiter in Japan und weitere 16.000 in \u00dcbersee.<\/p>\n<p>Nippon Express verf\u00fcgt \u00fcber die folgenden Akkreditierungen und Mitgliedschaften:<\/p>\n<ul>\n<li> <a href=\"https:\/\/moverdb.com\/de\/fidi-faim\/\">FIDI<\/a><\/li>\n<li> <a href=\"https:\/\/moverdb.com\/de\/ich-bin\/\">Internationaler Verband der M\u00f6belspediteure<\/a> (<a href=\"https:\/\/moverdb.com\/de\/iam\/\" data-internallinksmanager029f6b8e52c=\"23\" title=\"International Association of Movers (IAM) erkl\u00e4rt\">IAM<\/a>)<\/li>\n<li> ISO 9001<\/li>\n<li> <a href=\"https:\/\/moverdb.com\/de\/iata\/\">IATA<\/a><\/li>\n<\/ul>\n<h2>Nippon Express Bewertungen<\/h2>\n<p><strong>Positiv:<\/strong><\/p>\n<ul>\n<li> <em>\"Wie es sich f\u00fcr Japaner geh\u00f6rt, sind sie h\u00f6flich und respektvoll - sie ziehen sich sogar die Schuhe aus, um Ihre Sachen ins Haus zu bringen! Es gibt keinen Unfug - sie arbeiten sich den Arsch ab, machen eine Pause, dann geht es gleich weiter und sie h\u00f6ren nicht auf, bis die Arbeit erledigt ist.\"<\/em> - KK W \u00fcber <a href=\"https:\/\/www.yelp.co.uk\/biz\/nippon-express-usa-el-segundo?hrid=ilixQzfFmyj3IAX32d0E-A&#038;utm_campaign=www_review_share_popup&#038;utm_medium=copy_link&#038;utm_source=(direct)\" target=\"_blank\" rel=\"noopener\">Yelp<\/a><\/li>\n<\/ul>\n<p><strong>Negativ:<\/strong><\/p>\n<p><em>Wir konnten keine negativen Bewertungen f\u00fcr Nippon Express online finden.<\/em><\/p>\n<div itemprop=\"review\" itemscope itemtype=\"http:\/\/schema.org\/Review\">\n<span itemprop=\"author\" itemscope=\"\" itemtype=\"http:\/\/schema.org\/Organization\"><span itemprop=\"name\">MoverDB.com<\/span><\/span> Online Website \u00dcberpr\u00fcfung f\u00fcr <span itemprop=\"itemreviewed\" itemscope=\"\" itemtype=\"http:\/\/schema.org\/Brand\"><span itemprop=\"name\">Nippon Express<\/span><\/span>:<\/p>\n<ol>\n<li> Klare Kontaktangaben auf der Website (einschlie\u00dflich Telefonnummer): <strong>Ja<\/strong><\/li>\n<li> Leicht zu bekommen <a href=\"https:\/\/moverdb.com\/de\/zitate\/\">Angebote f\u00fcr internationale Umz\u00fcge<\/a>? (Online-Formular f\u00fcr Kostenvoranschl\u00e4ge): <strong>Ja<\/strong><\/li>\n<li> Klare Informationen auf der Website: <strong>Ja,<\/strong> Ihre Websites sehen zwar etwas veraltet aus, aber sie geben einen \u00dcberblick \u00fcber alle ihre Dienstleistungen.<\/li>\n<li> Mitgliedschaft in international anerkannten Umzugsorganisationen: <strong>Ja<\/strong>(siehe oben)<\/li>\n<li> Liste der Kunden und\/oder Zeugnisse von fr\u00fcheren Kunden. <strong>Nein,<\/strong> aber sie haben einen sehr guten Ruf, der auf ihren Online-Bewertungen beruht.<\/li>\n<\/ol>\n<div itemprop=\"reviewRating\" itemscope itemtype=\"http:\/\/schema.org\/Rating\"><meta itemprop=\"worstRating\" content = \"0\" \/><meta itemprop=\"bestRating\" content=\"5\" \/><meta itemprop=\"ratingValue\" content=\"4.5\"><\/div>\n<p><strong>Gesamtbewertung: 4.5\/5<\/strong><br \/>\n<strong>Datum der \u00dcberpr\u00fcfung:<\/strong> <span itemprop=\"datePublished\" content=\"2017-01-25\">25\/01\/2017<\/span>\n<\/div>\n<p>Lesen Sie mehr \u00fcber <a href=\"https:\/\/moverdb.com\/de\/umzugsunternehmen\/\">internationale Umzugsunternehmen<\/a>und unser <a href=\"https:\/\/moverdb.com\/de\/bewertungen\/\">\u00dcberpr\u00fcfungsprozess<\/a>.<\/p>\n<p><strong>Websites:<\/strong> Global: <a href=\"http:\/\/www.nipponexpress.com\/\" target=\"_blank\" rel=\"noopener\">http:\/\/www.nipponexpress.com\/<\/a>, US: <a href=\"https:\/\/nipponexpressusa.com\/\" target=\"_blank\" rel=\"noopener\">https:\/\/nipponexpressusa.com\/<\/a> und <a href=\"https:\/\/moverdb.com\/de\/moving-to-the-uk\/\" data-internallinksmanager029f6b8e52c=\"93\" title=\"Umzug in das Vereinigte K\u00f6nigreich? 2026 Lebenshaltungskosten &amp; Umzugstipps\">UK<\/a>: <a href=\"http:\/\/www.nipponexpress.co.uk\/\" target=\"_blank\" rel=\"noopener\">http:\/\/www.nipponexpress.co.uk\/<\/a><\/p>","protected":false},"excerpt":{"rendered":"<p>Nippon Express is based in Tokyo, Japan. It offers its clients a variety of moving services. These are listed below together with a company profile and reviews. International Moves Personal move manager Door to door service Assistance with customs and documentation Full packing service, fragile items only or do-it-yourself packing Disassembly and reassembly of furniture [&hellip;]<\/p>\n","protected":false},"author":1,"featured_media":0,"parent":0,"menu_order":0,"comment_status":"closed","ping_status":"closed","template":"","meta":{"_genesis_hide_title":false,"_genesis_hide_breadcrumbs":false,"_genesis_hide_singular_image":false,"_genesis_hide_footer_widgets":false,"_genesis_custom_body_class":"","_genesis_custom_post_class":"","_genesis_layout":"","footnotes":""},"class_list":{"0":"post-1590","1":"page","2":"type-page","3":"status-publish","5":"entry"},"_links":{"self":[{"href":"https:\/\/moverdb.com\/de\/wp-json\/wp\/v2\/pages\/1590","targetHints":{"allow":["GET"]}}],"collection":[{"href":"https:\/\/moverdb.com\/de\/wp-json\/wp\/v2\/pages"}],"about":[{"href":"https:\/\/moverdb.com\/de\/wp-json\/wp\/v2\/types\/page"}],"author":[{"embeddable":true,"href":"https:\/\/moverdb.com\/de\/wp-json\/wp\/v2\/users\/1"}],"replies":[{"embeddable":true,"href":"https:\/\/moverdb.com\/de\/wp-json\/wp\/v2\/comments?post=1590"}],"version-history":[{"count":4,"href":"https:\/\/moverdb.com\/de\/wp-json\/wp\/v2\/pages\/1590\/revisions"}],"predecessor-version":[{"id":6226,"href":"https:\/\/moverdb.com\/de\/wp-json\/wp\/v2\/pages\/1590\/revisions\/6226"}],"wp:attachment":[{"href":"https:\/\/moverdb.com\/de\/wp-json\/wp\/v2\/media?parent=1590"}],"curies":[{"name":"wp","href":"https:\/\/api.w.org\/{rel}","templated":true}]}}