{"id":1578,"date":"2017-04-21T14:09:10","date_gmt":"2017-04-21T14:09:10","guid":{"rendered":"http:\/\/moverdb.com\/?page_id=1578"},"modified":"2026-01-08T14:40:13","modified_gmt":"2026-01-08T14:40:13","slug":"mittelmeer-schifffahrtsgesellschaft","status":"publish","type":"page","link":"https:\/\/moverdb.com\/de\/mediterranean-shipping-company\/","title":{"rendered":"Mediterranean Shipping Company - Internationale Dienstleistungen &amp; Bewertungen"},"content":{"rendered":"<p>Mittelmeer <a href=\"https:\/\/moverdb.com\/de\/shipping-companies\/\" data-internallinksmanager029f6b8e52c=\"4\" title=\"Top 10 der internationalen Containerschifffahrtsunternehmen\">Schifffahrtsgesellschaft<\/a> (MSC) bietet seinen Kunden eine breite Palette von Schifffahrts- und anderen Dienstleistungen an. Diese sind unten aufgef\u00fchrt, zusammen mit einem Unternehmensprofil und Bewertungen.<\/p>\n<h3>Internationaler Versand<\/h3>\n<p><strong>Trockenfracht<\/strong><\/p>\n<ul>\n<li> Standard 20ft, 40ft oder 40ft hohe W\u00fcrfelcontainer<\/li>\n<li> \u00dcbergro\u00dfe und St\u00fcckgutfracht<\/li>\n<li> W\u00f6chentlicher und regelm\u00e4\u00dfiger Versand zu weltweiten Zielen<\/li>\n<li> Zollabfertigung und Dokumentation<\/li>\n<\/ul>\n<p><strong>K\u00fchltransporte<\/strong><\/p>\n<ul>\n<li> Ma\u00dfgeschneiderte End-to-End-Transportl\u00f6sungen<\/li>\n<li> W\u00f6chentlicher und regelm\u00e4\u00dfiger Versand zu weltweiten Zielen<\/li>\n<li> Kompetenz im Transport von gek\u00fchlten und gefrorenen Waren<\/li>\n<li> Inspektion vor Fahrtantritt: <\/li>\n<li> Sicherstellen, dass der Beh\u00e4lter gereinigt wird, um Schmutz und Ger\u00fcche zu beseitigen<\/li>\n<li> Kontrolle, ob das Innere des Beh\u00e4lters den Lebensmittelspezifikationen entspricht<\/li>\n<li> Kontrollen, um sicherzustellen, dass die Maschinen nach Industriestandard funktionieren<\/li>\n<li> Vergewissern Sie sich, dass die Temperatur des Beh\u00e4lters auf den richtigen Punkt gesenkt wurde.<\/li>\n<li> Zollabfertigung und Dokumentation<\/li>\n<\/ul>\n<p><strong>Au\u00dferhalb der Spurweite und Breakbulk-Dienste<\/strong><\/p>\n<ul>\n<li> Expertenteam f\u00fcr Projektladungslogistik<\/li>\n<li> Beladen, Verzurren und Sichern der Ladung an Ihrem Ursprungsort <a href=\"https:\/\/moverdb.com\/de\/top-49-container-ports\/\" data-internallinksmanager029f6b8e52c=\"80\" title=\"Top 49 der gr\u00f6\u00dften und verkehrsreichsten Containerh\u00e4fen im Jahr 2025\">Hafen<\/a> oder ein nahe gelegenes Depot<\/li>\n<li> Abholung und Zustellung im Inland mit verschiedenen Ger\u00e4ten<\/li>\n<li> Organisation der Benachrichtigung von Polizei\/Binnentransport, falls erforderlich<\/li>\n<li> Stauerei, Hafenlashing und Hafenlagereinrichtungen<\/li>\n<li> Spezialisierte Ausr\u00fcstung<\/li>\n<li> Wettbewerbsf\u00e4hige Preise<\/li>\n<li> Zollabfertigung und Dokumentation<\/li>\n<\/ul>\n<p><strong>Intermodaler Transport<\/strong><\/p>\n<ul>\n<li> Von T\u00fcr zu T\u00fcr<\/li>\n<li> Von der Fabrik zum Verbraucher<\/li>\n<li> Kombination der zur Erf\u00fcllung der Lieferverpflichtungen verf\u00fcgbaren Verkehrsmittel<\/li>\n<\/ul>\n<p><strong>Container- und Frachtlagerung<\/strong><\/p>\n<ul>\n<li> Globales Netzwerk sowie Lagerhaltung und Lagerung<\/li>\n<li> Unterst\u00fctzung bei der Vernetzung des Vertriebs<\/li>\n<li> Umfassende Dienstleistungen und Einrichtungen f\u00fcr das Kommissionieren\/Verpacken, Entstapeln\/Palettieren und die Lagerung von Sch\u00fcttgut<\/li>\n<\/ul>\n<p><strong>Cross Trading<\/strong><\/p>\n<ul>\n<li> Verschiffung von jedem Ursprung zu jedem Ziel<\/li>\n<li> Trockenfracht<\/li>\n<li> K\u00fchltransporte<\/li>\n<li> Au\u00dferhalb der Spurweite<\/li>\n<li> Kostbare und gef\u00e4hrliche G\u00fcter<\/li>\n<li> Handhabung der Dokumentation<\/li>\n<li> Nachverfolgung<\/li>\n<li> Zollabfertigung<\/li>\n<\/ul>\n<p><strong>Fracht-Anh\u00e4nger<\/strong><\/p>\n<ul>\n<li> Starre<\/li>\n<li> Flachbett<\/li>\n<li> Kipper<\/li>\n<li> Tieflader<\/li>\n<li> Container-Lift-Anh\u00e4nger<\/li>\n<li> Stromaggregat-Anh\u00e4nger<\/li>\n<\/ul>\n<p><strong>Container-Ausr\u00fcstung<\/strong><\/p>\n<ul>\n<li> 20ft \/ 40ft Standard und High Cube Container<\/li>\n<li> 20ft \/ 40ft Open-Top-Container<\/li>\n<li> 20ft \/ 40ft und High Cube K\u00fchlcontainer<\/li>\n<li> 20ft \/ 40ft-Flatracks<\/li>\n<li> 20ft \/ 40ft Plattformen<\/li>\n<li> 20ft \/ 40ft Open-Top-Container<\/li>\n<\/ul>\n<h2>Mittelmeer-Schifffahrtsgesellschaft (MSC)<\/h2>\n<p>Die Mediterranean Shipping Company ist ein weltweit t\u00e4tiges Unternehmen in Privatbesitz. <a href=\"https:\/\/moverdb.com\/de\/reedereien\/\">internationale Schifffahrtsgesellschaft<\/a> das seit \u00fcber 40 Jahren besteht. Es wurde in Neapel von Gianluigi Aponte gegr\u00fcndet und wird noch immer von der Familie Aponte gef\u00fchrt. Der Hauptsitz des Unternehmens befindet sich in <a href=\"https:\/\/moverdb.com\/de\/moving-to-switzerland\/moving-to-geneva\/\" data-internallinksmanager029f6b8e52c=\"416\" title=\"Umzug nach Genf? 2026 Lebenshaltungskosten &amp; Umzugstipps\">Genf<\/a> Das Unternehmen hat 480 Niederlassungen in 150 L\u00e4ndern und besch\u00e4ftigt weltweit \u00fcber 60.000 Mitarbeiter.<\/p>\n<p>Die MSC-Flotte besteht aus 500 Containerschiffen mit einer Kapazit\u00e4t von rund 3,0 Millionen TEU. Jedes Jahr l\u00e4uft das Unternehmen 315 H\u00e4fen rund um den Globus an und liefert Fracht jeder Art aus.<\/p>\n<p>Die Mediterranean Shipping Company verf\u00fcgt \u00fcber die folgenden Akkreditierungen und Mitgliedschaften:<\/p>\n<ul>\n<li> Schutz des menschlichen Lebens auf See (SOLAS)<\/li>\n<li> Internationale Vereinigung f\u00fcr Luft- und Schifffahrt (IASA)<\/li>\n<li> <a href=\"https:\/\/moverdb.com\/de\/internationale-kammer-schifffahrt\/\">Die Internationale Schifffahrtskammer<\/a> (<a href=\"https:\/\/moverdb.com\/de\/international-chamber-shipping\/\" data-internallinksmanager029f6b8e52c=\"78\" title=\"Die International Chamber of Shipping (ICS) erkl\u00e4rt\">ICS<\/a>)<\/li>\n<li> Die F\u00f6deration der nationalen Verb\u00e4nde der Schiffsmakler und -agenten (FONASBA)<\/li>\n<\/ul>\n<p><strong>Mediterranean Shipping Company Bewertungen<\/strong><\/p>\n<p><em>Zum Zeitpunkt der Erstellung dieses Berichts konnten wir keine Bewertungen f\u00fcr die Schifffahrtsdienste der Mediterranean Shipping Company online finden.<\/em> <\/p>\n<div itemprop=\"review\" itemscope itemtype=\"http:\/\/schema.org\/Review\">\n<strong><span itemprop=\"author\" itemscope=\"\" itemtype=\"http:\/\/schema.org\/Organization\"><span itemprop=\"name\">MoverDB.com<\/span><\/span> Online Website \u00dcberpr\u00fcfung f\u00fcr <span itemprop=\"itemreviewed\" itemscope=\"\" itemtype=\"http:\/\/schema.org\/Brand\"><span itemprop=\"name\">Mittelmeer-Schifffahrtsgesellschaft<\/span><\/span>:<\/strong><\/p>\n<ol>\n<li> Klare Kontaktangaben auf der Website (einschlie\u00dflich Telefonnummer): <strong>Ja<\/strong><\/li>\n<li> Leicht zu bekommen <a href=\"https:\/\/moverdb.com\/de\/container-shipping\/\" data-internallinksmanager029f6b8e52c=\"3\" title=\"Chart der internationalen Containerschifffahrtsraten: April 2026\">internationaler Versand<\/a> Kostenvoranschl\u00e4ge? (Online-Formular f\u00fcr Kostenvoranschl\u00e4ge): <strong>Ja<\/strong><\/li>\n<li> Klare Informationen auf der Website: <strong>Ja,<\/strong> Die Website enth\u00e4lt eine F\u00fclle von Informationen zum internationalen Versand.<\/li>\n<li> Mitgliedschaft in international anerkannten Schifffahrtsorganisationen: <strong>Ja<\/strong>.<\/li>\n<li> Liste der Kunden und\/oder Zeugnisse von fr\u00fcheren Kunden. <strong>Ja,<\/strong> Sie haben eine begrenzte Anzahl von Fallstudien auf ihrer Website.<\/li>\n<\/ol>\n<div itemprop=\"reviewRating\" itemscope itemtype=\"http:\/\/schema.org\/Rating\"><meta itemprop=\"worstRating\" content = \"0\" \/><meta itemprop=\"bestRating\" content=\"5\" \/><meta itemprop=\"ratingValue\" content=\"5\"><\/div>\n<p><strong>Gesamtbewertung: 5\/5<\/strong><br \/>\n<strong>Datum der \u00dcberpr\u00fcfung:<\/strong> <span itemprop=\"datePublished\" content=\"2017-04-21\">21\/04\/2017<\/span>\n<\/div>\n<p>Mehr \u00fcber andere <a href=\"https:\/\/moverdb.com\/de\/reedereien\/\">internationale Reedereien<\/a>, <a href=\"https:\/\/moverdb.com\/de\/containerschifffahrt\/\">Containerfrachtraten<\/a> und unsere <a href=\"https:\/\/moverdb.com\/de\/bewertungen\/\">\u00dcberpr\u00fcfungsprozess<\/a>.<\/p>\n<p><strong>Website:<\/strong> <a href=\"https:\/\/www.msc.com\/\" target=\"_blank\" rel=\"noopener\">https:\/\/www.msc.com\/<\/a><\/p>","protected":false},"excerpt":{"rendered":"<p>Mediterranean Shipping Company (MSC) offers its customers a wide range of shipping and other services. These are listed below, together with a company profile and reviews. International Shipping Dry Cargo Standard 20ft, 40ft or 40ft high cube containers Oversized and breakbulk cargo Weekly and regular shipping services to global destinations Customs clearance and documentation Reefer [&hellip;]<\/p>\n","protected":false},"author":1,"featured_media":0,"parent":0,"menu_order":0,"comment_status":"closed","ping_status":"closed","template":"","meta":{"_genesis_hide_title":false,"_genesis_hide_breadcrumbs":false,"_genesis_hide_singular_image":false,"_genesis_hide_footer_widgets":false,"_genesis_custom_body_class":"","_genesis_custom_post_class":"","_genesis_layout":"","footnotes":""},"class_list":{"0":"post-1578","1":"page","2":"type-page","3":"status-publish","5":"entry"},"_links":{"self":[{"href":"https:\/\/moverdb.com\/de\/wp-json\/wp\/v2\/pages\/1578","targetHints":{"allow":["GET"]}}],"collection":[{"href":"https:\/\/moverdb.com\/de\/wp-json\/wp\/v2\/pages"}],"about":[{"href":"https:\/\/moverdb.com\/de\/wp-json\/wp\/v2\/types\/page"}],"author":[{"embeddable":true,"href":"https:\/\/moverdb.com\/de\/wp-json\/wp\/v2\/users\/1"}],"replies":[{"embeddable":true,"href":"https:\/\/moverdb.com\/de\/wp-json\/wp\/v2\/comments?post=1578"}],"version-history":[{"count":6,"href":"https:\/\/moverdb.com\/de\/wp-json\/wp\/v2\/pages\/1578\/revisions"}],"predecessor-version":[{"id":13177,"href":"https:\/\/moverdb.com\/de\/wp-json\/wp\/v2\/pages\/1578\/revisions\/13177"}],"wp:attachment":[{"href":"https:\/\/moverdb.com\/de\/wp-json\/wp\/v2\/media?parent=1578"}],"curies":[{"name":"wp","href":"https:\/\/api.w.org\/{rel}","templated":true}]}}