{"id":1570,"date":"2017-02-24T09:05:40","date_gmt":"2017-02-24T09:05:40","guid":{"rendered":"http:\/\/moverdb.com\/?page_id=1570"},"modified":"2026-01-08T15:20:24","modified_gmt":"2026-01-08T15:20:24","slug":"mudanzas-gou","status":"publish","type":"page","link":"https:\/\/moverdb.com\/de\/mudanzas-gou\/","title":{"rendered":"Mudanzas Gou - Internationale Umzugsbewertungen"},"content":{"rendered":"<p>Mudanzas Gou ist ein mexikanischer <a href=\"https:\/\/moverdb.com\/de\/moving-companies\/\" data-internallinksmanager029f6b8e52c=\"79\" title=\"Top 25 Internationale Umzugsunternehmen Online\">Umzugsunternehmen<\/a> die ihren Kunden eine breite Palette von Dienstleistungen anbietet, die im Folgenden zusammen mit einem Unternehmensprofil und Bewertungen aufgef\u00fchrt sind.<\/p>\n<p><strong>Internationale Umz\u00fcge<\/strong><\/p>\n<ul>\n<li> Von T\u00fcr zu T\u00fcr<\/li>\n<li> Kompletter Verpackungsservice, zerbrechliche Verpackung oder DIY-Verpackung<\/li>\n<li> Demontage und Wiedermontage von M\u00f6beln<\/li>\n<li> Zollabfertigung und Unterst\u00fctzung bei der Dokumentation<\/li>\n<li> Versicherung abgeschlossen<\/li>\n<li> Auspackservice verf\u00fcgbar<\/li>\n<li> Kurz- und Langzeitlagerung m\u00f6glich<\/li>\n<\/ul>\n<p><strong>Umz\u00fcge im Inland und \u00fcber gro\u00dfe Entfernungen<\/strong><\/p>\n<ul>\n<li> Von T\u00fcr zu T\u00fcr<\/li>\n<li> Kompletter Verpackungsservice, zerbrechliche Verpackung oder DIY-Verpackung<\/li>\n<li> Demontage und Wiedermontage von M\u00f6beln<\/li>\n<li> Versicherung abgeschlossen<\/li>\n<li> Auspackservice verf\u00fcgbar<\/li>\n<li> Lang- und kurzfristige Lagerung m\u00f6glich<\/li>\n<\/ul>\n<p><strong>Kommerzielle Umz\u00fcge<\/strong><\/p>\n<ul>\n<li> Umzug nach Feierabend<\/li>\n<li> Logistikplan<\/li>\n<li> IT-Umzug<\/li>\n<li> Demontage und Wiedermontage aller M\u00f6bel<\/li>\n<\/ul>\n<p><strong>Spezialtransport und Versand<\/strong><\/p>\n<ul>\n<li> <a href=\"https:\/\/moverdb.com\/de\/auto-transport-versand\/\">Automobile<\/a><\/li>\n<li> Vans<\/li>\n<li> Motorr\u00e4der<\/li>\n<li> Gepanzerte Fahrzeuge<\/li>\n<li> Sammelfahrzeuge<\/li>\n<li> Vielf\u00e4ltiger Maschinenpark<\/li>\n<li> Motorboote<\/li>\n<li> Segelboote<\/li>\n<li> Medizinischer Bedarf und Krankenh\u00e4user<\/li>\n<li> Bildungseinrichtungen<\/li>\n<li> Kunst und Antiquit\u00e4ten<\/li>\n<li> Spezialisierte Ausr\u00fcstung<\/li>\n<\/ul>\n<p><strong>Lagerung<\/strong><\/p>\n<ul>\n<li> Lang- und Kurzfristig<\/li>\n<li> 24\/7 Sicherheit<\/li>\n<li> Inventarisierungssystem<\/li>\n<li> Klimatisiert verf\u00fcgbar<\/li>\n<li> Sch\u00e4dlingsbek\u00e4mpfung<\/li>\n<li> Brandmeldeanlage<\/li>\n<li> Archivierung<\/li>\n<\/ul>\n<h2>Mudanzas Gou Unternehmensprofil<\/h2>\n<p>Mudanzas Gou ist eine der \u00e4ltesten <a href=\"https:\/\/moverdb.com\/de\/moving-companies\/moving-companies-mexico\/\" data-internallinksmanager029f6b8e52c=\"288\" title=\"Die 18 besten internationalen Umzugsunternehmen in Mexiko\">Umzugsunternehmen in Mexiko<\/a>wo sie im Jahr 1900 gegr\u00fcndet wurde. Heute verf\u00fcgt das Unternehmen \u00fcber 10 Niederlassungen in Mexiko und unterh\u00e4lt Verbindungen zu Vertretern in der ganzen Welt. Gou war ein Gr\u00fcndungsmitglied von <a href=\"https:\/\/moverdb.com\/de\/fidi-faim\/\" data-internallinksmanager029f6b8e52c=\"16\" title=\"FIDI &amp; FAIM (FIDI Accredited International Mover) Erl\u00e4utert\">FIDI<\/a>, OMNI, <a href=\"https:\/\/moverdb.com\/de\/lacma\/\" data-internallinksmanager029f6b8e52c=\"28\" title=\"Verband lateinamerikanischer und karibischer internationaler Spediteure (LACMA)\">LACMA<\/a>AMI und <a href=\"https:\/\/moverdb.com\/de\/amsa\/\" data-internallinksmanager029f6b8e52c=\"5\" title=\"American Moving &amp; Storage Association (AMSA) erkl\u00e4rt\">AMSA<\/a>.<\/p>\n<p>Gou ist stolz auf seinen pers\u00f6nlichen Service und besteht darauf, mit jedem Kunden von Angesicht zu Angesicht zu sprechen, um ihm den bestm\u00f6glichen Service zu bieten. Alle Fahrzeuge sind mit Satelliten\u00fcberwachung ausgestattet und werden von eigenem Personal beladen und gefahren.<\/p>\n<p>Mudanzas Gou verf\u00fcgt \u00fcber die folgenden Akkreditierungen und Mitgliedschaften:<\/p>\n<ul>\n<li> <a href=\"https:\/\/moverdb.com\/de\/fidi-faim\/\">F\u00e9d\u00e9ration Internationale des D\u00e9m\u00e9nageurs Internationaux<\/a> (FIDI)<\/li>\n<li> Internationales Netzwerk f\u00fcr Umz\u00fcge nach \u00dcbersee (OMNI)<\/li>\n<li> <a href=\"https:\/\/moverdb.com\/de\/lacma\/\">Lateinamerikanischer und karibischer Verband internationaler Spediteure<\/a> (LACMA)<\/li>\n<li> <a href=\"https:\/\/moverdb.com\/de\/hgfaa\/\">Amerikanischer Verband der Spediteure von Haushaltswaren<\/a> (HHGFA)<\/li>\n<li> <a href=\"https:\/\/moverdb.com\/de\/amsa\/\" target=\"_blank\" rel=\"noopener\">Amerikanische Vereinigung f\u00fcr Umzug und Lagerung<\/a> (AMSA)<\/li>\n<li> Pan American International Movers Association (PAIMA)<\/li>\n<li> <a href=\"https:\/\/moverdb.com\/de\/fidi-faim\/\">FAIM<\/a><\/li>\n<li> Zoll- und Handelspartnerschaft gegen den Terrorismus (C-PAT)<\/li>\n<\/ul>\n<h2>Mudanzas Gou Bewertungen<\/h2>\n<p>Wir konnten keine englischsprachigen Bewertungen f\u00fcr Mudanzas Gou online finden, und es scheint auch keine Erfahrungsberichte von Kunden vor Ort zu geben.<\/p>\n<div itemprop=\"review\" itemscope itemtype=\"http:\/\/schema.org\/Review\">\n<span itemprop=\"author\" itemscope=\"\" itemtype=\"http:\/\/schema.org\/Organization\"><span itemprop=\"name\">MoverDB.com<\/span><\/span> Online Website \u00dcberpr\u00fcfung f\u00fcr <span itemprop=\"itemreviewed\" itemscope=\"\" itemtype=\"http:\/\/schema.org\/Brand\"><span itemprop=\"name\">Mudanzas Gou<\/span><\/span>:<\/p>\n<ol>\n<li> Klare Kontaktangaben auf der Website (einschlie\u00dflich Telefonnummer): <strong>Ja<\/strong><\/li>\n<li> Leicht zu bekommen <a href=\"https:\/\/moverdb.com\/de\/zitate\/\">Umzugskostenvoranschl\u00e4ge<\/a>? (Online-Formular f\u00fcr Kostenvoranschl\u00e4ge): <strong>Ja<\/strong><\/li>\n<li> Klare Informationen auf der Website: <strong>Ja,<\/strong> Sie ist zwar einfach gehalten, beschreibt aber ihre Dienstleistungen sowohl auf Englisch als auch auf Spanisch.<\/li>\n<li> Mitgliedschaft in international anerkannten Umzugsorganisationen: <strong>Ja<\/strong>(viele siehe oben)<\/li>\n<li> Liste der Kunden und\/oder Zeugnisse von fr\u00fcheren Kunden: <strong>Nein,<\/strong> konnten wir keine Bewertungen oder Erfahrungsberichte von Kunden finden.<\/li>\n<\/ol>\n<div itemprop=\"reviewRating\" itemscope itemtype=\"http:\/\/schema.org\/Rating\"><meta itemprop=\"worstRating\" content = \"0\" \/><meta itemprop=\"bestRating\" content=\"5\" \/><meta itemprop=\"ratingValue\" content=\"4\"><\/div>\n<p><strong>Gesamtbewertung: 4\/5<\/strong><br \/>\n<strong>Datum der \u00dcberpr\u00fcfung:<\/strong> <span itemprop=\"datePublished\" content=\"2017-02-24\">24\/02\/2017<\/span>\n<\/div>\n<p>Lesen Sie mehr \u00fcber <a href=\"https:\/\/moverdb.com\/de\/umzugsunternehmen\/\">internationale Umzugsunternehmen<\/a> und unsere <a href=\"https:\/\/moverdb.com\/de\/bewertungen\/\">\u00dcberpr\u00fcfungsprozess<\/a>.<\/p>\n<p><strong>Websites:<\/strong> Spanisch: <a href=\"http:\/\/www.mudanzasgou.com.mx\/\" target=\"_blank\" rel=\"noopener\">http:\/\/www.mudanzasgou.com.mx\/<\/a> Englisch: <a href=\"http:\/\/www.mudanzasgou.com\/\" target=\"_blank\" rel=\"noopener\">http:\/\/www.mudanzasgou.com\/<\/a><\/p>","protected":false},"excerpt":{"rendered":"<p>Mudanzas Gou is a Mexican moving company which offers its clients a wide range of services which are listed below, together with a company profile and reviews. International Moves Door to door Full packing service, fragile packing or DIY packing Disassembly and reassembly of furniture Customs clearance and assistance with documentation Insurance arranged Unpacking service [&hellip;]<\/p>\n","protected":false},"author":1,"featured_media":0,"parent":0,"menu_order":0,"comment_status":"closed","ping_status":"closed","template":"","meta":{"_genesis_hide_title":false,"_genesis_hide_breadcrumbs":false,"_genesis_hide_singular_image":false,"_genesis_hide_footer_widgets":false,"_genesis_custom_body_class":"","_genesis_custom_post_class":"","_genesis_layout":"","footnotes":""},"class_list":{"0":"post-1570","1":"page","2":"type-page","3":"status-publish","5":"entry"},"_links":{"self":[{"href":"https:\/\/moverdb.com\/de\/wp-json\/wp\/v2\/pages\/1570","targetHints":{"allow":["GET"]}}],"collection":[{"href":"https:\/\/moverdb.com\/de\/wp-json\/wp\/v2\/pages"}],"about":[{"href":"https:\/\/moverdb.com\/de\/wp-json\/wp\/v2\/types\/page"}],"author":[{"embeddable":true,"href":"https:\/\/moverdb.com\/de\/wp-json\/wp\/v2\/users\/1"}],"replies":[{"embeddable":true,"href":"https:\/\/moverdb.com\/de\/wp-json\/wp\/v2\/comments?post=1570"}],"version-history":[{"count":4,"href":"https:\/\/moverdb.com\/de\/wp-json\/wp\/v2\/pages\/1570\/revisions"}],"predecessor-version":[{"id":6222,"href":"https:\/\/moverdb.com\/de\/wp-json\/wp\/v2\/pages\/1570\/revisions\/6222"}],"wp:attachment":[{"href":"https:\/\/moverdb.com\/de\/wp-json\/wp\/v2\/media?parent=1570"}],"curies":[{"name":"wp","href":"https:\/\/api.w.org\/{rel}","templated":true}]}}