{"id":1568,"date":"2017-02-01T16:22:03","date_gmt":"2017-02-01T16:22:03","guid":{"rendered":"http:\/\/moverdb.com\/?page_id=1568"},"modified":"2026-01-08T14:40:03","modified_gmt":"2026-01-08T14:40:03","slug":"leo-packers-movers","status":"publish","type":"page","link":"https:\/\/moverdb.com\/de\/leo-packers-movers\/","title":{"rendered":"Leo Packers and Movers - Internationaler Umzug Bewertungen"},"content":{"rendered":"<p>Leo Packers and Movers ist in Bangalore ans\u00e4ssig, <a href=\"https:\/\/moverdb.com\/de\/moving-to-india\/\" data-internallinksmanager029f6b8e52c=\"356\" title=\"Umzug nach Indien? 2026 Lebenshaltungskosten &amp; Umzugstipps\">Indien<\/a>. Das Unternehmen bietet seinen Kunden eine breite Palette von Dienstleistungen, die im Folgenden zusammen mit einem Unternehmensprofil und Bewertungen aufgef\u00fchrt sind.<\/p>\n<p><strong>Internationale Umz\u00fcge<\/strong><\/p>\n<ul>\n<li> Von T\u00fcr zu T\u00fcr<\/li>\n<li> T\u00fcr zum Terminal<\/li>\n<li> Kompletter Verpackungsservice, zerbrechliche Gegenst\u00e4nde oder DIY-Verpackung<\/li>\n<li> Demontage und Wiedermontage von M\u00f6beln<\/li>\n<li> Vollst\u00e4ndiger Auspackservice verf\u00fcgbar<\/li>\n<li> Beseitigung von Tr\u00fcmmern<\/li>\n<li> Lang- und kurzfristige Lagerung m\u00f6glich<\/li>\n<li> Zollabfertigung und Unterst\u00fctzung bei der Dokumentation\".<\/li>\n<li> Luftfracht<\/li>\n<li> Seefracht<\/li>\n<li> Versicherung abgeschlossen<\/li>\n<\/ul>\n<p><strong>Umz\u00fcge f\u00fcr Wohnzwecke<\/strong><\/p>\n<ul>\n<li> Von T\u00fcr zu T\u00fcr<\/li>\n<li> Vollst\u00e4ndiger Verpackungsservice verf\u00fcgbar<\/li>\n<li> Demontage und Wiedermontage von M\u00f6beln<\/li>\n<li> Auspackservice verf\u00fcgbar<\/li>\n<li> Beseitigung von Tr\u00fcmmern<\/li>\n<li> Speziell angefertigte Containerfahrzeuge<\/li>\n<li> Lang- und kurzfristige Lagerung<\/li>\n<li> Versicherung abgeschlossen<\/li>\n<\/ul>\n<p><strong>Unternehmensumzug<\/strong><\/p>\n<ul>\n<li> Dienst von T\u00fcr zu T\u00fcr<\/li>\n<li> Demontage und Wiedermontage von M\u00f6beln<\/li>\n<li> Kompletter Verpackungsdienst<\/li>\n<li> Ordnungsgem\u00e4\u00dfe Kennzeichnung<\/li>\n<li> Einrichten von Arbeitspl\u00e4tzen<\/li>\n<li> Umz\u00fcge nach Feierabend und am Wochenende<\/li>\n<li> Beseitigung von Tr\u00fcmmern<\/li>\n<\/ul>\n<p><strong>Lagerung<\/strong><\/p>\n<ul>\n<li> Individuell gestaltete Kabinen<\/li>\n<li> Staubfrei, Termitenfrei, Geruchsfrei (Sch\u00e4dlingsbek\u00e4mpfung)<\/li>\n<li> RCC-Geb\u00e4ude mit Einrichtungen im ersten Stock<\/li>\n<li> Eigene Lagerh\u00e4user<\/li>\n<li> Sicherheit rund um die Uhr<\/li>\n<li> \u00dcberwachung<\/li>\n<\/ul>\n<h2>Leo Packers and Movers Firmenprofil<\/h2>\n<p>Leo Packers and Movers \u00f6ffnete seine T\u00fcren 1975 in Bangalore, Indien. Das Unternehmen wird immer noch von der Gr\u00fcnderfamilie, den Shahs, gef\u00fchrt und besch\u00e4ftigt mittlerweile drei Generationen. Das Unternehmen ist ein unabh\u00e4ngiges Umzugsunternehmen und in Indien als eines der f\u00fchrenden Unternehmen f\u00fcr Haushalts- und Firmenumz\u00fcge auf lokaler, regionaler und internationaler Ebene bekannt.<\/p>\n<p>Das Unternehmen glaubt an die F\u00f6rderung und Aufrechterhaltung einer guten Beziehung zu seinen Kunden. Sie wissen, dass die Kosten ein wichtiger Faktor sind und bem\u00fchen sich, die Preise niedrig zu halten und gleichzeitig einen hervorragenden Service zu bieten. Leo Packers and Movers sagt, dass jeder Umzug anders ist, weshalb jeder Umzug individuell auf den Kunden zugeschnitten wird.<\/p>\n<p>Leo Packers and Movers hat die folgenden Akkreditierungen und Zugeh\u00f6rigkeiten: -<\/p>\n<ul>\n<li> Nicht auf der Website des Unternehmens erw\u00e4hnt<\/li>\n<\/ul>\n<h2>Leo Packers and Movers Bewertungen<\/h2>\n<p><strong>Positiv:<\/strong><\/p>\n<ul>\n<li> <em>\"Die Mitglieder des Teams haben sich nicht nur gut benommen, sondern sind auch bei ihrer Aufgabe geblieben und haben ihre Arbeit konzentriert und geduldig ausgef\u00fchrt.\"<\/em> rarami20000 \u00fcber <a href=\"http:\/\/www.mouthshut.com\/review\/Leo-Packers-and-Movers-Hyderabad-review-mmqtqrslsnm\" target=\"_blank\" rel=\"noopener\">MouthShut.com<\/a>\n<\/ul>\n<p><strong>Negativ:<\/strong><\/p>\n<ul>\n<li> <em>\"Diese Leute sind die schlimmsten, erst nehmen sie dir das Geld ab und danach h\u00f6ren sie dir nicht mehr zu.\"<\/em> subbu2001978 \u00fcber <a href=\"http:\/\/www.mouthshut.com\/review\/Leo-Packers-and-Movers-Hyderabad-review-sqtrrrmoqqm\" target=\"_blank\" rel=\"noopener\">MouthShut.com<\/a><\/li>\n<\/ul>\n<div itemprop=\"review\" itemscope itemtype=\"http:\/\/schema.org\/Review\">\n<span itemprop=\"author\" itemscope=\"\" itemtype=\"http:\/\/schema.org\/Organization\"><span itemprop=\"name\">MoverDB.com<\/span><\/span> Online Website \u00dcberpr\u00fcfung f\u00fcr <span itemprop=\"itemreviewed\" itemscope=\"\" itemtype=\"http:\/\/schema.org\/Brand\"><span itemprop=\"name\">Leo Packers and Movers<\/span><\/span>:<\/p>\n<ol>\n<li> Klare Kontaktangaben auf der Website (einschlie\u00dflich Telefonnummer): <strong>Ja<\/strong><\/li>\n<li> Leicht zu bekommen <a href=\"https:\/\/moverdb.com\/de\/zitate\/\">Angebote f\u00fcr internationale Umz\u00fcge<\/a>? (Online-Formular f\u00fcr Kostenvoranschl\u00e4ge): <strong>Ja<\/strong><\/li>\n<li> Klare Informationen auf der Website: <strong>Begrenzt<\/strong> die Website bietet nur begrenzte Informationen \u00fcber ihre Dienstleistungen.<\/li>\n<li> Mitgliedschaft in international anerkannten Umzugsorganisationen: <strong>Nicht aufgef\u00fchrt<\/strong><\/li>\n<li> Liste der Kunden und\/oder Zeugnisse von fr\u00fcheren Kunden. <strong>Nein,<\/strong> aber sie haben eine Galerie mit Fotos.<\/li>\n<\/ol>\n<div itemprop=\"reviewRating\" itemscope itemtype=\"http:\/\/schema.org\/Rating\"><meta itemprop=\"worstRating\" content = \"0\" \/><meta itemprop=\"bestRating\" content=\"5\" \/><meta itemprop=\"ratingValue\" content=\"3\"><\/div>\n<p><strong>Gesamtbewertung: 3\/5<\/strong><br \/>\n<strong>Datum der \u00dcberpr\u00fcfung:<\/strong> <span itemprop=\"datePublished\" content=\"2017-02-01\">01\/02\/2017<\/span>\n<\/div>\n<p>Lesen Sie mehr \u00fcber <a href=\"https:\/\/moverdb.com\/de\/umzugsunternehmen\/\">internationale Umzugsunternehmen<\/a> und unsere <a href=\"https:\/\/moverdb.com\/de\/bewertungen\/\">\u00dcberpr\u00fcfungsprozess<\/a>.<\/p>\n<p><strong>Website:<\/strong> <a href=\"http:\/\/www.leopackersindia.com\/\" target=\"_blank\" rel=\"noopener\">http:\/\/www.leopackersindia.com\/<\/a><\/p>","protected":false},"excerpt":{"rendered":"<p>Leo Packers and Movers is based in Bangalore, India. The company offers its customers a wide range of services which are listed below, together with a company profile and reviews. International Moves Door to door Door to terminal Full packing service, fragile items or DIY packing Dismantling and reassembly of furniture Full unpacking service available [&hellip;]<\/p>\n","protected":false},"author":1,"featured_media":0,"parent":0,"menu_order":0,"comment_status":"closed","ping_status":"closed","template":"","meta":{"_genesis_hide_title":false,"_genesis_hide_breadcrumbs":false,"_genesis_hide_singular_image":false,"_genesis_hide_footer_widgets":false,"_genesis_custom_body_class":"","_genesis_custom_post_class":"","_genesis_layout":"","footnotes":""},"class_list":{"0":"post-1568","1":"page","2":"type-page","3":"status-publish","5":"entry"},"_links":{"self":[{"href":"https:\/\/moverdb.com\/de\/wp-json\/wp\/v2\/pages\/1568","targetHints":{"allow":["GET"]}}],"collection":[{"href":"https:\/\/moverdb.com\/de\/wp-json\/wp\/v2\/pages"}],"about":[{"href":"https:\/\/moverdb.com\/de\/wp-json\/wp\/v2\/types\/page"}],"author":[{"embeddable":true,"href":"https:\/\/moverdb.com\/de\/wp-json\/wp\/v2\/users\/1"}],"replies":[{"embeddable":true,"href":"https:\/\/moverdb.com\/de\/wp-json\/wp\/v2\/comments?post=1568"}],"version-history":[{"count":3,"href":"https:\/\/moverdb.com\/de\/wp-json\/wp\/v2\/pages\/1568\/revisions"}],"predecessor-version":[{"id":13170,"href":"https:\/\/moverdb.com\/de\/wp-json\/wp\/v2\/pages\/1568\/revisions\/13170"}],"wp:attachment":[{"href":"https:\/\/moverdb.com\/de\/wp-json\/wp\/v2\/media?parent=1568"}],"curies":[{"name":"wp","href":"https:\/\/api.w.org\/{rel}","templated":true}]}}