{"id":1558,"date":"2017-07-10T10:38:01","date_gmt":"2017-07-10T10:38:01","guid":{"rendered":"http:\/\/moverdb.com\/?page_id=1558"},"modified":"2026-01-08T15:20:30","modified_gmt":"2026-01-08T15:20:30","slug":"packimpex","status":"publish","type":"page","link":"https:\/\/moverdb.com\/de\/packimpex\/","title":{"rendered":"Packimpex - Internationale Umz\u00fcge und Umzugsbewertungen"},"content":{"rendered":"<p>Packimpex ist ein Relocation- und <a href=\"https:\/\/moverdb.com\/de\/international-removals\/\" data-internallinksmanager029f6b8e52c=\"27\" title=\"36 Beste internationale Umzugsunternehmen in Gro\u00dfbritannien\">Umzugsunternehmen<\/a> mit Sitz in <a href=\"https:\/\/moverdb.com\/de\/moving-to-bern\/\" data-internallinksmanager029f6b8e52c=\"262\" title=\"Umzug nach Bern? 2026 Lebenshaltungskosten &amp; Umzugstipps\">Bern<\/a>, <a href=\"https:\/\/moverdb.com\/de\/moving-to-switzerland\/\" data-internallinksmanager029f6b8e52c=\"327\" title=\"Umzug in die Schweiz? 2026 Lebenshaltungskosten &amp; Umzugstipps\">Schweiz<\/a>. Sie bietet ihren Kunden eine Reihe von Dienstleistungen an, die unten aufgef\u00fchrt sind, zusammen mit einem Unternehmensprofil und Bewertungen.<\/p>\n<p><strong>Internationale Umz\u00fcge<\/strong><\/p>\n<ul>\n<li> Engagierter Umzugsmanager<\/li>\n<li> Vollst\u00e4ndiger Verpackungsservice, Teilverpackung oder DIY-Verpackung<\/li>\n<li> Mehrsprachige Packer<\/li>\n<li> Wiederverwendbare und recycelbare Verpackungen, soweit m\u00f6glich<\/li>\n<li> Luft-, Stra\u00dfen- oder Seetransport<\/li>\n<li> Umsiedlung von Haustieren<\/li>\n<li> <a href=\"https:\/\/moverdb.com\/de\/auto-transport-versand\/\">Autos<\/a><\/li>\n<li> Lang- und kurzfristige Lagerung<\/li>\n<li> Unterst\u00fctzung bei der Zollabfertigung und Dokumentation<\/li>\n<li> Vollst\u00e4ndiger Auspackservice verf\u00fcgbar<\/li>\n<li> Versicherung abgeschlossen<\/li>\n<\/ul>\n<p><strong>Destination Services - Schweiz<\/strong><\/p>\n<ul>\n<li> Beratung<\/li>\n<li> Einwanderungsdienste<\/li>\n<li> Orientierungsfahrt<\/li>\n<li> Ankunftsdienst<\/li>\n<li> Vorl\u00e4ufige Unterkunft organisiert<\/li>\n<li> Suche zu Hause<\/li>\n<li> Unterst\u00fctzung bei Bildung und Kinderbetreuung<\/li>\n<li> Dienstleistungen zur Eingew\u00f6hnung<\/li>\n<li> Programm zur Unterst\u00fctzung der Integration<\/li>\n<li> Autos - importieren oder kaufen<\/li>\n<li> Gruppe bewegt sich<\/li>\n<li> Dienstleistungen bei der Abreise<\/li>\n<\/ul>\n<p><strong>Corporate Housing Dienstleistungen<\/strong><\/p>\n<ul>\n<li> Verwaltung der Reservierungen<\/li>\n<li> Verwaltung von Wohnungen<\/li>\n<li> Verwaltung der Ausgaben<\/li>\n<li> Unterst\u00fctzung beim Mieterwechsel<\/li>\n<li> Pooling von Firmenwohnungen<\/li>\n<li> Vermietung von M\u00f6beln<\/li>\n<li> Verwaltung der M\u00f6bel<\/li>\n<li> M\u00f6blierte Wohnungen von Packimpex<\/li>\n<\/ul>\n<p><strong>Lokale Umz\u00fcge<\/strong><\/p>\n<ul>\n<li> Von T\u00fcr zu T\u00fcr<\/li>\n<li> Umzug mit vollem Service<\/li>\n<li> Umzug mit eingeschr\u00e4nktem Service<\/li>\n<li> Lang- und kurzfristige Lagerung<\/li>\n<li> Auspackservice verf\u00fcgbar<\/li>\n<li> Versicherung<\/li>\n<li> Beseitigung von Tr\u00fcmmern<\/li>\n<\/ul>\n<h2>Packimpex Firmenprofil<\/h2>\n<p>Packimpex begann 1977, sich auf internationale Umz\u00fcge zu konzentrieren und ist heute der Vorreiter f\u00fcr internationale Umz\u00fcge und Relocation in der Schweiz. Das Unternehmen hat zehn Niederlassungen an verschiedenen Standorten in der Schweiz und eine in <a href=\"https:\/\/moverdb.com\/de\/moving-to-germany\/\" data-internallinksmanager029f6b8e52c=\"321\" title=\"Umzug nach Deutschland? 2026 Lebenshaltungskosten &amp; Umzugstipps\">Deutschland<\/a>. Packimpex besch\u00e4ftigt \u00fcber 300 Mitarbeiter, die nach eigenen Angaben alle Experten auf ihrem Gebiet sind. Das Unternehmen verf\u00fcgt \u00fcber eine eigene Schulungsakademie, um \u00fcber die neuesten Innovationen in der Umzugsbranche auf dem Laufenden zu bleiben.<\/p>\n<p>Mehr als 60% der 100 gr\u00f6ssten Unternehmen der Schweiz nutzen Packimpex f\u00fcr ihre lokalen Umz\u00fcge und Personalumz\u00fcge. Packimpex ist Teil des UniGroup Relocation Network und hat dadurch Zugang zu Umzugsunternehmen in 63 L\u00e4ndern und 1200 Standorten. Das Unternehmen besitzt ausserdem 40 m\u00f6blierte Wohnungen in gr\u00f6sseren St\u00e4dten der Schweiz, die an Unternehmen und deren Personal im Ausland vermietet werden.<\/p>\n<p>Packimpex ist stolz auf sein umweltfreundliches Gesch\u00e4ftsmodell und recycelt seine Verpackungen wo immer m\u00f6glich. Es laufen st\u00e4ndig verschiedene Projekte zur Kompensation von CO2-Emissionen, um den \u00f6kologischen Fu\u00dfabdruck des Unternehmens zu verringern.<\/p>\n<p>Packimpex verf\u00fcgt \u00fcber die folgenden Akkreditierungen und Mitgliedschaften:<\/p>\n<ul>\n<li> <a href=\"https:\/\/moverdb.com\/de\/fidi-faim\/\">FIDI<\/a><\/li>\n<li> <a href=\"https:\/\/moverdb.com\/de\/fidi-faim\/\" data-internallinksmanager029f6b8e52c=\"16\" title=\"FIDI &amp; FAIM (FIDI Accredited International Mover) Erl\u00e4utert\">FAIM<\/a>-ISO<\/li>\n<li> UniGroup Relocation Netzwerk<\/li>\n<li> OMNI<\/li>\n<li> <a href=\"https:\/\/moverdb.com\/de\/arbeitnehmer-umzug-rat\/\">Rat f\u00fcr Arbeitsumverteilung<\/a> (<a href=\"https:\/\/moverdb.com\/de\/employee-relocation-council\/\" data-internallinksmanager029f6b8e52c=\"83\" title=\"Der Weltweite Rat f\u00fcr Arbeitnehmerentsendung (ERC) erkl\u00e4rt\">ERC<\/a>)<\/li>\n<li> <a href=\"https:\/\/moverdb.com\/de\/eura\/\">Europ\u00e4ische Relocation-Vereinigung<\/a> (<a href=\"https:\/\/moverdb.com\/de\/eura\/\" data-internallinksmanager029f6b8e52c=\"13\" title=\"Die Europ\u00e4ische Relocation Association (EuRA) erkl\u00e4rt\">EURA<\/a>)<\/li>\n<li> ISO 9001<\/li>\n<li> ISO 14001<\/li>\n<li> ISO 27001<\/li>\n<\/ul>\n<h2>Packimpex-Bewertungen<\/h2>\n<p><strong>Positiv:<\/strong><\/p>\n<p><em>\"Diese Jungs waren gro\u00dfartig. Ich habe keine Ahnung von der <a href=\"https:\/\/moverdb.com\/de\/umzugskosten\/\" target=\"_blank\" rel=\"noopener\">Kosten<\/a> Die Firma hat sich darum gek\u00fcmmert, aber die Sorgfalt, die sie beim Einpacken meines Hauses in <a href=\"https:\/\/moverdb.com\/de\/moving-to-london\/\" target=\"_blank\" rel=\"noopener\">London<\/a> und die Sorgfalt, mit der sie alles auf dieser Seite wieder zusammengebaut haben, war gro\u00dfartig.\"<\/em> - \u00fcber <a href=\"https:\/\/www.englishforum.ch\/housing-general\/131431-packimpex-review.html\" target=\"_blank\" rel=\"noopener\">English Forum Schweiz<\/a><\/p>\n<p><strong>Negativ: <\/strong><\/p>\n<p><em>\"\u00c4u\u00dferst schlechte Abwicklung der Abreisevorbereitungen\"<\/em> - Anu \u00fcber <a href=\"https:\/\/www.facebook.com\/pg\/packimpex\/reviews\/?ref=page_internal\" target=\"_blank\" rel=\"noopener\">Facebook<\/a><\/p>\n<div itemprop=\"review\" itemscope itemtype=\"http:\/\/schema.org\/Review\">\n<span itemprop=\"author\" itemscope=\"\" itemtype=\"http:\/\/schema.org\/Organization\"><span itemprop=\"name\">MoverDB.com<\/span><\/span> Online Website \u00dcberpr\u00fcfung f\u00fcr <span itemprop=\"itemreviewed\" itemscope=\"\" itemtype=\"http:\/\/schema.org\/Brand\"><span itemprop=\"name\">Packimpex<\/span><\/span>:<\/p>\n<ol>\n<li> Klare Kontaktangaben auf der Website (einschlie\u00dflich Telefonnummer): <strong>Ja<\/strong><\/li>\n<li> Leicht zu bekommen <a href=\"https:\/\/moverdb.com\/de\/zitate\/\">Angebote f\u00fcr internationale Umz\u00fcge<\/a>? (Online-Formular f\u00fcr Kostenvoranschl\u00e4ge): <strong>Ja<\/strong><\/li>\n<li> Klare Informationen auf der Website: <strong>Ja,<\/strong> Auf der Website sind alle angebotenen Dienstleistungen klar dargestellt.<\/li>\n<li> Mitgliedschaft in international anerkannten Umzugsorganisationen: <strong>Ja<\/strong>(siehe oben)<\/li>\n<li> Liste der Kunden und\/oder Zeugnisse von fr\u00fcheren Kunden. <strong>Nein,<\/strong> aber die meisten Online-Bewertungen f\u00fcr das Unternehmen scheinen positiv zu sein.<\/li>\n<\/ol>\n<div itemprop=\"reviewRating\" itemscope itemtype=\"http:\/\/schema.org\/Rating\"><meta itemprop=\"worstRating\" content = \"0\" \/><meta itemprop=\"bestRating\" content=\"5\" \/><meta itemprop=\"ratingValue\" content=\"4.5\"><\/div>\n<p><strong>Gesamtbewertung: 4.5\/5<\/strong><br \/>\n<strong>Datum der \u00dcberpr\u00fcfung:<\/strong> <span itemprop=\"datePublished\" content=\"2017-07-10\">10\/07\/2017<\/span>\n<\/div>\n<p>Lesen Sie mehr \u00fcber <a href=\"https:\/\/moverdb.com\/de\/umzugsunternehmen\/\">internationale Umzugsunternehmen<\/a> und unsere <a href=\"https:\/\/moverdb.com\/de\/bewertungen\/\">\u00dcberpr\u00fcfungsprozess erkl\u00e4rt<\/a>.<\/p>\n<p><strong>Website:<\/strong> <a href=\"http:\/\/www.packimpex.ch\/\" target=\"_blank\" rel=\"noopener\">http:\/\/www.packimpex.ch\/<\/a><\/p>","protected":false},"excerpt":{"rendered":"<p>Packimpex is a relocation and removal company based in Bern, Switzerland. It offers its clients a range of services which are listed below, together with a company profile and reviews. International Moves Dedicated move manager Full packing service, partial packing or DIY packing Multilingual packers Reusable and recyclable packing where possible Air, road or sea [&hellip;]<\/p>\n","protected":false},"author":1,"featured_media":0,"parent":0,"menu_order":0,"comment_status":"closed","ping_status":"closed","template":"","meta":{"_genesis_hide_title":false,"_genesis_hide_breadcrumbs":false,"_genesis_hide_singular_image":false,"_genesis_hide_footer_widgets":false,"_genesis_custom_body_class":"","_genesis_custom_post_class":"","_genesis_layout":"","footnotes":""},"class_list":{"0":"post-1558","1":"page","2":"type-page","3":"status-publish","5":"entry"},"_links":{"self":[{"href":"https:\/\/moverdb.com\/de\/wp-json\/wp\/v2\/pages\/1558","targetHints":{"allow":["GET"]}}],"collection":[{"href":"https:\/\/moverdb.com\/de\/wp-json\/wp\/v2\/pages"}],"about":[{"href":"https:\/\/moverdb.com\/de\/wp-json\/wp\/v2\/types\/page"}],"author":[{"embeddable":true,"href":"https:\/\/moverdb.com\/de\/wp-json\/wp\/v2\/users\/1"}],"replies":[{"embeddable":true,"href":"https:\/\/moverdb.com\/de\/wp-json\/wp\/v2\/comments?post=1558"}],"version-history":[{"count":4,"href":"https:\/\/moverdb.com\/de\/wp-json\/wp\/v2\/pages\/1558\/revisions"}],"predecessor-version":[{"id":6228,"href":"https:\/\/moverdb.com\/de\/wp-json\/wp\/v2\/pages\/1558\/revisions\/6228"}],"wp:attachment":[{"href":"https:\/\/moverdb.com\/de\/wp-json\/wp\/v2\/media?parent=1558"}],"curies":[{"name":"wp","href":"https:\/\/api.w.org\/{rel}","templated":true}]}}